{"id":22771,"date":"2016-06-23T11:40:04","date_gmt":"2016-06-23T11:40:04","guid":{"rendered":"https:\/\/familygolfpark.younik.pt\/team\/"},"modified":"2026-02-20T08:26:27","modified_gmt":"2026-02-20T08:26:27","slug":"team","status":"publish","type":"page","link":"https:\/\/familygolfpark.pt\/de\/team\/","title":{"rendered":"Team"},"content":{"rendered":"<div class=\"wpb-content-wrapper\"><p>[vc_row heading_color=&#8220;light&#8220; bg_type=&#8220;image&#8220; bg_image=&#8220;17478&#8243; bg_image_type=&#8220;parallax&#8220; pattern_overlay=&#8220;yes&#8220; color_overlay=&#8220;dark&#8220; padding_top_multiplier=&#8220;6x&#8220; padding_bottom_multiplier=&#8220;6x&#8220; separator_top_size=&#8220;30px&#8220; separator_bottom_size=&#8220;30px&#8220; font_color=&#8220;#ffffff&#8220; section_id=&#8220;intro-section&#8220;][vc_column]<div class=\"grve-empty-space\" style=\"height: 15vh;\"><\/div>[\/vc_column][\/vc_row][vc_row padding_top_multiplier=&#8220;4x&#8220; padding_bottom_multiplier=&#8220;4x&#8220; separator_top_size=&#8220;30px&#8220; separator_bottom_size=&#8220;30px&#8220; section_id=&#8220;intro-section&#8220;][vc_column heading_color=&#8220;primary-1&#8243; text_align=&#8220;center&#8220;]<h1 class=\"grve-element grve-title grve-align-center grve-subtitle-text grve-increase-heading grve-heading-200\" style=\"\"><span>Team<\/span><\/h1>[\/vc_column][vc_column heading_color=&#8220;primary-3&#8243; text_align=&#8220;center&#8220;]<h2 class=\"grve-element grve-title grve-align-center grve-h1 grve-increase-heading grve-heading-300\" style=\"\"><span>Wen werden Sie antreffen?<\/span><\/h2><div class=\"grve-empty-space grve-height-1x\" style=\"\"><\/div>[vc_column_text text_style=&#8220;leader-text&#8220;]<\/p>\n<p style=\"text-align: center;\">Der Family Golf Park m\u00f6chte Ihnen gerne das Team vorstellen, das Ihnen bei Ihrem Besuch zur Verf\u00fcgung steht.<br \/>\nDie Aufgabe des Teams besteht darin, die Erwartungen der G\u00e4ste w\u00e4hrend ihres Besuchs im Park zu \u00fcbertreffen. Wir legen unseren Schwerpunkt darauf, unseren G\u00e4sten eine ausgezeichnete Erfahrung zu bieten und ihren Besuch unvergesslich zu machen.[\/vc_column_text][\/vc_column][\/vc_row][vc_row padding_top_multiplier=&#8220;&#8220; padding_bottom_multiplier=&#8220;2x&#8220;][vc_column width=&#8220;1\/3&#8243;]\r\n\t\t\t\t<div class=\"grve-team grve-element grve-layout-1 grve-animated-item grve-fade-in-up grve-duration-normal\" style=\"\" data-delay=\"400\">\r\n\t\t\t<figure class=\"grve-image-hover grve-zoom-none\">\r\n\t\t\t\t\t\t\t\t<div class=\"grve-team-person\">\r\n\t\t\t\t\t<div class=\"grve-bg-primary-1 grve-hover-overlay grve-opacity-0\"><\/div>\r\n\t\t\t\t\t<img loading=\"lazy\" decoding=\"async\" width=\"370\" height=\"493\" src=\"https:\/\/familygolfpark.pt\/wp-content\/uploads\/2019\/07\/family-golf-park-team-Julio-hopffer-02-min.jpg\" class=\"attachment-full size-full\" alt=\"\" srcset=\"https:\/\/familygolfpark.pt\/wp-content\/uploads\/2019\/07\/family-golf-park-team-Julio-hopffer-02-min.jpg 370w, https:\/\/familygolfpark.pt\/wp-content\/uploads\/2019\/07\/family-golf-park-team-Julio-hopffer-02-min-225x300.jpg 225w\" sizes=\"auto, (max-width: 370px) 100vw, 370px\" \/>\t\t\t\t<\/div>\r\n\t\t\t\t<figcaption>\r\n\t\t\t\t\t<ul class=\"grve-team-social grve-align-center\">\r\n\t\t\t\t\t\t\t\t\t\t\t<\/ul>\r\n\t\t\t\t<\/figcaption>\r\n\t\t\t<\/figure>\r\n\t\t\t<div class=\"grve-team-description grve-align-center\">\r\n\t\t\t\t\t\t\t\t<div class=\"grve-team-identity grve-link-text\">Verwaltungsbeamter<\/div>\r\n\t\t\t\t\t\t\t\t\t\t\t\t<h3 class=\"grve-team-name grve-text-hover-primary-1 grve-h5\">Julio Hopffer<\/h3>\r\n\t\t\t\t\t\t\t<\/div>\r\n\t\t<\/div>\r\n\t\t\r\n\t\t<div class=\"grve-empty-space grve-height-1x\" style=\"\"><\/div>[vc_column_text css=&#8220;.vc_custom_1568026389379{padding-right: 4% !important;padding-left: 4% !important;}&#8220; text_style=&#8220;leader-text&#8220; animation=&#8220;grve-fade-in-up&#8220;]<\/p>\n<p style=\"text-align: center;\"><em>\u201cDem gesamten Team helfen unsere Ziele f\u00fcr den FGP zu erreichen\u201d<\/em><\/p>\n<p>[\/vc_column_text][\/vc_column][vc_column width=&#8220;1\/3&#8243;]\r\n\t\t\t\t<div class=\"grve-team grve-element grve-layout-1 grve-animated-item grve-fade-in-up grve-duration-normal\" style=\"\" data-delay=\"400\">\r\n\t\t\t<figure class=\"grve-image-hover grve-zoom-none\">\r\n\t\t\t\t\t\t\t\t<div class=\"grve-team-person\">\r\n\t\t\t\t\t<div class=\"grve-bg-primary-1 grve-hover-overlay grve-opacity-0\"><\/div>\r\n\t\t\t\t\t<img loading=\"lazy\" decoding=\"async\" width=\"370\" height=\"493\" src=\"https:\/\/familygolfpark.pt\/wp-content\/uploads\/2019\/07\/family-golf-park-team-tiago-coelho-min.jpg\" class=\"attachment-full size-full\" alt=\"\" srcset=\"https:\/\/familygolfpark.pt\/wp-content\/uploads\/2019\/07\/family-golf-park-team-tiago-coelho-min.jpg 370w, https:\/\/familygolfpark.pt\/wp-content\/uploads\/2019\/07\/family-golf-park-team-tiago-coelho-min-225x300.jpg 225w\" sizes=\"auto, (max-width: 370px) 100vw, 370px\" \/>\t\t\t\t<\/div>\r\n\t\t\t\t<figcaption>\r\n\t\t\t\t\t<ul class=\"grve-team-social grve-align-center\">\r\n\t\t\t\t\t\t\t\t\t\t\t<\/ul>\r\n\t\t\t\t<\/figcaption>\r\n\t\t\t<\/figure>\r\n\t\t\t<div class=\"grve-team-description grve-align-center\">\r\n\t\t\t\t\t\t\t\t<div class=\"grve-team-identity grve-link-text\">Verantwortlicher<\/div>\r\n\t\t\t\t\t\t\t\t\t\t\t\t<h3 class=\"grve-team-name grve-text-hover-primary-1 grve-h5\">Tiago Coelho<\/h3>\r\n\t\t\t\t\t\t\t<\/div>\r\n\t\t<\/div>\r\n\t\t\r\n\t\t<div class=\"grve-empty-space grve-height-1x\" style=\"\"><\/div>[vc_column_text css=&#8220;.vc_custom_1568026413956{padding-right: 4% !important;padding-left: 4% !important;}&#8220; text_style=&#8220;leader-text&#8220; animation=&#8220;grve-fade-in-up&#8220;]<\/p>\n<p style=\"text-align: center;\"><em>\u201cEs lohnt sich zu arbeitein damit wir unsere hohen Ziele erreichen, wir werden t\u00e4glich anerKannt durch unsere G\u00e4ste die uns Besuchen\u201d<\/em><\/p>\n<p>[\/vc_column_text][\/vc_column][\/vc_row][vc_row padding_top_multiplier=&#8220;&#8220; padding_bottom_multiplier=&#8220;2x&#8220;][vc_column width=&#8220;1\/3&#8243;]\r\n\t\t\t\t<div class=\"grve-team grve-element grve-layout-1 grve-animated-item grve-fade-in-up grve-duration-normal\" style=\"\" data-delay=\"400\">\r\n\t\t\t<figure class=\"grve-image-hover grve-zoom-none\">\r\n\t\t\t\t\t\t\t\t<div class=\"grve-team-person\">\r\n\t\t\t\t\t<div class=\"grve-bg-primary-1 grve-hover-overlay grve-opacity-0\"><\/div>\r\n\t\t\t\t\t<img loading=\"lazy\" decoding=\"async\" width=\"370\" height=\"493\" src=\"https:\/\/familygolfpark.pt\/wp-content\/uploads\/2019\/07\/family-golf-park-team-vera-rodrigues-min.jpg\" class=\"attachment-full size-full\" alt=\"\" srcset=\"https:\/\/familygolfpark.pt\/wp-content\/uploads\/2019\/07\/family-golf-park-team-vera-rodrigues-min.jpg 370w, https:\/\/familygolfpark.pt\/wp-content\/uploads\/2019\/07\/family-golf-park-team-vera-rodrigues-min-225x300.jpg 225w\" sizes=\"auto, (max-width: 370px) 100vw, 370px\" \/>\t\t\t\t<\/div>\r\n\t\t\t\t<figcaption>\r\n\t\t\t\t\t<ul class=\"grve-team-social grve-align-center\">\r\n\t\t\t\t\t\t\t\t\t\t\t<\/ul>\r\n\t\t\t\t<\/figcaption>\r\n\t\t\t<\/figure>\r\n\t\t\t<div class=\"grve-team-description grve-align-center\">\r\n\t\t\t\t\t\t\t\t<div class=\"grve-team-identity grve-link-text\">Rezepzionnistin<\/div>\r\n\t\t\t\t\t\t\t\t\t\t\t\t<h3 class=\"grve-team-name grve-text-hover-primary-1 grve-h5\">Vera Rodrigues<\/h3>\r\n\t\t\t\t\t\t\t<\/div>\r\n\t\t<\/div>\r\n\t\t\r\n\t\t<div class=\"grve-empty-space grve-height-1x\" style=\"\"><\/div>[vc_column_text css=&#8220;.vc_custom_1568026459069{padding-right: 4% !important;padding-left: 4% !important;}&#8220; text_style=&#8220;leader-text&#8220; animation=&#8220;grve-fade-in-up&#8220;]<\/p>\n<p style=\"text-align: center;\"><em>\u201cIn diesen 15 Jahren habe ich viele Erfahrungen gesammelt, hervorragende Kollegen und spektakul\u00e4re G\u00e4ste kennengelrnt\u201d<\/em><\/p>\n<p>[\/vc_column_text][\/vc_column][vc_column width=&#8220;1\/3&#8243;]\r\n\t\t\t\t<div class=\"grve-team grve-element grve-layout-1 grve-animated-item grve-fade-in-up grve-duration-normal\" style=\"\" data-delay=\"400\">\r\n\t\t\t<figure class=\"grve-image-hover grve-zoom-none\">\r\n\t\t\t\t\t\t\t\t<div class=\"grve-team-person\">\r\n\t\t\t\t\t<div class=\"grve-bg-primary-1 grve-hover-overlay grve-opacity-0\"><\/div>\r\n\t\t\t\t\t<img loading=\"lazy\" decoding=\"async\" width=\"370\" height=\"493\" src=\"https:\/\/familygolfpark.pt\/wp-content\/uploads\/2019\/07\/family-golf-park-team-maria-joao-celorico-min.jpg\" class=\"attachment-full size-full\" alt=\"\" srcset=\"https:\/\/familygolfpark.pt\/wp-content\/uploads\/2019\/07\/family-golf-park-team-maria-joao-celorico-min.jpg 370w, https:\/\/familygolfpark.pt\/wp-content\/uploads\/2019\/07\/family-golf-park-team-maria-joao-celorico-min-225x300.jpg 225w\" sizes=\"auto, (max-width: 370px) 100vw, 370px\" \/>\t\t\t\t<\/div>\r\n\t\t\t\t<figcaption>\r\n\t\t\t\t\t<ul class=\"grve-team-social grve-align-center\">\r\n\t\t\t\t\t\t\t\t\t\t\t<\/ul>\r\n\t\t\t\t<\/figcaption>\r\n\t\t\t<\/figure>\r\n\t\t\t<div class=\"grve-team-description grve-align-center\">\r\n\t\t\t\t\t\t\t\t<div class=\"grve-team-identity grve-link-text\">Kellnerin<\/div>\r\n\t\t\t\t\t\t\t\t\t\t\t\t<h3 class=\"grve-team-name grve-text-hover-primary-1 grve-h5\">Maria Jo\u00e3o<\/h3>\r\n\t\t\t\t\t\t\t<\/div>\r\n\t\t<\/div>\r\n\t\t\r\n\t\t<div class=\"grve-empty-space grve-height-1x\" style=\"\"><\/div>[vc_column_text css=&#8220;.vc_custom_1568026514698{padding-right: 4% !important;padding-left: 4% !important;}&#8220; text_style=&#8220;leader-text&#8220; animation=&#8220;grve-fade-in-up&#8220;]<\/p>\n<p style=\"text-align: center;\"><em>\u201cUm uns zu verbessern, versuchen coir immer, anders zu sein\u201d<\/em><\/p>\n<p>[\/vc_column_text][\/vc_column][vc_column width=&#8220;1\/3&#8243;]\r\n\t\t\t\t<div class=\"grve-team grve-element grve-layout-1 grve-animated-item grve-fade-in-up grve-duration-normal\" style=\"\" data-delay=\"400\">\r\n\t\t\t<figure class=\"grve-image-hover grve-zoom-none\">\r\n\t\t\t\t\t\t\t\t<div class=\"grve-team-person\">\r\n\t\t\t\t\t<div class=\"grve-bg-primary-1 grve-hover-overlay grve-opacity-0\"><\/div>\r\n\t\t\t\t\t<img loading=\"lazy\" decoding=\"async\" width=\"370\" height=\"493\" src=\"https:\/\/familygolfpark.pt\/wp-content\/uploads\/2026\/02\/family-golf-park-team-Goncalo-Neves.webp\" class=\"attachment-full size-full\" alt=\"\" srcset=\"https:\/\/familygolfpark.pt\/wp-content\/uploads\/2026\/02\/family-golf-park-team-Goncalo-Neves.webp 370w, https:\/\/familygolfpark.pt\/wp-content\/uploads\/2026\/02\/family-golf-park-team-Goncalo-Neves-225x300.webp 225w\" sizes=\"auto, (max-width: 370px) 100vw, 370px\" \/>\t\t\t\t<\/div>\r\n\t\t\t\t<figcaption>\r\n\t\t\t\t\t<ul class=\"grve-team-social grve-align-center\">\r\n\t\t\t\t\t\t\t\t\t\t\t<\/ul>\r\n\t\t\t\t<\/figcaption>\r\n\t\t\t<\/figure>\r\n\t\t\t<div class=\"grve-team-description grve-align-center\">\r\n\t\t\t\t\t\t\t\t<div class=\"grve-team-identity grve-link-text\">Barangestellter<\/div>\r\n\t\t\t\t\t\t\t\t\t\t\t\t<h3 class=\"grve-team-name grve-text-hover-primary-1 grve-h5\">Gon\u00e7alo Neves<\/h3>\r\n\t\t\t\t\t\t\t<\/div>\r\n\t\t<\/div>\r\n\t\t\r\n\t\t<div class=\"grve-empty-space grve-height-1x\" style=\"\"><\/div>[vc_column_text css=&#8220;.vc_custom_1771499984507{padding-right: 4% !important;padding-left: 4% !important;}&#8220; text_style=&#8220;leader-text&#8220; animation=&#8220;grve-fade-in-up&#8220;]<\/p>\n<p style=\"text-align: center;\"><em>\u201cEine freundliche und spektakul\u00e4re Umgebung, die dazu beitr\u00e4gt, Aufgaben mit besserer Qualit\u00e4t und Freude zu erledigen.\u201d<\/em><\/p>\n<p>[\/vc_column_text][\/vc_column][\/vc_row][vc_row padding_top_multiplier=&#8220;&#8220; padding_bottom_multiplier=&#8220;2x&#8220;][vc_column width=&#8220;1\/3&#8243;]\r\n\t\t\t\t<div class=\"grve-team grve-element grve-layout-1 grve-animated-item grve-fade-in-up grve-duration-normal\" style=\"\" data-delay=\"400\">\r\n\t\t\t<figure class=\"grve-image-hover grve-zoom-none\">\r\n\t\t\t\t\t\t\t\t<div class=\"grve-team-person\">\r\n\t\t\t\t\t<div class=\"grve-bg-primary-1 grve-hover-overlay grve-opacity-0\"><\/div>\r\n\t\t\t\t\t<img loading=\"lazy\" decoding=\"async\" width=\"370\" height=\"493\" src=\"https:\/\/familygolfpark.pt\/wp-content\/uploads\/2019\/07\/family-golf-park-team-paulo-silva-min.jpg\" class=\"attachment-full size-full\" alt=\"\" srcset=\"https:\/\/familygolfpark.pt\/wp-content\/uploads\/2019\/07\/family-golf-park-team-paulo-silva-min.jpg 370w, https:\/\/familygolfpark.pt\/wp-content\/uploads\/2019\/07\/family-golf-park-team-paulo-silva-min-225x300.jpg 225w\" sizes=\"auto, (max-width: 370px) 100vw, 370px\" \/>\t\t\t\t<\/div>\r\n\t\t\t\t<figcaption>\r\n\t\t\t\t\t<ul class=\"grve-team-social grve-align-center\">\r\n\t\t\t\t\t\t\t\t\t\t\t<\/ul>\r\n\t\t\t\t<\/figcaption>\r\n\t\t\t<\/figure>\r\n\t\t\t<div class=\"grve-team-description grve-align-center\">\r\n\t\t\t\t\t\t\t\t<div class=\"grve-team-identity grve-link-text\">Wartungs Chef<\/div>\r\n\t\t\t\t\t\t\t\t\t\t\t\t<h3 class=\"grve-team-name grve-text-hover-primary-1 grve-h5\">Paulo Roberto<\/h3>\r\n\t\t\t\t\t\t\t<\/div>\r\n\t\t<\/div>\r\n\t\t\r\n\t\t<div class=\"grve-empty-space grve-height-1x\" style=\"\"><\/div>[vc_column_text css=&#8220;.vc_custom_1568026552677{padding-right: 4% !important;padding-left: 4% !important;}&#8220; text_style=&#8220;leader-text&#8220; animation=&#8220;grve-fade-in-up&#8220;]<\/p>\n<p style=\"text-align: center;\"><em>\u201cFGP, ein Platz wo ich mich sehr wohlf\u00fchle, es ist unSch\u00e4tzbarem Wert\u201d<\/em><\/p>\n<p>[\/vc_column_text][\/vc_column][vc_column width=&#8220;1\/3&#8243;]\r\n\t\t\t\t<div class=\"grve-team grve-element grve-layout-1 grve-animated-item grve-fade-in-up grve-duration-normal\" style=\"\" data-delay=\"400\">\r\n\t\t\t<figure class=\"grve-image-hover grve-zoom-none\">\r\n\t\t\t\t\t\t\t\t<div class=\"grve-team-person\">\r\n\t\t\t\t\t<div class=\"grve-bg-primary-1 grve-hover-overlay grve-opacity-0\"><\/div>\r\n\t\t\t\t\t<img loading=\"lazy\" decoding=\"async\" width=\"370\" height=\"493\" src=\"https:\/\/familygolfpark.pt\/wp-content\/uploads\/2026\/02\/family-golf-park-team-Jesus-Porras.webp\" class=\"attachment-full size-full\" alt=\"\" srcset=\"https:\/\/familygolfpark.pt\/wp-content\/uploads\/2026\/02\/family-golf-park-team-Jesus-Porras.webp 370w, https:\/\/familygolfpark.pt\/wp-content\/uploads\/2026\/02\/family-golf-park-team-Jesus-Porras-225x300.webp 225w\" sizes=\"auto, (max-width: 370px) 100vw, 370px\" \/>\t\t\t\t<\/div>\r\n\t\t\t\t<figcaption>\r\n\t\t\t\t\t<ul class=\"grve-team-social grve-align-center\">\r\n\t\t\t\t\t\t\t\t\t\t\t<\/ul>\r\n\t\t\t\t<\/figcaption>\r\n\t\t\t<\/figure>\r\n\t\t\t<div class=\"grve-team-description grve-align-center\">\r\n\t\t\t\t\t\t\t\t<div class=\"grve-team-identity grve-link-text\">Lokf\u00fchrer<\/div>\r\n\t\t\t\t\t\t\t\t\t\t\t\t<h3 class=\"grve-team-name grve-text-hover-primary-1 grve-h5\">Jesus Porras<\/h3>\r\n\t\t\t\t\t\t\t<\/div>\r\n\t\t<\/div>\r\n\t\t\r\n\t\t<div class=\"grve-empty-space grve-height-1x\" style=\"\"><\/div>[vc_column_text css=&#8220;.vc_custom_1771500046093{padding-right: 4% !important;padding-left: 4% !important;}&#8220; text_style=&#8220;leader-text&#8220; animation=&#8220;grve-fade-in-up&#8220;]<\/p>\n<p style=\"text-align: center;\"><em>\u201cAn Bord des FGP-Touristenzugs begleite ich Besucher zu den bekanntesten Sehensw\u00fcrdigkeiten der Stadt und verbinde dabei Komfort, Unterhaltung und Gastfreundschaft. Mein Ziel ist es, jede Fahrt zu einem einzigartigen Erlebnis f\u00fcr die ganze Familie zu machen.\u201d<\/em><\/p>\n<p>[\/vc_column_text][\/vc_column][vc_column width=&#8220;1\/3&#8243;]\r\n\t\t\t\t<div class=\"grve-team grve-element grve-layout-1 grve-animated-item grve-fade-in-up grve-duration-normal\" style=\"\" data-delay=\"400\">\r\n\t\t\t<figure class=\"grve-image-hover grve-zoom-none\">\r\n\t\t\t\t\t\t\t\t<div class=\"grve-team-person\">\r\n\t\t\t\t\t<div class=\"grve-bg-primary-1 grve-hover-overlay grve-opacity-0\"><\/div>\r\n\t\t\t\t\t<img loading=\"lazy\" decoding=\"async\" width=\"370\" height=\"493\" src=\"https:\/\/familygolfpark.pt\/wp-content\/uploads\/2026\/02\/family-golf-park-team-David-Oliveira.webp\" class=\"attachment-full size-full\" alt=\"\" srcset=\"https:\/\/familygolfpark.pt\/wp-content\/uploads\/2026\/02\/family-golf-park-team-David-Oliveira.webp 370w, https:\/\/familygolfpark.pt\/wp-content\/uploads\/2026\/02\/family-golf-park-team-David-Oliveira-225x300.webp 225w\" sizes=\"auto, (max-width: 370px) 100vw, 370px\" \/>\t\t\t\t<\/div>\r\n\t\t\t\t<figcaption>\r\n\t\t\t\t\t<ul class=\"grve-team-social grve-align-center\">\r\n\t\t\t\t\t\t\t\t\t\t\t<\/ul>\r\n\t\t\t\t<\/figcaption>\r\n\t\t\t<\/figure>\r\n\t\t\t<div class=\"grve-team-description grve-align-center\">\r\n\t\t\t\t\t\t\t\t<div class=\"grve-team-identity grve-link-text\">Rezepzionnistin<\/div>\r\n\t\t\t\t\t\t\t\t\t\t\t\t<h3 class=\"grve-team-name grve-text-hover-primary-1 grve-h5\">David Oliveira<\/h3>\r\n\t\t\t\t\t\t\t<\/div>\r\n\t\t<\/div>\r\n\t\t\r\n\t\t<div class=\"grve-empty-space grve-height-1x\" style=\"\"><\/div>[vc_column_text css=&#8220;.vc_custom_1771575982814{padding-right: 4% !important;padding-left: 4% !important;}&#8220; text_style=&#8220;leader-text&#8220; animation=&#8220;grve-fade-in-up&#8220;]<\/p>\n<p style=\"text-align: center;\"><em>\u201cDer Family Golf Park ist ideal f\u00fcr die ganze Familie und verf\u00fcgt \u00fcber ein freundliches und zuvorkommendes Personal.\u201d<\/em><\/p>\n<p>[\/vc_column_text][\/vc_column][\/vc_row][vc_row padding_top_multiplier=&#8220;&#8220; padding_bottom_multiplier=&#8220;4x&#8220;][vc_column width=&#8220;1\/3&#8243;]\r\n\t\t\t\t<div class=\"grve-team grve-element grve-layout-1 grve-animated-item grve-fade-in-up grve-duration-normal\" style=\"\" data-delay=\"400\">\r\n\t\t\t<figure class=\"grve-image-hover grve-zoom-none\">\r\n\t\t\t\t\t\t\t\t<div class=\"grve-team-person\">\r\n\t\t\t\t\t<div class=\"grve-bg-primary-1 grve-hover-overlay grve-opacity-0\"><\/div>\r\n\t\t\t\t\t<img loading=\"lazy\" decoding=\"async\" width=\"370\" height=\"493\" src=\"https:\/\/familygolfpark.pt\/wp-content\/uploads\/2019\/07\/family-golf-park-team-caludio-souza-02-min.jpg\" class=\"attachment-full size-full\" alt=\"\" srcset=\"https:\/\/familygolfpark.pt\/wp-content\/uploads\/2019\/07\/family-golf-park-team-caludio-souza-02-min.jpg 370w, https:\/\/familygolfpark.pt\/wp-content\/uploads\/2019\/07\/family-golf-park-team-caludio-souza-02-min-225x300.jpg 225w\" sizes=\"auto, (max-width: 370px) 100vw, 370px\" \/>\t\t\t\t<\/div>\r\n\t\t\t\t<figcaption>\r\n\t\t\t\t\t<ul class=\"grve-team-social grve-align-center\">\r\n\t\t\t\t\t\t\t\t\t\t\t<\/ul>\r\n\t\t\t\t<\/figcaption>\r\n\t\t\t<\/figure>\r\n\t\t\t<div class=\"grve-team-description grve-align-center\">\r\n\t\t\t\t\t\t\t\t<div class=\"grve-team-identity grve-link-text\">G\u00e4rtner<\/div>\r\n\t\t\t\t\t\t\t\t\t\t\t\t<h3 class=\"grve-team-name grve-text-hover-primary-1 grve-h5\">Claudio Souza<\/h3>\r\n\t\t\t\t\t\t\t<\/div>\r\n\t\t<\/div>\r\n\t\t\r\n\t\t<div class=\"grve-empty-space grve-height-1x\" style=\"\"><\/div>[vc_column_text css=&#8220;.vc_custom_1568026597235{padding-right: 4% !important;padding-left: 4% !important;}&#8220; text_style=&#8220;leader-text&#8220; animation=&#8220;grve-fade-in-up&#8220;]<\/p>\n<p style=\"text-align: center;\"><em>\u201cEs ist meine Aufgabe schon seit 8 Jahren den Garten zu Warten Gute erfahrungen in einem arbeits umfield mit tollen Menschen, Auch unsere G\u00e4ste sind sehr coichtig, denn Sie \u00fcbertragen uns gute Energie und pers\u00f6nlich oder soziale Netzcoerke. Es ist eine Verpflichtung, jeden Tag besser zu machen\u201d<\/em><\/p>\n<p>[\/vc_column_text][\/vc_column][vc_column width=&#8220;1\/3&#8243;]\r\n\t\t\t\t<div class=\"grve-team grve-element grve-layout-1 grve-animated-item grve-fade-in-up grve-duration-normal\" style=\"\" data-delay=\"400\">\r\n\t\t\t<figure class=\"grve-image-hover grve-zoom-none\">\r\n\t\t\t\t\t\t\t\t<div class=\"grve-team-person\">\r\n\t\t\t\t\t<div class=\"grve-bg-primary-1 grve-hover-overlay grve-opacity-0\"><\/div>\r\n\t\t\t\t\t<img loading=\"lazy\" decoding=\"async\" width=\"370\" height=\"493\" src=\"https:\/\/familygolfpark.pt\/wp-content\/uploads\/2019\/07\/family-golf-park-team-ana-vieira-02-min.jpg\" class=\"attachment-full size-full\" alt=\"\" srcset=\"https:\/\/familygolfpark.pt\/wp-content\/uploads\/2019\/07\/family-golf-park-team-ana-vieira-02-min.jpg 370w, https:\/\/familygolfpark.pt\/wp-content\/uploads\/2019\/07\/family-golf-park-team-ana-vieira-02-min-225x300.jpg 225w\" sizes=\"auto, (max-width: 370px) 100vw, 370px\" \/>\t\t\t\t<\/div>\r\n\t\t\t\t<figcaption>\r\n\t\t\t\t\t<ul class=\"grve-team-social grve-align-center\">\r\n\t\t\t\t\t\t\t\t\t\t\t<\/ul>\r\n\t\t\t\t<\/figcaption>\r\n\t\t\t<\/figure>\r\n\t\t\t<div class=\"grve-team-description grve-align-center\">\r\n\t\t\t\t\t\t\t\t<div class=\"grve-team-identity grve-link-text\">Kellnerin<\/div>\r\n\t\t\t\t\t\t\t\t\t\t\t\t<h3 class=\"grve-team-name grve-text-hover-primary-1 grve-h5\">Ana Vieira<\/h3>\r\n\t\t\t\t\t\t\t<\/div>\r\n\t\t<\/div>\r\n\t\t\r\n\t\t<div class=\"grve-empty-space grve-height-1x\" style=\"\"><\/div>[vc_column_text css=&#8220;.vc_custom_1568026611516{padding-right: 4% !important;padding-left: 4% !important;}&#8220; text_style=&#8220;leader-text&#8220; animation=&#8220;grve-fade-in-up&#8220;]<\/p>\n<p style=\"text-align: center;\"><em>\u201cEs ist einfach toll, wenn man das tut was man liebt, und ich liebe es im FGP zu arbeiten. Es ist meine zwiete Familie. Meine arbeit wird anerKannt, socoohl vom Unternehmen socoie auch von den G\u00e4sten\u201d<\/em><\/p>\n<p>[\/vc_column_text][\/vc_column][vc_column width=&#8220;1\/3&#8243;]\r\n\t\t\t\t<div class=\"grve-team grve-element grve-layout-1 grve-animated-item grve-fade-in-up grve-duration-normal\" style=\"\" data-delay=\"400\">\r\n\t\t\t<figure class=\"grve-image-hover grve-zoom-none\">\r\n\t\t\t\t\t\t\t\t<div class=\"grve-team-person\">\r\n\t\t\t\t\t<div class=\"grve-bg-primary-1 grve-hover-overlay grve-opacity-0\"><\/div>\r\n\t\t\t\t\t<img loading=\"lazy\" decoding=\"async\" width=\"370\" height=\"493\" src=\"https:\/\/familygolfpark.pt\/wp-content\/uploads\/2026\/02\/family-golf-park-team-Laurinda-Costa.webp\" class=\"attachment-full size-full\" alt=\"\" srcset=\"https:\/\/familygolfpark.pt\/wp-content\/uploads\/2026\/02\/family-golf-park-team-Laurinda-Costa.webp 370w, https:\/\/familygolfpark.pt\/wp-content\/uploads\/2026\/02\/family-golf-park-team-Laurinda-Costa-225x300.webp 225w\" sizes=\"auto, (max-width: 370px) 100vw, 370px\" \/>\t\t\t\t<\/div>\r\n\t\t\t\t<figcaption>\r\n\t\t\t\t\t<ul class=\"grve-team-social grve-align-center\">\r\n\t\t\t\t\t\t\t\t\t\t\t<\/ul>\r\n\t\t\t\t<\/figcaption>\r\n\t\t\t<\/figure>\r\n\t\t\t<div class=\"grve-team-description grve-align-center\">\r\n\t\t\t\t\t\t\t\t<div class=\"grve-team-identity grve-link-text\">Reinigungskraft<\/div>\r\n\t\t\t\t\t\t\t\t\t\t\t\t<h3 class=\"grve-team-name grve-text-hover-primary-1 grve-h5\">Laurinda Costa<\/h3>\r\n\t\t\t\t\t\t\t<\/div>\r\n\t\t<\/div>\r\n\t\t\r\n\t\t<div class=\"grve-empty-space grve-height-1x\" style=\"\"><\/div>[vc_column_text css=&#8220;.vc_custom_1771500089078{padding-right: 4% !important;padding-left: 4% !important;}&#8220; text_style=&#8220;leader-text&#8220; animation=&#8220;grve-fade-in-up&#8220;]<\/p>\n<p style=\"text-align: center;\"><em>\u201cEs ist sehr erf\u00fcllend, in der Reinigungsabteilung von fGP zu arbeiten und zu wissen, dass meine Arbeit zu Sauberkeit und Komfort in den R\u00e4umlichkeiten beitr\u00e4gt. Es erf\u00fcllt mich mit Stolz, das stets gepflegte Erscheinungsbild von fGP zu sehen und zu wissen, dass meine Arbeit auch zum Wohlbefinden unserer Kunden beitr\u00e4gt.\u201d<\/em><\/p>\n<p>[\/vc_column_text][\/vc_column][\/vc_row]<\/p>\n<\/div>","protected":false},"excerpt":{"rendered":"<p>Com a premissa de valores de Tradi\u00e7\u00e3o, \u00a0\u00c9tica, Solidez e Excel\u00eancia, pretendemos sempre tornar a experi\u00eancia dos nosso clientes \u00fanica e inesquec\u00edvel.<\/p>\n","protected":false},"author":1,"featured_media":0,"parent":0,"menu_order":0,"comment_status":"closed","ping_status":"closed","template":"","meta":{"footnotes":""},"class_list":["post-22771","page","type-page","status-publish","hentry"],"aioseo_notices":[],"_links":{"self":[{"href":"https:\/\/familygolfpark.pt\/de\/wp-json\/wp\/v2\/pages\/22771","targetHints":{"allow":["GET"]}}],"collection":[{"href":"https:\/\/familygolfpark.pt\/de\/wp-json\/wp\/v2\/pages"}],"about":[{"href":"https:\/\/familygolfpark.pt\/de\/wp-json\/wp\/v2\/types\/page"}],"author":[{"embeddable":true,"href":"https:\/\/familygolfpark.pt\/de\/wp-json\/wp\/v2\/users\/1"}],"replies":[{"embeddable":true,"href":"https:\/\/familygolfpark.pt\/de\/wp-json\/wp\/v2\/comments?post=22771"}],"version-history":[{"count":4,"href":"https:\/\/familygolfpark.pt\/de\/wp-json\/wp\/v2\/pages\/22771\/revisions"}],"predecessor-version":[{"id":23410,"href":"https:\/\/familygolfpark.pt\/de\/wp-json\/wp\/v2\/pages\/22771\/revisions\/23410"}],"wp:attachment":[{"href":"https:\/\/familygolfpark.pt\/de\/wp-json\/wp\/v2\/media?parent=22771"}],"curies":[{"name":"wp","href":"https:\/\/api.w.org\/{rel}","templated":true}]}}