{"id":22781,"date":"2016-06-29T14:30:06","date_gmt":"2016-06-29T14:30:06","guid":{"rendered":"https:\/\/familygolfpark.younik.pt\/galerie\/"},"modified":"2024-12-13T14:48:34","modified_gmt":"2024-12-13T14:48:34","slug":"galerie","status":"publish","type":"page","link":"https:\/\/familygolfpark.pt\/de\/galerie\/","title":{"rendered":"Galerie"},"content":{"rendered":"<div class=\"wpb-content-wrapper\"><p>[vc_row heading_color=&#8220;light&#8220; bg_type=&#8220;image&#8220; bg_image=&#8220;16645&#8243; bg_image_type=&#8220;parallax&#8220; pattern_overlay=&#8220;yes&#8220; color_overlay=&#8220;primary-3&#8243; opacity_overlay=&#8220;30&#8243; padding_top_multiplier=&#8220;6x&#8220; padding_bottom_multiplier=&#8220;6x&#8220; separator_top_size=&#8220;30px&#8220; separator_bottom_size=&#8220;30px&#8220; font_color=&#8220;#ffffff&#8220; section_id=&#8220;intro-section&#8220;][vc_column]<div class=\"grve-empty-space\" style=\"height: 15vh;\"><\/div>[\/vc_column][\/vc_row][vc_row padding_top_multiplier=&#8220;4x&#8220; padding_bottom_multiplier=&#8220;4x&#8220; separator_top_size=&#8220;30px&#8220; separator_bottom_size=&#8220;30px&#8220; section_id=&#8220;intro-section&#8220;][vc_column heading_color=&#8220;primary-1&#8243; text_align=&#8220;center&#8220;]<h1 class=\"grve-element grve-title grve-align-center grve-subtitle-text grve-increase-heading grve-heading-200\" style=\"\"><span>Galerie<\/span><\/h1>[\/vc_column][vc_column heading_color=&#8220;primary-3&#8243; text_align=&#8220;center&#8220;]<h2 class=\"grve-element grve-title grve-align-center grve-h1 grve-increase-heading grve-heading-300\" style=\"\"><span>Unser Park<\/span><\/h2><div class=\"grve-empty-space grve-height-1x\" style=\"\"><\/div>[vc_column_text text_style=&#8220;leader-text&#8220;]<\/p>\n<p style=\"text-align: center;\">Sehen Sie sich die Fotogalerie des Family Golf Parks an. Um sich abk\u00fchlen zu k\u00f6nnen, haben wir w\u00e4hrend des Tages die Klimaanlage eingeschaltet. Abends schalten wir die Beleuchtung ein, damit sie den gleichen Spa\u00df erleben und die landschaftliche Sch\u00f6nheit genie\u00dfen k\u00f6nnen.<\/p>\n<p>[\/vc_column_text][\/vc_column][\/vc_row][vc_row][vc_column][vc_column_text]<\/p>\n<p>[\/vc_column_text][\/vc_column][\/vc_row][vc_row section_type=&#8220;fullwidth&#8220; padding_top_multiplier=&#8220;custom&#8220; padding_bottom_multiplier=&#8220;&#8220; columns_gap=&#8220;none&#8220; padding_top=&#8220;10&#8243;][vc_column]<div class=\"grve-element grve-gallery grve-isotope grve-gallery-popup grve-with-gap\" style=\"\" data-columns=\"4\" data-columns-large-screen=\"4\" data-columns-tablet-landscape=\"3\" data-columns-tablet-portrait=\"2\" data-columns-mobile=\"1\" data-layout=\"masonry\" data-gutter-size=\"5\">  <div class=\"grve-isotope-container\"><div class=\"grve-isotope-item grve-hover-item grve-hover-style-3 grve-image-square\"><div class=\"grve-isotope-item-inner grve-zoom-in\">  <figure class=\"grve-image-hover\">    <a class=\"grve-item-url\" href=\"https:\/\/familygolfpark.pt\/wp-content\/uploads\/2022\/06\/Family-Golf-Park_2.webp\"  data-title=\"Family Golf Park\"><\/a>    <div class=\"grve-hover-overlay grve-bg-primary-1 grve-opacity-90\"><\/div><div class=\"grve-media\"><img loading=\"lazy\" decoding=\"async\" width=\"560\" height=\"560\" src=\"https:\/\/familygolfpark.pt\/wp-content\/uploads\/2022\/06\/Family-Golf-Park_2-560x560.webp\" class=\"attachment-movedo-grve-small-square size-movedo-grve-small-square\" alt=\"\" srcset=\"https:\/\/familygolfpark.pt\/wp-content\/uploads\/2022\/06\/Family-Golf-Park_2-560x560.webp 560w, https:\/\/familygolfpark.pt\/wp-content\/uploads\/2022\/06\/Family-Golf-Park_2-300x300.webp 300w, https:\/\/familygolfpark.pt\/wp-content\/uploads\/2022\/06\/Family-Golf-Park_2-900x900.webp 900w\" sizes=\"auto, (max-width: 560px) 100vw, 560px\" \/><\/div><figcaption class=\"grve-content grve-align-center\"><h2 class=\"grve-title grve-h1 grve-text-white\">Family Golf Park<\/h2><\/figcaption>  <\/figure><\/div><\/div><div class=\"grve-isotope-item grve-hover-item grve-hover-style-3 grve-image-square\"><div class=\"grve-isotope-item-inner grve-zoom-in\">  <figure class=\"grve-image-hover\">    <a class=\"grve-item-url\" href=\"https:\/\/familygolfpark.pt\/wp-content\/uploads\/2022\/06\/FamilyGolfPark_0100_2.webp\"  data-title=\"Family Golf Park\"><\/a>    <div class=\"grve-hover-overlay grve-bg-primary-1 grve-opacity-90\"><\/div><div class=\"grve-media\"><img loading=\"lazy\" decoding=\"async\" width=\"560\" height=\"560\" src=\"https:\/\/familygolfpark.pt\/wp-content\/uploads\/2022\/06\/FamilyGolfPark_0100_2-560x560.webp\" class=\"attachment-movedo-grve-small-square size-movedo-grve-small-square\" alt=\"\" srcset=\"https:\/\/familygolfpark.pt\/wp-content\/uploads\/2022\/06\/FamilyGolfPark_0100_2-560x560.webp 560w, https:\/\/familygolfpark.pt\/wp-content\/uploads\/2022\/06\/FamilyGolfPark_0100_2-300x300.webp 300w, https:\/\/familygolfpark.pt\/wp-content\/uploads\/2022\/06\/FamilyGolfPark_0100_2-900x900.webp 900w\" sizes=\"auto, (max-width: 560px) 100vw, 560px\" \/><\/div><figcaption class=\"grve-content grve-align-center\"><h2 class=\"grve-title grve-h1 grve-text-white\">Family Golf Park<\/h2><\/figcaption>  <\/figure><\/div><\/div><div class=\"grve-isotope-item grve-hover-item grve-hover-style-3 grve-image-portrait\"><div class=\"grve-isotope-item-inner grve-zoom-in\">  <figure class=\"grve-image-hover\">    <a class=\"grve-item-url\" href=\"https:\/\/familygolfpark.pt\/wp-content\/uploads\/2022\/06\/Crazygolf-Appia_2.webp\"  data-title=\"Crazygolf \u00c1ppia\"><\/a>    <div class=\"grve-hover-overlay grve-bg-primary-1 grve-opacity-90\"><\/div><div class=\"grve-media\"><img loading=\"lazy\" decoding=\"async\" width=\"900\" height=\"900\" src=\"https:\/\/familygolfpark.pt\/wp-content\/uploads\/2022\/06\/Crazygolf-Appia_2-900x900.webp\" class=\"attachment-movedo-grve-medium-square size-movedo-grve-medium-square\" alt=\"\" srcset=\"https:\/\/familygolfpark.pt\/wp-content\/uploads\/2022\/06\/Crazygolf-Appia_2-900x900.webp 900w, https:\/\/familygolfpark.pt\/wp-content\/uploads\/2022\/06\/Crazygolf-Appia_2-300x300.webp 300w, https:\/\/familygolfpark.pt\/wp-content\/uploads\/2022\/06\/Crazygolf-Appia_2-560x560.webp 560w\" sizes=\"auto, (max-width: 900px) 100vw, 900px\" \/><\/div><figcaption class=\"grve-content grve-align-center\"><h2 class=\"grve-title grve-h1 grve-text-white\">Crazygolf \u00c1ppia<\/h2><\/figcaption>  <\/figure><\/div><\/div><div class=\"grve-isotope-item grve-hover-item grve-hover-style-3 grve-image-square\"><div class=\"grve-isotope-item-inner grve-zoom-in\">  <figure class=\"grve-image-hover\">    <a class=\"grve-item-url\" href=\"https:\/\/familygolfpark.pt\/wp-content\/uploads\/2022\/06\/Looping-Crazygolfe_2.webp\"  data-title=\"Looping Crazygolfe\"><\/a>    <div class=\"grve-hover-overlay grve-bg-primary-1 grve-opacity-90\"><\/div><div class=\"grve-media\"><img loading=\"lazy\" decoding=\"async\" width=\"560\" height=\"560\" src=\"https:\/\/familygolfpark.pt\/wp-content\/uploads\/2022\/06\/Looping-Crazygolfe_2-560x560.webp\" class=\"attachment-movedo-grve-small-square size-movedo-grve-small-square\" alt=\"\" srcset=\"https:\/\/familygolfpark.pt\/wp-content\/uploads\/2022\/06\/Looping-Crazygolfe_2-560x560.webp 560w, https:\/\/familygolfpark.pt\/wp-content\/uploads\/2022\/06\/Looping-Crazygolfe_2-300x300.webp 300w, https:\/\/familygolfpark.pt\/wp-content\/uploads\/2022\/06\/Looping-Crazygolfe_2-900x900.webp 900w\" sizes=\"auto, (max-width: 560px) 100vw, 560px\" \/><\/div><figcaption class=\"grve-content grve-align-center\"><h2 class=\"grve-title grve-h1 grve-text-white\">Looping Crazygolfe<\/h2><\/figcaption>  <\/figure><\/div><\/div><div class=\"grve-isotope-item grve-hover-item grve-hover-style-3 grve-image-landscape\"><div class=\"grve-isotope-item-inner grve-zoom-in\">  <figure class=\"grve-image-hover\">    <a class=\"grve-item-url\" href=\"https:\/\/familygolfpark.pt\/wp-content\/uploads\/2022\/06\/1-Hole-Crazygolf_2.webp\"  data-title=\"1 Hole Crazygolf\"><\/a>    <div class=\"grve-hover-overlay grve-bg-primary-1 grve-opacity-90\"><\/div><div class=\"grve-media\"><img loading=\"lazy\" decoding=\"async\" width=\"900\" height=\"900\" src=\"https:\/\/familygolfpark.pt\/wp-content\/uploads\/2022\/06\/1-Hole-Crazygolf_2-900x900.webp\" class=\"attachment-movedo-grve-medium-square size-movedo-grve-medium-square\" alt=\"\" srcset=\"https:\/\/familygolfpark.pt\/wp-content\/uploads\/2022\/06\/1-Hole-Crazygolf_2-900x900.webp 900w, https:\/\/familygolfpark.pt\/wp-content\/uploads\/2022\/06\/1-Hole-Crazygolf_2-300x300.webp 300w, https:\/\/familygolfpark.pt\/wp-content\/uploads\/2022\/06\/1-Hole-Crazygolf_2-560x560.webp 560w\" sizes=\"auto, (max-width: 900px) 100vw, 900px\" \/><\/div><figcaption class=\"grve-content grve-align-center\"><h2 class=\"grve-title grve-h1 grve-text-white\">1 Hole Crazygolf<\/h2><\/figcaption>  <\/figure><\/div><\/div><div class=\"grve-isotope-item grve-hover-item grve-hover-style-3 grve-image-square\"><div class=\"grve-isotope-item-inner grve-zoom-in\">  <figure class=\"grve-image-hover\">    <a class=\"grve-item-url\" href=\"https:\/\/familygolfpark.pt\/wp-content\/uploads\/2022\/06\/Buraco-18-Crazygolfe_2.webp\"  data-title=\"Buraco 18 Crazygolfe\"><\/a>    <div class=\"grve-hover-overlay grve-bg-primary-1 grve-opacity-90\"><\/div><div class=\"grve-media\"><img loading=\"lazy\" decoding=\"async\" width=\"560\" height=\"560\" src=\"https:\/\/familygolfpark.pt\/wp-content\/uploads\/2022\/06\/Buraco-18-Crazygolfe_2-560x560.webp\" class=\"attachment-movedo-grve-small-square size-movedo-grve-small-square\" alt=\"\" srcset=\"https:\/\/familygolfpark.pt\/wp-content\/uploads\/2022\/06\/Buraco-18-Crazygolfe_2-560x560.webp 560w, https:\/\/familygolfpark.pt\/wp-content\/uploads\/2022\/06\/Buraco-18-Crazygolfe_2-300x300.webp 300w, https:\/\/familygolfpark.pt\/wp-content\/uploads\/2022\/06\/Buraco-18-Crazygolfe_2-900x900.webp 900w\" sizes=\"auto, (max-width: 560px) 100vw, 560px\" \/><\/div><figcaption class=\"grve-content grve-align-center\"><h2 class=\"grve-title grve-h1 grve-text-white\">Buraco 18 Crazygolfe<\/h2><\/figcaption>  <\/figure><\/div><\/div><div class=\"grve-isotope-item grve-hover-item grve-hover-style-3 grve-image-large-square\"><div class=\"grve-isotope-item-inner grve-zoom-in\">  <figure class=\"grve-image-hover\">    <a class=\"grve-item-url\" href=\"https:\/\/familygolfpark.pt\/wp-content\/uploads\/2022\/06\/Legionario_2.webp\"  data-title=\"Legion\u00e1rio\"><\/a>    <div class=\"grve-hover-overlay grve-bg-primary-1 grve-opacity-90\"><\/div><div class=\"grve-media\"><img loading=\"lazy\" decoding=\"async\" width=\"900\" height=\"900\" src=\"https:\/\/familygolfpark.pt\/wp-content\/uploads\/2022\/06\/Legionario_2-900x900.webp\" class=\"attachment-movedo-grve-medium-square size-movedo-grve-medium-square\" alt=\"\" srcset=\"https:\/\/familygolfpark.pt\/wp-content\/uploads\/2022\/06\/Legionario_2-900x900.webp 900w, https:\/\/familygolfpark.pt\/wp-content\/uploads\/2022\/06\/Legionario_2-300x300.webp 300w, https:\/\/familygolfpark.pt\/wp-content\/uploads\/2022\/06\/Legionario_2-560x560.webp 560w\" sizes=\"auto, (max-width: 900px) 100vw, 900px\" \/><\/div><figcaption class=\"grve-content grve-align-center\"><h2 class=\"grve-title grve-h1 grve-text-white\">Legion\u00e1rio<\/h2><\/figcaption>  <\/figure><\/div><\/div><div class=\"grve-isotope-item grve-hover-item grve-hover-style-3 grve-image-square\"><div class=\"grve-isotope-item-inner grve-zoom-in\">  <figure class=\"grve-image-hover\">    <a class=\"grve-item-url\" href=\"https:\/\/familygolfpark.pt\/wp-content\/uploads\/2019\/07\/family-golf-park-gallery-01-min.jpg\"  data-title=\"\u00c1ppia Course - 15th Hole\"><\/a>    <div class=\"grve-hover-overlay grve-bg-primary-1 grve-opacity-90\"><\/div><div class=\"grve-media\"><img loading=\"lazy\" decoding=\"async\" width=\"560\" height=\"560\" src=\"https:\/\/familygolfpark.pt\/wp-content\/uploads\/2019\/07\/family-golf-park-gallery-01-min-560x560.jpg\" class=\"attachment-movedo-grve-small-square size-movedo-grve-small-square\" alt=\"\" srcset=\"https:\/\/familygolfpark.pt\/wp-content\/uploads\/2019\/07\/family-golf-park-gallery-01-min-560x560.jpg 560w, https:\/\/familygolfpark.pt\/wp-content\/uploads\/2019\/07\/family-golf-park-gallery-01-min-300x300.jpg 300w, https:\/\/familygolfpark.pt\/wp-content\/uploads\/2019\/07\/family-golf-park-gallery-01-min-900x900.jpg 900w, https:\/\/familygolfpark.pt\/wp-content\/uploads\/2019\/07\/family-golf-park-gallery-01-min-100x100.jpg 100w\" sizes=\"auto, (max-width: 560px) 100vw, 560px\" \/><\/div><figcaption class=\"grve-content grve-align-center\"><h2 class=\"grve-title grve-h1 grve-text-white\">\u00c1ppia Course &#8211; 15th Hole<\/h2><\/figcaption>  <\/figure><\/div><\/div><div class=\"grve-isotope-item grve-hover-item grve-hover-style-3 grve-image-portrait\"><div class=\"grve-isotope-item-inner grve-zoom-in\">  <figure class=\"grve-image-hover\">    <a class=\"grve-item-url\" href=\"https:\/\/familygolfpark.pt\/wp-content\/uploads\/2019\/07\/family-golf-park-gallery-02-min.jpg\"  data-title=\"Portico\"><\/a>    <div class=\"grve-hover-overlay grve-bg-primary-1 grve-opacity-90\"><\/div><div class=\"grve-media\"><img loading=\"lazy\" decoding=\"async\" width=\"900\" height=\"900\" src=\"https:\/\/familygolfpark.pt\/wp-content\/uploads\/2019\/07\/family-golf-park-gallery-02-min-900x900.jpg\" class=\"attachment-movedo-grve-medium-square size-movedo-grve-medium-square\" alt=\"\" srcset=\"https:\/\/familygolfpark.pt\/wp-content\/uploads\/2019\/07\/family-golf-park-gallery-02-min-900x900.jpg 900w, https:\/\/familygolfpark.pt\/wp-content\/uploads\/2019\/07\/family-golf-park-gallery-02-min-300x300.jpg 300w, https:\/\/familygolfpark.pt\/wp-content\/uploads\/2019\/07\/family-golf-park-gallery-02-min-560x560.jpg 560w, https:\/\/familygolfpark.pt\/wp-content\/uploads\/2019\/07\/family-golf-park-gallery-02-min-100x100.jpg 100w\" sizes=\"auto, (max-width: 900px) 100vw, 900px\" \/><\/div><figcaption class=\"grve-content grve-align-center\"><h2 class=\"grve-title grve-h1 grve-text-white\">Portico<\/h2><\/figcaption>  <\/figure><\/div><\/div><div class=\"grve-isotope-item grve-hover-item grve-hover-style-3 grve-image-square\"><div class=\"grve-isotope-item-inner grve-zoom-in\">  <figure class=\"grve-image-hover\">    <a class=\"grve-item-url\" href=\"https:\/\/familygolfpark.pt\/wp-content\/uploads\/2019\/07\/family-golf-park-gallery-03-min.jpg\"  data-title=\"Lusit\u00e2nia Course - 4th Hole\"><\/a>    <div class=\"grve-hover-overlay grve-bg-primary-1 grve-opacity-90\"><\/div><div class=\"grve-media\"><img loading=\"lazy\" decoding=\"async\" width=\"560\" height=\"560\" src=\"https:\/\/familygolfpark.pt\/wp-content\/uploads\/2019\/07\/family-golf-park-gallery-03-min-560x560.jpg\" class=\"attachment-movedo-grve-small-square size-movedo-grve-small-square\" alt=\"\" srcset=\"https:\/\/familygolfpark.pt\/wp-content\/uploads\/2019\/07\/family-golf-park-gallery-03-min-560x560.jpg 560w, https:\/\/familygolfpark.pt\/wp-content\/uploads\/2019\/07\/family-golf-park-gallery-03-min-300x300.jpg 300w, https:\/\/familygolfpark.pt\/wp-content\/uploads\/2019\/07\/family-golf-park-gallery-03-min-900x900.jpg 900w, https:\/\/familygolfpark.pt\/wp-content\/uploads\/2019\/07\/family-golf-park-gallery-03-min-100x100.jpg 100w\" sizes=\"auto, (max-width: 560px) 100vw, 560px\" \/><\/div><figcaption class=\"grve-content grve-align-center\"><h2 class=\"grve-title grve-h1 grve-text-white\">Lusit\u00e2nia Course &#8211; 4th Hole<\/h2><\/figcaption>  <\/figure><\/div><\/div><div class=\"grve-isotope-item grve-hover-item grve-hover-style-3 grve-image-square\"><div class=\"grve-isotope-item-inner grve-zoom-in\">  <figure class=\"grve-image-hover\">    <a class=\"grve-item-url\" href=\"https:\/\/familygolfpark.pt\/wp-content\/uploads\/2019\/07\/family-golf-park-gallery-05-min.jpg\"  data-title=\"\u00c1ppia Course - 16th Hole\"><\/a>    <div class=\"grve-hover-overlay grve-bg-primary-1 grve-opacity-90\"><\/div><div class=\"grve-media\"><img loading=\"lazy\" decoding=\"async\" width=\"560\" height=\"560\" src=\"https:\/\/familygolfpark.pt\/wp-content\/uploads\/2019\/07\/family-golf-park-gallery-05-min-560x560.jpg\" class=\"attachment-movedo-grve-small-square size-movedo-grve-small-square\" alt=\"\" srcset=\"https:\/\/familygolfpark.pt\/wp-content\/uploads\/2019\/07\/family-golf-park-gallery-05-min-560x560.jpg 560w, https:\/\/familygolfpark.pt\/wp-content\/uploads\/2019\/07\/family-golf-park-gallery-05-min-300x300.jpg 300w, https:\/\/familygolfpark.pt\/wp-content\/uploads\/2019\/07\/family-golf-park-gallery-05-min-900x900.jpg 900w, https:\/\/familygolfpark.pt\/wp-content\/uploads\/2019\/07\/family-golf-park-gallery-05-min-100x100.jpg 100w\" sizes=\"auto, (max-width: 560px) 100vw, 560px\" \/><\/div><figcaption class=\"grve-content grve-align-center\"><h2 class=\"grve-title grve-h1 grve-text-white\">\u00c1ppia Course &#8211; 16th Hole<\/h2><\/figcaption>  <\/figure><\/div><\/div><div class=\"grve-isotope-item grve-hover-item grve-hover-style-3 grve-image-square\"><div class=\"grve-isotope-item-inner grve-zoom-in\">  <figure class=\"grve-image-hover\">    <a class=\"grve-item-url\" href=\"https:\/\/familygolfpark.pt\/wp-content\/uploads\/2019\/07\/family-golf-park-gallery-06-min.jpg\"  data-title=\"Minigolf for all Family\"><\/a>    <div class=\"grve-hover-overlay grve-bg-primary-1 grve-opacity-90\"><\/div><div class=\"grve-media\"><img loading=\"lazy\" decoding=\"async\" width=\"560\" height=\"560\" src=\"https:\/\/familygolfpark.pt\/wp-content\/uploads\/2019\/07\/family-golf-park-gallery-06-min-560x560.jpg\" class=\"attachment-movedo-grve-small-square size-movedo-grve-small-square\" alt=\"\" srcset=\"https:\/\/familygolfpark.pt\/wp-content\/uploads\/2019\/07\/family-golf-park-gallery-06-min-560x560.jpg 560w, https:\/\/familygolfpark.pt\/wp-content\/uploads\/2019\/07\/family-golf-park-gallery-06-min-300x300.jpg 300w, https:\/\/familygolfpark.pt\/wp-content\/uploads\/2019\/07\/family-golf-park-gallery-06-min-900x900.jpg 900w, https:\/\/familygolfpark.pt\/wp-content\/uploads\/2019\/07\/family-golf-park-gallery-06-min-100x100.jpg 100w\" sizes=\"auto, (max-width: 560px) 100vw, 560px\" \/><\/div><figcaption class=\"grve-content grve-align-center\"><h2 class=\"grve-title grve-h1 grve-text-white\">Minigolf for all Family<\/h2><\/figcaption>  <\/figure><\/div><\/div><div class=\"grve-isotope-item grve-hover-item grve-hover-style-3 grve-image-square\"><div class=\"grve-isotope-item-inner grve-zoom-in\">  <figure class=\"grve-image-hover\">    <a class=\"grve-item-url\" href=\"https:\/\/familygolfpark.pt\/wp-content\/uploads\/2019\/07\/family-golf-park-gallery-07-min.jpg\"  data-title=\"10.000 square meters of beautiful gardens\"><\/a>    <div class=\"grve-hover-overlay grve-bg-primary-1 grve-opacity-90\"><\/div><div class=\"grve-media\"><img loading=\"lazy\" decoding=\"async\" width=\"560\" height=\"560\" src=\"https:\/\/familygolfpark.pt\/wp-content\/uploads\/2019\/07\/family-golf-park-gallery-07-min-560x560.jpg\" class=\"attachment-movedo-grve-small-square size-movedo-grve-small-square\" alt=\"\" srcset=\"https:\/\/familygolfpark.pt\/wp-content\/uploads\/2019\/07\/family-golf-park-gallery-07-min-560x560.jpg 560w, https:\/\/familygolfpark.pt\/wp-content\/uploads\/2019\/07\/family-golf-park-gallery-07-min-300x300.jpg 300w, https:\/\/familygolfpark.pt\/wp-content\/uploads\/2019\/07\/family-golf-park-gallery-07-min-900x900.jpg 900w, https:\/\/familygolfpark.pt\/wp-content\/uploads\/2019\/07\/family-golf-park-gallery-07-min-100x100.jpg 100w\" sizes=\"auto, (max-width: 560px) 100vw, 560px\" \/><\/div><figcaption class=\"grve-content grve-align-center\"><h2 class=\"grve-title grve-h1 grve-text-white\">10.000 square meters of beautiful gardens<\/h2><\/figcaption>  <\/figure><\/div><\/div><div class=\"grve-isotope-item grve-hover-item grve-hover-style-3 grve-image-square\"><div class=\"grve-isotope-item-inner grve-zoom-in\">  <figure class=\"grve-image-hover\">    <a class=\"grve-item-url\" href=\"https:\/\/familygolfpark.pt\/wp-content\/uploads\/2019\/07\/family-golf-park-gallery-08-min.jpg\"  data-title=\"Roman amphitheatre\"><\/a>    <div class=\"grve-hover-overlay grve-bg-primary-1 grve-opacity-90\"><\/div><div class=\"grve-media\"><img loading=\"lazy\" decoding=\"async\" width=\"560\" height=\"560\" src=\"https:\/\/familygolfpark.pt\/wp-content\/uploads\/2019\/07\/family-golf-park-gallery-08-min-560x560.jpg\" class=\"attachment-movedo-grve-small-square size-movedo-grve-small-square\" alt=\"\" srcset=\"https:\/\/familygolfpark.pt\/wp-content\/uploads\/2019\/07\/family-golf-park-gallery-08-min-560x560.jpg 560w, https:\/\/familygolfpark.pt\/wp-content\/uploads\/2019\/07\/family-golf-park-gallery-08-min-300x300.jpg 300w, https:\/\/familygolfpark.pt\/wp-content\/uploads\/2019\/07\/family-golf-park-gallery-08-min-900x900.jpg 900w, https:\/\/familygolfpark.pt\/wp-content\/uploads\/2019\/07\/family-golf-park-gallery-08-min-100x100.jpg 100w\" sizes=\"auto, (max-width: 560px) 100vw, 560px\" \/><\/div><figcaption class=\"grve-content grve-align-center\"><h2 class=\"grve-title grve-h1 grve-text-white\">Roman amphitheatre<\/h2><\/figcaption>  <\/figure><\/div><\/div><div class=\"grve-isotope-item grve-hover-item grve-hover-style-3 grve-image-landscape\"><div class=\"grve-isotope-item-inner grve-zoom-in\">  <figure class=\"grve-image-hover\">    <a class=\"grve-item-url\" href=\"https:\/\/familygolfpark.pt\/wp-content\/uploads\/2019\/07\/family-golf-park-gallery-09-min.jpg\"  data-title=\"More than 200 species of shrubs, plants and trees\"><\/a>    <div class=\"grve-hover-overlay grve-bg-primary-1 grve-opacity-90\"><\/div><div class=\"grve-media\"><img loading=\"lazy\" decoding=\"async\" width=\"900\" height=\"900\" src=\"https:\/\/familygolfpark.pt\/wp-content\/uploads\/2019\/07\/family-golf-park-gallery-09-min-900x900.jpg\" class=\"attachment-movedo-grve-medium-square size-movedo-grve-medium-square\" alt=\"\" srcset=\"https:\/\/familygolfpark.pt\/wp-content\/uploads\/2019\/07\/family-golf-park-gallery-09-min-900x900.jpg 900w, https:\/\/familygolfpark.pt\/wp-content\/uploads\/2019\/07\/family-golf-park-gallery-09-min-300x300.jpg 300w, https:\/\/familygolfpark.pt\/wp-content\/uploads\/2019\/07\/family-golf-park-gallery-09-min-560x560.jpg 560w, https:\/\/familygolfpark.pt\/wp-content\/uploads\/2019\/07\/family-golf-park-gallery-09-min-100x100.jpg 100w\" sizes=\"auto, (max-width: 900px) 100vw, 900px\" \/><\/div><figcaption class=\"grve-content grve-align-center\"><h2 class=\"grve-title grve-h1 grve-text-white\">More than 200 species of shrubs, plants and trees<\/h2><\/figcaption>  <\/figure><\/div><\/div><div class=\"grve-isotope-item grve-hover-item grve-hover-style-3 grve-image-square\"><div class=\"grve-isotope-item-inner grve-zoom-in\">  <figure class=\"grve-image-hover\">    <a class=\"grve-item-url\" href=\"https:\/\/familygolfpark.pt\/wp-content\/uploads\/2019\/07\/family-golf-park-gallery-10-min.jpg\"  data-title=\"Best syntactic grass for Minigolf\"><\/a>    <div class=\"grve-hover-overlay grve-bg-primary-1 grve-opacity-90\"><\/div><div class=\"grve-media\"><img loading=\"lazy\" decoding=\"async\" width=\"560\" height=\"560\" src=\"https:\/\/familygolfpark.pt\/wp-content\/uploads\/2019\/07\/family-golf-park-gallery-10-min-560x560.jpg\" class=\"attachment-movedo-grve-small-square size-movedo-grve-small-square\" alt=\"\" srcset=\"https:\/\/familygolfpark.pt\/wp-content\/uploads\/2019\/07\/family-golf-park-gallery-10-min-560x560.jpg 560w, https:\/\/familygolfpark.pt\/wp-content\/uploads\/2019\/07\/family-golf-park-gallery-10-min-300x300.jpg 300w, https:\/\/familygolfpark.pt\/wp-content\/uploads\/2019\/07\/family-golf-park-gallery-10-min-900x900.jpg 900w, https:\/\/familygolfpark.pt\/wp-content\/uploads\/2019\/07\/family-golf-park-gallery-10-min-100x100.jpg 100w\" sizes=\"auto, (max-width: 560px) 100vw, 560px\" \/><\/div><figcaption class=\"grve-content grve-align-center\"><h2 class=\"grve-title grve-h1 grve-text-white\">Best syntactic grass for Minigolf<\/h2><\/figcaption>  <\/figure><\/div><\/div><div class=\"grve-isotope-item grve-hover-item grve-hover-style-3 grve-image-square\"><div class=\"grve-isotope-item-inner grve-zoom-in\">  <figure class=\"grve-image-hover\">    <a class=\"grve-item-url\" href=\"https:\/\/familygolfpark.pt\/wp-content\/uploads\/2019\/07\/family-golf-park-gallery-11-min.jpg\"  data-title=\"Adventure Minigolf\"><\/a>    <div class=\"grve-hover-overlay grve-bg-primary-1 grve-opacity-90\"><\/div><div class=\"grve-media\"><img loading=\"lazy\" decoding=\"async\" width=\"560\" height=\"560\" src=\"https:\/\/familygolfpark.pt\/wp-content\/uploads\/2019\/07\/family-golf-park-gallery-11-min-560x560.jpg\" class=\"attachment-movedo-grve-small-square size-movedo-grve-small-square\" alt=\"\" srcset=\"https:\/\/familygolfpark.pt\/wp-content\/uploads\/2019\/07\/family-golf-park-gallery-11-min-560x560.jpg 560w, https:\/\/familygolfpark.pt\/wp-content\/uploads\/2019\/07\/family-golf-park-gallery-11-min-300x300.jpg 300w, https:\/\/familygolfpark.pt\/wp-content\/uploads\/2019\/07\/family-golf-park-gallery-11-min-900x900.jpg 900w, https:\/\/familygolfpark.pt\/wp-content\/uploads\/2019\/07\/family-golf-park-gallery-11-min-100x100.jpg 100w\" sizes=\"auto, (max-width: 560px) 100vw, 560px\" \/><\/div><figcaption class=\"grve-content grve-align-center\"><h2 class=\"grve-title grve-h1 grve-text-white\">Adventure Minigolf<\/h2><\/figcaption>  <\/figure><\/div><\/div>  <\/div><\/div>[\/vc_column][\/vc_row]<\/p>\n<\/div>","protected":false},"excerpt":{"rendered":"<p>Sehen Sie sich die Fotogalerie des Family Golf Parks an. Um sich abk\u00fchlen zu k\u00f6nnen, haben wir w\u00e4hrend des Tages die Klimaanlage eingeschaltet. Abends schalten wir die Beleuchtung ein, damit sie den gleichen Spa\u00df erleben und die landschaftliche Sch\u00f6nheit genie\u00dfen k\u00f6nnen.<\/p>\n","protected":false},"author":1,"featured_media":0,"parent":0,"menu_order":0,"comment_status":"closed","ping_status":"closed","template":"","meta":{"footnotes":""},"class_list":["post-22781","page","type-page","status-publish","hentry"],"aioseo_notices":[],"_links":{"self":[{"href":"https:\/\/familygolfpark.pt\/de\/wp-json\/wp\/v2\/pages\/22781","targetHints":{"allow":["GET"]}}],"collection":[{"href":"https:\/\/familygolfpark.pt\/de\/wp-json\/wp\/v2\/pages"}],"about":[{"href":"https:\/\/familygolfpark.pt\/de\/wp-json\/wp\/v2\/types\/page"}],"author":[{"embeddable":true,"href":"https:\/\/familygolfpark.pt\/de\/wp-json\/wp\/v2\/users\/1"}],"replies":[{"embeddable":true,"href":"https:\/\/familygolfpark.pt\/de\/wp-json\/wp\/v2\/comments?post=22781"}],"version-history":[{"count":0,"href":"https:\/\/familygolfpark.pt\/de\/wp-json\/wp\/v2\/pages\/22781\/revisions"}],"wp:attachment":[{"href":"https:\/\/familygolfpark.pt\/de\/wp-json\/wp\/v2\/media?parent=22781"}],"curies":[{"name":"wp","href":"https:\/\/api.w.org\/{rel}","templated":true}]}}