{"id":22796,"date":"2019-06-04T08:55:26","date_gmt":"2019-06-04T08:55:26","guid":{"rendered":"https:\/\/familygolfpark.younik.pt\/erlebnisse\/"},"modified":"2026-02-19T12:27:20","modified_gmt":"2026-02-19T12:27:20","slug":"erlebnisse","status":"publish","type":"page","link":"https:\/\/familygolfpark.pt\/de\/erlebnisse\/","title":{"rendered":"Erlebnisse"},"content":{"rendered":"<div class=\"wpb-content-wrapper\"><p>[vc_row heading_color=&#8220;light&#8220; bg_type=&#8220;image&#8220; bg_image=&#8220;17216&#8243; bg_image_type=&#8220;parallax&#8220; pattern_overlay=&#8220;yes&#8220; color_overlay=&#8220;primary-3&#8243; opacity_overlay=&#8220;40&#8243; padding_top_multiplier=&#8220;6x&#8220; padding_bottom_multiplier=&#8220;6x&#8220; separator_top_size=&#8220;30px&#8220; separator_bottom_size=&#8220;30px&#8220; font_color=&#8220;#ffffff&#8220; section_id=&#8220;intro-section&#8220;][vc_column]<div class=\"grve-empty-space\" style=\"height: 15vh;\"><\/div>[\/vc_column][\/vc_row][vc_row padding_top_multiplier=&#8220;4x&#8220; padding_bottom_multiplier=&#8220;4x&#8220; separator_top_size=&#8220;30px&#8220; separator_bottom_size=&#8220;30px&#8220; section_id=&#8220;intro-section&#8220;][vc_column heading_color=&#8220;primary-1&#8243; text_align=&#8220;center&#8220;]<h1 class=\"grve-element grve-title grve-align-center grve-subtitle-text grve-increase-heading grve-heading-200\" style=\"\"><span>Erlebnisse<\/span><\/h1>[\/vc_column][vc_column heading_color=&#8220;primary-3&#8243; text_align=&#8220;center&#8220;]<h2 class=\"grve-element grve-title grve-align-center grve-h1 grve-increase-heading grve-heading-300\" style=\"\"><span>F\u00fcr jede Altersgruppe<\/span><\/h2><div class=\"grve-empty-space grve-height-1x\" style=\"\"><\/div>[vc_column_text text_style=&#8220;leader-text&#8220;]<\/p>\n<p style=\"text-align: center;\"><span style=\"font-weight: 400;\">Wir hei\u00dfen die Spieler jeglicher Altersgruppe willkommen, die nur gute Laune, Strategie und ein wenig Geschick mitbringen m\u00fcssen. <\/span><span style=\"font-weight: 400;\">Lassen Sie sich durch den Wettkampf zwischen den Mitgliedern Ihrer Familie unterschiedlichen Alters begeistern und von der Familiendynamik \u00fcberraschen. Genie\u00dfen Sie den wundersch\u00f6nen Garten, den wir angelegt haben, in dem wir bereits mehr als 200 verschiedene Str\u00e4ucher, Pflanzen und B\u00e4ume haben.<\/span><\/p>\n<p>[\/vc_column_text][\/vc_column][\/vc_row][vc_row heading_color=&#8220;primary-1&#8243; section_type=&#8220;fullwidth&#8220; bg_type=&#8220;color&#8220; padding_bottom_multiplier=&#8220;4x&#8220; columns_gap=&#8220;none&#8220; equal_column_height=&#8220;middle-content&#8220; separator_bottom_color=&#8220;#ff1616&#8243; bg_color=&#8220;#ffffff&#8220; el_class=&#8220;grupo-caixa&#8220;][vc_column column_effect=&#8220;mouse-move-x-y&#8220; width=&#8220;1\/3&#8243; el_class=&#8220;coluna-caixa&#8220;][vc_row_inner css=&#8220;.vc_custom_1559645840308{background-color: #f4f4f4 !important;}&#8220; el_class=&#8220;caixa-flutuante-left&#8220;][vc_column_inner]<h2 class=\"grve-element grve-title grve-align-left grve-h2 grve-increase-heading grve-heading-200\" style=\"\"><span>Minigolfe<\/span><\/h2><div class=\"grve-empty-space grve-height-1x\" style=\"\"><\/div>[vc_column_text text_style=&#8220;leader-text&#8220;]<\/p>\n<p style=\"text-align: left;\"><span style=\"font-weight: 400;\">Auf den 2 Pl\u00e4tzen mit 18 L\u00f6chern und verschiedenen Schwierigkeitsgraden ist der Spa\u00df garantiert, aber es ist eine Strategie erforderlich, um Sieger zu werden.\u00a0<\/span><\/p>\n<p>[\/vc_column_text]<div class=\"grve-empty-space grve-height-3x\" style=\"\"><\/div><div class=\"grve-element grve-align-left grve-animated-item grve-fade-in-left grve-duration-normal\" data-delay=\"100\"><a href=\"https:\/\/familygolfpark.pt\/de\/minigolf\/\" class=\"grve-btn grve-btn-medium grve-extra-round grve-bg-primary-1 grve-bg-hover-white\"><span><i class=\"fas fa-arrow-right\"><\/i>Mehr sehen<\/span><\/a><\/div>[\/vc_column_inner][\/vc_row_inner][\/vc_column][vc_column width=&#8220;2\/3&#8243; css=&#8220;.vc_custom_1561547648983{padding-top: 2% !important;padding-right: 2% !important;padding-bottom: 2% !important;padding-left: 2% !important;background-image: url(http:\/\/familygolfpark.pt\/wp-content\/uploads\/2019\/06\/Minigolf-Exeperiences-Family-Golf-Park-02-min.jpg?id=17002) !important;background-position: center !important;background-repeat: no-repeat !important;background-size: cover !important;}&#8220; el_class=&#8220;caixa-background&#8220;]<div class=\"grve-empty-space\" style=\"height: 70vh;\"><\/div>[\/vc_column][\/vc_row][vc_row heading_color=&#8220;primary-1&#8243; section_type=&#8220;fullwidth&#8220; bg_type=&#8220;color&#8220; padding_bottom_multiplier=&#8220;4x&#8220; columns_gap=&#8220;none&#8220; equal_column_height=&#8220;middle-content&#8220; separator_bottom_color=&#8220;#ff1616&#8243; bg_color=&#8220;#ffffff&#8220; el_class=&#8220;grupo-caixa&#8220;][vc_column width=&#8220;2\/3&#8243; css=&#8220;.vc_custom_1559654470576{padding-top: 2% !important;padding-right: 2% !important;padding-bottom: 2% !important;padding-left: 2% !important;background-image: url(http:\/\/familygolfpark.pt\/wp-content\/uploads\/2019\/06\/Turistic-train-Exeperiences-Family-Golf-Park-min.jpg?id=16527) !important;background-position: center !important;background-repeat: no-repeat !important;background-size: cover !important;}&#8220; el_class=&#8220;caixa-background&#8220;]<div class=\"grve-empty-space\" style=\"height: 70vh;\"><\/div>[\/vc_column][vc_column column_effect=&#8220;mouse-move-x-y&#8220; width=&#8220;1\/3&#8243; heading_color=&#8220;light&#8220; font_color=&#8220;#ffffff&#8220; el_class=&#8220;coluna-caixa&#8220;][vc_row_inner css=&#8220;.vc_custom_1559646300098{background-color: #28a847 !important;}&#8220; el_class=&#8220;caixa-flutuante-right&#8220;][vc_column_inner]<h2 class=\"grve-element grve-title grve-align-left grve-h2 grve-increase-heading grve-heading-200\" style=\"\"><span>Touristischer<br \/>\nZug<\/span><\/h2><div class=\"grve-empty-space grve-height-1x\" style=\"\"><\/div>[vc_column_text text_style=&#8220;leader-text&#8220;]<\/p>\n<p style=\"text-align: left;\"><span style=\"font-weight: 400;\">Erkunden Sie Vilamoura im touristischen Zug, der Sie bis zu den wundersch\u00f6nen Str\u00e4nden der Steilk\u00fcste und der Marina bringt. Sie fahren 1 Stunde lang durch die Hauptorte dieses Resorts auf einem herrlichen Weg, der sicherlich in Ihrer Erinnerung bleiben wird.<\/span><\/p>\n<p>[\/vc_column_text]<div class=\"grve-empty-space grve-height-3x\" style=\"\"><\/div><div class=\"grve-element grve-align-left grve-animated-item grve-fade-in-left grve-duration-normal\" data-delay=\"100\"><a href=\"https:\/\/familygolfpark.pt\/de\/zug\/\" class=\"grve-btn grve-btn-medium grve-extra-round grve-bg-white grve-bg-hover-white\"><span><i class=\"fas fa-arrow-right\"><\/i>Mehr sehen<\/span><\/a><\/div>[\/vc_column_inner][\/vc_row_inner][\/vc_column][\/vc_row][vc_row heading_color=&#8220;primary-1&#8243; section_type=&#8220;fullwidth&#8220; bg_type=&#8220;color&#8220; padding_bottom_multiplier=&#8220;4x&#8220; columns_gap=&#8220;none&#8220; equal_column_height=&#8220;middle-content&#8220; separator_bottom_color=&#8220;#ff1616&#8243; bg_color=&#8220;#ffffff&#8220; el_class=&#8220;grupo-caixa&#8220;][vc_column column_effect=&#8220;mouse-move-x-y&#8220; width=&#8220;1\/3&#8243; el_class=&#8220;coluna-caixa&#8220;][vc_row_inner css=&#8220;.vc_custom_1559645840308{background-color: #f4f4f4 !important;}&#8220; el_class=&#8220;caixa-flutuante-left&#8220;][vc_column_inner]<h2 class=\"grve-element grve-title grve-align-left grve-h2 grve-increase-heading grve-heading-200\" style=\"\"><span>Minigolf-<br \/>\nTurniere<\/span><\/h2><div class=\"grve-empty-space grve-height-1x\" style=\"\"><\/div>[vc_column_text text_style=&#8220;leader-text&#8220;]<span style=\"font-weight: 400;\">Spielen Sie Ihr Minigolf-Turnier im Family Golf Park. Ob Sie ein Unternehmensteam st\u00e4rken, bessere Freundschaftsbeziehungen zwischen Familie und Freunde aufbauen oder Geburtstage feiern m\u00f6chten, kontaktieren Sie uns und wir k\u00fcmmern uns um den ganzen Rest. Zwischen dem Begr\u00fc\u00dfungs-Cocktail und der Verteilung von Medaillen an die Teilnehmer besteht Ihre Aufgabe nur darin, zu spielen. <\/span>[\/vc_column_text]<div class=\"grve-empty-space grve-height-3x\" style=\"\"><\/div><div class=\"grve-element grve-align-left grve-animated-item grve-fade-in-left grve-duration-normal\" data-delay=\"100\"><a href=\"mailto:info@familygolfpark.pt?subject=Minigolfe-tournament\" class=\"grve-btn grve-btn-medium grve-extra-round grve-bg-primary-1 grve-bg-hover-white\"><span><i class=\"fas fa-arrow-right\"><\/i>Kontaktieren Sie uns<\/span><\/a><\/div>[\/vc_column_inner][\/vc_row_inner][\/vc_column][vc_column width=&#8220;2\/3&#8243; css=&#8220;.vc_custom_1561553635125{padding-top: 2% !important;padding-right: 2% !important;padding-bottom: 2% !important;padding-left: 2% !important;background-image: url(http:\/\/familygolfpark.pt\/wp-content\/uploads\/2019\/06\/Minigolf-tournement-Exeperiences-Family-Golf-Park-01-min.jpg?id=17004) !important;background-position: center !important;background-repeat: no-repeat !important;background-size: cover !important;}&#8220; el_class=&#8220;caixa-background&#8220;]<div class=\"grve-empty-space\" style=\"height: 70vh;\"><\/div>[\/vc_column][\/vc_row][vc_row heading_color=&#8220;primary-1&#8243; section_type=&#8220;fullwidth&#8220; bg_type=&#8220;color&#8220; padding_bottom_multiplier=&#8220;4x&#8220; columns_gap=&#8220;none&#8220; equal_column_height=&#8220;middle-content&#8220; separator_bottom_color=&#8220;#ff1616&#8243; bg_color=&#8220;#ffffff&#8220; el_class=&#8220;grupo-caixa&#8220;][vc_column width=&#8220;2\/3&#8243; css=&#8220;.vc_custom_1559648564405{padding-top: 2% !important;padding-right: 2% !important;padding-bottom: 2% !important;padding-left: 2% !important;background-image: url(http:\/\/familygolfpark.pt\/wp-content\/uploads\/2019\/06\/kids-club-Exeperiences-Family-Golf-Park-min.jpg?id=16535) !important;background-position: center !important;background-repeat: no-repeat !important;background-size: cover !important;}&#8220; el_class=&#8220;caixa-background&#8220;]<div class=\"grve-empty-space\" style=\"height: 70vh;\"><\/div>[\/vc_column][vc_column column_effect=&#8220;mouse-move-x-y&#8220; width=&#8220;1\/3&#8243; heading_color=&#8220;light&#8220; font_color=&#8220;#ffffff&#8220; el_class=&#8220;coluna-caixa&#8220;][vc_row_inner css=&#8220;.vc_custom_1559646300098{background-color: #28a847 !important;}&#8220; el_class=&#8220;caixa-flutuante-right&#8220;][vc_column_inner]<h2 class=\"grve-element grve-title grve-align-left grve-h2 grve-increase-heading grve-heading-200\" style=\"\"><span>Familien-<br \/>\nKinderclub<\/span><\/h2><div class=\"grve-empty-space grve-height-1x\" style=\"\"><\/div>[vc_column_text text_style=&#8220;leader-text&#8220;]<\/p>\n<p style=\"text-align: left;\">W\u00e4hrend die Erwachsenen sich auf der Terrasse entspannen, haben die j\u00fcngeren einen Raum, wo sie laufen, springen, malen, spielen und die Aufregung des Minigolfes erleben k\u00f6nnen.<\/p>\n<p>[\/vc_column_text]<div class=\"grve-empty-space grve-height-3x\" style=\"\"><\/div><div class=\"grve-element grve-align-left grve-animated-item grve-fade-in-left grve-duration-normal\" data-delay=\"100\"><a href=\"https:\/\/familygolfpark.pt\/de\/family-kids-club\/\" class=\"grve-btn grve-btn-medium grve-extra-round grve-bg-white grve-bg-hover-white\"><span><i class=\"fas fa-arrow-right\"><\/i>Mehr sehen<\/span><\/a><\/div>[\/vc_column_inner][\/vc_row_inner][\/vc_column][\/vc_row][vc_row heading_color=&#8220;primary-1&#8243; section_type=&#8220;fullwidth&#8220; bg_type=&#8220;color&#8220; padding_bottom_multiplier=&#8220;4x&#8220; columns_gap=&#8220;none&#8220; equal_column_height=&#8220;middle-content&#8220; separator_bottom_color=&#8220;#ff1616&#8243; bg_color=&#8220;#ffffff&#8220; el_class=&#8220;grupo-caixa&#8220;][vc_column column_effect=&#8220;mouse-move-x-y&#8220; width=&#8220;1\/3&#8243; el_class=&#8220;coluna-caixa&#8220;][vc_row_inner css=&#8220;.vc_custom_1559645840308{background-color: #f4f4f4 !important;}&#8220; el_class=&#8220;caixa-flutuante-left&#8220;][vc_column_inner]<h2 class=\"grve-element grve-title grve-align-left grve-h2 grve-increase-heading grve-heading-200\" style=\"\"><span>Spielraum<\/span><\/h2><div class=\"grve-empty-space grve-height-1x\" style=\"\"><\/div>[vc_column_text text_style=&#8220;leader-text&#8220;]<span style=\"font-weight: 400;\">Wenn Sie noch mehr Adrenalin suchen, k\u00f6nnen Sie an unseren Spielapparaten spielen. Spielen Sie Basketball, Kicker, Flipper, Airgame, testen Sie Ihre Reflexe bei Ghost Hunter oder spielen Sie einfach eine Partie Snooker. Sie haben eine gro\u00dfe Auswahl in unserem Spielraum.<\/span>[\/vc_column_text]<div class=\"grve-empty-space grve-height-4x\" style=\"\"><\/div>[\/vc_column_inner][\/vc_row_inner][\/vc_column][vc_column width=&#8220;2\/3&#8243; css=&#8220;.vc_custom_1561554352646{padding-top: 2% !important;padding-right: 2% !important;padding-bottom: 2% !important;padding-left: 2% !important;background-image: url(http:\/\/familygolfpark.pt\/wp-content\/uploads\/2019\/06\/Playroom-Exeperiences-Family-Golf-Park-min.jpg?id=17008) !important;background-position: center !important;background-repeat: no-repeat !important;background-size: cover !important;}&#8220; el_class=&#8220;caixa-background&#8220;]<div class=\"grve-empty-space\" style=\"height: 70vh;\"><\/div>[\/vc_column][\/vc_row][vc_row heading_color=&#8220;light&#8220; section_type=&#8220;fullwidth&#8220; bg_type=&#8220;image&#8220; bg_image=&#8220;16538&#8243; bg_image_type=&#8220;fixed&#8220; color_overlay=&#8220;light&#8220; padding_top_multiplier=&#8220;3x&#8220; padding_bottom_multiplier=&#8220;3x&#8220; separator_top_size=&#8220;30px&#8220; separator_bottom_size=&#8220;30px&#8220; font_color=&#8220;#ffffff&#8220; section_id=&#8220;intro-section&#8220;][vc_column width=&#8220;1\/3&#8243; text_align=&#8220;center&#8220;][vc_row_inner css=&#8220;.vc_custom_1559652746571{padding-top: 4vw !important;padding-right: 4vw !important;padding-bottom: 4vw !important;padding-left: 4vw !important;}&#8220;][vc_column_inner]<div class=\"grve-element grve-image grve-align-center\" style=\"\">  <div class=\"grve-image-wrapper\"><img loading=\"lazy\" decoding=\"async\" width=\"480\" height=\"378\" src=\"https:\/\/familygolfpark.pt\/wp-content\/uploads\/2019\/07\/menu-family-golf-park-dark.png\" class=\"attachment-full size-full\" alt=\"\" srcset=\"https:\/\/familygolfpark.pt\/wp-content\/uploads\/2019\/07\/menu-family-golf-park-dark.png 480w, https:\/\/familygolfpark.pt\/wp-content\/uploads\/2019\/07\/menu-family-golf-park-dark-300x236.png 300w\" sizes=\"auto, (max-width: 480px) 100vw, 480px\" \/>   <\/div><\/div><div class=\"grve-empty-space grve-height-3x\" style=\"\"><\/div><div class=\"grve-element grve-align-center grve-animated-item grve-fade-in-left grve-duration-normal\" data-delay=\"100\"><a href=\"https:\/\/familygolfpark.pt\/de\/bar\/\" class=\"grve-btn grve-btn-medium grve-extra-round grve-bg-primary-1 grve-bg-hover-white\"><span><i class=\"fas fa-arrow-right\"><\/i>Mehr sehen<\/span><\/a><\/div>[\/vc_column_inner][\/vc_row_inner][\/vc_column][vc_column width=&#8220;2\/3&#8243;][\/vc_column][\/vc_row]<\/p>\n<\/div>","protected":false},"excerpt":{"rendered":"<p>[vc_row heading_color=&#8220;light&#8220; bg_type=&#8220;image&#8220; bg_image=&#8220;17216&#8243; bg_image_type=&#8220;parallax&#8220; pattern_overlay=&#8220;yes&#8220; color_overlay=&#8220;primary-3&#8243; opacity_overlay=&#8220;40&#8243; padding_top_multiplier=&#8220;6x&#8220; padding_bottom_multiplier=&#8220;6x&#8220; separator_top_size=&#8220;30px&#8220; separator_bottom_size=&#8220;30px&#8220; font_color=&#8220;#ffffff&#8220; section_id=&#8220;intro-section&#8220;][vc_column][\/vc_column][\/vc_row][vc_row padding_top_multiplier=&#8220;4x&#8220; padding_bottom_multiplier=&#8220;4x&#8220; separator_top_size=&#8220;30px&#8220; separator_bottom_size=&#8220;30px&#8220; section_id=&#8220;intro-section&#8220;][vc_column heading_color=&#8220;primary-1&#8243; text_align=&#8220;center&#8220;][\/vc_column][vc_column heading_color=&#8220;primary-3&#8243; text_align=&#8220;center&#8220;][vc_column_text text_style=&#8220;leader-text&#8220;] Wir hei\u00dfen die Spieler jeglicher Altersgruppe willkommen, die nur gute Laune, Strategie und ein wenig Geschick mitbringen m\u00fcssen. Lassen Sie sich durch den Wettkampf zwischen den Mitgliedern Ihrer Familie unterschiedlichen Alters [&hellip;]<\/p>\n","protected":false},"author":1,"featured_media":0,"parent":0,"menu_order":0,"comment_status":"closed","ping_status":"closed","template":"","meta":{"footnotes":""},"class_list":["post-22796","page","type-page","status-publish","hentry"],"aioseo_notices":[],"_links":{"self":[{"href":"https:\/\/familygolfpark.pt\/de\/wp-json\/wp\/v2\/pages\/22796","targetHints":{"allow":["GET"]}}],"collection":[{"href":"https:\/\/familygolfpark.pt\/de\/wp-json\/wp\/v2\/pages"}],"about":[{"href":"https:\/\/familygolfpark.pt\/de\/wp-json\/wp\/v2\/types\/page"}],"author":[{"embeddable":true,"href":"https:\/\/familygolfpark.pt\/de\/wp-json\/wp\/v2\/users\/1"}],"replies":[{"embeddable":true,"href":"https:\/\/familygolfpark.pt\/de\/wp-json\/wp\/v2\/comments?post=22796"}],"version-history":[{"count":2,"href":"https:\/\/familygolfpark.pt\/de\/wp-json\/wp\/v2\/pages\/22796\/revisions"}],"predecessor-version":[{"id":23393,"href":"https:\/\/familygolfpark.pt\/de\/wp-json\/wp\/v2\/pages\/22796\/revisions\/23393"}],"wp:attachment":[{"href":"https:\/\/familygolfpark.pt\/de\/wp-json\/wp\/v2\/media?parent=22796"}],"curies":[{"name":"wp","href":"https:\/\/api.w.org\/{rel}","templated":true}]}}