{"id":22801,"date":"2019-06-04T13:56:47","date_gmt":"2019-06-04T13:56:47","guid":{"rendered":"https:\/\/familygolfpark.younik.pt\/kontakte\/"},"modified":"2024-12-13T15:21:14","modified_gmt":"2024-12-13T15:21:14","slug":"kontakte","status":"publish","type":"page","link":"https:\/\/familygolfpark.pt\/de\/kontakte\/","title":{"rendered":"Kontakte"},"content":{"rendered":"<div class=\"wpb-content-wrapper\"><p>[vc_row heading_color=&#8220;light&#8220; section_type=&#8220;fullwidth&#8220; padding_top_multiplier=&#8220;&#8220; padding_bottom_multiplier=&#8220;&#8220; columns_gap=&#8220;none&#8220; separator_top_size=&#8220;30px&#8220; separator_bottom_size=&#8220;30px&#8220; font_color=&#8220;#ffffff&#8220; section_id=&#8220;intro-section&#8220;][vc_column text_align=&#8220;center&#8220;][vc_raw_html css=&#8220;.vc_custom_1562598715209{margin-bottom: 0px !important;}&#8220;]JTNDZGl2JTIwY2xhc3MlM0QlMjJtYXAtcmVzcG9uc2l2ZSUyMiUzRSUwQSUzQ2lmcmFtZSUyMHNyYyUzRCUyMmh0dHBzJTNBJTJGJTJGd3d3Lmdvb2dsZS5jb20lMkZtYXBzJTJGZW1iZWQlM0ZwYiUzRCUyMTFtMTglMjExbTEyJTIxMW0zJTIxMWQzMTgyLjk3MjgyMjk5MTU5OSUyMTJkLTguMTIxODkwNjgzNzIwMzgyJTIxM2QzNy4wODE5NTQxNTg2MTA4OCUyMTJtMyUyMTFmMCUyMTJmMCUyMTNmMCUyMTNtMiUyMTFpMTAyNCUyMTJpNzY4JTIxNGYxMy4xJTIxM20zJTIxMW0yJTIxMXMweGQxYWI1OTMyMjU4MmRjMSUyNTNBMHg3NTNmOGNlNjE1ZmZiODU0JTIxMnNGYW1pbHklMkJHb2xmJTJCUGFyayUyMTVlMCUyMTNtMiUyMTFzcHQtUFQlMjEyc3B0JTIxNHYxNTYyNTk4NDc2NDc1JTIxNW0yJTIxMXNwdC1QVCUyMTJzcHQlMjIlMjB3aWR0aCUzRCUyMjYwMCUyMiUyMGhlaWdodCUzRCUyMjQ1MCUyMiUyMGZyYW1lYm9yZGVyJTNEJTIyMCUyMiUyMHN0eWxlJTNEJTIyYm9yZGVyJTNBMCUyMiUyMGFsbG93ZnVsbHNjcmVlbiUzRSUzQyUyRmlmcmFtZSUzRSUwQSUzQyUyRmRpdiUzRQ==[\/vc_raw_html][\/vc_column][\/vc_row][vc_row padding_top_multiplier=&#8220;&#8220; padding_bottom_multiplier=&#8220;4x&#8220; separator_top_size=&#8220;30px&#8220; separator_bottom_size=&#8220;30px&#8220; section_id=&#8220;intro-section&#8220;][vc_column heading_color=&#8220;primary-1&#8243; text_align=&#8220;center&#8220;]<div class=\"grve-empty-space grve-height-4x\" style=\"\"><\/div><h1 class=\"grve-element grve-title grve-align-center grve-subtitle-text grve-increase-heading grve-heading-200\" style=\"\"><span>Kontakte<\/span><\/h1>[\/vc_column][vc_column heading_color=&#8220;primary-3&#8243; text_align=&#8220;center&#8220;]<h2 class=\"grve-element grve-title grve-align-center grve-h1 grve-increase-heading grve-heading-300\" style=\"\"><span>Sprechen Sie mit uns.<\/span><\/h2><div class=\"grve-empty-space grve-height-2x\" style=\"\"><\/div>[\/vc_column][vc_column][vc_column_text]<\/p>\n<p style=\"text-align: center;\"><strong>Family Golf Park<br \/>\n<\/strong>Rua dos Marmeleiros<br \/>\n8125-497 Vilamoura &#8211; Algarve<br \/>\nPortugal<\/p>\n<p style=\"text-align: center;\">\u00a0Tel: +351 289 300 800 \u00b7 Fax: +351 289 380 716<br \/>\n<span class=\"legenda\">(Anruf ins nationale Festnetz, Tarif je nach Vereinbarung zwischen Kunde und Betreiber.)<\/span><br \/>\nEmail: <a href=\"mailto:info@familygolfpark.pt\">info@familygolfpark.pt<\/a><\/p>\n<p>[\/vc_column_text]<div class=\"grve-empty-space grve-height-3x\" style=\"\"><\/div>\n<div class=\"wpcf7 no-js\" id=\"wpcf7-f22991-o1\" lang=\"de-DE\" dir=\"ltr\" data-wpcf7-id=\"22991\">\n<div class=\"screen-reader-response\"><p role=\"status\" aria-live=\"polite\" aria-atomic=\"true\"><\/p> <ul><\/ul><\/div>\n<form action=\"\/de\/wp-json\/wp\/v2\/pages\/22801#wpcf7-f22991-o1\" method=\"post\" class=\"wpcf7-form init wpcf7-acceptance-as-validation\" aria-label=\"Kontaktformular\" novalidate=\"novalidate\" data-status=\"init\">\n<div style=\"display: none;\">\n<input type=\"hidden\" name=\"_wpcf7\" value=\"22991\" \/>\n<input type=\"hidden\" name=\"_wpcf7_version\" value=\"6.0.6\" \/>\n<input type=\"hidden\" name=\"_wpcf7_locale\" value=\"de_DE\" \/>\n<input type=\"hidden\" name=\"_wpcf7_unit_tag\" value=\"wpcf7-f22991-o1\" \/>\n<input type=\"hidden\" name=\"_wpcf7_container_post\" value=\"0\" \/>\n<input type=\"hidden\" name=\"_wpcf7_posted_data_hash\" value=\"\" \/>\n<input type=\"hidden\" name=\"_wpcf7_recaptcha_response\" value=\"\" \/>\n<\/div>\n<div class=\"grve-form grve-underline\">\n\t<div class=\"grve-fields-wrapper\">\n\t\t<div>\n\t\t\t<p><span class=\"wpcf7-form-control-wrap\" data-name=\"your-name\"><input size=\"40\" maxlength=\"400\" class=\"wpcf7-form-control wpcf7-text wpcf7-validates-as-required\" aria-required=\"true\" aria-invalid=\"false\" placeholder=\"Name*\" value=\"\" type=\"text\" name=\"your-name\" \/><\/span>\n\t\t\t<\/p>\n\t\t<\/div>\n\t\t<div>\n\t\t\t<p><span class=\"wpcf7-form-control-wrap\" data-name=\"your-email\"><input size=\"40\" maxlength=\"400\" class=\"wpcf7-form-control wpcf7-email wpcf7-validates-as-required wpcf7-text wpcf7-validates-as-email\" aria-required=\"true\" aria-invalid=\"false\" placeholder=\"Email*\" value=\"\" type=\"email\" name=\"your-email\" \/><\/span>\n\t\t\t<\/p>\n\t\t<\/div>\n\t\t<div>\n\t\t\t<p><span class=\"wpcf7-form-control-wrap\" data-name=\"your-subject\"><input size=\"40\" maxlength=\"400\" class=\"wpcf7-form-control wpcf7-text\" aria-invalid=\"false\" placeholder=\"Betreff\" value=\"\" type=\"text\" name=\"your-subject\" \/><\/span>\n\t\t\t<\/p>\n\t\t<\/div>\n\t\t<div>\n\t\t\t<p><span class=\"wpcf7-form-control-wrap\" data-name=\"your-message\"><textarea cols=\"40\" rows=\"10\" maxlength=\"2000\" class=\"wpcf7-form-control wpcf7-textarea\" aria-invalid=\"false\" placeholder=\"Nachricht\" name=\"your-message\"><\/textarea><\/span>\n\t\t\t<\/p>\n\t\t<\/div>\n\t\t<div class=\"legenda-gdpr\">\n\t\t\t<p>Die erfassten personenbezogenen Daten werden von Sogolfe \u2013 Empreendimentos Tur\u00edsticos, Sociedade Unipessoal Lda., mit Sitz in Urbaniza\u00e7\u00e3o de Vilamoura, Lotes 4 A\/B \u2013 Subzona 2 \u2013 Sector 5, Vilamoura, Landkreis von Loul\u00e9, Distrikt von Faro, Umsatzsteuer-Identifikationsnummer 503 953 075, als f\u00fcr die Verarbeitung der personenbezogenen Daten zust\u00e4ndigen Stelle (nachfolgend als Sogolfe bezeichnet), verarbeitet und im Computer gespeichert.<br \/>\nDie bereitgestellte Information wird ausschlie\u00dflich f\u00fcr die Beantwortung von Fragen oder Anfragen verarbeitet. Mittels Ihrer Zustimmung (durch Klicken auf die Option unten), k\u00f6nnen Ihre Daten noch f\u00fcr den folgenden Zweck verarbeitet werden:\n\t\t\t<\/p>\n\t\t\t<p><span class=\"wpcf7-form-control-wrap\" data-name=\"checkbox-marketing\"><span class=\"wpcf7-form-control wpcf7-checkbox checkbox-marketing\"><span class=\"wpcf7-list-item first\"><input type=\"checkbox\" name=\"checkbox-marketing[]\" value=\"Senden von direkten Werbe- und Marketingmitteilungen \u00fcber Produkte und Dienstleistungen von Sogolfe oder von einer anderen Gesellschaft, an der Manuel Champalimaud SGPS, S.A. eine Beteiligung am entsprechenden Stammkapital (\u201eGesellschaften der Gruppe Manuel Champalimaud) h\u00e4lt (direkt oder inidrekt) sowie von Benachrichtigungen \u00fcber Veranstaltungen und Kampagnen.\" \/><span class=\"wpcf7-list-item-label\">Senden von direkten Werbe- und Marketingmitteilungen \u00fcber Produkte und Dienstleistungen von Sogolfe oder von einer anderen Gesellschaft, an der Manuel Champalimaud SGPS, S.A. eine Beteiligung am entsprechenden Stammkapital (\u201eGesellschaften der Gruppe Manuel Champalimaud) h\u00e4lt (direkt oder inidrekt) sowie von Benachrichtigungen \u00fcber Veranstaltungen und Kampagnen.<\/span><\/span><span class=\"wpcf7-list-item last\"><input type=\"checkbox\" name=\"checkbox-marketing[]\" value=\"Senden von direkten Werbe- und Marketingmitteilungen \u00fcber Produkte und Dienstleistungen von Stellen, mit denen Sogolfe oder Gesellschaften der Gruppe Manuel Champalimaud Handelsvereinbarungen oder Handelspartnerschaften geschlossen haben, sowie von Benachrichtigungen \u00fcber Veranstaltungen und Kampagnen.\" \/><span class=\"wpcf7-list-item-label\">Senden von direkten Werbe- und Marketingmitteilungen \u00fcber Produkte und Dienstleistungen von Stellen, mit denen Sogolfe oder Gesellschaften der Gruppe Manuel Champalimaud Handelsvereinbarungen oder Handelspartnerschaften geschlossen haben, sowie von Benachrichtigungen \u00fcber Veranstaltungen und Kampagnen.<\/span><\/span><\/span><\/span>\n\t\t\t<\/p>\n\t\t\t<p>Die mit (*) gekennzeichneten Felder sind obligatorisch auszuf\u00fcllen, anderenfalls k\u00f6nnen wir Ihre Gesuche nicht beantworten. Sogolfe darf Ihre Daten an unterbeauftragte Stellen f\u00fcr die oben angegebenen Zwecke \u00fcbermitteln sowie an Gesellschaften der Gruppe Manuel Champalimaud oder an Stellen, mit denen Handelsvereinbarungen oder Handelspartnerschaften geschlossen wurden, oder an die gesetzlich zust\u00e4ndigen Stellen \u00fcbermitteln.\n\t\t\t<\/p>\n\t\t<\/div>\n\t\t<div class=\"legenda-gdpr\">\n\t\t\t<p>Bevor Sie auf \u201eSenden\u201d klicken, lesen Sie bitte unsere<a href=\"\/privacy-policy-cookies\/\" target=\"_blank\"> Privacy and Cookies Policy<\/a> durch, um insbesondere zu erfahren, welche Rechte Sie bez\u00fcglich des Datenschutzes haben, wie lange die Aufbewahrungszeit Ihrer Daten ist, wie die Mitteilung Ihrer Daten an Dritte erfolgt und welche die angewandten Sicherheitsma\u00dfnahmen sind. Sie sollten auf jeden Fall wissen, dass Sie Ihre Zustimmung f\u00fcr die Verarbeitung Ihrer Daten zur\u00fcckziehen k\u00f6nnen und dass diese Zustimmung die Grundlage f\u00fcr die Rechtm\u00e4\u00dfigkeit der entsprechenden Verarbeitung darstellt. Wenn Sie die Zustimmung zur\u00fcckziehen, hat dies aber keine Auswirkung auf die Verarbeitung der Daten, die bis zum Zur\u00fcckziehen auf Grundlage der vorherigen Zustimmung \u00fcbermittelt wurden. F\u00fcr weitere Informationen k\u00f6nnen Sie uns \u00fcber die E-Mail-Adresse info@familygolfpark.pt oder \u00fcber die Telefonnummer +351 289 300 800 kontaktieren <span class=\"legenda\">(Anruf ins nationale Festnetz, Tarif je nach Vereinbarung zwischen Kunde und Betreiber.)<\/span>.\n\t\t\t<\/p>\n\t\t\t<p><span class=\"wpcf7-form-control-wrap\" data-name=\"acceptance-gdpr\"><span class=\"wpcf7-form-control wpcf7-acceptance\"><span class=\"wpcf7-list-item\"><label><input type=\"checkbox\" name=\"acceptance-gdpr\" value=\"1\" id=\"acceptance-gdpr\" aria-invalid=\"false\" \/><span class=\"wpcf7-list-item-label\">Ich stimme der Verarbeitung meiner personenbezogenen Daten f\u00fcr die oben angegebenen und\/oder f\u00fcr die von mir gekennzeichneten Zwecke entsprechend den oben genannten Bedingungen zu.<\/span><\/label><\/span><\/span><\/span>\n\t\t\t<\/p>\n\t\t<\/div>\n\t\t<div class=\"grve-align-center\" style=\"margin-top: 20px;\">\n\t\t\t<p><input class=\"wpcf7-form-control wpcf7-submit has-spinner\" type=\"submit\" value=\"Senden\" \/>\n\t\t\t<\/p>\n\t\t<\/div>\n\t<\/div>\n<\/div><div class=\"wpcf7-response-output\" aria-hidden=\"true\"><\/div>\n<\/form>\n<\/div>\n[\/vc_column][vc_column]<div class=\"grve-empty-space grve-height-3x\" style=\"\"><\/div><div class=\"grve-element grve-divider\" style=\"padding-bottom: 10px;\"><div class=\"grve-line-divider grve-border\"><\/div><\/div>[vc_column_text]<strong><span style=\"color: #999999; font-size: 12px;\">(Gesetzt) Lei n.\u00ba 144\/2015 vom 8. September<\/span><\/strong><br \/>\n<span style=\"color: #999999; font-size: 12px;\">STREITBEILEGUNGSGREMIUM IN DER ALGARVE &#8211; Centro de Arbitragem de Consumo do Algarve, Tribunal Arbitral Edif\u00edcio Ninho de Empresas, Estrada da Penha, 8005-131 FARO | Tel: 289 823 135 <span class=\"legenda\">(Anruf ins nationale Festnetz, Tarif je nach Vereinbarung zwischen Kunde und Betreiber.)<\/span> | Fax: 289 812 213 | Email: info@consumoalgarve.pt | www.consumoalgarve.pt<\/span>[\/vc_column_text][\/vc_column][\/vc_row]<\/p>\n<\/div>","protected":false},"excerpt":{"rendered":"<p>[vc_row heading_color=&#8220;light&#8220; section_type=&#8220;fullwidth&#8220; padding_top_multiplier=&#8220;&#8220; padding_bottom_multiplier=&#8220;&#8220; columns_gap=&#8220;none&#8220; separator_top_size=&#8220;30px&#8220; separator_bottom_size=&#8220;30px&#8220; font_color=&#8220;#ffffff&#8220; section_id=&#8220;intro-section&#8220;][vc_column text_align=&#8220;center&#8220;][vc_raw_html css=&#8220;.vc_custom_1562598715209{margin-bottom: 0px !important;}&#8220;]JTNDZGl2JTIwY2xhc3MlM0QlMjJtYXAtcmVzcG9uc2l2ZSUyMiUzRSUwQSUzQ2lmcmFtZSUyMHNyYyUzRCUyMmh0dHBzJTNBJTJGJTJGd3d3Lmdvb2dsZS5jb20lMkZtYXBzJTJGZW1iZWQlM0ZwYiUzRCUyMTFtMTglMjExbTEyJTIxMW0zJTIxMWQzMTgyLjk3MjgyMjk5MTU5OSUyMTJkLTguMTIxODkwNjgzNzIwMzgyJTIxM2QzNy4wODE5NTQxNTg2MTA4OCUyMTJtMyUyMTFmMCUyMTJmMCUyMTNmMCUyMTNtMiUyMTFpMTAyNCUyMTJpNzY4JTIxNGYxMy4xJTIxM20zJTIxMW0yJTIxMXMweGQxYWI1OTMyMjU4MmRjMSUyNTNBMHg3NTNmOGNlNjE1ZmZiODU0JTIxMnNGYW1pbHklMkJHb2xmJTJCUGFyayUyMTVlMCUyMTNtMiUyMTFzcHQtUFQlMjEyc3B0JTIxNHYxNTYyNTk4NDc2NDc1JTIxNW0yJTIxMXNwdC1QVCUyMTJzcHQlMjIlMjB3aWR0aCUzRCUyMjYwMCUyMiUyMGhlaWdodCUzRCUyMjQ1MCUyMiUyMGZyYW1lYm9yZGVyJTNEJTIyMCUyMiUyMHN0eWxlJTNEJTIyYm9yZGVyJTNBMCUyMiUyMGFsbG93ZnVsbHNjcmVlbiUzRSUzQyUyRmlmcmFtZSUzRSUwQSUzQyUyRmRpdiUzRQ==[\/vc_raw_html][\/vc_column][\/vc_row][vc_row padding_top_multiplier=&#8220;&#8220; padding_bottom_multiplier=&#8220;4x&#8220; separator_top_size=&#8220;30px&#8220; separator_bottom_size=&#8220;30px&#8220; section_id=&#8220;intro-section&#8220;][vc_column heading_color=&#8220;primary-1&#8243; text_align=&#8220;center&#8220;][\/vc_column][vc_column heading_color=&#8220;primary-3&#8243; text_align=&#8220;center&#8220;][\/vc_column][vc_column][vc_column_text] Family Golf Park Rua dos Marmeleiros 8125-497 Vilamoura &#8211; Algarve Portugal \u00a0Tel: +351 289 300 800 \u00b7 Fax: +351 289 380 716 (Anruf ins nationale Festnetz, Tarif je nach Vereinbarung zwischen Kunde [&hellip;]<\/p>\n","protected":false},"author":1,"featured_media":0,"parent":0,"menu_order":0,"comment_status":"closed","ping_status":"closed","template":"","meta":{"footnotes":""},"class_list":["post-22801","page","type-page","status-publish","hentry"],"aioseo_notices":[],"_links":{"self":[{"href":"https:\/\/familygolfpark.pt\/de\/wp-json\/wp\/v2\/pages\/22801","targetHints":{"allow":["GET"]}}],"collection":[{"href":"https:\/\/familygolfpark.pt\/de\/wp-json\/wp\/v2\/pages"}],"about":[{"href":"https:\/\/familygolfpark.pt\/de\/wp-json\/wp\/v2\/types\/page"}],"author":[{"embeddable":true,"href":"https:\/\/familygolfpark.pt\/de\/wp-json\/wp\/v2\/users\/1"}],"replies":[{"embeddable":true,"href":"https:\/\/familygolfpark.pt\/de\/wp-json\/wp\/v2\/comments?post=22801"}],"version-history":[{"count":0,"href":"https:\/\/familygolfpark.pt\/de\/wp-json\/wp\/v2\/pages\/22801\/revisions"}],"wp:attachment":[{"href":"https:\/\/familygolfpark.pt\/de\/wp-json\/wp\/v2\/media?parent=22801"}],"curies":[{"name":"wp","href":"https:\/\/api.w.org\/{rel}","templated":true}]}}