{"id":22806,"date":"2019-06-04T15:31:27","date_gmt":"2019-06-04T15:31:27","guid":{"rendered":"https:\/\/familygolfpark.younik.pt\/ueber-uns\/"},"modified":"2024-12-13T14:35:10","modified_gmt":"2024-12-13T14:35:10","slug":"ueber-uns","status":"publish","type":"page","link":"https:\/\/familygolfpark.pt\/de\/ueber-uns\/","title":{"rendered":"\u00dcber uns"},"content":{"rendered":"<div class=\"wpb-content-wrapper\"><p>[vc_row heading_color=&#8220;light&#8220; bg_type=&#8220;image&#8220; bg_image=&#8220;16585&#8243; bg_image_type=&#8220;parallax&#8220; pattern_overlay=&#8220;yes&#8220; color_overlay=&#8220;dark&#8220; padding_top_multiplier=&#8220;6x&#8220; padding_bottom_multiplier=&#8220;6x&#8220; separator_top_size=&#8220;30px&#8220; separator_bottom_size=&#8220;30px&#8220; font_color=&#8220;#ffffff&#8220; section_id=&#8220;intro-section&#8220;][vc_column]<div class=\"grve-empty-space\" style=\"height: 15vh;\"><\/div>[\/vc_column][\/vc_row][vc_row padding_top_multiplier=&#8220;4x&#8220; padding_bottom_multiplier=&#8220;&#8220; separator_top_size=&#8220;30px&#8220; separator_bottom_size=&#8220;30px&#8220; section_id=&#8220;intro-section&#8220;][vc_column heading_color=&#8220;primary-1&#8243; text_align=&#8220;center&#8220;]<h1 class=\"grve-element grve-title grve-align-center grve-subtitle-text grve-increase-heading grve-heading-200\" style=\"\"><span>Family Golf Park<\/span><\/h1>[\/vc_column][vc_column heading_color=&#8220;primary-3&#8243; text_align=&#8220;center&#8220;]<h2 class=\"grve-element grve-title grve-align-center grve-h1 grve-increase-heading grve-heading-300\" style=\"\"><span>Minigolf<\/span><\/h2><div class=\"grve-empty-space grve-height-1x\" style=\"\"><\/div>[vc_column_text text_style=&#8220;leader-text&#8220;]<\/p>\n<p style=\"text-align: center;\"><span style=\"font-weight: 400;\">W\u00e4hrend Sie die Herausforderungen entlang der zwei Bahnen mit 18 L\u00f6chern meistern &#8211; die Via Appia widmet sich der Geschichte des R\u00f6mischen Reiches und die Via Lusit\u00e2nia der Geschichte der Besatzung der Iberischen Halbinsel durch das R\u00f6mische Reich &#8211; werden Sie im Family Golf Park mehr \u00fcber die Geschichte des R\u00f6mischen Reiches erfahren. Zudem k\u00f6nnen Sie zweihundert verschiedene Arten von B\u00e4umen, Pflanzen und Str\u00e4uchern und die umgebende Architektur mit Nachahmungen von romanischen Monumenten genie\u00dfen.<br \/>\n<\/span><span style=\"font-weight: 400;\">F\u00fcr jede Altersgruppe geeignet, k\u00f6nnen Sie an einem gesunden, spielerischen Wettbewerb im Freien teilnehmen.<\/span><\/p>\n<p style=\"text-align: center;\"><strong>Ideal f\u00fcr Familien und Freunde, bei denen die Geselligkeit und der Spa\u00df im Vordergrund stehen.<\/strong><\/p>\n<p>[\/vc_column_text][\/vc_column][\/vc_row][vc_row padding_top_multiplier=&#8220;4x&#8220; padding_bottom_multiplier=&#8220;3x&#8220; section_id=&#8220;virtual-tour&#8220;][vc_column][vc_raw_html]JTNDaWZyYW1lJTIwd2lkdGglM0QlMjIxMDAlMjUlMjIlMjBoZWlnaHQlM0QlMjI1NjMlMjIlMjBmcmFtZWJvcmRlciUzRCUyMjAlMjIlMjBhbGxvd2Z1bGxzY3JlZW4lMjBzcmMlM0QlMjJodHRwcyUzQSUyRiUyRnRvdXJta3IuY29tJTJGRjFiZHBQdXRiWSUyMiUzRSUzQyUyRmlmcmFtZSUzRQ==[\/vc_raw_html][\/vc_column][\/vc_row][vc_row section_type=&#8220;fullwidth&#8220; bg_type=&#8220;color&#8220; padding_top_multiplier=&#8220;4x&#8220; padding_bottom_multiplier=&#8220;4x&#8220; separator_top_size=&#8220;30px&#8220; separator_bottom_size=&#8220;30px&#8220; section_id=&#8220;intro-section&#8220; bg_color=&#8220;#f4f4f4&#8243;][vc_column heading_color=&#8220;primary-1&#8243; text_align=&#8220;center&#8220;]<h3 class=\"grve-element grve-title grve-align-center grve-h3 grve-increase-heading grve-heading-200\" style=\"\"><span>Karte<\/span><\/h3>[vc_column_text text_style=&#8220;leader-text&#8220; el_class=&#8220;descricao-max-width&#8220;]<\/p>\n<p style=\"text-align: center;\"><span style=\"font-weight: 400;\">Karte des Gebiets, in dem Sie ein wenig mehr \u00fcber dieses Abenteuer erfahren k\u00f6nnen; aber unabh\u00e4ngig, ob Sie auf der Via Appia oder auf der Via Lusit\u00e2nia spielen, Spa\u00df ist garantiert &#8230;<\/span><\/p>\n<p>[\/vc_column_text]<div class=\"bbsm-single-image    \" ><img decoding=\"async\" src=\"https:\/\/familygolfpark.pt\/wp-content\/uploads\/2019\/07\/Map-family-golf-park-02-min.png\" \/><\/div>[\/vc_column][\/vc_row]<\/p>\n<\/div>","protected":false},"excerpt":{"rendered":"<p>[vc_row heading_color=&#8220;light&#8220; bg_type=&#8220;image&#8220; bg_image=&#8220;16585&#8243; bg_image_type=&#8220;parallax&#8220; pattern_overlay=&#8220;yes&#8220; color_overlay=&#8220;dark&#8220; padding_top_multiplier=&#8220;6x&#8220; padding_bottom_multiplier=&#8220;6x&#8220; separator_top_size=&#8220;30px&#8220; separator_bottom_size=&#8220;30px&#8220; font_color=&#8220;#ffffff&#8220; section_id=&#8220;intro-section&#8220;][vc_column][\/vc_column][\/vc_row][vc_row padding_top_multiplier=&#8220;4x&#8220; padding_bottom_multiplier=&#8220;&#8220; separator_top_size=&#8220;30px&#8220; separator_bottom_size=&#8220;30px&#8220; section_id=&#8220;intro-section&#8220;][vc_column heading_color=&#8220;primary-1&#8243; text_align=&#8220;center&#8220;][\/vc_column][vc_column heading_color=&#8220;primary-3&#8243; text_align=&#8220;center&#8220;][vc_column_text text_style=&#8220;leader-text&#8220;] W\u00e4hrend Sie die Herausforderungen entlang der zwei Bahnen mit 18 L\u00f6chern meistern &#8211; die Via Appia widmet sich der Geschichte des R\u00f6mischen Reiches und die Via Lusit\u00e2nia der Geschichte der Besatzung der [&hellip;]<\/p>\n","protected":false},"author":1,"featured_media":0,"parent":0,"menu_order":0,"comment_status":"closed","ping_status":"closed","template":"","meta":{"footnotes":""},"class_list":["post-22806","page","type-page","status-publish","hentry"],"aioseo_notices":[],"_links":{"self":[{"href":"https:\/\/familygolfpark.pt\/de\/wp-json\/wp\/v2\/pages\/22806","targetHints":{"allow":["GET"]}}],"collection":[{"href":"https:\/\/familygolfpark.pt\/de\/wp-json\/wp\/v2\/pages"}],"about":[{"href":"https:\/\/familygolfpark.pt\/de\/wp-json\/wp\/v2\/types\/page"}],"author":[{"embeddable":true,"href":"https:\/\/familygolfpark.pt\/de\/wp-json\/wp\/v2\/users\/1"}],"replies":[{"embeddable":true,"href":"https:\/\/familygolfpark.pt\/de\/wp-json\/wp\/v2\/comments?post=22806"}],"version-history":[{"count":0,"href":"https:\/\/familygolfpark.pt\/de\/wp-json\/wp\/v2\/pages\/22806\/revisions"}],"wp:attachment":[{"href":"https:\/\/familygolfpark.pt\/de\/wp-json\/wp\/v2\/media?parent=22806"}],"curies":[{"name":"wp","href":"https:\/\/api.w.org\/{rel}","templated":true}]}}