{"id":22811,"date":"2019-06-26T13:35:08","date_gmt":"2019-06-26T13:35:08","guid":{"rendered":"https:\/\/familygolfpark.younik.pt\/preisliste\/"},"modified":"2026-03-16T11:28:09","modified_gmt":"2026-03-16T11:28:09","slug":"preisliste","status":"publish","type":"page","link":"https:\/\/familygolfpark.pt\/de\/preisliste\/","title":{"rendered":"Preisliste"},"content":{"rendered":"<div class=\"wpb-content-wrapper\"><p>[vc_row heading_color=&#8220;light&#8220; bg_type=&#8220;image&#8220; bg_image=&#8220;17053&#8243; bg_image_type=&#8220;parallax&#8220; pattern_overlay=&#8220;yes&#8220; color_overlay=&#8220;dark&#8220; padding_top_multiplier=&#8220;6x&#8220; padding_bottom_multiplier=&#8220;6x&#8220; separator_top_size=&#8220;30px&#8220; separator_bottom_size=&#8220;30px&#8220; font_color=&#8220;#ffffff&#8220; section_id=&#8220;intro-section&#8220;][vc_column]<div class=\"grve-empty-space\" style=\"height: 15vh;\"><\/div>[\/vc_column][\/vc_row][vc_row padding_top_multiplier=&#8220;4x&#8220; padding_bottom_multiplier=&#8220;4x&#8220; separator_top_size=&#8220;30px&#8220; separator_bottom_size=&#8220;30px&#8220; section_id=&#8220;intro-section&#8220;][vc_column heading_color=&#8220;primary-1&#8243; text_align=&#8220;center&#8220;]<h1 class=\"grve-element grve-title grve-align-center grve-subtitle-text grve-increase-heading grve-heading-200\" style=\"\"><span>Die Besten<\/span><\/h1>[\/vc_column][vc_column heading_color=&#8220;primary-3&#8243; text_align=&#8220;center&#8220;]<h2 class=\"grve-element grve-title grve-align-center grve-h1 grve-increase-heading grve-heading-300\" style=\"\"><span>Preise Minigolf<\/span><\/h2><div class=\"grve-empty-space grve-height-1x\" style=\"\"><\/div>[vc_column_text text_style=&#8220;leader-text&#8220;]<\/p>\n<p id=\"tw-target-text\" class=\"tw-data-text tw-text-large tw-ta\" dir=\"ltr\" style=\"text-align: center;\" data-placeholder=\"Tradu\u00e7\u00e3o\"><span class=\"Y2IQFc\" lang=\"de\">Der Zutritt zu den Minigolfanlagen ist nur Personen mit gekaufter und g\u00fcltiger Spielkarte gestattet.<\/span><\/p>\n<p style=\"text-align: center;\">Wir haben die besten Minigolf Preise in der Algarve.<br \/>\n1 Ticket kostenlos f\u00fcr Kinder bis zu 5 Jahren f\u00fcr jedes gekaufte Erwachsenen Ticket.<br \/>\nOnline &#8211; Kauf mit 15% Rabatt.[\/vc_column_text][\/vc_column][\/vc_row][vc_row padding_top_multiplier=&#8220;&#8220; padding_bottom_multiplier=&#8220;2x&#8220; el_class=&#8220;tabela-de&#8220;][vc_column column_effect=&#8220;mouse-move-x-y&#8220; width=&#8220;1\/3&#8243;]<div class=\"grve-element grve-pricing-table grve-animated-item grve-fade-in-up grve-duration-normal grve-align-center table-prices background-green grve-bg-black grve-shadow-small grve-with-shadow\" style=\"\" data-delay=\"200\">  <div class=\"grve-pricing-header\">    <div class=\"grve-pricing-title grve-h6\">Erwachsene<\/div>    <div class=\"grve-pricing-description grve-subtitle\"><strong>1 Route<\/strong><strong>Adventure Classic Minigolf oder Crazygolf (jeweils 18 L\u00f6cher)<\/strong><\/div>  <\/div>  <div class=\"grve-pricing-content\">    <h2 class=\"grve-price grve-align-h1 grve-text-grey grve-increase-heading grve-heading-250\"><span>18,50<\/span>     <div class=\"grve-interval grve-h6\">\u20ac<\/div>   <\/h2>  <\/div>  <ul><li><strong>2 Route  <\/strong>19.5\u20ac<\/li><li><strong> <\/strong>beide Strecken<\/li>  <\/ul><a href=\"https:\/\/fareharbor.com\/embeds\/book\/familygolfpark\/?full-items=yes&#038;flow=1189768\" title=\"Bilheteira Online\" class=\"grve-btn grve-btn-medium grve-extra-round grve-bg-white grve-bg-hover-primary-1\"><span>Online kaufen<\/span><\/a><\/div>[\/vc_column][vc_column column_effect=&#8220;mouse-move-x-y&#8220; width=&#8220;1\/3&#8243; z_index=&#8220;1&#8243;]<div class=\"grve-element grve-pricing-table grve-animated-item grve-fade-in-up grve-duration-normal grve-align-center table-prices grve-bg-white grve-shadow-small grve-with-shadow\" style=\"\" data-delay=\"200\">  <div class=\"grve-pricing-header\">    <div class=\"grve-pricing-title grve-h6\">Kind<\/div>    <div class=\"grve-pricing-description grve-subtitle\">(0-5 Jahre)*<strong>1 Route<\/strong><strong>Adventure Classic Minigolf oder Crazygolf (jeweils 18 L\u00f6cher) *Spielen nur mit einem Erwachsenen mit g\u00fcltiger Eintrittskarte erlaubt.<\/strong><\/div>  <\/div>  <div class=\"grve-pricing-content\">    <h2 class=\"grve-price grve-align-h1 grve-text-primary-1 grve-increase-heading grve-heading-250\"><span>Kostenlos<\/span>     <div class=\"grve-interval grve-h6\"><\/div>   <\/h2>  <\/div>  <ul><li><strong>2 Route <\/strong>Kostenlos<\/li><li><strong> <\/strong>beide Strecken<\/li><li><strong> <\/strong>*Begrenzt auf ein Kind pro Erwachsener.<\/li>  <\/ul><a href=\"https:\/\/fareharbor.com\/embeds\/book\/familygolfpark\/?full-items=yes&#038;flow=1189768\" title=\"Bilheteira Online\" class=\"grve-btn grve-btn-medium grve-extra-round grve-bg-primary-1 grve-bg-hover-white\"><span>Online kaufen<\/span><\/a><\/div>[\/vc_column][vc_column column_effect=&#8220;mouse-move-x-y&#8220; column_effect_sensitive=&#8220;normal&#8220; column_effect_limit=&#8220;3x&#8220; width=&#8220;1\/3&#8243; z_index=&#8220;1&#8243;]<div class=\"grve-element grve-pricing-table grve-animated-item grve-fade-in-up grve-duration-normal grve-align-center table-prices grve-bg-white grve-shadow-small grve-with-shadow\" style=\"\" data-delay=\"200\">  <div class=\"grve-pricing-header\">    <div class=\"grve-pricing-title grve-h6\">Junior<\/div>    <div class=\"grve-pricing-description grve-subtitle\">(6-12 Jahre)<strong>1 Route<\/strong><strong>Adventure Classic Minigolf oder Crazygolf (jeweils 18 L\u00f6cher) *Spielen nur mit einem Erwachsenen mit g\u00fcltiger Eintrittskarte erlaubt.<\/strong><\/div>  <\/div>  <div class=\"grve-pricing-content\">    <h2 class=\"grve-price grve-align-h1 grve-text-primary-1 grve-increase-heading grve-heading-250\"><span>14,50<\/span>     <div class=\"grve-interval grve-h6\">\u20ac<\/div>   <\/h2>  <\/div>  <ul><li><strong>2 Route <\/strong>15.5\u20ac<\/li><li><strong> <\/strong>beide Strecken<\/li>  <\/ul><a href=\"https:\/\/fareharbor.com\/embeds\/book\/familygolfpark\/?full-items=yes&#038;flow=1189768\" title=\"Bilheteira Online\" class=\"grve-btn grve-btn-medium grve-extra-round grve-bg-primary-1 grve-bg-hover-white\"><span>Online kaufen<\/span><\/a><\/div>[\/vc_column][\/vc_row][vc_row padding_bottom_multiplier=&#8220;4x&#8220;][vc_column][vc_column_text text_style=&#8220;leader-text&#8220;]<\/p>\n<h4 style=\"text-align: center;\">Achtung<\/h4>\n<p id=\"tw-target-text\" class=\"tw-data-text tw-text-large tw-ta\" dir=\"ltr\" style=\"text-align: center;\" data-placeholder=\"Tradu\u00e7\u00e3o\"><span class=\"Y2IQFc\" lang=\"de\">Der Zutritt zu den Minigolfanlagen ist nur Personen mit gekaufter und g\u00fcltiger Spielkarte gestattet.<\/span><\/p>\n<p style=\"text-align: center;\">Der Kauf der beide Route kann die zweite innerhalb von f\u00fcnfzehn Tagen machen<br \/>\nErm\u00e4\u00dfigungen f\u00fcr Gruppen, fragen Sie an der Rezeption.<\/p>\n<p style=\"text-align: center;\"><strong>Online &#8211; Kauf mit 15% Rabatt.<\/strong><\/p>\n<p>[\/vc_column_text]<div class=\"grve-empty-space grve-height-1x\" style=\"\"><\/div><div class=\"grve-element grve-align-center grve-animated-item grve-fade-in-left grve-duration-normal\" data-delay=\"50\"><a href=\"https:\/\/fareharbor.com\/embeds\/book\/familygolfpark\/?full-items=yes&#038;flow=1189768\" title=\"Bilheteira Online\" class=\"grve-btn grve-btn-medium grve-extra-round grve-bg-primary-1 grve-bg-hover-white\"><span><i class=\"fab fa-accessible-icon\"><\/i>Online kaufen<\/span><\/a><\/div>[\/vc_column][\/vc_row][vc_row bg_type=&#8220;color&#8220; padding_top_multiplier=&#8220;4x&#8220; padding_bottom_multiplier=&#8220;4x&#8220; separator_top_size=&#8220;30px&#8220; separator_bottom_size=&#8220;30px&#8220; section_id=&#8220;intro-section&#8220; bg_color=&#8220;#f4f4f4&#8243;][vc_column heading_color=&#8220;primary-1&#8243; text_align=&#8220;center&#8220;]<h3 class=\"grve-element grve-title grve-align-center grve-h3 grve-increase-heading grve-heading-200\" style=\"\"><span>Zeitplan<\/span><\/h3>[vc_column_text text_style=&#8220;leader-text&#8220;]<\/p>\n<p style=\"text-align: center;\">*Letzter Eintrag f\u00fcr 18 L\u00f6cher 1h30 vor Schlie\u00dfung.<\/p>\n<p>[\/vc_column_text][\/vc_column][\/vc_row][vc_row bg_type=&#8220;color&#8220; padding_top_multiplier=&#8220;&#8220; padding_bottom_multiplier=&#8220;&#8220; equal_column_height=&#8220;middle-content&#8220; bg_color=&#8220;#f4f4f4&#8243; el_class=&#8220;schedule-row&#8220;][vc_column width=&#8220;2\/3&#8243; tablet_sm_width=&#8220;3-5&#8243; mobile_width=&#8220;3-5&#8243; css=&#8220;.vc_custom_1561562497171{border-bottom-width: 1px !important;border-bottom-color: #28a847 !important;border-bottom-style: solid !important;}&#8220; el_class=&#8220;schedule-first-column&#8220;][vc_column_text text_style=&#8220;leader-text&#8220;]1. Februar bis 31. M\u00e4rz[\/vc_column_text][\/vc_column][vc_column width=&#8220;1\/3&#8243; tablet_sm_width=&#8220;2-5&#8243; mobile_width=&#8220;2-5&#8243; css=&#8220;.vc_custom_1561562481867{border-bottom-width: 1px !important;border-bottom-color: #28a847 !important;border-bottom-style: solid !important;}&#8220; el_class=&#8220;schedule-second-column&#8220;][vc_column_text text_style=&#8220;leader-text&#8220;]<\/p>\n<p style=\"text-align: right;\">10h to 18h<\/p>\n<p>[\/vc_column_text][\/vc_column][\/vc_row][vc_row bg_type=&#8220;color&#8220; padding_top_multiplier=&#8220;&#8220; padding_bottom_multiplier=&#8220;&#8220; equal_column_height=&#8220;middle-content&#8220; bg_color=&#8220;#f4f4f4&#8243; el_class=&#8220;schedule-row&#8220;][vc_column width=&#8220;2\/3&#8243; tablet_sm_width=&#8220;3-5&#8243; mobile_width=&#8220;3-5&#8243; css=&#8220;.vc_custom_1561562497171{border-bottom-width: 1px !important;border-bottom-color: #28a847 !important;border-bottom-style: solid !important;}&#8220; el_class=&#8220;schedule-first-column&#8220;][vc_column_text text_style=&#8220;leader-text&#8220;]<\/p>\n<ol>\n<li>April bis 30. Juni<\/li>\n<\/ol>\n<p>[\/vc_column_text][\/vc_column][vc_column width=&#8220;1\/3&#8243; tablet_sm_width=&#8220;2-5&#8243; mobile_width=&#8220;2-5&#8243; css=&#8220;.vc_custom_1561562481867{border-bottom-width: 1px !important;border-bottom-color: #28a847 !important;border-bottom-style: solid !important;}&#8220; el_class=&#8220;schedule-second-column&#8220;][vc_column_text text_style=&#8220;leader-text&#8220;]<\/p>\n<p style=\"text-align: right;\">10h to 19h<\/p>\n<p>[\/vc_column_text][\/vc_column][\/vc_row][vc_row bg_type=&#8220;color&#8220; padding_top_multiplier=&#8220;&#8220; padding_bottom_multiplier=&#8220;&#8220; equal_column_height=&#8220;middle-content&#8220; bg_color=&#8220;#f4f4f4&#8243; el_class=&#8220;schedule-row&#8220;][vc_column width=&#8220;2\/3&#8243; tablet_sm_width=&#8220;3-5&#8243; mobile_width=&#8220;3-5&#8243; css=&#8220;.vc_custom_1561562497171{border-bottom-width: 1px !important;border-bottom-color: #28a847 !important;border-bottom-style: solid !important;}&#8220; el_class=&#8220;schedule-first-column&#8220;][vc_column_text css=&#8220;&#8220; text_style=&#8220;leader-text&#8220;]1. bis 12. Juli[\/vc_column_text][\/vc_column][vc_column width=&#8220;1\/3&#8243; tablet_sm_width=&#8220;2-5&#8243; mobile_width=&#8220;2-5&#8243; css=&#8220;.vc_custom_1561562481867{border-bottom-width: 1px !important;border-bottom-color: #28a847 !important;border-bottom-style: solid !important;}&#8220; el_class=&#8220;schedule-second-column&#8220;][vc_column_text text_style=&#8220;leader-text&#8220;]<\/p>\n<p style=\"text-align: right;\">10h to 00h<\/p>\n<p>[\/vc_column_text][\/vc_column][\/vc_row][vc_row bg_type=&#8220;color&#8220; padding_top_multiplier=&#8220;&#8220; padding_bottom_multiplier=&#8220;&#8220; equal_column_height=&#8220;middle-content&#8220; bg_color=&#8220;#f4f4f4&#8243; el_class=&#8220;schedule-row&#8220;][vc_column width=&#8220;2\/3&#8243; tablet_sm_width=&#8220;3-5&#8243; mobile_width=&#8220;3-5&#8243; css=&#8220;.vc_custom_1561562497171{border-bottom-width: 1px !important;border-bottom-color: #28a847 !important;border-bottom-style: solid !important;}&#8220; el_class=&#8220;schedule-first-column&#8220;][vc_column_text css=&#8220;&#8220; text_style=&#8220;leader-text&#8220;]13. Juli bis 31. August[\/vc_column_text][\/vc_column][vc_column width=&#8220;1\/3&#8243; tablet_sm_width=&#8220;2-5&#8243; mobile_width=&#8220;2-5&#8243; css=&#8220;.vc_custom_1561562481867{border-bottom-width: 1px !important;border-bottom-color: #28a847 !important;border-bottom-style: solid !important;}&#8220; el_class=&#8220;schedule-second-column&#8220;][vc_column_text text_style=&#8220;leader-text&#8220;]<\/p>\n<p style=\"text-align: right;\">10h to 01h<\/p>\n<p>[\/vc_column_text][\/vc_column][\/vc_row][vc_row bg_type=&#8220;color&#8220; padding_top_multiplier=&#8220;&#8220; padding_bottom_multiplier=&#8220;&#8220; equal_column_height=&#8220;middle-content&#8220; bg_color=&#8220;#f4f4f4&#8243; el_class=&#8220;schedule-row&#8220;][vc_column width=&#8220;2\/3&#8243; tablet_sm_width=&#8220;3-5&#8243; mobile_width=&#8220;3-5&#8243; css=&#8220;.vc_custom_1561562497171{border-bottom-width: 1px !important;border-bottom-color: #28a847 !important;border-bottom-style: solid !important;}&#8220; el_class=&#8220;schedule-first-column&#8220;][vc_column_text css=&#8220;&#8220; text_style=&#8220;leader-text&#8220;]1. bis 6. September[\/vc_column_text][\/vc_column][vc_column width=&#8220;1\/3&#8243; tablet_sm_width=&#8220;2-5&#8243; mobile_width=&#8220;2-5&#8243; css=&#8220;.vc_custom_1561562481867{border-bottom-width: 1px !important;border-bottom-color: #28a847 !important;border-bottom-style: solid !important;}&#8220; el_class=&#8220;schedule-second-column&#8220;][vc_column_text text_style=&#8220;leader-text&#8220;]<\/p>\n<p style=\"text-align: right;\">10h to 00h<\/p>\n<p>[\/vc_column_text][\/vc_column][\/vc_row][vc_row bg_type=&#8220;color&#8220; padding_top_multiplier=&#8220;&#8220; padding_bottom_multiplier=&#8220;&#8220; equal_column_height=&#8220;middle-content&#8220; bg_color=&#8220;#f4f4f4&#8243; el_class=&#8220;schedule-row&#8220;][vc_column width=&#8220;2\/3&#8243; tablet_sm_width=&#8220;3-5&#8243; mobile_width=&#8220;3-5&#8243; css=&#8220;.vc_custom_1561562497171{border-bottom-width: 1px !important;border-bottom-color: #28a847 !important;border-bottom-style: solid !important;}&#8220; el_class=&#8220;schedule-first-column&#8220;][vc_column_text css=&#8220;&#8220; text_style=&#8220;leader-text&#8220;]7. September bis 24. Oktober[\/vc_column_text][\/vc_column][vc_column width=&#8220;1\/3&#8243; tablet_sm_width=&#8220;2-5&#8243; mobile_width=&#8220;2-5&#8243; css=&#8220;.vc_custom_1561562481867{border-bottom-width: 1px !important;border-bottom-color: #28a847 !important;border-bottom-style: solid !important;}&#8220; el_class=&#8220;schedule-second-column&#8220;][vc_column_text text_style=&#8220;leader-text&#8220;]<\/p>\n<p style=\"text-align: right;\">10h to 19h<\/p>\n<p>[\/vc_column_text][\/vc_column][\/vc_row][vc_row bg_type=&#8220;color&#8220; padding_top_multiplier=&#8220;&#8220; padding_bottom_multiplier=&#8220;&#8220; equal_column_height=&#8220;middle-content&#8220; bg_color=&#8220;#f4f4f4&#8243; el_class=&#8220;schedule-row&#8220;][vc_column width=&#8220;2\/3&#8243; tablet_sm_width=&#8220;3-5&#8243; mobile_width=&#8220;3-5&#8243; css=&#8220;.vc_custom_1561562497171{border-bottom-width: 1px !important;border-bottom-color: #28a847 !important;border-bottom-style: solid !important;}&#8220; el_class=&#8220;schedule-first-column&#8220;][vc_column_text css=&#8220;&#8220; text_style=&#8220;leader-text&#8220;]25. Oktober bis 22. November[\/vc_column_text][\/vc_column][vc_column width=&#8220;1\/3&#8243; tablet_sm_width=&#8220;2-5&#8243; mobile_width=&#8220;2-5&#8243; css=&#8220;.vc_custom_1561562481867{border-bottom-width: 1px !important;border-bottom-color: #28a847 !important;border-bottom-style: solid !important;}&#8220; el_class=&#8220;schedule-second-column&#8220;][vc_column_text text_style=&#8220;leader-text&#8220;]<\/p>\n<p style=\"text-align: right;\">10h to 18h<\/p>\n<p>[\/vc_column_text][\/vc_column][\/vc_row][vc_row bg_type=&#8220;color&#8220; padding_top_multiplier=&#8220;&#8220; padding_bottom_multiplier=&#8220;&#8220; separator_top_size=&#8220;30px&#8220; separator_bottom_size=&#8220;30px&#8220; section_id=&#8220;intro-section&#8220; bg_color=&#8220;#f4f4f4&#8243;][vc_column heading_color=&#8220;primary-1&#8243; text_align=&#8220;center&#8220;]<div class=\"grve-empty-space grve-height-4x\" style=\"\"><\/div>[\/vc_column][\/vc_row]<\/p>\n<\/div>","protected":false},"excerpt":{"rendered":"<p>[vc_row heading_color=&#8220;light&#8220; bg_type=&#8220;image&#8220; bg_image=&#8220;17053&#8243; bg_image_type=&#8220;parallax&#8220; pattern_overlay=&#8220;yes&#8220; color_overlay=&#8220;dark&#8220; padding_top_multiplier=&#8220;6x&#8220; padding_bottom_multiplier=&#8220;6x&#8220; separator_top_size=&#8220;30px&#8220; separator_bottom_size=&#8220;30px&#8220; font_color=&#8220;#ffffff&#8220; section_id=&#8220;intro-section&#8220;][vc_column][\/vc_column][\/vc_row][vc_row padding_top_multiplier=&#8220;4x&#8220; padding_bottom_multiplier=&#8220;4x&#8220; separator_top_size=&#8220;30px&#8220; separator_bottom_size=&#8220;30px&#8220; section_id=&#8220;intro-section&#8220;][vc_column heading_color=&#8220;primary-1&#8243; text_align=&#8220;center&#8220;][\/vc_column][vc_column heading_color=&#8220;primary-3&#8243; text_align=&#8220;center&#8220;][vc_column_text text_style=&#8220;leader-text&#8220;] Der Zutritt zu den Minigolfanlagen ist nur Personen mit gekaufter und g\u00fcltiger Spielkarte gestattet. Wir haben die besten Minigolf Preise in der Algarve. 1 Ticket kostenlos f\u00fcr Kinder bis zu 5 Jahren [&hellip;]<\/p>\n","protected":false},"author":1,"featured_media":0,"parent":0,"menu_order":0,"comment_status":"closed","ping_status":"closed","template":"","meta":{"footnotes":""},"class_list":["post-22811","page","type-page","status-publish","hentry"],"aioseo_notices":[],"_links":{"self":[{"href":"https:\/\/familygolfpark.pt\/de\/wp-json\/wp\/v2\/pages\/22811","targetHints":{"allow":["GET"]}}],"collection":[{"href":"https:\/\/familygolfpark.pt\/de\/wp-json\/wp\/v2\/pages"}],"about":[{"href":"https:\/\/familygolfpark.pt\/de\/wp-json\/wp\/v2\/types\/page"}],"author":[{"embeddable":true,"href":"https:\/\/familygolfpark.pt\/de\/wp-json\/wp\/v2\/users\/1"}],"replies":[{"embeddable":true,"href":"https:\/\/familygolfpark.pt\/de\/wp-json\/wp\/v2\/comments?post=22811"}],"version-history":[{"count":2,"href":"https:\/\/familygolfpark.pt\/de\/wp-json\/wp\/v2\/pages\/22811\/revisions"}],"predecessor-version":[{"id":23416,"href":"https:\/\/familygolfpark.pt\/de\/wp-json\/wp\/v2\/pages\/22811\/revisions\/23416"}],"wp:attachment":[{"href":"https:\/\/familygolfpark.pt\/de\/wp-json\/wp\/v2\/media?parent=22811"}],"curies":[{"name":"wp","href":"https:\/\/api.w.org\/{rel}","templated":true}]}}