{"id":22821,"date":"2019-07-08T15:47:09","date_gmt":"2019-07-08T15:47:09","guid":{"rendered":"https:\/\/familygolfpark.younik.pt\/family-kids-club\/"},"modified":"2019-07-08T15:47:09","modified_gmt":"2019-07-08T15:47:09","slug":"family-kids-club","status":"publish","type":"page","link":"https:\/\/familygolfpark.pt\/de\/family-kids-club\/","title":{"rendered":"Family Kids Club"},"content":{"rendered":"<div class=\"wpb-content-wrapper\"><p>[vc_row heading_color=&#8220;light&#8220; bg_type=&#8220;image&#8220; bg_image=&#8220;16535&#8243; bg_image_type=&#8220;parallax&#8220; pattern_overlay=&#8220;yes&#8220; color_overlay=&#8220;primary-3&#8243; opacity_overlay=&#8220;50&#8243; padding_top_multiplier=&#8220;6x&#8220; padding_bottom_multiplier=&#8220;6x&#8220; separator_top_size=&#8220;30px&#8220; separator_bottom_size=&#8220;30px&#8220; font_color=&#8220;#ffffff&#8220; section_id=&#8220;intro-section&#8220;][vc_column]<div class=\"grve-empty-space\" style=\"height: 15vh;\"><\/div>[\/vc_column][\/vc_row][vc_row padding_top_multiplier=&#8220;4x&#8220; padding_bottom_multiplier=&#8220;4x&#8220; separator_top_size=&#8220;30px&#8220; separator_bottom_size=&#8220;30px&#8220; section_id=&#8220;intro-section&#8220;][vc_column heading_color=&#8220;primary-1&#8243; text_align=&#8220;center&#8220;]<h1 class=\"grve-element grve-title grve-align-center grve-subtitle-text grve-increase-heading grve-heading-200\" style=\"\"><span>Family Kids Club<\/span><\/h1>[\/vc_column][vc_column heading_color=&#8220;primary-3&#8243; text_align=&#8220;center&#8220;]<h2 class=\"grve-element grve-title grve-align-center grve-h1 grve-increase-heading grve-heading-300\" style=\"\"><span>F\u00fcr Kinder<\/span><\/h2><div class=\"grve-empty-space grve-height-1x\" style=\"\"><\/div>[vc_column_text text_style=&#8220;leader-text&#8220;]<\/p>\n<p style=\"text-align: center;\">Geburtstags Fest &#8211; Feiern Sie ihren Geburtstag mit uns, der Spa\u00df ist garantiert.<br \/>\nWir behandeln die Dekoration, Essen, Minigolf un irhem reservierten Platz Exclusive F\u00fcr Sie.<\/p>\n<p style=\"text-align: center;\">Wir haben Komplette Men\u00fcs f\u00fcr Kinder.<\/p>\n<p>[\/vc_column_text][\/vc_column][\/vc_row][vc_row][vc_column][vc_column_text]<\/p>\n<p>[\/vc_column_text][\/vc_column][\/vc_row][vc_row section_type=&#8220;fullwidth&#8220; padding_top_multiplier=&#8220;custom&#8220; padding_bottom_multiplier=&#8220;&#8220; columns_gap=&#8220;none&#8220; padding_top=&#8220;10&#8243;][vc_column]<div class=\"grve-element grve-gallery grve-isotope grve-with-gap\" style=\"\" data-columns=\"4\" data-columns-large-screen=\"4\" data-columns-tablet-landscape=\"2\" data-columns-tablet-portrait=\"2\" data-columns-mobile=\"1\" data-layout=\"masonry\" data-gutter-size=\"10\">  <div class=\"grve-isotope-container\"><div class=\"grve-isotope-item grve-hover-item grve-hover-style-none grve-image-square\"><div class=\"grve-isotope-item-inner grve-zoom-in\">  <figure class=\"grve-image-hover\">    <div class=\"grve-hover-overlay grve-bg-light grve-opacity-0\"><\/div><div class=\"grve-media\"><img loading=\"lazy\" decoding=\"async\" width=\"560\" height=\"560\" src=\"https:\/\/familygolfpark.pt\/wp-content\/uploads\/2019\/07\/Kids-club-gallery-02-min-560x560.jpg\" class=\"attachment-movedo-grve-small-square size-movedo-grve-small-square\" alt=\"\" srcset=\"https:\/\/familygolfpark.pt\/wp-content\/uploads\/2019\/07\/Kids-club-gallery-02-min-560x560.jpg 560w, https:\/\/familygolfpark.pt\/wp-content\/uploads\/2019\/07\/Kids-club-gallery-02-min-300x300.jpg 300w, https:\/\/familygolfpark.pt\/wp-content\/uploads\/2019\/07\/Kids-club-gallery-02-min-768x768.jpg 768w, https:\/\/familygolfpark.pt\/wp-content\/uploads\/2019\/07\/Kids-club-gallery-02-min-1024x1024.jpg 1024w, https:\/\/familygolfpark.pt\/wp-content\/uploads\/2019\/07\/Kids-club-gallery-02-min-900x900.jpg 900w, https:\/\/familygolfpark.pt\/wp-content\/uploads\/2019\/07\/Kids-club-gallery-02-min-600x600.jpg 600w, https:\/\/familygolfpark.pt\/wp-content\/uploads\/2019\/07\/Kids-club-gallery-02-min-100x100.jpg 100w, https:\/\/familygolfpark.pt\/wp-content\/uploads\/2019\/07\/Kids-club-gallery-02-min.jpg 1120w\" sizes=\"auto, (max-width: 560px) 100vw, 560px\" \/><\/div>  <\/figure><\/div><\/div><div class=\"grve-isotope-item grve-hover-item grve-hover-style-none grve-image-square\"><div class=\"grve-isotope-item-inner grve-zoom-in\">  <figure class=\"grve-image-hover\">    <div class=\"grve-hover-overlay grve-bg-light grve-opacity-0\"><\/div><div class=\"grve-media\"><img loading=\"lazy\" decoding=\"async\" width=\"560\" height=\"560\" src=\"https:\/\/familygolfpark.pt\/wp-content\/uploads\/2019\/07\/Kids-club-gallery-01-min-560x560.jpg\" class=\"attachment-movedo-grve-small-square size-movedo-grve-small-square\" alt=\"\" srcset=\"https:\/\/familygolfpark.pt\/wp-content\/uploads\/2019\/07\/Kids-club-gallery-01-min-560x560.jpg 560w, https:\/\/familygolfpark.pt\/wp-content\/uploads\/2019\/07\/Kids-club-gallery-01-min-300x300.jpg 300w, https:\/\/familygolfpark.pt\/wp-content\/uploads\/2019\/07\/Kids-club-gallery-01-min-768x768.jpg 768w, https:\/\/familygolfpark.pt\/wp-content\/uploads\/2019\/07\/Kids-club-gallery-01-min-1024x1024.jpg 1024w, https:\/\/familygolfpark.pt\/wp-content\/uploads\/2019\/07\/Kids-club-gallery-01-min-900x900.jpg 900w, https:\/\/familygolfpark.pt\/wp-content\/uploads\/2019\/07\/Kids-club-gallery-01-min-600x600.jpg 600w, https:\/\/familygolfpark.pt\/wp-content\/uploads\/2019\/07\/Kids-club-gallery-01-min-100x100.jpg 100w, https:\/\/familygolfpark.pt\/wp-content\/uploads\/2019\/07\/Kids-club-gallery-01-min.jpg 1120w\" sizes=\"auto, (max-width: 560px) 100vw, 560px\" \/><\/div>  <\/figure><\/div><\/div><div class=\"grve-isotope-item grve-hover-item grve-hover-style-none grve-image-portrait\"><div class=\"grve-isotope-item-inner grve-zoom-in\">  <figure class=\"grve-image-hover\">    <div class=\"grve-hover-overlay grve-bg-light grve-opacity-0\"><\/div><div class=\"grve-media\"><img loading=\"lazy\" decoding=\"async\" width=\"900\" height=\"900\" src=\"https:\/\/familygolfpark.pt\/wp-content\/uploads\/2019\/07\/Kids-club-gallery-06-min-900x900.jpg\" class=\"attachment-movedo-grve-medium-square size-movedo-grve-medium-square\" alt=\"\" srcset=\"https:\/\/familygolfpark.pt\/wp-content\/uploads\/2019\/07\/Kids-club-gallery-06-min-900x900.jpg 900w, https:\/\/familygolfpark.pt\/wp-content\/uploads\/2019\/07\/Kids-club-gallery-06-min-300x300.jpg 300w, https:\/\/familygolfpark.pt\/wp-content\/uploads\/2019\/07\/Kids-club-gallery-06-min-768x768.jpg 768w, https:\/\/familygolfpark.pt\/wp-content\/uploads\/2019\/07\/Kids-club-gallery-06-min-1024x1024.jpg 1024w, https:\/\/familygolfpark.pt\/wp-content\/uploads\/2019\/07\/Kids-club-gallery-06-min-560x560.jpg 560w, https:\/\/familygolfpark.pt\/wp-content\/uploads\/2019\/07\/Kids-club-gallery-06-min-600x600.jpg 600w, https:\/\/familygolfpark.pt\/wp-content\/uploads\/2019\/07\/Kids-club-gallery-06-min-100x100.jpg 100w, https:\/\/familygolfpark.pt\/wp-content\/uploads\/2019\/07\/Kids-club-gallery-06-min.jpg 1120w\" sizes=\"auto, (max-width: 900px) 100vw, 900px\" \/><\/div>  <\/figure><\/div><\/div><div class=\"grve-isotope-item grve-hover-item grve-hover-style-none grve-image-square\"><div class=\"grve-isotope-item-inner grve-zoom-in\">  <figure class=\"grve-image-hover\">    <div class=\"grve-hover-overlay grve-bg-light grve-opacity-0\"><\/div><div class=\"grve-media\"><img loading=\"lazy\" decoding=\"async\" width=\"560\" height=\"560\" src=\"https:\/\/familygolfpark.pt\/wp-content\/uploads\/2019\/07\/Kids-club-gallery-05-min-560x560.jpg\" class=\"attachment-movedo-grve-small-square size-movedo-grve-small-square\" alt=\"\" srcset=\"https:\/\/familygolfpark.pt\/wp-content\/uploads\/2019\/07\/Kids-club-gallery-05-min-560x560.jpg 560w, https:\/\/familygolfpark.pt\/wp-content\/uploads\/2019\/07\/Kids-club-gallery-05-min-300x300.jpg 300w, https:\/\/familygolfpark.pt\/wp-content\/uploads\/2019\/07\/Kids-club-gallery-05-min-768x768.jpg 768w, https:\/\/familygolfpark.pt\/wp-content\/uploads\/2019\/07\/Kids-club-gallery-05-min-1024x1024.jpg 1024w, https:\/\/familygolfpark.pt\/wp-content\/uploads\/2019\/07\/Kids-club-gallery-05-min-900x900.jpg 900w, https:\/\/familygolfpark.pt\/wp-content\/uploads\/2019\/07\/Kids-club-gallery-05-min-600x600.jpg 600w, https:\/\/familygolfpark.pt\/wp-content\/uploads\/2019\/07\/Kids-club-gallery-05-min-100x100.jpg 100w, https:\/\/familygolfpark.pt\/wp-content\/uploads\/2019\/07\/Kids-club-gallery-05-min.jpg 1120w\" sizes=\"auto, (max-width: 560px) 100vw, 560px\" \/><\/div>  <\/figure><\/div><\/div><div class=\"grve-isotope-item grve-hover-item grve-hover-style-none grve-image-landscape\"><div class=\"grve-isotope-item-inner grve-zoom-in\">  <figure class=\"grve-image-hover\">    <div class=\"grve-hover-overlay grve-bg-light grve-opacity-0\"><\/div><div class=\"grve-media\"><img loading=\"lazy\" decoding=\"async\" width=\"900\" height=\"900\" src=\"https:\/\/familygolfpark.pt\/wp-content\/uploads\/2019\/07\/Kids-club-gallery-04-min-900x900.jpg\" class=\"attachment-movedo-grve-medium-square size-movedo-grve-medium-square\" alt=\"\" srcset=\"https:\/\/familygolfpark.pt\/wp-content\/uploads\/2019\/07\/Kids-club-gallery-04-min-900x900.jpg 900w, https:\/\/familygolfpark.pt\/wp-content\/uploads\/2019\/07\/Kids-club-gallery-04-min-300x300.jpg 300w, https:\/\/familygolfpark.pt\/wp-content\/uploads\/2019\/07\/Kids-club-gallery-04-min-768x768.jpg 768w, https:\/\/familygolfpark.pt\/wp-content\/uploads\/2019\/07\/Kids-club-gallery-04-min-1024x1024.jpg 1024w, https:\/\/familygolfpark.pt\/wp-content\/uploads\/2019\/07\/Kids-club-gallery-04-min-560x560.jpg 560w, https:\/\/familygolfpark.pt\/wp-content\/uploads\/2019\/07\/Kids-club-gallery-04-min-600x600.jpg 600w, https:\/\/familygolfpark.pt\/wp-content\/uploads\/2019\/07\/Kids-club-gallery-04-min-100x100.jpg 100w, https:\/\/familygolfpark.pt\/wp-content\/uploads\/2019\/07\/Kids-club-gallery-04-min.jpg 1120w\" sizes=\"auto, (max-width: 900px) 100vw, 900px\" \/><\/div>  <\/figure><\/div><\/div><div class=\"grve-isotope-item grve-hover-item grve-hover-style-none grve-image-square\"><div class=\"grve-isotope-item-inner grve-zoom-in\">  <figure class=\"grve-image-hover\">    <div class=\"grve-hover-overlay grve-bg-light grve-opacity-0\"><\/div><div class=\"grve-media\"><img loading=\"lazy\" decoding=\"async\" width=\"560\" height=\"560\" src=\"https:\/\/familygolfpark.pt\/wp-content\/uploads\/2019\/07\/Kids-club-gallery-03-min-560x560.jpg\" class=\"attachment-movedo-grve-small-square size-movedo-grve-small-square\" alt=\"\" srcset=\"https:\/\/familygolfpark.pt\/wp-content\/uploads\/2019\/07\/Kids-club-gallery-03-min-560x560.jpg 560w, https:\/\/familygolfpark.pt\/wp-content\/uploads\/2019\/07\/Kids-club-gallery-03-min-300x300.jpg 300w, https:\/\/familygolfpark.pt\/wp-content\/uploads\/2019\/07\/Kids-club-gallery-03-min-768x768.jpg 768w, https:\/\/familygolfpark.pt\/wp-content\/uploads\/2019\/07\/Kids-club-gallery-03-min-1024x1024.jpg 1024w, https:\/\/familygolfpark.pt\/wp-content\/uploads\/2019\/07\/Kids-club-gallery-03-min-900x900.jpg 900w, https:\/\/familygolfpark.pt\/wp-content\/uploads\/2019\/07\/Kids-club-gallery-03-min-600x600.jpg 600w, https:\/\/familygolfpark.pt\/wp-content\/uploads\/2019\/07\/Kids-club-gallery-03-min-100x100.jpg 100w, https:\/\/familygolfpark.pt\/wp-content\/uploads\/2019\/07\/Kids-club-gallery-03-min.jpg 1120w\" sizes=\"auto, (max-width: 560px) 100vw, 560px\" \/><\/div>  <\/figure><\/div><\/div>  <\/div><\/div>[\/vc_column][\/vc_row]<\/p>\n<\/div>","protected":false},"excerpt":{"rendered":"<p>Festas de anivers\u00e1rio \u2013 Venha festejar o seu anivers\u00e1rio connosco, onde a divers\u00e3o \u00e9 garantida.<\/p>\n","protected":false},"author":1,"featured_media":0,"parent":0,"menu_order":0,"comment_status":"closed","ping_status":"closed","template":"","meta":{"footnotes":""},"class_list":["post-22821","page","type-page","status-publish","hentry"],"aioseo_notices":[],"_links":{"self":[{"href":"https:\/\/familygolfpark.pt\/de\/wp-json\/wp\/v2\/pages\/22821","targetHints":{"allow":["GET"]}}],"collection":[{"href":"https:\/\/familygolfpark.pt\/de\/wp-json\/wp\/v2\/pages"}],"about":[{"href":"https:\/\/familygolfpark.pt\/de\/wp-json\/wp\/v2\/types\/page"}],"author":[{"embeddable":true,"href":"https:\/\/familygolfpark.pt\/de\/wp-json\/wp\/v2\/users\/1"}],"replies":[{"embeddable":true,"href":"https:\/\/familygolfpark.pt\/de\/wp-json\/wp\/v2\/comments?post=22821"}],"version-history":[{"count":0,"href":"https:\/\/familygolfpark.pt\/de\/wp-json\/wp\/v2\/pages\/22821\/revisions"}],"wp:attachment":[{"href":"https:\/\/familygolfpark.pt\/de\/wp-json\/wp\/v2\/media?parent=22821"}],"curies":[{"name":"wp","href":"https:\/\/api.w.org\/{rel}","templated":true}]}}