{"id":22826,"date":"2019-07-09T11:27:15","date_gmt":"2019-07-09T11:27:15","guid":{"rendered":"https:\/\/familygolfpark.younik.pt\/minigolf\/"},"modified":"2019-07-09T11:27:15","modified_gmt":"2019-07-09T11:27:15","slug":"minigolf","status":"publish","type":"page","link":"https:\/\/familygolfpark.pt\/de\/minigolf\/","title":{"rendered":"Minigolf"},"content":{"rendered":"<div class=\"wpb-content-wrapper\"><p>[vc_row heading_color=&#8220;light&#8220; bg_type=&#8220;image&#8220; bg_image=&#8220;17002&#8243; bg_image_type=&#8220;parallax&#8220; pattern_overlay=&#8220;yes&#8220; color_overlay=&#8220;primary-3&#8243; opacity_overlay=&#8220;50&#8243; padding_top_multiplier=&#8220;6x&#8220; padding_bottom_multiplier=&#8220;6x&#8220; separator_top_size=&#8220;30px&#8220; separator_bottom_size=&#8220;30px&#8220; font_color=&#8220;#ffffff&#8220; section_id=&#8220;intro-section&#8220;][vc_column]<div class=\"grve-empty-space\" style=\"height: 15vh;\"><\/div>[\/vc_column][\/vc_row][vc_row padding_top_multiplier=&#8220;4x&#8220; padding_bottom_multiplier=&#8220;4x&#8220; separator_top_size=&#8220;30px&#8220; separator_bottom_size=&#8220;30px&#8220; section_id=&#8220;intro-section&#8220;][vc_column heading_color=&#8220;primary-1&#8243; text_align=&#8220;center&#8220;]<h1 class=\"grve-element grve-title grve-align-center grve-subtitle-text grve-increase-heading grve-heading-200\" style=\"\"><span>Der beste Minigolfplatz<\/span><\/h1>[\/vc_column][vc_column heading_color=&#8220;primary-3&#8243; text_align=&#8220;center&#8220;]<h2 class=\"grve-element grve-title grve-align-center grve-h1 grve-increase-heading grve-heading-300\" style=\"\"><span>F\u00fcr Kinder und Erwachsene<\/span><\/h2><div class=\"grve-empty-space grve-height-1x\" style=\"\"><\/div>[vc_column_text text_style=&#8220;leader-text&#8220;]Mit 2 18-Loch-Pl\u00e4tzen, einem Classic und dem anderen Crazygolf, mit unterschiedlichen Schwierigkeitsgraden ist Spa\u00df garantiert, aber es braucht Strategie, um der Champion zu werden. Der offensichtlichste Schlag ist nicht immer derjenige, der den Ball am n\u00e4chsten zum Loch bringt.<br \/>\nIn jedem Loch werden wichtige Fakten \u00fcber den Durchgang der R\u00f6mer durch die Iberische Halbinsel beschrieben.[\/vc_column_text]<div class=\"bbsm-empty-space  \" style=\"height :4em;width :;\" ><\/div>[vc_raw_html]JTNDJTIxLS0lMjBGYXJlSGFyYm9yJTIwaXRlbSUyMGdyaWQlMjBvZiUyMGZsb3clMjAlMjMxMTg5NzY4JTIwLS0lM0UlMEElM0NzY3JpcHQlMjBzcmMlM0QlMjJodHRwcyUzQSUyRiUyRmZhcmVoYXJib3IuY29tJTJGZW1iZWRzJTJGc2NyaXB0JTJGaXRlbXMlMkZmYW1pbHlnb2xmcGFyayUyRiUzRmZ1bGwtaXRlbXMlM0R5ZXMlMjZmYWxsYmFjayUzRHNpbXBsZSUyNmZsb3clM0QxMTg5NzY4JTIyJTNFJTNDJTJGc2NyaXB0JTNF[\/vc_raw_html][\/vc_column][\/vc_row][vc_row heading_color=&#8220;primary-3&#8243; section_type=&#8220;fullwidth&#8220; bg_type=&#8220;color&#8220; padding_top_multiplier=&#8220;4x&#8220; padding_bottom_multiplier=&#8220;&#8220; bg_color=&#8220;#f4f4f4&#8243; section_id=&#8220;maps&#8220;][vc_column][vc_tta_tabs alignment=&#8220;center&#8220; active_section=&#8220;1&#8243;][vc_tta_section title=&#8220;Via \u00c1ppia&#8220; tab_id=&#8220;map-via-apia&#8220;]<div class=\"grve-empty-space grve-height-1x\" style=\"\"><\/div>[vc_column_text text_style=&#8220;leader-text&#8220; el_class=&#8220;descricao-max-width&#8220;]Auf den beschrifteten Steinschildern entlang der 18 L\u00f6cher des Superminigolfplatzes, der sich der Geschichte des R\u00f6mischen Reiches, dem gr\u00f6\u00dften Reich des Westens, widmet, k\u00f6nnen die Spieler Wissenswertes \u00fcber Romulus und Remus, \u00fcber den gro\u00dfen Feldherrn Julius C\u00e4sar, \u00fcber Kaiser Augustus, \u00fcber die historische Bedeutung der Via Appia, dies ist unser Crazygolf-Kurs mit Schleifen, Br\u00fccken, Vulkanen, umgekehrten Rampen und vielem mehr &#8230;[\/vc_column_text][rev_slider_vc alias=&#8220;mapa-via-apia&#8220;][\/vc_tta_section][vc_tta_section title=&#8220;Via Lusit\u00e2nia&#8220; tab_id=&#8220;map-via-lusitania&#8220; el_class=&#8220;tab-via-lusitania&#8220;]<div class=\"grve-empty-space grve-height-1x\" style=\"\"><\/div>[vc_column_text text_style=&#8220;leader-text&#8220; el_class=&#8220;descricao-max-width&#8220;]<\/p>\n<p style=\"text-align: center;\"><span style=\"font-weight: 400;\">Auf den beschrifteten Steinschildern entlang der 18 L\u00f6cher des Superminigolfplatzes k\u00f6nnen die Spieler etwas \u00fcber die Geschichte der Besatzung der Iberischen Halbinsel durch die R\u00f6mer, insbesondere \u00fcber die Besatzung von Portugal und der Algarve, \u00fcber die K\u00e4mpfe infolge der Besatzung des Gebiets, \u00fcber den Mut des lusitanischen Soldaten namens Viriathus, \u00fcber die Einf\u00fchrung des Geldes als Handelsw\u00e4hrung und vieles mehr erfahren &#8230;<\/span><\/p>\n<p>[\/vc_column_text][rev_slider_vc alias=&#8220;mapa-via-lusitania&#8220;][\/vc_tta_section][\/vc_tta_tabs][\/vc_column][\/vc_row][vc_row bg_type=&#8220;color&#8220; padding_top_multiplier=&#8220;&#8220; padding_bottom_multiplier=&#8220;4x&#8220; separator_top_size=&#8220;30px&#8220; separator_bottom_size=&#8220;30px&#8220; section_id=&#8220;intro-section&#8220; bg_color=&#8220;#f4f4f4&#8243;][vc_column width=&#8220;1\/4&#8243; heading_color=&#8220;primary-1&#8243; text_align=&#8220;center&#8220;][\/vc_column][vc_column width=&#8220;1\/2&#8243;]<div class=\"grve-element grve-title grve-align-center grve-leader-text grve-increase-heading grve-heading-300\" style=\"\"><span>Online kaufen<\/span><\/div><h2 class=\"grve-element grve-title grve-align-center grve-h2 grve-increase-heading grve-heading-200\" style=\"\"><span>15% Rabatt<\/span><\/h2><div class=\"grve-empty-space grve-height-2x\" style=\"\"><\/div><div class=\"grve-element grve-align-center grve-animated-item grve-fade-in-left grve-duration-normal\" data-delay=\"50\"><a href=\"\/prices\/\" class=\"grve-btn grve-btn-medium grve-extra-round grve-bg-primary-1 grve-bg-hover-white\"><span><i class=\"fa fa-long-arrow-right\"><\/i>Preisliste<\/span><\/a><\/div>[\/vc_column][vc_column width=&#8220;1\/4&#8243;][\/vc_column][\/vc_row]<\/p>\n<\/div>","protected":false},"excerpt":{"rendered":"<p>[vc_row heading_color=&#8220;light&#8220; bg_type=&#8220;image&#8220; bg_image=&#8220;17002&#8243; bg_image_type=&#8220;parallax&#8220; pattern_overlay=&#8220;yes&#8220; color_overlay=&#8220;primary-3&#8243; opacity_overlay=&#8220;50&#8243; padding_top_multiplier=&#8220;6x&#8220; padding_bottom_multiplier=&#8220;6x&#8220; separator_top_size=&#8220;30px&#8220; separator_bottom_size=&#8220;30px&#8220; font_color=&#8220;#ffffff&#8220; section_id=&#8220;intro-section&#8220;][vc_column][\/vc_column][\/vc_row][vc_row padding_top_multiplier=&#8220;4x&#8220; padding_bottom_multiplier=&#8220;4x&#8220; separator_top_size=&#8220;30px&#8220; separator_bottom_size=&#8220;30px&#8220; section_id=&#8220;intro-section&#8220;][vc_column heading_color=&#8220;primary-1&#8243; text_align=&#8220;center&#8220;][\/vc_column][vc_column heading_color=&#8220;primary-3&#8243; text_align=&#8220;center&#8220;][vc_column_text text_style=&#8220;leader-text&#8220;]Mit 2 18-Loch-Pl\u00e4tzen, einem Classic und dem anderen Crazygolf, mit unterschiedlichen Schwierigkeitsgraden ist Spa\u00df garantiert, aber es braucht Strategie, um der Champion zu werden. Der offensichtlichste Schlag ist nicht immer derjenige, der [&hellip;]<\/p>\n","protected":false},"author":1,"featured_media":0,"parent":0,"menu_order":0,"comment_status":"closed","ping_status":"closed","template":"","meta":{"footnotes":""},"class_list":["post-22826","page","type-page","status-publish","hentry"],"aioseo_notices":[],"_links":{"self":[{"href":"https:\/\/familygolfpark.pt\/de\/wp-json\/wp\/v2\/pages\/22826","targetHints":{"allow":["GET"]}}],"collection":[{"href":"https:\/\/familygolfpark.pt\/de\/wp-json\/wp\/v2\/pages"}],"about":[{"href":"https:\/\/familygolfpark.pt\/de\/wp-json\/wp\/v2\/types\/page"}],"author":[{"embeddable":true,"href":"https:\/\/familygolfpark.pt\/de\/wp-json\/wp\/v2\/users\/1"}],"replies":[{"embeddable":true,"href":"https:\/\/familygolfpark.pt\/de\/wp-json\/wp\/v2\/comments?post=22826"}],"version-history":[{"count":0,"href":"https:\/\/familygolfpark.pt\/de\/wp-json\/wp\/v2\/pages\/22826\/revisions"}],"wp:attachment":[{"href":"https:\/\/familygolfpark.pt\/de\/wp-json\/wp\/v2\/media?parent=22826"}],"curies":[{"name":"wp","href":"https:\/\/api.w.org\/{rel}","templated":true}]}}