{"id":22831,"date":"2019-07-11T13:46:36","date_gmt":"2019-07-11T13:46:36","guid":{"rendered":"https:\/\/familygolfpark.younik.pt\/zug\/"},"modified":"2026-03-27T12:02:34","modified_gmt":"2026-03-27T12:02:34","slug":"zug","status":"publish","type":"page","link":"https:\/\/familygolfpark.pt\/de\/zug\/","title":{"rendered":"Zug"},"content":{"rendered":"<div class=\"wpb-content-wrapper\"><p>[vc_row heading_color=&#8220;light&#8220; bg_type=&#8220;image&#8220; bg_image=&#8220;16527&#8243; bg_image_type=&#8220;parallax&#8220; pattern_overlay=&#8220;yes&#8220; color_overlay=&#8220;dark&#8220; padding_top_multiplier=&#8220;6x&#8220; padding_bottom_multiplier=&#8220;6x&#8220; separator_top_size=&#8220;30px&#8220; separator_bottom_size=&#8220;30px&#8220; font_color=&#8220;#ffffff&#8220; section_id=&#8220;intro-section&#8220;][vc_column]<div class=\"grve-empty-space\" style=\"height: 15vh;\"><\/div>[\/vc_column][\/vc_row][vc_row padding_top_multiplier=&#8220;4x&#8220; padding_bottom_multiplier=&#8220;4x&#8220; separator_top_size=&#8220;30px&#8220; separator_bottom_size=&#8220;30px&#8220; section_id=&#8220;intro-section&#8220;][vc_column heading_color=&#8220;primary-1&#8243; text_align=&#8220;center&#8220;]<h1 class=\"grve-element grve-title grve-align-center grve-subtitle-text grve-increase-heading grve-heading-200\" style=\"\"><span>Touristischer Zug<\/span><\/h1>[\/vc_column][vc_column heading_color=&#8220;primary-3&#8243; text_align=&#8220;center&#8220;]<h2 class=\"grve-element grve-title grve-align-center grve-h1 grve-increase-heading grve-heading-300\" style=\"\"><span>Algarve mit Kindern<\/span><\/h2><div class=\"grve-empty-space grve-height-1x\" style=\"\"><\/div>[vc_column_text text_style=&#8220;leader-text&#8220;]<\/p>\n<p style=\"text-align: center;\">Erkunden Sie Vilamoura im touristischen Zug, der Sie bis zu den wundersch\u00f6nen Str\u00e4nden der Steilk\u00fcste und der Marina bringt. Sie fahren 1 Stunde lang durch die Hauptorte dieses Resorts auf einem herrlichen Weg, der sicherlich in Ihrer Erinnerung bleiben wird. Sie k\u00f6nnen auch &#8211; indem Sie Fahrkarten f\u00fcr 1, 3 oder 7 Tage kaufen &#8211; unseren Zug nur als Transportmittel innerhalb von Vilamoura nutzen und Ihren Urlaub ohne Auto und Parkplatzsuche genie\u00dfen.<br \/>\n<span style=\"font-weight: 400;\">Der Zug hat eine Haltestelle am Minigolfplatz, auf dem Sie auch einen Nachlass bei Vorlage des Fahrtickets nutzen k\u00f6nnen, um eine Partie Minigolf zu spielen.<\/span>[\/vc_column_text][\/vc_column][\/vc_row][vc_row padding_top_multiplier=&#8220;&#8220; padding_bottom_multiplier=&#8220;2x&#8220; el_class=&#8220;tabela-de&#8220;][vc_column column_effect=&#8220;mouse-move-x-y&#8220; width=&#8220;1\/4&#8243;]<div class=\"grve-element grve-pricing-table grve-animated-item grve-fade-in-up grve-duration-normal grve-align-center table-prices-train background-green grve-bg-black grve-shadow-small grve-with-shadow\" style=\"\" data-delay=\"200\">  <div class=\"grve-pricing-header\">    <div class=\"grve-pricing-title grve-h6\">Erwachsene<\/div>    <div class=\"grve-pricing-description grve-subtitle\"><strong>1 Route<\/strong><\/div>  <\/div>  <div class=\"grve-pricing-content\">    <h2 class=\"grve-price grve-align-h1 grve-text-grey grve-increase-heading grve-heading-250\"><span>4.50<\/span>     <div class=\"grve-interval grve-h6\">\u20ac<\/div>   <\/h2>  <\/div>  <ul><li><strong>1 Route  <\/strong>4.50\u20ac<\/li><li><strong>Tageskarte  <\/strong>5.50\u20ac<\/li><li><strong>7-Tage-Karte  <\/strong>15.00\u20ac<\/li>  <\/ul><a href=\"https:\/\/fareharbor.com\/embeds\/book\/familygolfpark\/?full-items=yes&#038;flow=904140\" class=\"grve-btn grve-btn-medium grve-extra-round grve-bg-white grve-bg-hover-primary-1\"><span>Online kaufen<\/span><\/a><\/div>[\/vc_column][vc_column column_effect=&#8220;mouse-move-x-y&#8220; width=&#8220;1\/4&#8243; z_index=&#8220;1&#8243;]<div class=\"grve-element grve-pricing-table grve-animated-item grve-fade-in-up grve-duration-normal grve-align-center table-prices-train background-green grve-bg-black grve-shadow-small grve-with-shadow\" style=\"\" data-delay=\"200\">  <div class=\"grve-pricing-header\">    <div class=\"grve-pricing-title grve-h6\">Senior<\/div>    <div class=\"grve-pricing-description grve-subtitle\">(+65 Jahre)n<strong>1 Route<\/strong><\/div>  <\/div>  <div class=\"grve-pricing-content\">    <h2 class=\"grve-price grve-align-h1 grve-text-grey grve-increase-heading grve-heading-250\"><span>4<\/span>     <div class=\"grve-interval grve-h6\">\u20ac<\/div>   <\/h2>  <\/div>  <ul><li><strong>1 Route  <\/strong>4.00\u20ac<\/li><li><strong>Tageskarte  <\/strong>5.00\u20ac<\/li><li><strong>7-Tage-Karte  <\/strong>12.00\u20ac<\/li>  <\/ul><a href=\"https:\/\/fareharbor.com\/embeds\/book\/familygolfpark\/?full-items=yes&#038;flow=904140\" class=\"grve-btn grve-btn-medium grve-extra-round grve-bg-white grve-bg-hover-primary-1\"><span>Online kaufen<\/span><\/a><\/div>[\/vc_column][vc_column column_effect=&#8220;mouse-move-x-y&#8220; column_effect_limit=&#8220;3x&#8220; width=&#8220;1\/4&#8243;]<div class=\"grve-element grve-pricing-table grve-animated-item grve-fade-in-up grve-duration-normal grve-align-center table-prices-train grve-bg-white grve-shadow-small grve-with-shadow\" style=\"\" data-delay=\"200\">  <div class=\"grve-pricing-header\">    <div class=\"grve-pricing-title grve-h6\">Junior<\/div>    <div class=\"grve-pricing-description grve-subtitle\">(6-10 Jahre)n<strong>1 Route<\/strong><\/div>  <\/div>  <div class=\"grve-pricing-content\">    <h2 class=\"grve-price grve-align-h1 grve-text-primary-1 grve-increase-heading grve-heading-250\"><span>2.50<\/span>     <div class=\"grve-interval grve-h6\">\u20ac<\/div>   <\/h2>  <\/div>  <ul><li><strong>1 Route  <\/strong>2.50\u20ac<\/li><li><strong>Tageskarte  <\/strong>3.50\u20ac<\/li><li><strong>7-Tage-Karte  <\/strong>10.00\u20ac<\/li>  <\/ul><a href=\"https:\/\/fareharbor.com\/embeds\/book\/familygolfpark\/?full-items=yes&#038;flow=904140\" class=\"grve-btn grve-btn-medium grve-extra-round grve-bg-primary-1 grve-bg-hover-white\"><span>Online kaufen<\/span><\/a><\/div>[\/vc_column][\/vc_row][vc_row padding_bottom_multiplier=&#8220;4x&#8220;][vc_column][vc_column_text text_style=&#8220;leader-text&#8220;]<\/p>\n<p style=\"text-align: center;\">Kommem Sie zu unserem Minigolf Park un entdecken Sie Vilamoura mit unserem Tour Zug. Besuchen Sie uns!<\/p>\n<p style=\"text-align: center;\"><strong>Hier erhanlten Sie einen\u00a0 \u00fcberblick zum Zeitplan und Route Tour Zug.<\/strong><\/p>\n<p>[\/vc_column_text]<div class=\"grve-empty-space grve-height-1x\" style=\"\"><\/div><div class=\"grve-element grve-align-center grve-animated-item grve-fade-in-left grve-duration-normal\" data-delay=\"50\"><a href=\"https:\/\/familygolfpark.pt\/wp-content\/uploads\/2021\/07\/Train-Schedule-inverno-verao.pdf\" target=\"_blank\" class=\"grve-btn grve-btn-medium grve-extra-round grve-bg-primary-1 grve-bg-hover-white\"><span><i class=\"fab fa-accessible-icon\"><\/i>Zeitplan Route<\/span><\/a><\/div>[\/vc_column][\/vc_row][vc_row bg_type=&#8220;image&#8220; bg_image=&#8220;17428&#8243; bg_image_type=&#8220;parallax&#8220; pattern_overlay=&#8220;yes&#8220; color_overlay=&#8220;custom&#8220; padding_top_multiplier=&#8220;4x&#8220; padding_bottom_multiplier=&#8220;4x&#8220; separator_top_size=&#8220;30px&#8220; separator_bottom_size=&#8220;30px&#8220; section_id=&#8220;intro-section&#8220;][vc_column heading_color=&#8220;primary-1&#8243; text_align=&#8220;center&#8220;]<div class=\"grve-empty-space\" style=\"height: 14vh;\"><\/div><div class=\"grve-element grve-image grve-align-center\" style=\"\">  <div class=\"grve-image-wrapper\"><a href=\"\/wp-content\/uploads\/2019\/07\/Train-map-v-04-02.jpg\" class=\"grve-image-popup\"><img loading=\"lazy\" decoding=\"async\" width=\"253\" height=\"177\" src=\"https:\/\/familygolfpark.pt\/wp-content\/uploads\/2019\/07\/mapa-eye.png\" class=\"attachment-full size-full\" alt=\"\" \/><\/a>   <\/div><\/div><div class=\"grve-empty-space\" style=\"height: 14vh;\"><\/div>[\/vc_column][\/vc_row]<\/p>\n<\/div>","protected":false},"excerpt":{"rendered":"<p>[vc_row heading_color=&#8220;light&#8220; bg_type=&#8220;image&#8220; bg_image=&#8220;16527&#8243; bg_image_type=&#8220;parallax&#8220; pattern_overlay=&#8220;yes&#8220; color_overlay=&#8220;dark&#8220; padding_top_multiplier=&#8220;6x&#8220; padding_bottom_multiplier=&#8220;6x&#8220; separator_top_size=&#8220;30px&#8220; separator_bottom_size=&#8220;30px&#8220; font_color=&#8220;#ffffff&#8220; section_id=&#8220;intro-section&#8220;][vc_column][\/vc_column][\/vc_row][vc_row padding_top_multiplier=&#8220;4x&#8220; padding_bottom_multiplier=&#8220;4x&#8220; separator_top_size=&#8220;30px&#8220; separator_bottom_size=&#8220;30px&#8220; section_id=&#8220;intro-section&#8220;][vc_column heading_color=&#8220;primary-1&#8243; text_align=&#8220;center&#8220;][\/vc_column][vc_column heading_color=&#8220;primary-3&#8243; text_align=&#8220;center&#8220;][vc_column_text text_style=&#8220;leader-text&#8220;] Erkunden Sie Vilamoura im touristischen Zug, der Sie bis zu den wundersch\u00f6nen Str\u00e4nden der Steilk\u00fcste und der Marina bringt. Sie fahren 1 Stunde lang durch die Hauptorte dieses Resorts auf einem herrlichen [&hellip;]<\/p>\n","protected":false},"author":1,"featured_media":0,"parent":0,"menu_order":0,"comment_status":"closed","ping_status":"closed","template":"","meta":{"footnotes":""},"class_list":["post-22831","page","type-page","status-publish","hentry"],"aioseo_notices":[],"_links":{"self":[{"href":"https:\/\/familygolfpark.pt\/de\/wp-json\/wp\/v2\/pages\/22831","targetHints":{"allow":["GET"]}}],"collection":[{"href":"https:\/\/familygolfpark.pt\/de\/wp-json\/wp\/v2\/pages"}],"about":[{"href":"https:\/\/familygolfpark.pt\/de\/wp-json\/wp\/v2\/types\/page"}],"author":[{"embeddable":true,"href":"https:\/\/familygolfpark.pt\/de\/wp-json\/wp\/v2\/users\/1"}],"replies":[{"embeddable":true,"href":"https:\/\/familygolfpark.pt\/de\/wp-json\/wp\/v2\/comments?post=22831"}],"version-history":[{"count":1,"href":"https:\/\/familygolfpark.pt\/de\/wp-json\/wp\/v2\/pages\/22831\/revisions"}],"predecessor-version":[{"id":23463,"href":"https:\/\/familygolfpark.pt\/de\/wp-json\/wp\/v2\/pages\/22831\/revisions\/23463"}],"wp:attachment":[{"href":"https:\/\/familygolfpark.pt\/de\/wp-json\/wp\/v2\/media?parent=22831"}],"curies":[{"name":"wp","href":"https:\/\/api.w.org\/{rel}","templated":true}]}}