{"id":22836,"date":"2019-07-18T15:08:28","date_gmt":"2019-07-18T15:08:28","guid":{"rendered":"https:\/\/familygolfpark.younik.pt\/bilheteira-online\/"},"modified":"2019-07-18T15:08:28","modified_gmt":"2019-07-18T15:08:28","slug":"bilheteira-online","status":"publish","type":"page","link":"https:\/\/familygolfpark.pt\/de\/bilheteira-online\/","title":{"rendered":"Bilheteira Online"},"content":{"rendered":"<div class=\"wpb-content-wrapper\"><p>[vc_row heading_color=&#8220;light&#8220; bg_type=&#8220;image&#8220; bg_image=&#8220;17053&#8243; bg_image_type=&#8220;parallax&#8220; pattern_overlay=&#8220;yes&#8220; color_overlay=&#8220;dark&#8220; padding_top_multiplier=&#8220;6x&#8220; padding_bottom_multiplier=&#8220;6x&#8220; separator_top_size=&#8220;30px&#8220; separator_bottom_size=&#8220;30px&#8220; font_color=&#8220;#ffffff&#8220; section_id=&#8220;intro-section&#8220;][vc_column]<div class=\"grve-empty-space\" style=\"height: 15vh;\"><\/div>[\/vc_column][\/vc_row][vc_row padding_top_multiplier=&#8220;4x&#8220; padding_bottom_multiplier=&#8220;4x&#8220; separator_top_size=&#8220;30px&#8220; separator_bottom_size=&#8220;30px&#8220; section_id=&#8220;intro-section&#8220;][vc_column heading_color=&#8220;primary-1&#8243; text_align=&#8220;center&#8220;]<h1 class=\"grve-element grve-title grve-align-center grve-subtitle-text grve-increase-heading grve-heading-200\" style=\"\"><span>The best<\/span><\/h1>[\/vc_column][vc_column heading_color=&#8220;primary-3&#8243; text_align=&#8220;center&#8220;]<h2 class=\"grve-element grve-title grve-align-center grve-h1 grve-increase-heading grve-heading-300\" style=\"\"><span>Bilheteira Online<\/span><\/h2><div class=\"grve-empty-space grve-height-1x\" style=\"\"><\/div>[vc_column_text text_style=&#8220;leader-text&#8220;]<\/p>\n<h4 style=\"text-align: center;\">Achtung<\/h4>\n<p style=\"text-align: center;\">Der Kauf der beide Route kann die zweite innerhalb von f\u00fcnfzehn Tagen machen<br \/>\nErm\u00e4\u00dfigungen f\u00fcr Gruppen, fragen Sie an der Rezeption.<\/p>\n<p style=\"text-align: center;\"><strong>Online \u2013 Kauf mit 15% Rabatt.<\/strong><\/p>\n<p>[\/vc_column_text]<div class=\"bbsm-empty-space  \" style=\"height :4em;width :;\" ><\/div>[vc_raw_html]JTNDJTIxLS0lMjBGYXJlSGFyYm9yJTIwaXRlbSUyMGdyaWQlMjBvZiUyMGZsb3clMjAlMjM5MDQxNDAlMjAtLSUzRSUwQSUzQ3NjcmlwdCUyMHNyYyUzRCUyMmh0dHBzJTNBJTJGJTJGZmFyZWhhcmJvci5jb20lMkZlbWJlZHMlMkZzY3JpcHQlMkZpdGVtcyUyRmZhbWlseWdvbGZwYXJrJTJGJTNGZnVsbC1pdGVtcyUzRHllcyUyNmZhbGxiYWNrJTNEc2ltcGxlJTI2ZmxvdyUzRDkwNDE0MCUyMiUzRSUzQyUyRnNjcmlwdCUzRQ==[\/vc_raw_html][\/vc_column][\/vc_row][vc_row bg_type=&#8220;color&#8220; padding_top_multiplier=&#8220;&#8220; padding_bottom_multiplier=&#8220;2x&#8220; bg_color=&#8220;#e5e5e5&#8243;][vc_column column_effect=&#8220;mouse-move-x-y&#8220; width=&#8220;1\/6&#8243;][\/vc_column][vc_column width=&#8220;2\/3&#8243; z_index=&#8220;1&#8243;]<div class=\"grve-empty-space grve-height-3x\" style=\"\"><\/div>[vc_raw_html]JTNDc2NyaXB0JTIwdHlwZSUzRCUyMnRleHQlMkZqYXZhc2NyaXB0JTIyJTIwc3JjJTNEJTIyJTJGJTJGd3d3LmJvbC5wdCUyRnNjcmlwdHMlMkZqcXVlcnkuYm9sLmlmcmFtZS0xLjIuMC5qcyUzRnYlM0QxMCUyMiUzRSUzQyUyRnNjcmlwdCUzRSUwQSUwQSUzQ3NjcmlwdCUyMHR5cGUlM0QlMjJ0ZXh0JTJGamF2YXNjcmlwdCUyMiUzRSUwQSUwQWpRdWVyeSUyOGRvY3VtZW50JTI5LnJlYWR5JTI4ZnVuY3Rpb24lMjglMjAlMjQlMjAlMjklMjAlN0IlMEElMEF2YXIlMjBvcGNvZXMlMjAlM0QlMjAlN0IlMEElMEF1cmwlM0ElMjAlMjdodHRwcyUzQSUyRiUyRmZhbWlseWdvbGZwYXJrLmJvbC5wdCUyRiUyNyUyQyUwQSUwQWxhbmclM0ElMjAlMjdFTiUyNyUyQyUyMCUyRiUyQVBvZGUlMjBzZXIlMjBQVCUyQ0VTJTJDRU4lMkElMkYlMEElMEF3aWR0aCUzQSUyMCUyNzEwMCUyNSUyNyUyQyUwQSUwQWhlaWdodERlZmF1bHQlM0ElMjAlMjc3MjBweCUyNyUwQSUwQSU3RCUzQiUwQSUwQSUyNCUyOCUyMi5pZnJhbWVCaWxoZXRlaXJhT25saW5lJTIyJTI5LmJvbF9pRnJhbWUlMjhvcGNvZXMlMjkuYWRkQ2xhc3MlMjglMjJTdWNlc3NvJTIyJTI5JTNCJTBBJTBBJTdEJTI5JTNCJTBBJTBBJTNDJTJGc2NyaXB0JTNFJTBBJTBBJTNDZGl2JTIwY2xhc3MlM0QlMjJpZnJhbWVCaWxoZXRlaXJhT25saW5lJTIyJTNFJTNDJTJGZGl2JTNF[\/vc_raw_html][\/vc_column][vc_column column_effect=&#8220;mouse-move-x-y&#8220; column_effect_sensitive=&#8220;normal&#8220; column_effect_limit=&#8220;3x&#8220; width=&#8220;1\/6&#8243; z_index=&#8220;0&#8243;][\/vc_column][\/vc_row]<\/p>\n<\/div>","protected":false},"excerpt":{"rendered":"<p>[vc_row heading_color=&#8220;light&#8220; bg_type=&#8220;image&#8220; bg_image=&#8220;17053&#8243; bg_image_type=&#8220;parallax&#8220; pattern_overlay=&#8220;yes&#8220; color_overlay=&#8220;dark&#8220; padding_top_multiplier=&#8220;6x&#8220; padding_bottom_multiplier=&#8220;6x&#8220; separator_top_size=&#8220;30px&#8220; separator_bottom_size=&#8220;30px&#8220; font_color=&#8220;#ffffff&#8220; section_id=&#8220;intro-section&#8220;][vc_column][\/vc_column][\/vc_row][vc_row padding_top_multiplier=&#8220;4x&#8220; padding_bottom_multiplier=&#8220;4x&#8220; separator_top_size=&#8220;30px&#8220; separator_bottom_size=&#8220;30px&#8220; section_id=&#8220;intro-section&#8220;][vc_column heading_color=&#8220;primary-1&#8243; text_align=&#8220;center&#8220;][\/vc_column][vc_column heading_color=&#8220;primary-3&#8243; text_align=&#8220;center&#8220;][vc_column_text text_style=&#8220;leader-text&#8220;] Achtung Der Kauf der beide Route kann die zweite innerhalb von f\u00fcnfzehn Tagen machen Erm\u00e4\u00dfigungen f\u00fcr Gruppen, fragen Sie an der Rezeption. Online \u2013 Kauf mit 15% Rabatt. [\/vc_column_text][vc_raw_html]JTNDJTIxLS0lMjBGYXJlSGFyYm9yJTIwaXRlbSUyMGdyaWQlMjBvZiUyMGZsb3clMjAlMjM5MDQxNDAlMjAtLSUzRSUwQSUzQ3NjcmlwdCUyMHNyYyUzRCUyMmh0dHBzJTNBJTJGJTJGZmFyZWhhcmJvci5jb20lMkZlbWJlZHMlMkZzY3JpcHQlMkZpdGVtcyUyRmZhbWlseWdvbGZwYXJrJTJGJTNGZnVsbC1pdGVtcyUzRHllcyUyNmZhbGxiYWNrJTNEc2ltcGxlJTI2ZmxvdyUzRDkwNDE0MCUyMiUzRSUzQyUyRnNjcmlwdCUzRQ==[\/vc_raw_html][\/vc_column][\/vc_row][vc_row bg_type=&#8220;color&#8220; padding_top_multiplier=&#8220;&#8220; padding_bottom_multiplier=&#8220;2x&#8220; [&hellip;]<\/p>\n","protected":false},"author":1,"featured_media":0,"parent":0,"menu_order":0,"comment_status":"closed","ping_status":"closed","template":"","meta":{"footnotes":""},"class_list":["post-22836","page","type-page","status-publish","hentry"],"aioseo_notices":[],"_links":{"self":[{"href":"https:\/\/familygolfpark.pt\/de\/wp-json\/wp\/v2\/pages\/22836","targetHints":{"allow":["GET"]}}],"collection":[{"href":"https:\/\/familygolfpark.pt\/de\/wp-json\/wp\/v2\/pages"}],"about":[{"href":"https:\/\/familygolfpark.pt\/de\/wp-json\/wp\/v2\/types\/page"}],"author":[{"embeddable":true,"href":"https:\/\/familygolfpark.pt\/de\/wp-json\/wp\/v2\/users\/1"}],"replies":[{"embeddable":true,"href":"https:\/\/familygolfpark.pt\/de\/wp-json\/wp\/v2\/comments?post=22836"}],"version-history":[{"count":0,"href":"https:\/\/familygolfpark.pt\/de\/wp-json\/wp\/v2\/pages\/22836\/revisions"}],"wp:attachment":[{"href":"https:\/\/familygolfpark.pt\/de\/wp-json\/wp\/v2\/media?parent=22836"}],"curies":[{"name":"wp","href":"https:\/\/api.w.org\/{rel}","templated":true}]}}