{"id":22841,"date":"2019-07-26T15:03:18","date_gmt":"2019-07-26T15:03:18","guid":{"rendered":"https:\/\/familygolfpark.younik.pt\/nutzungsbedingungen\/"},"modified":"2019-07-26T15:03:18","modified_gmt":"2019-07-26T15:03:18","slug":"nutzungsbedingungen","status":"publish","type":"page","link":"https:\/\/familygolfpark.pt\/de\/nutzungsbedingungen\/","title":{"rendered":"Nutzungsbedingungen"},"content":{"rendered":"<div class=\"wpb-content-wrapper\"><p>[vc_row heading_color=&#8220;light&#8220; bg_type=&#8220;image&#8220; bg_image=&#8220;17216&#8243; bg_image_type=&#8220;parallax&#8220; pattern_overlay=&#8220;yes&#8220; color_overlay=&#8220;dark&#8220; padding_top_multiplier=&#8220;6x&#8220; padding_bottom_multiplier=&#8220;6x&#8220; separator_top_size=&#8220;30px&#8220; separator_bottom_size=&#8220;30px&#8220; font_color=&#8220;#ffffff&#8220; section_id=&#8220;intro-section&#8220;][vc_column]<div class=\"grve-empty-space\" style=\"height: 15vh;\"><\/div>[\/vc_column][\/vc_row][vc_row heading_color=&#8220;primary-3&#8243; padding_top_multiplier=&#8220;4x&#8220; padding_bottom_multiplier=&#8220;4x&#8220; separator_top_size=&#8220;30px&#8220; separator_bottom_size=&#8220;30px&#8220; section_id=&#8220;intro-section&#8220;][vc_column heading_color=&#8220;primary-3&#8243; text_align=&#8220;center&#8220;]<h2 class=\"grve-element grve-title grve-align-center grve-h1 grve-increase-heading grve-heading-200\" style=\"\"><span>Nutzungsbedingungen<\/span><\/h2>[\/vc_column][\/vc_row][vc_row padding_top_multiplier=&#8220;&#8220; padding_bottom_multiplier=&#8220;4x&#8220;][vc_column][vc_column_text]<\/p>\r\n<p>Die vorliegende Website geh\u00f6rt Sogolfe \u2013 Empreendimentos Tur\u00edsticos, Sociedade Unipessoal Lda., mit Sitz in Urbaniza\u00e7\u00e3o de Vilamoura, Lotes 4 A\/B \u2013 Subzona 2 \u2013 Sector 5, Vilamoura, Landkreis von Loul\u00e9, Distrikt von Faro, Umsatzsteuer-Identifikationsnummer 503 953 075 (nachfolgend als \u201eSogolfe\u201c bezeichnet) und wird betrieben von Think for Action, S.A., mit Sitz in Rua dos Marinheiros, ZICOFA, 2415-314 Marrazes \u2013 Leiria, PORTUGAL, Umsatzsteuer-Identifikationsnummer 506 470 024, wobei ihre Nutzung durch diese Nutzungsbedingungen geregelt wird.<\/p>\r\n<h3 class=\"wp-block-heading\"><strong>Annahme der Nutzungsbedingungen<\/strong><\/h3>\r\n<p>Der Benutzer der Website (\u201eBenutzer\u201d) erkennt an, dass er bei der Nutzung dieser Website diese Nutzungsbedingungen akzeptiert.<\/p>\r\n<h3><strong>\u00c4nderung der Nutzungsbedingungen<\/strong><\/h3>\r\n<p>Sogolfe beh\u00e4lt sich das Recht vor, jederzeit, ohne vorherige Ank\u00fcndigung und mit sofortiger Wirkung, die vorliegenden Nutzungsbedingungen, ganz oder teilweise, zu \u00e4ndern, zu erg\u00e4nzen, zu aktualisieren oder zu entfernen.<\/p>\r\n<p>Der Benutzer muss regelm\u00e4\u00dfig die Seite dieser Nutzungsbedingungen einsehen, um zu \u00fcberpr\u00fcfen, ob irgendwelche Aktualisierungen oder \u00c4nderungen durchgef\u00fchrt wurden. Falls Sie mit irgendeiner der Nutzungsregeln nicht \u00fcbereinstimmen, sollten Sie die Website nicht nutzen.<\/p>\r\n<h3><strong>Zugang zur Website<\/strong><\/h3>\r\n<p>Der Zugang zur Website unterliegt nicht der Registrierung. Sogolfe hat das exklusive Recht jederzeit, ganz oder teilweise, den Zugang zur Website einzustellen, insbesondere bei Vorg\u00e4ngen der Verwaltung, Wartung, Reparatur, \u00c4nderung oder Modernisierung, und endg\u00fcltig oder vor\u00fcbergehend, jederzeit, entsprechend ihrem Willen, die Website oder jeden der Dienste, ohne vorherige Ank\u00fcndigung, zu beenden.<\/p>\r\n<h3><strong>Nutzung der Website<\/strong><\/h3>\r\n<p>Die Nutzung der Website unterliegt der Einhaltung der folgenden Regeln:<\/p>\r\n<ul>\r\n<li>Benutzen Sie nicht die Website, um irgendeinen illegalen, falschen, irref\u00fchrenden, bedrohenden, b\u00f6sartigen, verletzenden, verleumderischen, beleidigenden, in die Privatsph\u00e4re eines anderen eindringenden, rassistischen, ethischen oder moralisch verwerflichen, die W\u00fcrde der Personen sch\u00e4dlichen oder anst\u00f6\u00dfigen oder f\u00fcr Minderj\u00e4hrige sch\u00e4digenden Inhalt oder einen Inhalt, der das Image von Sogolfe negativ beeinflussen kann, zu senden oder bereitzustellen;<\/li>\r\n<li>Nutzen Sie nicht die Website, um Informationen oder Inhalte zu senden oder bereitzustellen, die Dritten geh\u00f6ren und auf die Sie kein Recht haben, zu nutzen, wie beispielsweise durch Urheberrechte von Dritten gesch\u00fctzte Inhalte oder Inhalte, die personenbezogene Daten von Dritten beinhalten;<\/li>\r\n<li>Nutzen Sie nicht die Website, um irgendeine Art von Material bereitzustellen oder zu \u00fcbertragen, das Viren, W\u00fcrmer, M\u00e4ngel, Trojanische Pferde oder andere Elemente enthalten kann oder Computercodes, Dateien oder Programme, welche die Funktion von irgendeinem Ger\u00e4t oder Computersystem (Hardware oder Software) oder Kommunikationsger\u00e4te unterbrechen, zerst\u00f6ren oder beschr\u00e4nken k\u00f6nnen;<\/li>\r\n<li>Verwenden oder nutzen Sie die Website nicht f\u00fcr kommerzielle Zwecke oder f\u00fcr Zwecke, die auf irgendeine Art bezahlt werden, einschlie\u00dflich ihrer Inhalte, Materialien, Funktionen oder Ressourcen. Sie d\u00fcrfen insbesondere auf der Website nicht f\u00fcr irgendeine Marke, ein Produkt oder einen Dienst werben oder diese vertreiben, wie zum Beispiel \u00fcber Verkaufsangebote, Sponsoranfragen und Wettbewerbswerbung;<\/li>\r\n<li>Entfernen Sie keinen Hinweis \u00fcber Urheberrechte, Markenzeichen oder Hinweise zu Eigentumsrechten;<\/li>\r\n<li>Geben Sie sich nicht f\u00fcr jemanden oder f\u00fcr eine Stelle aus, einschlie\u00dflich, aber nicht beschr\u00e4nkt, als einen Verantwortlichen der Sogolfe, und f\u00fchren oder empfangen Sie nicht irgendjemanden, als ob Sie der Gastgeber w\u00e4ren, und bezeugen Sie keine falsche Verwandschaft oder Verbindungen mit Dritten;<\/li>\r\n<li>\u00dcbertragen oder stellen Sie keinen nicht ersuchten oder nicht autorisierten Inhalt als SPAM bereit;<\/li>\r\n<li>Erfassen, speichern bereitstellen, \u00fcbertragen, nutzen oder geben Sie keine Informationen \u00fcber andere Benutzer f\u00fcr nicht autorisierte Zwecke (einschlie\u00dflich Namen von Benutzern und\/oder E-Mail-Adressen) wieder.<\/li>\r\n<\/ul>\r\n<p>Im Allgemeinen muss der Benutzer die Website auf verantwortliche, umsichtige und sorgf\u00e4ltige Art benutzen und er darf nicht die Kontinuit\u00e4t, Integrit\u00e4t und Qualit\u00e4t der Ressourcen und Funktionen der Website st\u00f6ren oder besch\u00e4digen. Der Benutzer erkennt an, dass die Nutzung, die er von der Website macht, auf sein eigenes Risiko erfolgt, wobei er der einzige Verantwortliche f\u00fcr jeden an seinem System und\/oder Informatikger\u00e4t entstandenen Schaden oder f\u00fcr andere Sch\u00e4den oder Verluste ist, einschlie\u00dflich Verlust oder Besch\u00e4digung von Daten, die aus der Nutzung von Materialien, Inhalten oder Informationen resultieren, die auf irgendeine Art \u00fcber die Website erhalten wurden.<\/p>\r\n<h3><strong>Rechte des geistigen Eigentums<\/strong><\/h3>\r\n<p>Der Benutzer erkennt an, dass die Website, ihr Aufbau und ihre Anordnung, die Auswahl, die Organisation und Pr\u00e4sentation ihres Inhalts, einschlie\u00dflich ihrer Funktionen und die von ihr verwendeten Software, sowie die auf der Website pr\u00e4sentierten Marken, Logos und Symbole der Sogolfe (oder der Gesellschaften, an denen Manuel Champalimaud SGPS, S.A. direkt oder indirekt eine Beteiligung am entsprechenden Stammkapital h\u00e4lt, nachfolgend als \u201eGesellschaften der Gruppe Manuel Champalimaud\u201d bezeichnet) geh\u00f6ren oder die ordnungsgem\u00e4\u00df zugunsten von Sogolfe oder von Gesellschaften der Gruppe Manuel Champalimaud genehmigt sind.<\/p>\r\n<p>Der Benutzer erkennt auch an, dass der Inhalt dieser Website (Texte, Bilder, Grafiken, Ton und Animation und alle anderen bereitgestellten Informationen) durch Rechte des geistigen Eigentums gesch\u00fctzt sind und er verpflichtet sich, diese Rechte zu beachten.<\/p>\r\n<p>Es obliegt Sogolfe, das Design, Layout und die zur Verf\u00fcgung stehenden Informationen, Inhalte und Materialien auf der Website zu verwalten, sodass Sogolfe jederzeit jegliche Inhalte, Dienste, Optionen oder Funktionen aktualisieren, \u00e4ndern oder l\u00f6schen kann sowie ihre Pr\u00e4sentation und Konfiguration modifizieren und die entsprechenden URLs \u00e4ndern kann.<\/p>\r\n<p>Der Benutzer ist nicht autorisiert, auf irgendeine Art die Texte, Bilder oder andere Informationen, die auf dieser Website oder auf einen Teil der Website enthalten sind, ohne vorherige schriftliche Genehmigung von Sogolfe zu \u00fcbertragen, der \u00d6ffentlichkeit mitzuteilen, zu ver\u00f6ffentlichen, der \u00d6ffentlichkeit zur Verf\u00fcgung zu stellen, zu modifizieren, zu \u00e4ndern, zu kopieren, zu verkaufen, zu benutzen oder zu verteilen. Die Benutzung von Marken und Logos auf dieser Website, sowie die Bereitstellung der auf der Website vorhandenen Materialien und Produkte erteilen nicht, und k\u00f6nnen auch nicht in diesem Sinne ausgelegt werden, den Benutzern die Erlaubnis, diese Marken, Logos oder Materialien, direkt oder indirekt, zu nutzen.<\/p>\r\n<h3><strong>Personenbezogene Daten<\/strong><\/h3>\r\n<p>Die Benutzung dieser Website f\u00fchrt nicht zwangsl\u00e4ufig zur Bereitstellung von personenbezogenen Daten. Wenn Sie jedoch beabsichtigen, Kontaktanfragen und Fragen zu stellen, eine Beschwerde einzureichen, Kommentare oder Vorschl\u00e4ge zu geben, m\u00fcssen Sie uns einige Daten angeben, einschlie\u00dflich Ihren Namen und Ihre E-Mail-Adresse, wobei diese unter den Bedingungen verarbeitet werden, die in der auf dieser Website verf\u00fcgbaren Datenschutzerkl\u00e4rung festgelegt sind.<\/p>\r\n<h3><strong>Informationen<\/strong><\/h3>\r\n<p>Die auf dieser\u00a0<em>Website<\/em>\u00a0von Sogolfe bereitgestellten Daten m\u00f6chten im Wesentlichen die Benutzer \u00fcber Aspekte bez\u00fcglich der T\u00e4tigkeit und den von Sogolfe oder von den Gesellschaften der Gruppe Manuel Champalimaud geleisteten Dienste sowie bez\u00fcglich der von diesen beworbenen und\/oder vertriebenen Produkte aufkl\u00e4ren und informieren.<\/p>\r\n<h3><strong>Haftung und Gew\u00e4hrleistungen<\/strong><\/h3>\r\n<p>Die Website wurde entwickelt, um den Interessen unserer Benutzer zu dienen. Jedoch k\u00f6nnen wir nicht garantieren, dass die Website oder eine auf ihr verf\u00fcgbaren Funktion die Bed\u00fcrfnisse und Erwartungen erf\u00fcllt, die Sie haben, oder dass sie Ihre spezifischen Zwecke dient.<\/p>\r\n<p>Sogolfe garantiert auch nicht, dass:<\/p>\r\n<ul>\r\n<li>Die \u00fcber die Benutzung der Website erhaltenen Ergebnisse richtig, wahrheitsgetreu, angemessen oder vertrauensw\u00fcrdig sind;<\/li>\r\n<li>Jeder Rat, jede Empfehlung oder Information jeglicher Art in der Verantwortung von Sogolfe, die auf der Website pr\u00e4sentiert oder bereitgestellt werden oder \u00fcber ihre Nutzung erhalten wurden, aktuell, genau, vollst\u00e4ndig oder frei von Fehlern ist &#8211; Sogolfe informiert, dass sie keine rechtliche Verpflichtung in dieser Sache \u00fcbernimmt;<\/li>\r\n<li>Jegliches Material oder andere Art von Inhalt, die von Dritten \u00fcber die Website bereitgestellt wurden, sicher, rechtm\u00e4\u00dfig oder angemessen ist.<\/li>\r\n<li>Die Qualit\u00e4ten, Funktionen oder Merkmale der Produkte, Dienste, Informationen oder andere Materialien oder Inhalte, die auf der Website ver\u00f6ffentlicht werden, die Erwartung der Benutzer erf\u00fcllen.<\/li>\r\n<\/ul>\r\n<p>Sogolfe haftet nicht f\u00fcr Fehler, die aufgrund von Unregelm\u00e4\u00dfigkeiten des Systems, Ausf\u00e4llen (vor\u00fcbergehend oder permanent) der Website, der Anwendungen oder von anderen Werkzeugen auftreten k\u00f6nnen. Sogolfe ist nicht haftbar f\u00fcr irgendwelche Sch\u00e4den, die aus einer unsachgem\u00e4\u00dfen Nutzung oder der Unm\u00f6glichkeit der Nutzung der Website resultieren.<\/p>\r\n<h3><strong>Links zu Websites von Dritten<\/strong><\/h3>\r\n<p>Sogolfe kann Links zu Seiten anderer Stellen bereitstellen. Diese Websites geh\u00f6ren nicht Sogolfe und werden weder von Sogolfe betrieben noch von ihr kontrolliert, sodass diese auf keine Art f\u00fcr den Inhalt dieser Websites und auch nicht von den Websites, mit denen sie verbunden sind oder die in denen genannt werden, haftet, deren Inhalt genehmigt oder unterst\u00fctzt oder billigt. Die Angabe von Links impliziert auf keinen Fall das Bestehen von Beziehungen zwischen Sogolfe und dem Eigent\u00fcmer oder Verwalter der Website, zu der der Link verweist.<\/p>\r\n<p>Angesichts der Darlegungen haftet Sogolfe weder f\u00fcr die Rechtm\u00e4\u00dfigkeit, Vertrauensw\u00fcrdigkeit oder Qualit\u00e4t von jeglichem hier bereitgestellten Inhalt, noch f\u00fcr die Einhaltung der gesetzlich geltenden Vorschriften in Bezug zu den hier bereitgestellten Inhalten, sodass die Nutzung dieser Links in der alleinigen Verantwortung der Benutzer liegt.<\/p>\r\n<h3><strong>Sicherheit<\/strong><\/h3>\r\n<p>Sogolfe garantiert nicht, dass die Website ununterbrochen funktioniert, frei von Fehlern oder Ausf\u00e4llen ist oder dass sie st\u00e4ndig zur Verf\u00fcgung steht.<\/p>\r\n<p>Sogolfe unternimmt ihre gr\u00f6\u00dften Anstrengungen, damit die Website keine Art von Viren oder anderen Elemente gef\u00e4hrlicher Art f\u00fcr Ihren Computer enth\u00e4lt. Da jedoch Sogolfe nicht die Informationszirkulation \u00fcber das Internet vollst\u00e4ndig kontrollieren kann, kann sie nicht garantieren, dass diese Informationen nicht irgendeine Art von Viren oder andere Elemente enthalten, die Ihren Computer besch\u00e4digen k\u00f6nnen.<\/p>\r\n<p>Um die Sicherheit der Website zu garantieren, kann Sogolfe jederzeit und ohne vorherige Ank\u00fcndigung die notwendigen Ma\u00dfnahmen treffen, um die Integrit\u00e4t, Sicherheit, Kontinuit\u00e4t oder Qualit\u00e4t der Website zu gew\u00e4hrleisten, einschlie\u00dflich Zugangseinschr\u00e4nkungen oder -beschr\u00e4nkungen.<\/p>\r\n<h3><strong>G\u00fcltigkeit der Allgemeinen Nutzungsbedingungen<\/strong><\/h3>\r\n<p>Wenn ein Teil oder eine Bestimmung der vorliegenden Nutzungsbedingungen nicht ausf\u00fchrbar ist oder in Konflikt mit dem anwendbaren Recht steht, wird die G\u00fcltigkeit der anderen Teile oder Bestimmungen nicht ber\u00fchrt.<\/p>\r\n<h3><strong>Fragen<\/strong><\/h3>\r\n<p>Wenn Sie eine Frage \u00fcber die vorliegenden Nutzungsbedingungen haben, senden Sie sie uns bitte \u00fcber E-Mail an <a href=\"mailto:info@familygolfpark.pt\">info@familygolfpark.pt<\/a> oder per Brief an die Adresse Urbaniza\u00e7\u00e3o de Vilamoura, Lotes 4 A\/B \u2013 Subzona 2 \u2013 Sector 5, Vilamoura, concelho de Loul\u00e9, distrito de Faro.<\/p>\r\n<h3><strong>Anwendbares Gesetz<\/strong><\/h3>\r\n<p>Zur Verwaltung, Verabreichung, Verwendung und Anwendung der Nutzungsbedingungen der Website gilt das portugiesische Recht.<\/p>\r\n<h3><strong>Gerichtsstand<\/strong><\/h3>\r\n<p>Um alle Fragen und Rechtsstreitigkeiten zu l\u00f6sen, die aus den vorliegenden Allgemeinen Nutzungsbedingungen auftreten k\u00f6nnen, ist alleinig der Gerichtsstand des Landkreises Lissabon zust\u00e4ndig, mit ausdr\u00fccklichem Verzicht von jedem anderen.<\/p>\r\n<p>[\/vc_column_text][\/vc_column][\/vc_row]<\/p><\/div>","protected":false},"excerpt":{"rendered":"<p>[vc_row heading_color=&#8220;light&#8220; bg_type=&#8220;image&#8220; bg_image=&#8220;17216&#8243; bg_image_type=&#8220;parallax&#8220; pattern_overlay=&#8220;yes&#8220; color_overlay=&#8220;dark&#8220; padding_top_multiplier=&#8220;6x&#8220; padding_bottom_multiplier=&#8220;6x&#8220; separator_top_size=&#8220;30px&#8220; separator_bottom_size=&#8220;30px&#8220; font_color=&#8220;#ffffff&#8220; section_id=&#8220;intro-section&#8220;][vc_column][\/vc_column][\/vc_row][vc_row heading_color=&#8220;primary-3&#8243; padding_top_multiplier=&#8220;4x&#8220; padding_bottom_multiplier=&#8220;4x&#8220; separator_top_size=&#8220;30px&#8220; separator_bottom_size=&#8220;30px&#8220; section_id=&#8220;intro-section&#8220;][vc_column heading_color=&#8220;primary-3&#8243; text_align=&#8220;center&#8220;][\/vc_column][\/vc_row][vc_row padding_top_multiplier=&#8220;&#8220; padding_bottom_multiplier=&#8220;4x&#8220;][vc_column][vc_column_text] Die vorliegende Website geh\u00f6rt Sogolfe \u2013 Empreendimentos Tur\u00edsticos, Sociedade Unipessoal Lda., mit Sitz in Urbaniza\u00e7\u00e3o de Vilamoura, Lotes 4 A\/B \u2013 Subzona 2 \u2013 Sector 5, Vilamoura, Landkreis von Loul\u00e9, Distrikt von [&hellip;]<\/p>\n","protected":false},"author":1,"featured_media":0,"parent":0,"menu_order":0,"comment_status":"closed","ping_status":"open","template":"","meta":{"footnotes":""},"class_list":["post-22841","page","type-page","status-publish","hentry"],"aioseo_notices":[],"_links":{"self":[{"href":"https:\/\/familygolfpark.pt\/de\/wp-json\/wp\/v2\/pages\/22841","targetHints":{"allow":["GET"]}}],"collection":[{"href":"https:\/\/familygolfpark.pt\/de\/wp-json\/wp\/v2\/pages"}],"about":[{"href":"https:\/\/familygolfpark.pt\/de\/wp-json\/wp\/v2\/types\/page"}],"author":[{"embeddable":true,"href":"https:\/\/familygolfpark.pt\/de\/wp-json\/wp\/v2\/users\/1"}],"replies":[{"embeddable":true,"href":"https:\/\/familygolfpark.pt\/de\/wp-json\/wp\/v2\/comments?post=22841"}],"version-history":[{"count":0,"href":"https:\/\/familygolfpark.pt\/de\/wp-json\/wp\/v2\/pages\/22841\/revisions"}],"wp:attachment":[{"href":"https:\/\/familygolfpark.pt\/de\/wp-json\/wp\/v2\/media?parent=22841"}],"curies":[{"name":"wp","href":"https:\/\/api.w.org\/{rel}","templated":true}]}}