{"id":22773,"date":"2016-06-23T11:40:04","date_gmt":"2016-06-23T11:40:04","guid":{"rendered":"https:\/\/familygolfpark.younik.pt\/equipo\/"},"modified":"2026-02-20T08:28:14","modified_gmt":"2026-02-20T08:28:14","slug":"equipo","status":"publish","type":"page","link":"https:\/\/familygolfpark.pt\/es\/equipo\/","title":{"rendered":"Equipo"},"content":{"rendered":"<div class=\"wpb-content-wrapper\"><p>[vc_row heading_color=\u00bblight\u00bb bg_type=\u00bbimage\u00bb bg_image=\u00bb17478&#8243; bg_image_type=\u00bbparallax\u00bb pattern_overlay=\u00bbyes\u00bb color_overlay=\u00bbdark\u00bb padding_top_multiplier=\u00bb6x\u00bb padding_bottom_multiplier=\u00bb6x\u00bb separator_top_size=\u00bb30px\u00bb separator_bottom_size=\u00bb30px\u00bb font_color=\u00bb#ffffff\u00bb section_id=\u00bbintro-section\u00bb][vc_column]<div class=\"grve-empty-space\" style=\"height: 15vh;\"><\/div>[\/vc_column][\/vc_row][vc_row padding_top_multiplier=\u00bb4x\u00bb padding_bottom_multiplier=\u00bb4x\u00bb separator_top_size=\u00bb30px\u00bb separator_bottom_size=\u00bb30px\u00bb section_id=\u00bbintro-section\u00bb][vc_column heading_color=\u00bbprimary-1&#8243; text_align=\u00bbcenter\u00bb]<h1 class=\"grve-element grve-title grve-align-center grve-subtitle-text grve-increase-heading grve-heading-200\" style=\"\"><span>Equipo<\/span><\/h1>[\/vc_column][vc_column heading_color=\u00bbprimary-3&#8243; text_align=\u00bbcenter\u00bb]<h2 class=\"grve-element grve-title grve-align-center grve-h1 grve-increase-heading grve-heading-300\" style=\"\"><span>A qui\u00e9n vas a encontrar?<\/span><\/h2><div class=\"grve-empty-space grve-height-1x\" style=\"\"><\/div>[vc_column_text text_style=\u00bbleader-text\u00bb]<\/p>\n<p style=\"text-align: center;\">Family Golf Park se complace en presentarle a nuestro equipo que estar\u00e1 disponible en su visita.<br \/>\nSu misi\u00f3n es superar las expectativas de los clientes durante su visita al Parque. Con la premisa de los valores de Tradici\u00f3n, \u00c9tica, Solidez y Excelencia, siempre pretendemos hacer que la experiencia de nuestros clientes sea \u00fanica e inolvidable.[\/vc_column_text][\/vc_column][\/vc_row][vc_row padding_top_multiplier=\u00bb\u00bb padding_bottom_multiplier=\u00bb2x\u00bb][vc_column width=\u00bb1\/3&#8243;]\r\n\t\t\t\t<div class=\"grve-team grve-element grve-layout-1 grve-animated-item grve-fade-in-up grve-duration-normal\" style=\"\" data-delay=\"400\">\r\n\t\t\t<figure class=\"grve-image-hover grve-zoom-none\">\r\n\t\t\t\t\t\t\t\t<div class=\"grve-team-person\">\r\n\t\t\t\t\t<div class=\"grve-bg-primary-1 grve-hover-overlay grve-opacity-0\"><\/div>\r\n\t\t\t\t\t<img loading=\"lazy\" decoding=\"async\" width=\"370\" height=\"493\" src=\"https:\/\/familygolfpark.pt\/wp-content\/uploads\/2019\/07\/family-golf-park-team-Julio-hopffer-02-min.jpg\" class=\"attachment-full size-full\" alt=\"\" srcset=\"https:\/\/familygolfpark.pt\/wp-content\/uploads\/2019\/07\/family-golf-park-team-Julio-hopffer-02-min.jpg 370w, https:\/\/familygolfpark.pt\/wp-content\/uploads\/2019\/07\/family-golf-park-team-Julio-hopffer-02-min-225x300.jpg 225w\" sizes=\"auto, (max-width: 370px) 100vw, 370px\" \/>\t\t\t\t<\/div>\r\n\t\t\t\t<figcaption>\r\n\t\t\t\t\t<ul class=\"grve-team-social grve-align-center\">\r\n\t\t\t\t\t\t\t\t\t\t\t<\/ul>\r\n\t\t\t\t<\/figcaption>\r\n\t\t\t<\/figure>\r\n\t\t\t<div class=\"grve-team-description grve-align-center\">\r\n\t\t\t\t\t\t\t\t<div class=\"grve-team-identity grve-link-text\">RESPONSABLE DE ADMINISTRACI\u00d3N<\/div>\r\n\t\t\t\t\t\t\t\t\t\t\t\t<h3 class=\"grve-team-name grve-text-hover-primary-1 grve-h5\">Julio Hopffer<\/h3>\r\n\t\t\t\t\t\t\t<\/div>\r\n\t\t<\/div>\r\n\t\t\r\n\t\t<div class=\"grve-empty-space grve-height-1x\" style=\"\"><\/div>[vc_column_text css=\u00bb.vc_custom_1623232412678{padding-right: 4% !important;padding-left: 4% !important;}\u00bb text_style=\u00bbleader-text\u00bb animation=\u00bbgrve-fade-in-up\u00bb]<\/p>\n<p style=\"text-align: center;\"><em>\u201cAyudar al equipo y, por consiguiente, al Family Golf Park a alcanzar sus m\u00e1s ambiciosos objetivos\u201d<\/em><\/p>\n<p>[\/vc_column_text][\/vc_column][vc_column width=\u00bb1\/3&#8243;]\r\n\t\t\t\t<div class=\"grve-team grve-element grve-layout-1 grve-animated-item grve-fade-in-up grve-duration-normal\" style=\"\" data-delay=\"400\">\r\n\t\t\t<figure class=\"grve-image-hover grve-zoom-none\">\r\n\t\t\t\t\t\t\t\t<div class=\"grve-team-person\">\r\n\t\t\t\t\t<div class=\"grve-bg-primary-1 grve-hover-overlay grve-opacity-0\"><\/div>\r\n\t\t\t\t\t<img loading=\"lazy\" decoding=\"async\" width=\"370\" height=\"493\" src=\"https:\/\/familygolfpark.pt\/wp-content\/uploads\/2019\/07\/family-golf-park-team-tiago-coelho-min.jpg\" class=\"attachment-full size-full\" alt=\"\" srcset=\"https:\/\/familygolfpark.pt\/wp-content\/uploads\/2019\/07\/family-golf-park-team-tiago-coelho-min.jpg 370w, https:\/\/familygolfpark.pt\/wp-content\/uploads\/2019\/07\/family-golf-park-team-tiago-coelho-min-225x300.jpg 225w\" sizes=\"auto, (max-width: 370px) 100vw, 370px\" \/>\t\t\t\t<\/div>\r\n\t\t\t\t<figcaption>\r\n\t\t\t\t\t<ul class=\"grve-team-social grve-align-center\">\r\n\t\t\t\t\t\t\t\t\t\t\t<\/ul>\r\n\t\t\t\t<\/figcaption>\r\n\t\t\t<\/figure>\r\n\t\t\t<div class=\"grve-team-description grve-align-center\">\r\n\t\t\t\t\t\t\t\t<div class=\"grve-team-identity grve-link-text\">RESPONSABLE DE OPERACIONES<\/div>\r\n\t\t\t\t\t\t\t\t\t\t\t\t<h3 class=\"grve-team-name grve-text-hover-primary-1 grve-h5\">Tiago Coelho<\/h3>\r\n\t\t\t\t\t\t\t<\/div>\r\n\t\t<\/div>\r\n\t\t\r\n\t\t<div class=\"grve-empty-space grve-height-1x\" style=\"\"><\/div>[vc_column_text css=\u00bb.vc_custom_1623232443973{padding-right: 4% !important;padding-left: 4% !important;}\u00bb text_style=\u00bbleader-text\u00bb animation=\u00bbgrve-fade-in-up\u00bb]<\/p>\n<p style=\"text-align: center;\"><em>\u201cResulta muy gratificante trabajar para alcanzar la m\u00e1xima calidad, ya que todos los d\u00edas recibimos las felicitaciones de los clientes que nos visitan\u201d<\/em><\/p>\n<p>[\/vc_column_text][\/vc_column][\/vc_row][vc_row padding_top_multiplier=\u00bb\u00bb padding_bottom_multiplier=\u00bb2x\u00bb][vc_column width=\u00bb1\/3&#8243;]\r\n\t\t\t\t<div class=\"grve-team grve-element grve-layout-1 grve-animated-item grve-fade-in-up grve-duration-normal\" style=\"\" data-delay=\"400\">\r\n\t\t\t<figure class=\"grve-image-hover grve-zoom-none\">\r\n\t\t\t\t\t\t\t\t<div class=\"grve-team-person\">\r\n\t\t\t\t\t<div class=\"grve-bg-primary-1 grve-hover-overlay grve-opacity-0\"><\/div>\r\n\t\t\t\t\t<img loading=\"lazy\" decoding=\"async\" width=\"370\" height=\"493\" src=\"https:\/\/familygolfpark.pt\/wp-content\/uploads\/2019\/07\/family-golf-park-team-vera-rodrigues-min.jpg\" class=\"attachment-full size-full\" alt=\"\" srcset=\"https:\/\/familygolfpark.pt\/wp-content\/uploads\/2019\/07\/family-golf-park-team-vera-rodrigues-min.jpg 370w, https:\/\/familygolfpark.pt\/wp-content\/uploads\/2019\/07\/family-golf-park-team-vera-rodrigues-min-225x300.jpg 225w\" sizes=\"auto, (max-width: 370px) 100vw, 370px\" \/>\t\t\t\t<\/div>\r\n\t\t\t\t<figcaption>\r\n\t\t\t\t\t<ul class=\"grve-team-social grve-align-center\">\r\n\t\t\t\t\t\t\t\t\t\t\t<\/ul>\r\n\t\t\t\t<\/figcaption>\r\n\t\t\t<\/figure>\r\n\t\t\t<div class=\"grve-team-description grve-align-center\">\r\n\t\t\t\t\t\t\t\t<div class=\"grve-team-identity grve-link-text\">RECEPCIONISTA<\/div>\r\n\t\t\t\t\t\t\t\t\t\t\t\t<h3 class=\"grve-team-name grve-text-hover-primary-1 grve-h5\">Vera Rodrigues<\/h3>\r\n\t\t\t\t\t\t\t<\/div>\r\n\t\t<\/div>\r\n\t\t\r\n\t\t<div class=\"grve-empty-space grve-height-1x\" style=\"\"><\/div>[vc_column_text css=\u00bb.vc_custom_1623232555161{padding-right: 4% !important;padding-left: 4% !important;}\u00bb text_style=\u00bbleader-text\u00bb animation=\u00bbgrve-fade-in-up\u00bb]<\/p>\n<p style=\"text-align: center;\"><em>\u201cEn estos quince a\u00f1os aqu\u00ed adquir\u00ed mucha experiencia, y conoc\u00ed a excelentes compa\u00f1eros y a clientes espectaculares\u201d<\/em><\/p>\n<p>[\/vc_column_text][\/vc_column][vc_column width=\u00bb1\/3&#8243;]\r\n\t\t\t\t<div class=\"grve-team grve-element grve-layout-1 grve-animated-item grve-fade-in-up grve-duration-normal\" style=\"\" data-delay=\"400\">\r\n\t\t\t<figure class=\"grve-image-hover grve-zoom-none\">\r\n\t\t\t\t\t\t\t\t<div class=\"grve-team-person\">\r\n\t\t\t\t\t<div class=\"grve-bg-primary-1 grve-hover-overlay grve-opacity-0\"><\/div>\r\n\t\t\t\t\t<img loading=\"lazy\" decoding=\"async\" width=\"370\" height=\"493\" src=\"https:\/\/familygolfpark.pt\/wp-content\/uploads\/2019\/07\/family-golf-park-team-maria-joao-celorico-min.jpg\" class=\"attachment-full size-full\" alt=\"\" srcset=\"https:\/\/familygolfpark.pt\/wp-content\/uploads\/2019\/07\/family-golf-park-team-maria-joao-celorico-min.jpg 370w, https:\/\/familygolfpark.pt\/wp-content\/uploads\/2019\/07\/family-golf-park-team-maria-joao-celorico-min-225x300.jpg 225w\" sizes=\"auto, (max-width: 370px) 100vw, 370px\" \/>\t\t\t\t<\/div>\r\n\t\t\t\t<figcaption>\r\n\t\t\t\t\t<ul class=\"grve-team-social grve-align-center\">\r\n\t\t\t\t\t\t\t\t\t\t\t<\/ul>\r\n\t\t\t\t<\/figcaption>\r\n\t\t\t<\/figure>\r\n\t\t\t<div class=\"grve-team-description grve-align-center\">\r\n\t\t\t\t\t\t\t\t<div class=\"grve-team-identity grve-link-text\">Empleado de Bar<\/div>\r\n\t\t\t\t\t\t\t\t\t\t\t\t<h3 class=\"grve-team-name grve-text-hover-primary-1 grve-h5\">Maria Jo\u00e3o<\/h3>\r\n\t\t\t\t\t\t\t<\/div>\r\n\t\t<\/div>\r\n\t\t\r\n\t\t<div class=\"grve-empty-space grve-height-1x\" style=\"\"><\/div>[vc_column_text css=\u00bb.vc_custom_1623232643451{padding-right: 4% !important;padding-left: 4% !important;}\u00bb text_style=\u00bbleader-text\u00bb animation=\u00bbgrve-fade-in-up\u00bb]<\/p>\n<p style=\"text-align: center;\"><em>\u201cPara destacar, intentamos ofrecer siempre la m\u00e1xima calidad\u201d<\/em><\/p>\n<p>[\/vc_column_text][\/vc_column][vc_column width=\u00bb1\/3&#8243;]\r\n\t\t\t\t<div class=\"grve-team grve-element grve-layout-1 grve-animated-item grve-fade-in-up grve-duration-normal\" style=\"\" data-delay=\"400\">\r\n\t\t\t<figure class=\"grve-image-hover grve-zoom-none\">\r\n\t\t\t\t\t\t\t\t<div class=\"grve-team-person\">\r\n\t\t\t\t\t<div class=\"grve-bg-primary-1 grve-hover-overlay grve-opacity-0\"><\/div>\r\n\t\t\t\t\t<img loading=\"lazy\" decoding=\"async\" width=\"370\" height=\"493\" src=\"https:\/\/familygolfpark.pt\/wp-content\/uploads\/2026\/02\/family-golf-park-team-Goncalo-Neves.webp\" class=\"attachment-full size-full\" alt=\"\" srcset=\"https:\/\/familygolfpark.pt\/wp-content\/uploads\/2026\/02\/family-golf-park-team-Goncalo-Neves.webp 370w, https:\/\/familygolfpark.pt\/wp-content\/uploads\/2026\/02\/family-golf-park-team-Goncalo-Neves-225x300.webp 225w\" sizes=\"auto, (max-width: 370px) 100vw, 370px\" \/>\t\t\t\t<\/div>\r\n\t\t\t\t<figcaption>\r\n\t\t\t\t\t<ul class=\"grve-team-social grve-align-center\">\r\n\t\t\t\t\t\t\t\t\t\t\t<\/ul>\r\n\t\t\t\t<\/figcaption>\r\n\t\t\t<\/figure>\r\n\t\t\t<div class=\"grve-team-description grve-align-center\">\r\n\t\t\t\t\t\t\t\t<div class=\"grve-team-identity grve-link-text\">Empleado de bar<\/div>\r\n\t\t\t\t\t\t\t\t\t\t\t\t<h3 class=\"grve-team-name grve-text-hover-primary-1 grve-h5\">Gon\u00e7alo Neves<\/h3>\r\n\t\t\t\t\t\t\t<\/div>\r\n\t\t<\/div>\r\n\t\t\r\n\t\t<div class=\"grve-empty-space grve-height-1x\" style=\"\"><\/div>[vc_column_text css=\u00bb.vc_custom_1771499539316{padding-right: 4% !important;padding-left: 4% !important;}\u00bb text_style=\u00bbleader-text\u00bb animation=\u00bbgrve-fade-in-up\u00bb]<\/p>\n<p style=\"text-align: center;\"><em>\u201cUn ambiente amigable y espectacular que ayuda a realizar las tareas con mejor calidad y alegr\u00eda.\u201d<\/em><\/p>\n<p>[\/vc_column_text][\/vc_column][\/vc_row][vc_row padding_top_multiplier=\u00bb\u00bb padding_bottom_multiplier=\u00bb2x\u00bb][vc_column width=\u00bb1\/3&#8243;]\r\n\t\t\t\t<div class=\"grve-team grve-element grve-layout-1 grve-animated-item grve-fade-in-up grve-duration-normal\" style=\"\" data-delay=\"400\">\r\n\t\t\t<figure class=\"grve-image-hover grve-zoom-none\">\r\n\t\t\t\t\t\t\t\t<div class=\"grve-team-person\">\r\n\t\t\t\t\t<div class=\"grve-bg-primary-1 grve-hover-overlay grve-opacity-0\"><\/div>\r\n\t\t\t\t\t<img loading=\"lazy\" decoding=\"async\" width=\"370\" height=\"493\" src=\"https:\/\/familygolfpark.pt\/wp-content\/uploads\/2019\/07\/family-golf-park-team-paulo-silva-min.jpg\" class=\"attachment-full size-full\" alt=\"\" srcset=\"https:\/\/familygolfpark.pt\/wp-content\/uploads\/2019\/07\/family-golf-park-team-paulo-silva-min.jpg 370w, https:\/\/familygolfpark.pt\/wp-content\/uploads\/2019\/07\/family-golf-park-team-paulo-silva-min-225x300.jpg 225w\" sizes=\"auto, (max-width: 370px) 100vw, 370px\" \/>\t\t\t\t<\/div>\r\n\t\t\t\t<figcaption>\r\n\t\t\t\t\t<ul class=\"grve-team-social grve-align-center\">\r\n\t\t\t\t\t\t\t\t\t\t\t<\/ul>\r\n\t\t\t\t<\/figcaption>\r\n\t\t\t<\/figure>\r\n\t\t\t<div class=\"grve-team-description grve-align-center\">\r\n\t\t\t\t\t\t\t\t<div class=\"grve-team-identity grve-link-text\">JEFE DE MANTENIMIENTO<\/div>\r\n\t\t\t\t\t\t\t\t\t\t\t\t<h3 class=\"grve-team-name grve-text-hover-primary-1 grve-h5\">Paulo Roberto<\/h3>\r\n\t\t\t\t\t\t\t<\/div>\r\n\t\t<\/div>\r\n\t\t\r\n\t\t<div class=\"grve-empty-space grve-height-1x\" style=\"\"><\/div>[vc_column_text css=\u00bb.vc_custom_1623232717116{padding-right: 4% !important;padding-left: 4% !important;}\u00bb text_style=\u00bbleader-text\u00bb animation=\u00bbgrve-fade-in-up\u00bb]<\/p>\n<p style=\"text-align: center;\"><em>\u201cEl Family Golf Park es un lugar en el que me siento bien. Y eso no tiene precio\u201d<\/em><\/p>\n<p>[\/vc_column_text][\/vc_column][vc_column width=\u00bb1\/3&#8243;]\r\n\t\t\t\t<div class=\"grve-team grve-element grve-layout-1 grve-animated-item grve-fade-in-up grve-duration-normal\" style=\"\" data-delay=\"400\">\r\n\t\t\t<figure class=\"grve-image-hover grve-zoom-none\">\r\n\t\t\t\t\t\t\t\t<div class=\"grve-team-person\">\r\n\t\t\t\t\t<div class=\"grve-bg-primary-1 grve-hover-overlay grve-opacity-0\"><\/div>\r\n\t\t\t\t\t<img loading=\"lazy\" decoding=\"async\" width=\"370\" height=\"493\" src=\"https:\/\/familygolfpark.pt\/wp-content\/uploads\/2026\/02\/family-golf-park-team-Jesus-Porras.webp\" class=\"attachment-full size-full\" alt=\"\" srcset=\"https:\/\/familygolfpark.pt\/wp-content\/uploads\/2026\/02\/family-golf-park-team-Jesus-Porras.webp 370w, https:\/\/familygolfpark.pt\/wp-content\/uploads\/2026\/02\/family-golf-park-team-Jesus-Porras-225x300.webp 225w\" sizes=\"auto, (max-width: 370px) 100vw, 370px\" \/>\t\t\t\t<\/div>\r\n\t\t\t\t<figcaption>\r\n\t\t\t\t\t<ul class=\"grve-team-social grve-align-center\">\r\n\t\t\t\t\t\t\t\t\t\t\t<\/ul>\r\n\t\t\t\t<\/figcaption>\r\n\t\t\t<\/figure>\r\n\t\t\t<div class=\"grve-team-description grve-align-center\">\r\n\t\t\t\t\t\t\t\t<div class=\"grve-team-identity grve-link-text\">Conductor de tren<\/div>\r\n\t\t\t\t\t\t\t\t\t\t\t\t<h3 class=\"grve-team-name grve-text-hover-primary-1 grve-h5\">Jesus Porras<\/h3>\r\n\t\t\t\t\t\t\t<\/div>\r\n\t\t<\/div>\r\n\t\t\r\n\t\t<div class=\"grve-empty-space grve-height-1x\" style=\"\"><\/div>[vc_column_text css=\u00bb.vc_custom_1771499647141{padding-right: 4% !important;padding-left: 4% !important;}\u00bb text_style=\u00bbleader-text\u00bb animation=\u00bbgrve-fade-in-up\u00bb]<\/p>\n<p style=\"text-align: center;\"><em>\u201cA bordo del tren tur\u00edstico FGP, gu\u00edo a los visitantes por los lugares m\u00e1s emblem\u00e1ticos de la ciudad, combinando comodidad, entretenimiento y hospitalidad. Mi misi\u00f3n es hacer de cada viaje una experiencia \u00fanica para toda la familia.\u201d<\/em><\/p>\n<p>[\/vc_column_text][\/vc_column][vc_column width=\u00bb1\/3&#8243;]\r\n\t\t\t\t<div class=\"grve-team grve-element grve-layout-1 grve-animated-item grve-fade-in-up grve-duration-normal\" style=\"\" data-delay=\"400\">\r\n\t\t\t<figure class=\"grve-image-hover grve-zoom-none\">\r\n\t\t\t\t\t\t\t\t<div class=\"grve-team-person\">\r\n\t\t\t\t\t<div class=\"grve-bg-primary-1 grve-hover-overlay grve-opacity-0\"><\/div>\r\n\t\t\t\t\t<img loading=\"lazy\" decoding=\"async\" width=\"370\" height=\"493\" src=\"https:\/\/familygolfpark.pt\/wp-content\/uploads\/2026\/02\/family-golf-park-team-David-Oliveira.webp\" class=\"attachment-full size-full\" alt=\"\" srcset=\"https:\/\/familygolfpark.pt\/wp-content\/uploads\/2026\/02\/family-golf-park-team-David-Oliveira.webp 370w, https:\/\/familygolfpark.pt\/wp-content\/uploads\/2026\/02\/family-golf-park-team-David-Oliveira-225x300.webp 225w\" sizes=\"auto, (max-width: 370px) 100vw, 370px\" \/>\t\t\t\t<\/div>\r\n\t\t\t\t<figcaption>\r\n\t\t\t\t\t<ul class=\"grve-team-social grve-align-center\">\r\n\t\t\t\t\t\t\t\t\t\t\t<\/ul>\r\n\t\t\t\t<\/figcaption>\r\n\t\t\t<\/figure>\r\n\t\t\t<div class=\"grve-team-description grve-align-center\">\r\n\t\t\t\t\t\t\t\t<div class=\"grve-team-identity grve-link-text\">Recepcionista<\/div>\r\n\t\t\t\t\t\t\t\t\t\t\t\t<h3 class=\"grve-team-name grve-text-hover-primary-1 grve-h5\">David Oliveira<\/h3>\r\n\t\t\t\t\t\t\t<\/div>\r\n\t\t<\/div>\r\n\t\t\r\n\t\t<div class=\"grve-empty-space grve-height-1x\" style=\"\"><\/div>[vc_column_text css=\u00bb.vc_custom_1771576091260{padding-right: 4% !important;padding-left: 4% !important;}\u00bb text_style=\u00bbleader-text\u00bb animation=\u00bbgrve-fade-in-up\u00bb]<\/p>\n<p style=\"text-align: center;\"><em>\u201cFamily Golf Park es ideal para toda la familia y cuenta con un personal amable y acogedor.\u201d<\/em><\/p>\n<p>[\/vc_column_text][\/vc_column][\/vc_row][vc_row padding_top_multiplier=\u00bb\u00bb padding_bottom_multiplier=\u00bb2x\u00bb][vc_column width=\u00bb1\/3&#8243;]\r\n\t\t\t\t<div class=\"grve-team grve-element grve-layout-1 grve-animated-item grve-fade-in-up grve-duration-normal\" style=\"\" data-delay=\"400\">\r\n\t\t\t<figure class=\"grve-image-hover grve-zoom-none\">\r\n\t\t\t\t\t\t\t\t<div class=\"grve-team-person\">\r\n\t\t\t\t\t<div class=\"grve-bg-primary-1 grve-hover-overlay grve-opacity-0\"><\/div>\r\n\t\t\t\t\t<img loading=\"lazy\" decoding=\"async\" width=\"370\" height=\"493\" src=\"https:\/\/familygolfpark.pt\/wp-content\/uploads\/2019\/07\/family-golf-park-team-caludio-souza-02-min.jpg\" class=\"attachment-full size-full\" alt=\"\" srcset=\"https:\/\/familygolfpark.pt\/wp-content\/uploads\/2019\/07\/family-golf-park-team-caludio-souza-02-min.jpg 370w, https:\/\/familygolfpark.pt\/wp-content\/uploads\/2019\/07\/family-golf-park-team-caludio-souza-02-min-225x300.jpg 225w\" sizes=\"auto, (max-width: 370px) 100vw, 370px\" \/>\t\t\t\t<\/div>\r\n\t\t\t\t<figcaption>\r\n\t\t\t\t\t<ul class=\"grve-team-social grve-align-center\">\r\n\t\t\t\t\t\t\t\t\t\t\t<\/ul>\r\n\t\t\t\t<\/figcaption>\r\n\t\t\t<\/figure>\r\n\t\t\t<div class=\"grve-team-description grve-align-center\">\r\n\t\t\t\t\t\t\t\t<div class=\"grve-team-identity grve-link-text\">JARDINERO<\/div>\r\n\t\t\t\t\t\t\t\t\t\t\t\t<h3 class=\"grve-team-name grve-text-hover-primary-1 grve-h5\">Claudio Souza<\/h3>\r\n\t\t\t\t\t\t\t<\/div>\r\n\t\t<\/div>\r\n\t\t\r\n\t\t<div class=\"grve-empty-space grve-height-1x\" style=\"\"><\/div>[vc_column_text css=\u00bb.vc_custom_1623232766327{padding-right: 4% !important;padding-left: 4% !important;}\u00bb text_style=\u00bbleader-text\u00bb animation=\u00bbgrve-fade-in-up\u00bb]<\/p>\n<p style=\"text-align: center;\"><em>\u201cDesde hace ocho a\u00f1os, soy el responsable del mantenimiento del jard\u00edn. Es un buen trabajo, por el ambiente alegre y familiar. Pero no menos importantes son nuestros clientes, que tanto en persona como a trav\u00e9s de las redes sociales nos transmiten sus mejores deseos y su agradecimiento. Y eso es una gran motivaci\u00f3n para hacerlo cada d\u00eda mejor\u201d<\/em><\/p>\n<p>[\/vc_column_text][\/vc_column][vc_column width=\u00bb1\/3&#8243;]\r\n\t\t\t\t<div class=\"grve-team grve-element grve-layout-1 grve-animated-item grve-fade-in-up grve-duration-normal\" style=\"\" data-delay=\"400\">\r\n\t\t\t<figure class=\"grve-image-hover grve-zoom-none\">\r\n\t\t\t\t\t\t\t\t<div class=\"grve-team-person\">\r\n\t\t\t\t\t<div class=\"grve-bg-primary-1 grve-hover-overlay grve-opacity-0\"><\/div>\r\n\t\t\t\t\t<img loading=\"lazy\" decoding=\"async\" width=\"370\" height=\"493\" src=\"https:\/\/familygolfpark.pt\/wp-content\/uploads\/2019\/07\/family-golf-park-team-ana-vieira-02-min.jpg\" class=\"attachment-full size-full\" alt=\"\" srcset=\"https:\/\/familygolfpark.pt\/wp-content\/uploads\/2019\/07\/family-golf-park-team-ana-vieira-02-min.jpg 370w, https:\/\/familygolfpark.pt\/wp-content\/uploads\/2019\/07\/family-golf-park-team-ana-vieira-02-min-225x300.jpg 225w\" sizes=\"auto, (max-width: 370px) 100vw, 370px\" \/>\t\t\t\t<\/div>\r\n\t\t\t\t<figcaption>\r\n\t\t\t\t\t<ul class=\"grve-team-social grve-align-center\">\r\n\t\t\t\t\t\t\t\t\t\t\t<\/ul>\r\n\t\t\t\t<\/figcaption>\r\n\t\t\t<\/figure>\r\n\t\t\t<div class=\"grve-team-description grve-align-center\">\r\n\t\t\t\t\t\t\t\t<div class=\"grve-team-identity grve-link-text\">Empleado de Bar<\/div>\r\n\t\t\t\t\t\t\t\t\t\t\t\t<h3 class=\"grve-team-name grve-text-hover-primary-1 grve-h5\">Ana Vieira<\/h3>\r\n\t\t\t\t\t\t\t<\/div>\r\n\t\t<\/div>\r\n\t\t\r\n\t\t<div class=\"grve-empty-space grve-height-1x\" style=\"\"><\/div>[vc_column_text css=\u00bb.vc_custom_1623232789070{padding-right: 4% !important;padding-left: 4% !important;}\u00bb text_style=\u00bbleader-text\u00bb animation=\u00bbgrve-fade-in-up\u00bb]<\/p>\n<p style=\"text-align: center;\"><em>\u201cEs estupendo poder hacer lo que a uno le gusta. Y a m\u00ed me gusta trabajar en el Family Golf Park. Es como mi segunda familia. Adem\u00e1s, todo el esfuerzo que hago para realizar mi trabajo con la m\u00e1xima calidad siempre ha sido reconocido tanto por la empresa como por los propios clientes\u201d<\/em><\/p>\n<p>[\/vc_column_text][\/vc_column][vc_column width=\u00bb1\/3&#8243;]\r\n\t\t\t\t<div class=\"grve-team grve-element grve-layout-1 grve-animated-item grve-fade-in-up grve-duration-normal\" style=\"\" data-delay=\"400\">\r\n\t\t\t<figure class=\"grve-image-hover grve-zoom-none\">\r\n\t\t\t\t\t\t\t\t<div class=\"grve-team-person\">\r\n\t\t\t\t\t<div class=\"grve-bg-primary-1 grve-hover-overlay grve-opacity-0\"><\/div>\r\n\t\t\t\t\t<img loading=\"lazy\" decoding=\"async\" width=\"370\" height=\"493\" src=\"https:\/\/familygolfpark.pt\/wp-content\/uploads\/2026\/02\/family-golf-park-team-Laurinda-Costa.webp\" class=\"attachment-full size-full\" alt=\"\" srcset=\"https:\/\/familygolfpark.pt\/wp-content\/uploads\/2026\/02\/family-golf-park-team-Laurinda-Costa.webp 370w, https:\/\/familygolfpark.pt\/wp-content\/uploads\/2026\/02\/family-golf-park-team-Laurinda-Costa-225x300.webp 225w\" sizes=\"auto, (max-width: 370px) 100vw, 370px\" \/>\t\t\t\t<\/div>\r\n\t\t\t\t<figcaption>\r\n\t\t\t\t\t<ul class=\"grve-team-social grve-align-center\">\r\n\t\t\t\t\t\t\t\t\t\t\t<\/ul>\r\n\t\t\t\t<\/figcaption>\r\n\t\t\t<\/figure>\r\n\t\t\t<div class=\"grve-team-description grve-align-center\">\r\n\t\t\t\t\t\t\t\t<div class=\"grve-team-identity grve-link-text\">Limpieza<\/div>\r\n\t\t\t\t\t\t\t\t\t\t\t\t<h3 class=\"grve-team-name grve-text-hover-primary-1 grve-h5\">Laurinda Costa<\/h3>\r\n\t\t\t\t\t\t\t<\/div>\r\n\t\t<\/div>\r\n\t\t\r\n\t\t<div class=\"grve-empty-space grve-height-1x\" style=\"\"><\/div>[vc_column_text css=\u00bb.vc_custom_1771499699677{padding-right: 4% !important;padding-left: 4% !important;}\u00bb text_style=\u00bbleader-text\u00bb animation=\u00bbgrve-fade-in-up\u00bb]<\/p>\n<p style=\"text-align: center;\"><em>\u201cTrabajar en el departamento de limpieza de fGP y saber que mi esfuerzo tambi\u00e9n garantiza la luminosidad y la comodidad de todo el espacio es gratificante. Es un orgullo ver la excelente imagen de fGP siempre impecable y saber que mi trabajo tambi\u00e9n contribuye al bienestar de nuestros clientes.\u201d<\/em><\/p>\n<p>[\/vc_column_text][\/vc_column][\/vc_row][vc_row][vc_column]<div class=\"grve-empty-space grve-height-2x\" style=\"\"><\/div>[\/vc_column][\/vc_row]<\/p>\n<\/div>","protected":false},"excerpt":{"rendered":"<p>Com a premissa de valores de Tradi\u00e7\u00e3o, \u00a0\u00c9tica, Solidez e Excel\u00eancia, pretendemos sempre tornar a experi\u00eancia dos nosso clientes \u00fanica e inesquec\u00edvel.<\/p>\n","protected":false},"author":1,"featured_media":0,"parent":0,"menu_order":0,"comment_status":"closed","ping_status":"closed","template":"","meta":{"footnotes":""},"class_list":["post-22773","page","type-page","status-publish","hentry"],"aioseo_notices":[],"_links":{"self":[{"href":"https:\/\/familygolfpark.pt\/es\/wp-json\/wp\/v2\/pages\/22773","targetHints":{"allow":["GET"]}}],"collection":[{"href":"https:\/\/familygolfpark.pt\/es\/wp-json\/wp\/v2\/pages"}],"about":[{"href":"https:\/\/familygolfpark.pt\/es\/wp-json\/wp\/v2\/types\/page"}],"author":[{"embeddable":true,"href":"https:\/\/familygolfpark.pt\/es\/wp-json\/wp\/v2\/users\/1"}],"replies":[{"embeddable":true,"href":"https:\/\/familygolfpark.pt\/es\/wp-json\/wp\/v2\/comments?post=22773"}],"version-history":[{"count":4,"href":"https:\/\/familygolfpark.pt\/es\/wp-json\/wp\/v2\/pages\/22773\/revisions"}],"predecessor-version":[{"id":23411,"href":"https:\/\/familygolfpark.pt\/es\/wp-json\/wp\/v2\/pages\/22773\/revisions\/23411"}],"wp:attachment":[{"href":"https:\/\/familygolfpark.pt\/es\/wp-json\/wp\/v2\/media?parent=22773"}],"curies":[{"name":"wp","href":"https:\/\/api.w.org\/{rel}","templated":true}]}}