{"id":22783,"date":"2016-06-29T14:30:06","date_gmt":"2016-06-29T14:30:06","guid":{"rendered":"https:\/\/familygolfpark.younik.pt\/galeria\/"},"modified":"2024-12-13T14:50:02","modified_gmt":"2024-12-13T14:50:02","slug":"galeria","status":"publish","type":"page","link":"https:\/\/familygolfpark.pt\/es\/galeria\/","title":{"rendered":"Galer\u00eda"},"content":{"rendered":"<div class=\"wpb-content-wrapper\"><p>[vc_row heading_color=\u00bblight\u00bb bg_type=\u00bbimage\u00bb bg_image=\u00bb16645&#8243; bg_image_type=\u00bbparallax\u00bb pattern_overlay=\u00bbyes\u00bb color_overlay=\u00bbprimary-3&#8243; opacity_overlay=\u00bb30&#8243; padding_top_multiplier=\u00bb6x\u00bb padding_bottom_multiplier=\u00bb6x\u00bb separator_top_size=\u00bb30px\u00bb separator_bottom_size=\u00bb30px\u00bb font_color=\u00bb#ffffff\u00bb section_id=\u00bbintro-section\u00bb][vc_column]<div class=\"grve-empty-space\" style=\"height: 15vh;\"><\/div>[\/vc_column][\/vc_row][vc_row padding_top_multiplier=\u00bb4x\u00bb padding_bottom_multiplier=\u00bb4x\u00bb separator_top_size=\u00bb30px\u00bb separator_bottom_size=\u00bb30px\u00bb section_id=\u00bbintro-section\u00bb][vc_column heading_color=\u00bbprimary-1&#8243; text_align=\u00bbcenter\u00bb]<h1 class=\"grve-element grve-title grve-align-center grve-subtitle-text grve-increase-heading grve-heading-200\" style=\"\"><span>Galer\u00eda<\/span><\/h1>[\/vc_column][vc_column heading_color=\u00bbprimary-3&#8243; text_align=\u00bbcenter\u00bb]<h2 class=\"grve-element grve-title grve-align-center grve-h1 grve-increase-heading grve-heading-300\" style=\"\"><span>Nuestro parque<\/span><\/h2><div class=\"grve-empty-space grve-height-1x\" style=\"\"><\/div>[vc_column_text text_style=\u00bbleader-text\u00bb]<\/p>\n<p style=\"text-align: center;\">Vea la galer\u00eda de im\u00e1genes de Family Golf Park. Para que puedas refrescarte, tenemos el aire acondicionado encendido durante el d\u00eda. Por la noche contamos con iluminaci\u00f3n para que puedas vivir la misma diversi\u00f3n y disfrutar de la belleza del paisaje.<\/p>\n<p>[\/vc_column_text][\/vc_column][\/vc_row][vc_row][vc_column][vc_column_text]<\/p>\n<p>[\/vc_column_text][\/vc_column][\/vc_row][vc_row section_type=\u00bbfullwidth\u00bb padding_top_multiplier=\u00bbcustom\u00bb padding_bottom_multiplier=\u00bb\u00bb columns_gap=\u00bbnone\u00bb padding_top=\u00bb10&#8243;][vc_column]<div class=\"grve-element grve-gallery grve-isotope grve-gallery-popup grve-with-gap\" style=\"\" data-columns=\"4\" data-columns-large-screen=\"4\" data-columns-tablet-landscape=\"3\" data-columns-tablet-portrait=\"2\" data-columns-mobile=\"1\" data-layout=\"masonry\" data-gutter-size=\"5\">  <div class=\"grve-isotope-container\"><div class=\"grve-isotope-item grve-hover-item grve-hover-style-3 grve-image-square\"><div class=\"grve-isotope-item-inner grve-zoom-in\">  <figure class=\"grve-image-hover\">    <a class=\"grve-item-url\" href=\"https:\/\/familygolfpark.pt\/wp-content\/uploads\/2022\/06\/Family-Golf-Park_2.webp\"  data-title=\"Family Golf Park\"><\/a>    <div class=\"grve-hover-overlay grve-bg-primary-1 grve-opacity-90\"><\/div><div class=\"grve-media\"><img loading=\"lazy\" decoding=\"async\" width=\"560\" height=\"560\" src=\"https:\/\/familygolfpark.pt\/wp-content\/uploads\/2022\/06\/Family-Golf-Park_2-560x560.webp\" class=\"attachment-movedo-grve-small-square size-movedo-grve-small-square\" alt=\"\" srcset=\"https:\/\/familygolfpark.pt\/wp-content\/uploads\/2022\/06\/Family-Golf-Park_2-560x560.webp 560w, https:\/\/familygolfpark.pt\/wp-content\/uploads\/2022\/06\/Family-Golf-Park_2-300x300.webp 300w, https:\/\/familygolfpark.pt\/wp-content\/uploads\/2022\/06\/Family-Golf-Park_2-900x900.webp 900w\" sizes=\"auto, (max-width: 560px) 100vw, 560px\" \/><\/div><figcaption class=\"grve-content grve-align-center\"><h2 class=\"grve-title grve-h1 grve-text-white\">Family Golf Park<\/h2><\/figcaption>  <\/figure><\/div><\/div><div class=\"grve-isotope-item grve-hover-item grve-hover-style-3 grve-image-square\"><div class=\"grve-isotope-item-inner grve-zoom-in\">  <figure class=\"grve-image-hover\">    <a class=\"grve-item-url\" href=\"https:\/\/familygolfpark.pt\/wp-content\/uploads\/2022\/06\/FamilyGolfPark_0100_2.webp\"  data-title=\"Family Golf Park\"><\/a>    <div class=\"grve-hover-overlay grve-bg-primary-1 grve-opacity-90\"><\/div><div class=\"grve-media\"><img loading=\"lazy\" decoding=\"async\" width=\"560\" height=\"560\" src=\"https:\/\/familygolfpark.pt\/wp-content\/uploads\/2022\/06\/FamilyGolfPark_0100_2-560x560.webp\" class=\"attachment-movedo-grve-small-square size-movedo-grve-small-square\" alt=\"\" srcset=\"https:\/\/familygolfpark.pt\/wp-content\/uploads\/2022\/06\/FamilyGolfPark_0100_2-560x560.webp 560w, https:\/\/familygolfpark.pt\/wp-content\/uploads\/2022\/06\/FamilyGolfPark_0100_2-300x300.webp 300w, https:\/\/familygolfpark.pt\/wp-content\/uploads\/2022\/06\/FamilyGolfPark_0100_2-900x900.webp 900w\" sizes=\"auto, (max-width: 560px) 100vw, 560px\" \/><\/div><figcaption class=\"grve-content grve-align-center\"><h2 class=\"grve-title grve-h1 grve-text-white\">Family Golf Park<\/h2><\/figcaption>  <\/figure><\/div><\/div><div class=\"grve-isotope-item grve-hover-item grve-hover-style-3 grve-image-portrait\"><div class=\"grve-isotope-item-inner grve-zoom-in\">  <figure class=\"grve-image-hover\">    <a class=\"grve-item-url\" href=\"https:\/\/familygolfpark.pt\/wp-content\/uploads\/2022\/06\/Crazygolf-Appia_2.webp\"  data-title=\"Crazygolf \u00c1ppia\"><\/a>    <div class=\"grve-hover-overlay grve-bg-primary-1 grve-opacity-90\"><\/div><div class=\"grve-media\"><img loading=\"lazy\" decoding=\"async\" width=\"900\" height=\"900\" src=\"https:\/\/familygolfpark.pt\/wp-content\/uploads\/2022\/06\/Crazygolf-Appia_2-900x900.webp\" class=\"attachment-movedo-grve-medium-square size-movedo-grve-medium-square\" alt=\"\" srcset=\"https:\/\/familygolfpark.pt\/wp-content\/uploads\/2022\/06\/Crazygolf-Appia_2-900x900.webp 900w, https:\/\/familygolfpark.pt\/wp-content\/uploads\/2022\/06\/Crazygolf-Appia_2-300x300.webp 300w, https:\/\/familygolfpark.pt\/wp-content\/uploads\/2022\/06\/Crazygolf-Appia_2-560x560.webp 560w\" sizes=\"auto, (max-width: 900px) 100vw, 900px\" \/><\/div><figcaption class=\"grve-content grve-align-center\"><h2 class=\"grve-title grve-h1 grve-text-white\">Crazygolf \u00c1ppia<\/h2><\/figcaption>  <\/figure><\/div><\/div><div class=\"grve-isotope-item grve-hover-item grve-hover-style-3 grve-image-square\"><div class=\"grve-isotope-item-inner grve-zoom-in\">  <figure class=\"grve-image-hover\">    <a class=\"grve-item-url\" href=\"https:\/\/familygolfpark.pt\/wp-content\/uploads\/2022\/06\/Looping-Crazygolfe_2.webp\"  data-title=\"Looping Crazygolfe\"><\/a>    <div class=\"grve-hover-overlay grve-bg-primary-1 grve-opacity-90\"><\/div><div class=\"grve-media\"><img loading=\"lazy\" decoding=\"async\" width=\"560\" height=\"560\" src=\"https:\/\/familygolfpark.pt\/wp-content\/uploads\/2022\/06\/Looping-Crazygolfe_2-560x560.webp\" class=\"attachment-movedo-grve-small-square size-movedo-grve-small-square\" alt=\"\" srcset=\"https:\/\/familygolfpark.pt\/wp-content\/uploads\/2022\/06\/Looping-Crazygolfe_2-560x560.webp 560w, https:\/\/familygolfpark.pt\/wp-content\/uploads\/2022\/06\/Looping-Crazygolfe_2-300x300.webp 300w, https:\/\/familygolfpark.pt\/wp-content\/uploads\/2022\/06\/Looping-Crazygolfe_2-900x900.webp 900w\" sizes=\"auto, (max-width: 560px) 100vw, 560px\" \/><\/div><figcaption class=\"grve-content grve-align-center\"><h2 class=\"grve-title grve-h1 grve-text-white\">Looping Crazygolfe<\/h2><\/figcaption>  <\/figure><\/div><\/div><div class=\"grve-isotope-item grve-hover-item grve-hover-style-3 grve-image-landscape\"><div class=\"grve-isotope-item-inner grve-zoom-in\">  <figure class=\"grve-image-hover\">    <a class=\"grve-item-url\" href=\"https:\/\/familygolfpark.pt\/wp-content\/uploads\/2022\/06\/1-Hole-Crazygolf_2.webp\"  data-title=\"1 Hole Crazygolf\"><\/a>    <div class=\"grve-hover-overlay grve-bg-primary-1 grve-opacity-90\"><\/div><div class=\"grve-media\"><img loading=\"lazy\" decoding=\"async\" width=\"900\" height=\"900\" src=\"https:\/\/familygolfpark.pt\/wp-content\/uploads\/2022\/06\/1-Hole-Crazygolf_2-900x900.webp\" class=\"attachment-movedo-grve-medium-square size-movedo-grve-medium-square\" alt=\"\" srcset=\"https:\/\/familygolfpark.pt\/wp-content\/uploads\/2022\/06\/1-Hole-Crazygolf_2-900x900.webp 900w, https:\/\/familygolfpark.pt\/wp-content\/uploads\/2022\/06\/1-Hole-Crazygolf_2-300x300.webp 300w, https:\/\/familygolfpark.pt\/wp-content\/uploads\/2022\/06\/1-Hole-Crazygolf_2-560x560.webp 560w\" sizes=\"auto, (max-width: 900px) 100vw, 900px\" \/><\/div><figcaption class=\"grve-content grve-align-center\"><h2 class=\"grve-title grve-h1 grve-text-white\">1 Hole Crazygolf<\/h2><\/figcaption>  <\/figure><\/div><\/div><div class=\"grve-isotope-item grve-hover-item grve-hover-style-3 grve-image-square\"><div class=\"grve-isotope-item-inner grve-zoom-in\">  <figure class=\"grve-image-hover\">    <a class=\"grve-item-url\" href=\"https:\/\/familygolfpark.pt\/wp-content\/uploads\/2022\/06\/Buraco-18-Crazygolfe_2.webp\"  data-title=\"Buraco 18 Crazygolfe\"><\/a>    <div class=\"grve-hover-overlay grve-bg-primary-1 grve-opacity-90\"><\/div><div class=\"grve-media\"><img loading=\"lazy\" decoding=\"async\" width=\"560\" height=\"560\" src=\"https:\/\/familygolfpark.pt\/wp-content\/uploads\/2022\/06\/Buraco-18-Crazygolfe_2-560x560.webp\" class=\"attachment-movedo-grve-small-square size-movedo-grve-small-square\" alt=\"\" srcset=\"https:\/\/familygolfpark.pt\/wp-content\/uploads\/2022\/06\/Buraco-18-Crazygolfe_2-560x560.webp 560w, https:\/\/familygolfpark.pt\/wp-content\/uploads\/2022\/06\/Buraco-18-Crazygolfe_2-300x300.webp 300w, https:\/\/familygolfpark.pt\/wp-content\/uploads\/2022\/06\/Buraco-18-Crazygolfe_2-900x900.webp 900w\" sizes=\"auto, (max-width: 560px) 100vw, 560px\" \/><\/div><figcaption class=\"grve-content grve-align-center\"><h2 class=\"grve-title grve-h1 grve-text-white\">Buraco 18 Crazygolfe<\/h2><\/figcaption>  <\/figure><\/div><\/div><div class=\"grve-isotope-item grve-hover-item grve-hover-style-3 grve-image-large-square\"><div class=\"grve-isotope-item-inner grve-zoom-in\">  <figure class=\"grve-image-hover\">    <a class=\"grve-item-url\" href=\"https:\/\/familygolfpark.pt\/wp-content\/uploads\/2022\/06\/Legionario_2.webp\"  data-title=\"Legion\u00e1rio\"><\/a>    <div class=\"grve-hover-overlay grve-bg-primary-1 grve-opacity-90\"><\/div><div class=\"grve-media\"><img loading=\"lazy\" decoding=\"async\" width=\"900\" height=\"900\" src=\"https:\/\/familygolfpark.pt\/wp-content\/uploads\/2022\/06\/Legionario_2-900x900.webp\" class=\"attachment-movedo-grve-medium-square size-movedo-grve-medium-square\" alt=\"\" srcset=\"https:\/\/familygolfpark.pt\/wp-content\/uploads\/2022\/06\/Legionario_2-900x900.webp 900w, https:\/\/familygolfpark.pt\/wp-content\/uploads\/2022\/06\/Legionario_2-300x300.webp 300w, https:\/\/familygolfpark.pt\/wp-content\/uploads\/2022\/06\/Legionario_2-560x560.webp 560w\" sizes=\"auto, (max-width: 900px) 100vw, 900px\" \/><\/div><figcaption class=\"grve-content grve-align-center\"><h2 class=\"grve-title grve-h1 grve-text-white\">Legion\u00e1rio<\/h2><\/figcaption>  <\/figure><\/div><\/div><div class=\"grve-isotope-item grve-hover-item grve-hover-style-3 grve-image-square\"><div class=\"grve-isotope-item-inner grve-zoom-in\">  <figure class=\"grve-image-hover\">    <a class=\"grve-item-url\" href=\"https:\/\/familygolfpark.pt\/wp-content\/uploads\/2019\/07\/family-golf-park-gallery-01-min.jpg\"  data-title=\"\u00c1ppia Course - 15th Hole\"><\/a>    <div class=\"grve-hover-overlay grve-bg-primary-1 grve-opacity-90\"><\/div><div class=\"grve-media\"><img loading=\"lazy\" decoding=\"async\" width=\"560\" height=\"560\" src=\"https:\/\/familygolfpark.pt\/wp-content\/uploads\/2019\/07\/family-golf-park-gallery-01-min-560x560.jpg\" class=\"attachment-movedo-grve-small-square size-movedo-grve-small-square\" alt=\"\" srcset=\"https:\/\/familygolfpark.pt\/wp-content\/uploads\/2019\/07\/family-golf-park-gallery-01-min-560x560.jpg 560w, https:\/\/familygolfpark.pt\/wp-content\/uploads\/2019\/07\/family-golf-park-gallery-01-min-300x300.jpg 300w, https:\/\/familygolfpark.pt\/wp-content\/uploads\/2019\/07\/family-golf-park-gallery-01-min-900x900.jpg 900w, https:\/\/familygolfpark.pt\/wp-content\/uploads\/2019\/07\/family-golf-park-gallery-01-min-100x100.jpg 100w\" sizes=\"auto, (max-width: 560px) 100vw, 560px\" \/><\/div><figcaption class=\"grve-content grve-align-center\"><h2 class=\"grve-title grve-h1 grve-text-white\">\u00c1ppia Course &#8211; 15th Hole<\/h2><\/figcaption>  <\/figure><\/div><\/div><div class=\"grve-isotope-item grve-hover-item grve-hover-style-3 grve-image-portrait\"><div class=\"grve-isotope-item-inner grve-zoom-in\">  <figure class=\"grve-image-hover\">    <a class=\"grve-item-url\" href=\"https:\/\/familygolfpark.pt\/wp-content\/uploads\/2019\/07\/family-golf-park-gallery-02-min.jpg\"  data-title=\"Portico\"><\/a>    <div class=\"grve-hover-overlay grve-bg-primary-1 grve-opacity-90\"><\/div><div class=\"grve-media\"><img loading=\"lazy\" decoding=\"async\" width=\"900\" height=\"900\" src=\"https:\/\/familygolfpark.pt\/wp-content\/uploads\/2019\/07\/family-golf-park-gallery-02-min-900x900.jpg\" class=\"attachment-movedo-grve-medium-square size-movedo-grve-medium-square\" alt=\"\" srcset=\"https:\/\/familygolfpark.pt\/wp-content\/uploads\/2019\/07\/family-golf-park-gallery-02-min-900x900.jpg 900w, https:\/\/familygolfpark.pt\/wp-content\/uploads\/2019\/07\/family-golf-park-gallery-02-min-300x300.jpg 300w, https:\/\/familygolfpark.pt\/wp-content\/uploads\/2019\/07\/family-golf-park-gallery-02-min-560x560.jpg 560w, https:\/\/familygolfpark.pt\/wp-content\/uploads\/2019\/07\/family-golf-park-gallery-02-min-100x100.jpg 100w\" sizes=\"auto, (max-width: 900px) 100vw, 900px\" \/><\/div><figcaption class=\"grve-content grve-align-center\"><h2 class=\"grve-title grve-h1 grve-text-white\">Portico<\/h2><\/figcaption>  <\/figure><\/div><\/div><div class=\"grve-isotope-item grve-hover-item grve-hover-style-3 grve-image-square\"><div class=\"grve-isotope-item-inner grve-zoom-in\">  <figure class=\"grve-image-hover\">    <a class=\"grve-item-url\" href=\"https:\/\/familygolfpark.pt\/wp-content\/uploads\/2019\/07\/family-golf-park-gallery-03-min.jpg\"  data-title=\"Lusit\u00e2nia Course - 4th Hole\"><\/a>    <div class=\"grve-hover-overlay grve-bg-primary-1 grve-opacity-90\"><\/div><div class=\"grve-media\"><img loading=\"lazy\" decoding=\"async\" width=\"560\" height=\"560\" src=\"https:\/\/familygolfpark.pt\/wp-content\/uploads\/2019\/07\/family-golf-park-gallery-03-min-560x560.jpg\" class=\"attachment-movedo-grve-small-square size-movedo-grve-small-square\" alt=\"\" srcset=\"https:\/\/familygolfpark.pt\/wp-content\/uploads\/2019\/07\/family-golf-park-gallery-03-min-560x560.jpg 560w, https:\/\/familygolfpark.pt\/wp-content\/uploads\/2019\/07\/family-golf-park-gallery-03-min-300x300.jpg 300w, https:\/\/familygolfpark.pt\/wp-content\/uploads\/2019\/07\/family-golf-park-gallery-03-min-900x900.jpg 900w, https:\/\/familygolfpark.pt\/wp-content\/uploads\/2019\/07\/family-golf-park-gallery-03-min-100x100.jpg 100w\" sizes=\"auto, (max-width: 560px) 100vw, 560px\" \/><\/div><figcaption class=\"grve-content grve-align-center\"><h2 class=\"grve-title grve-h1 grve-text-white\">Lusit\u00e2nia Course &#8211; 4th Hole<\/h2><\/figcaption>  <\/figure><\/div><\/div><div class=\"grve-isotope-item grve-hover-item grve-hover-style-3 grve-image-square\"><div class=\"grve-isotope-item-inner grve-zoom-in\">  <figure class=\"grve-image-hover\">    <a class=\"grve-item-url\" href=\"https:\/\/familygolfpark.pt\/wp-content\/uploads\/2019\/07\/family-golf-park-gallery-05-min.jpg\"  data-title=\"\u00c1ppia Course - 16th Hole\"><\/a>    <div class=\"grve-hover-overlay grve-bg-primary-1 grve-opacity-90\"><\/div><div class=\"grve-media\"><img loading=\"lazy\" decoding=\"async\" width=\"560\" height=\"560\" src=\"https:\/\/familygolfpark.pt\/wp-content\/uploads\/2019\/07\/family-golf-park-gallery-05-min-560x560.jpg\" class=\"attachment-movedo-grve-small-square size-movedo-grve-small-square\" alt=\"\" srcset=\"https:\/\/familygolfpark.pt\/wp-content\/uploads\/2019\/07\/family-golf-park-gallery-05-min-560x560.jpg 560w, https:\/\/familygolfpark.pt\/wp-content\/uploads\/2019\/07\/family-golf-park-gallery-05-min-300x300.jpg 300w, https:\/\/familygolfpark.pt\/wp-content\/uploads\/2019\/07\/family-golf-park-gallery-05-min-900x900.jpg 900w, https:\/\/familygolfpark.pt\/wp-content\/uploads\/2019\/07\/family-golf-park-gallery-05-min-100x100.jpg 100w\" sizes=\"auto, (max-width: 560px) 100vw, 560px\" \/><\/div><figcaption class=\"grve-content grve-align-center\"><h2 class=\"grve-title grve-h1 grve-text-white\">\u00c1ppia Course &#8211; 16th Hole<\/h2><\/figcaption>  <\/figure><\/div><\/div><div class=\"grve-isotope-item grve-hover-item grve-hover-style-3 grve-image-square\"><div class=\"grve-isotope-item-inner grve-zoom-in\">  <figure class=\"grve-image-hover\">    <a class=\"grve-item-url\" href=\"https:\/\/familygolfpark.pt\/wp-content\/uploads\/2019\/07\/family-golf-park-gallery-06-min.jpg\"  data-title=\"Minigolf for all Family\"><\/a>    <div class=\"grve-hover-overlay grve-bg-primary-1 grve-opacity-90\"><\/div><div class=\"grve-media\"><img loading=\"lazy\" decoding=\"async\" width=\"560\" height=\"560\" src=\"https:\/\/familygolfpark.pt\/wp-content\/uploads\/2019\/07\/family-golf-park-gallery-06-min-560x560.jpg\" class=\"attachment-movedo-grve-small-square size-movedo-grve-small-square\" alt=\"\" srcset=\"https:\/\/familygolfpark.pt\/wp-content\/uploads\/2019\/07\/family-golf-park-gallery-06-min-560x560.jpg 560w, https:\/\/familygolfpark.pt\/wp-content\/uploads\/2019\/07\/family-golf-park-gallery-06-min-300x300.jpg 300w, https:\/\/familygolfpark.pt\/wp-content\/uploads\/2019\/07\/family-golf-park-gallery-06-min-900x900.jpg 900w, https:\/\/familygolfpark.pt\/wp-content\/uploads\/2019\/07\/family-golf-park-gallery-06-min-100x100.jpg 100w\" sizes=\"auto, (max-width: 560px) 100vw, 560px\" \/><\/div><figcaption class=\"grve-content grve-align-center\"><h2 class=\"grve-title grve-h1 grve-text-white\">Minigolf for all Family<\/h2><\/figcaption>  <\/figure><\/div><\/div><div class=\"grve-isotope-item grve-hover-item grve-hover-style-3 grve-image-square\"><div class=\"grve-isotope-item-inner grve-zoom-in\">  <figure class=\"grve-image-hover\">    <a class=\"grve-item-url\" href=\"https:\/\/familygolfpark.pt\/wp-content\/uploads\/2019\/07\/family-golf-park-gallery-07-min.jpg\"  data-title=\"10.000 square meters of beautiful gardens\"><\/a>    <div class=\"grve-hover-overlay grve-bg-primary-1 grve-opacity-90\"><\/div><div class=\"grve-media\"><img loading=\"lazy\" decoding=\"async\" width=\"560\" height=\"560\" src=\"https:\/\/familygolfpark.pt\/wp-content\/uploads\/2019\/07\/family-golf-park-gallery-07-min-560x560.jpg\" class=\"attachment-movedo-grve-small-square size-movedo-grve-small-square\" alt=\"\" srcset=\"https:\/\/familygolfpark.pt\/wp-content\/uploads\/2019\/07\/family-golf-park-gallery-07-min-560x560.jpg 560w, https:\/\/familygolfpark.pt\/wp-content\/uploads\/2019\/07\/family-golf-park-gallery-07-min-300x300.jpg 300w, https:\/\/familygolfpark.pt\/wp-content\/uploads\/2019\/07\/family-golf-park-gallery-07-min-900x900.jpg 900w, https:\/\/familygolfpark.pt\/wp-content\/uploads\/2019\/07\/family-golf-park-gallery-07-min-100x100.jpg 100w\" sizes=\"auto, (max-width: 560px) 100vw, 560px\" \/><\/div><figcaption class=\"grve-content grve-align-center\"><h2 class=\"grve-title grve-h1 grve-text-white\">10.000 square meters of beautiful gardens<\/h2><\/figcaption>  <\/figure><\/div><\/div><div class=\"grve-isotope-item grve-hover-item grve-hover-style-3 grve-image-square\"><div class=\"grve-isotope-item-inner grve-zoom-in\">  <figure class=\"grve-image-hover\">    <a class=\"grve-item-url\" href=\"https:\/\/familygolfpark.pt\/wp-content\/uploads\/2019\/07\/family-golf-park-gallery-08-min.jpg\"  data-title=\"Roman amphitheatre\"><\/a>    <div class=\"grve-hover-overlay grve-bg-primary-1 grve-opacity-90\"><\/div><div class=\"grve-media\"><img loading=\"lazy\" decoding=\"async\" width=\"560\" height=\"560\" src=\"https:\/\/familygolfpark.pt\/wp-content\/uploads\/2019\/07\/family-golf-park-gallery-08-min-560x560.jpg\" class=\"attachment-movedo-grve-small-square size-movedo-grve-small-square\" alt=\"\" srcset=\"https:\/\/familygolfpark.pt\/wp-content\/uploads\/2019\/07\/family-golf-park-gallery-08-min-560x560.jpg 560w, https:\/\/familygolfpark.pt\/wp-content\/uploads\/2019\/07\/family-golf-park-gallery-08-min-300x300.jpg 300w, https:\/\/familygolfpark.pt\/wp-content\/uploads\/2019\/07\/family-golf-park-gallery-08-min-900x900.jpg 900w, https:\/\/familygolfpark.pt\/wp-content\/uploads\/2019\/07\/family-golf-park-gallery-08-min-100x100.jpg 100w\" sizes=\"auto, (max-width: 560px) 100vw, 560px\" \/><\/div><figcaption class=\"grve-content grve-align-center\"><h2 class=\"grve-title grve-h1 grve-text-white\">Roman amphitheatre<\/h2><\/figcaption>  <\/figure><\/div><\/div><div class=\"grve-isotope-item grve-hover-item grve-hover-style-3 grve-image-landscape\"><div class=\"grve-isotope-item-inner grve-zoom-in\">  <figure class=\"grve-image-hover\">    <a class=\"grve-item-url\" href=\"https:\/\/familygolfpark.pt\/wp-content\/uploads\/2019\/07\/family-golf-park-gallery-09-min.jpg\"  data-title=\"More than 200 species of shrubs, plants and trees\"><\/a>    <div class=\"grve-hover-overlay grve-bg-primary-1 grve-opacity-90\"><\/div><div class=\"grve-media\"><img loading=\"lazy\" decoding=\"async\" width=\"900\" height=\"900\" src=\"https:\/\/familygolfpark.pt\/wp-content\/uploads\/2019\/07\/family-golf-park-gallery-09-min-900x900.jpg\" class=\"attachment-movedo-grve-medium-square size-movedo-grve-medium-square\" alt=\"\" srcset=\"https:\/\/familygolfpark.pt\/wp-content\/uploads\/2019\/07\/family-golf-park-gallery-09-min-900x900.jpg 900w, https:\/\/familygolfpark.pt\/wp-content\/uploads\/2019\/07\/family-golf-park-gallery-09-min-300x300.jpg 300w, https:\/\/familygolfpark.pt\/wp-content\/uploads\/2019\/07\/family-golf-park-gallery-09-min-560x560.jpg 560w, https:\/\/familygolfpark.pt\/wp-content\/uploads\/2019\/07\/family-golf-park-gallery-09-min-100x100.jpg 100w\" sizes=\"auto, (max-width: 900px) 100vw, 900px\" \/><\/div><figcaption class=\"grve-content grve-align-center\"><h2 class=\"grve-title grve-h1 grve-text-white\">More than 200 species of shrubs, plants and trees<\/h2><\/figcaption>  <\/figure><\/div><\/div><div class=\"grve-isotope-item grve-hover-item grve-hover-style-3 grve-image-square\"><div class=\"grve-isotope-item-inner grve-zoom-in\">  <figure class=\"grve-image-hover\">    <a class=\"grve-item-url\" href=\"https:\/\/familygolfpark.pt\/wp-content\/uploads\/2019\/07\/family-golf-park-gallery-10-min.jpg\"  data-title=\"Best syntactic grass for Minigolf\"><\/a>    <div class=\"grve-hover-overlay grve-bg-primary-1 grve-opacity-90\"><\/div><div class=\"grve-media\"><img loading=\"lazy\" decoding=\"async\" width=\"560\" height=\"560\" src=\"https:\/\/familygolfpark.pt\/wp-content\/uploads\/2019\/07\/family-golf-park-gallery-10-min-560x560.jpg\" class=\"attachment-movedo-grve-small-square size-movedo-grve-small-square\" alt=\"\" srcset=\"https:\/\/familygolfpark.pt\/wp-content\/uploads\/2019\/07\/family-golf-park-gallery-10-min-560x560.jpg 560w, https:\/\/familygolfpark.pt\/wp-content\/uploads\/2019\/07\/family-golf-park-gallery-10-min-300x300.jpg 300w, https:\/\/familygolfpark.pt\/wp-content\/uploads\/2019\/07\/family-golf-park-gallery-10-min-900x900.jpg 900w, https:\/\/familygolfpark.pt\/wp-content\/uploads\/2019\/07\/family-golf-park-gallery-10-min-100x100.jpg 100w\" sizes=\"auto, (max-width: 560px) 100vw, 560px\" \/><\/div><figcaption class=\"grve-content grve-align-center\"><h2 class=\"grve-title grve-h1 grve-text-white\">Best syntactic grass for Minigolf<\/h2><\/figcaption>  <\/figure><\/div><\/div><div class=\"grve-isotope-item grve-hover-item grve-hover-style-3 grve-image-square\"><div class=\"grve-isotope-item-inner grve-zoom-in\">  <figure class=\"grve-image-hover\">    <a class=\"grve-item-url\" href=\"https:\/\/familygolfpark.pt\/wp-content\/uploads\/2019\/07\/family-golf-park-gallery-11-min.jpg\"  data-title=\"Adventure Minigolf\"><\/a>    <div class=\"grve-hover-overlay grve-bg-primary-1 grve-opacity-90\"><\/div><div class=\"grve-media\"><img loading=\"lazy\" decoding=\"async\" width=\"560\" height=\"560\" src=\"https:\/\/familygolfpark.pt\/wp-content\/uploads\/2019\/07\/family-golf-park-gallery-11-min-560x560.jpg\" class=\"attachment-movedo-grve-small-square size-movedo-grve-small-square\" alt=\"\" srcset=\"https:\/\/familygolfpark.pt\/wp-content\/uploads\/2019\/07\/family-golf-park-gallery-11-min-560x560.jpg 560w, https:\/\/familygolfpark.pt\/wp-content\/uploads\/2019\/07\/family-golf-park-gallery-11-min-300x300.jpg 300w, https:\/\/familygolfpark.pt\/wp-content\/uploads\/2019\/07\/family-golf-park-gallery-11-min-900x900.jpg 900w, https:\/\/familygolfpark.pt\/wp-content\/uploads\/2019\/07\/family-golf-park-gallery-11-min-100x100.jpg 100w\" sizes=\"auto, (max-width: 560px) 100vw, 560px\" \/><\/div><figcaption class=\"grve-content grve-align-center\"><h2 class=\"grve-title grve-h1 grve-text-white\">Adventure Minigolf<\/h2><\/figcaption>  <\/figure><\/div><\/div>  <\/div><\/div>[\/vc_column][\/vc_row]<\/p>\n<\/div>","protected":false},"excerpt":{"rendered":"<p>Regardez la galerie d\u2019images du Family Golf Park. La climatisation est allum\u00e9e pendant la journ\u00e9e pour que vous puissiez vous rafraichir. Le soir, notre \u00e9clairage vous permet de vivre le m\u00eame divertissent et de jouir de la beaut\u00e9 du paysage.<\/p>\n","protected":false},"author":1,"featured_media":0,"parent":0,"menu_order":0,"comment_status":"closed","ping_status":"closed","template":"","meta":{"footnotes":""},"class_list":["post-22783","page","type-page","status-publish","hentry"],"aioseo_notices":[],"_links":{"self":[{"href":"https:\/\/familygolfpark.pt\/es\/wp-json\/wp\/v2\/pages\/22783","targetHints":{"allow":["GET"]}}],"collection":[{"href":"https:\/\/familygolfpark.pt\/es\/wp-json\/wp\/v2\/pages"}],"about":[{"href":"https:\/\/familygolfpark.pt\/es\/wp-json\/wp\/v2\/types\/page"}],"author":[{"embeddable":true,"href":"https:\/\/familygolfpark.pt\/es\/wp-json\/wp\/v2\/users\/1"}],"replies":[{"embeddable":true,"href":"https:\/\/familygolfpark.pt\/es\/wp-json\/wp\/v2\/comments?post=22783"}],"version-history":[{"count":0,"href":"https:\/\/familygolfpark.pt\/es\/wp-json\/wp\/v2\/pages\/22783\/revisions"}],"wp:attachment":[{"href":"https:\/\/familygolfpark.pt\/es\/wp-json\/wp\/v2\/media?parent=22783"}],"curies":[{"name":"wp","href":"https:\/\/api.w.org\/{rel}","templated":true}]}}