{"id":22793,"date":"2019-05-30T13:36:36","date_gmt":"2019-05-30T13:36:36","guid":{"rendered":"https:\/\/familygolfpark.younik.pt\/politica-de-privacidad-y-cookies\/"},"modified":"2019-05-30T13:36:36","modified_gmt":"2019-05-30T13:36:36","slug":"politica-de-privacidad-y-cookies","status":"publish","type":"page","link":"https:\/\/familygolfpark.pt\/es\/politica-de-privacidad-y-cookies\/","title":{"rendered":"Pol\u00edtica de privacidad y cookies"},"content":{"rendered":"<div class=\"wpb-content-wrapper\"><p>[vc_row heading_color=\u00bblight\u00bb bg_type=\u00bbimage\u00bb bg_image=\u00bb17216&#8243; bg_image_type=\u00bbparallax\u00bb pattern_overlay=\u00bbyes\u00bb color_overlay=\u00bbdark\u00bb padding_top_multiplier=\u00bb6x\u00bb padding_bottom_multiplier=\u00bb6x\u00bb separator_top_size=\u00bb30px\u00bb separator_bottom_size=\u00bb30px\u00bb font_color=\u00bb#ffffff\u00bb section_id=\u00bbintro-section\u00bb][vc_column]<div class=\"grve-empty-space\" style=\"height: 15vh;\"><\/div>[\/vc_column][\/vc_row][vc_row heading_color=\u00bbprimary-3&#8243; padding_top_multiplier=\u00bb4x\u00bb padding_bottom_multiplier=\u00bb4x\u00bb separator_top_size=\u00bb30px\u00bb separator_bottom_size=\u00bb30px\u00bb section_id=\u00bbintro-section\u00bb][vc_column heading_color=\u00bbprimary-3&#8243; text_align=\u00bbcenter\u00bb]<h2 class=\"grve-element grve-title grve-align-center grve-h1 grve-increase-heading grve-heading-200\" style=\"\"><span>Privacy Policy and Cookies<\/span><\/h2>[\/vc_column][\/vc_row][vc_row padding_top_multiplier=\u00bb\u00bb padding_bottom_multiplier=\u00bb4x\u00bb][vc_column][vc_column_text]<\/p>\r\n<p>Sogolfe \u2013 Empreendimentos Tur\u00edsticos, Sociedade Unipessoal Lda. is committed to protect the safety and privacy of those who access its website <a href=\"http:\/\/familygolfpark.pt\">familygolfpark.pt<\/a> (hereinafter \u201c<strong>Website<\/strong>\u201d). Therefore, Sogolfe \u2013 Empreendimentos Tur\u00edsticos, Sociedade Unipessoal Lda. has created this Privacy and Cookies Policy (hereinafter \u201c<strong>Policy<\/strong>\u201d) to assert its engagement and respect towards the rules of privacy and personal data protection.<\/p>\r\n<p>This Policy governs the processing of personal data of users of the Website (hereinafter \u201cUser\u201d or \u201cUsers\u201d) which may be gathered by Sogolfe \u2013 Empreendimentos Tur\u00edsticos, Sociedade Unipessoal Lda. in the context of the use of the Website.<\/p>\r\n<p>The provision of personal data implies knowledge of this Policy, which is complemented by the<span style=\"font-family: inherit; font-size: inherit; font-style: inherit; font-variant-ligatures: inherit; font-variant-caps: inherit; font-weight: inherit;\">\u00a0<\/span><a style=\"font-family: inherit; font-size: inherit; font-style: inherit; font-variant-ligatures: inherit; font-variant-caps: inherit; font-weight: inherit;\" href=\"https:\/\/familygolfpark.pt\/es\/condiciones-de-uso\/\">Terms of Use<\/a><span style=\"font-family: inherit; font-size: inherit; font-style: inherit; font-variant-ligatures: inherit; font-variant-caps: inherit; font-weight: inherit;\">.<\/span><\/p>\r\n<h3 class=\"wp-block-heading\"><strong>Who We Are<\/strong><\/h3>\r\n<p>All references to \u201cSogolfe\u201d, \u201cwe\u201d or \u201cour\u201d shall mean the corporation Sogolfe \u2013 Empreendimentos Tur\u00edsticos, Sociedade Unipessoal Lda. (a Portuguese company, with head office at Urbaniza\u00e7\u00e3o de Vilamoura, Lotes 4 A\/B \u2013 Subzona 2 \u2013 Sector 5, Vilamoura, municipality of Loul\u00e9, district of Faro, tax payer number 503 953\u00a0075, hereinafter \u201cSogolfe\u201d), the entity that determines the purposes and means of the processing of personal data, as described below, identified as controller in accordance with General Data Protection Regulation and other applicable legislation on personal data protection.<\/p>\r\n<h3><strong>Collection and processing of personal data<\/strong><\/h3>\r\n<p>To date, access and use of this Website do not necessarily require Users to provide personal data. Nevertheless, the use of the following features implies the disclosure of personal data:<\/p>\r\n<ol>\r\n<li><strong>Contact form<\/strong><\/li>\r\n<\/ol>\r\n<p style=\"padding-left: 40px;\">The data collected in the Contact Form, available at <a href=\"http:\/\/familygolfpark.pt\/contacts\">familygolfpark.pt\/contacts<\/a> shall be processed by Sogolfe, as data controller, in a confidential manner, and used exclusively for the purpose of providing any required information. Any personal data collected shall be only stored for the period which is necessary to provide such information.<\/p>\r\n<ol start=\"2\">\r\n<li><strong>Application form<\/strong><\/li>\r\n<\/ol>\r\n<p style=\"padding-left: 40px;\">The data collected in the Application Form, shall be processed by Sogolfe, as data controller, in a confidential manner, and used exclusively for the required purposes within the context of recruitment and selection processes.<\/p>\r\n<p style=\"padding-left: 40px;\">If the application is spontaneous and Sogolfe does not have any ongoing recruitment process by the time of completion of the form, the data collected will only be stored in Sogolfe\u2019s database &#8211; except when otherwise is requested by the User. Should a recruitment process arise where the User profile may be considered, Sogolfe may process the data collected for the purposes of such recruitment process.<\/p>\r\n<p style=\"padding-left: 40px;\">Should the data subject be hired, the data collected in this process shall be used for human resources management purposes, in order to ensure compliance with any legal obligations and to provide employees with the necessary means to pursue their professional activity.<\/p>\r\n<p style=\"padding-left: 40px;\">For recruitment purposes, the personal data is subject to a 5 year retention period as of collection date. Nevertheless, whenever there is no legally required retention period, the data shall only be stored for the period necessary to fulfill the purposes that have determined its collection, as identified above.<\/p>\r\n<h3><strong>User\u2019s rights<\/strong><\/h3>\r\n<p>Pursuant to applicable law, Users may request, at all times, access to their personal data as well as that such personal data is rectified or erased, that its processing is restricted or its portability \u2013 under the conditions provided for by law -, by means of a written request to Sogolfe via email address <a href=\"mailto:info@familygolfpark.pt\">info@familygolfpark.pt<\/a>.<\/p>\r\n<p>Users can also request confirmation of the personal data processed in their regard, and a copy of data being processed shall be made available, upon request.<\/p>\r\n<p>Pursuant to the law, Users have the right to withdraw their consent for the processing of their personal data for the abovementioned purposes through the means referred to above, but this does not, however, render invalid the processing of their personal data up until such withdrawal.<\/p>\r\n<p>In order to exercise any of the rights mentioned above, Users should submit a written request to the following contacts:<\/p>\r\n<p>E-mail: <a href=\"mailto:info@familygolfpark.pt\">info@familygolfpark.pt<\/a><\/p>\r\n<p>Address: Urbaniza\u00e7\u00e3o de Vilamoura, Lotes 4 A\/B \u2013 Subzona 2 \u2013 Sector 5, Vilamoura, municipality of Loul\u00e9, district of Faro, Portugal.<\/p>\r\n<h3><strong>Personal data storage<\/strong><\/h3>\r\n<p>Users\u2019 personal data shall only be stored for the period necessary to accomplish the purposes for which the relevant personal data was collected, unless the controller is obliged under the law to store the personal data for a different period<\/p>\r\n<h3><strong>When is data transferred to other entities?<\/strong><\/h3>\r\n<p>Sogolfe may transfer Users\u2019 personal data in the following cases:<\/p>\r\n<ol>\r\n<li>When relying on other entities for the provision of certain services, to the extent that such provision of services may imply access by these entities to Users\u2019 personal data. As such, any of Sogolfe subcontracted entities will process Users\u2019 personal data, in the name and on behalf of Sogolfe, under the strict obligation to observe its instructions and in accordance with the terms of the respective subcontracting agreement;<\/li>\r\n<li>To any company in which Manuel Champalimaud SGPS holds (directly or indirectly) any participation in the share capital (hereinafter \u201cManuel Champalimaud Group Companies\u201d), for the previously defined purposes;<\/li>\r\n<li>To entities with which Sogolfe and Manuel Champalimaud Group Companies have established agreements or commercial partnerships, for the previously defined purposes;<\/li>\r\n<li>To any third entities, in cases where Sogolfe considers that such transfer is necessary or appropriate (i) under the applicable law, (ii) to ensure compliance of legal obligations\/judicial orders, (iii) in line with decisions of the relevant supervisory authorities or (iv) to respond to requests issued by public or governmental authorities.<\/li>\r\n<\/ol>\r\n<p>In any of these situations, Sogolfe will take all appropriate measures to ensure the effective protection of the disclosed personal data.<\/p>\r\n<h3><strong>Security <\/strong><\/h3>\r\n<p>Sogolfe makes its best endeavors to protect Users\u2019 personal data from unauthorized access. Security systems, rules and other procedures have been implemented, in order to ensure the protection of personal data, as well as to prevent unauthorized access to, improper use of, disclosure, loss or destruction thereof.<\/p>\r\n<p>It is, however, User\u2019s responsibility to guarantee and ensure that the equipment used to access the Website is appropriately protected against damaging software, viruses and worms.<\/p>\r\n<h3><strong>Cookies<\/strong><\/h3>\r\n<p>Cookies are small text files that identify each User\u2019s computer on the Sogolfe server. Cookies in themselves do not identify the individual user, only the computer used.<\/p>\r\n<p>This Website uses cookies which help determine the use, interest and number of accesses to the Website, and allow for faster and more efficient browsing of the website but removing the need to repeatedly introduce the same information. Sogolfe is therefore able to provide Users with a more customized and tailored service.<\/p>\r\n<p>The cookies used by this Website are the following:<\/p>\r\n<table width=\"100%\">\r\n<tbody>\r\n<tr>\r\n<td style=\"text-align: left;\" width=\"150\"><span style=\"color: #309f47;\"><strong>Name<\/strong><\/span><\/td>\r\n<td style=\"text-align: left;\" width=\"244\"><span style=\"color: #309f47;\"><strong>Purpose<\/strong><\/span><\/td>\r\n<td style=\"text-align: left;\" width=\"76\"><span style=\"color: #309f47;\"><strong>Duration<\/strong><\/span><\/td>\r\n<td style=\"text-align: left;\" width=\"133\"><span style=\"color: #309f47;\"><strong>Sogolfe&#8217;s Cookies \/ Third-Parties&#8217; Cookies<\/strong><\/span><\/td>\r\n<\/tr>\r\n<tr>\r\n<td style=\"text-align: left;\" width=\"150\"><strong>grve-privacy-consent<\/strong><\/td>\r\n<td style=\"text-align: left;\" width=\"244\">Cookie used to verify if the User has agreed to the use of cookies on this website.<\/td>\r\n<td style=\"text-align: left;\" width=\"76\">1 month<\/td>\r\n<td style=\"text-align: left;\" width=\"133\">Sogolfe Cookies<\/td>\r\n<\/tr>\r\n<tr>\r\n<td style=\"text-align: left;\" width=\"150\"><strong>qtrans_front_language<\/strong><\/td>\r\n<td style=\"text-align: left;\" width=\"244\">Cookie used to make the Website available in the chosen language.<\/td>\r\n<td style=\"text-align: left;\" width=\"76\">1 year<\/td>\r\n<td style=\"text-align: left;\" width=\"133\">Sogolfe Cookies<\/td>\r\n<\/tr>\r\n<tr>\r\n<td style=\"text-align: left;\" width=\"150\"><strong>_ga \/ _gid<\/strong><\/td>\r\n<td style=\"text-align: left;\" width=\"244\">Registration of one single ID to create website\u2019s statistical data.<\/td>\r\n<td style=\"text-align: left;\" width=\"76\">2 years\/ Session<\/td>\r\n<td style=\"text-align: left;\" width=\"133\">Google (Analytics)<\/td>\r\n<\/tr>\r\n<tr>\r\n<td style=\"text-align: left;\" width=\"150\"><strong>_gat<\/strong><\/td>\r\n<td style=\"text-align: left;\" width=\"244\">Cookie used to control the frequency of requests.<\/td>\r\n<td style=\"text-align: left;\" width=\"76\">Session<\/td>\r\n<td style=\"text-align: left;\" width=\"133\">Google (Analytics)<\/td>\r\n<\/tr>\r\n<tr>\r\n<td style=\"text-align: left;\" width=\"150\"><strong>resolution<\/strong><\/td>\r\n<td style=\"text-align: left;\" width=\"244\">Cookie used to store the device resolution for a better performance (eg appearance).<\/td>\r\n<td style=\"text-align: left;\" width=\"76\">Session<\/td>\r\n<td style=\"text-align: left;\" width=\"133\">Sogolfe Cookies<\/td>\r\n<\/tr>\r\n<tr>\r\n<td style=\"text-align: left;\" width=\"150\"><strong>wordpress_test_cookie<\/strong><\/td>\r\n<td style=\"text-align: left;\" width=\"244\">Cookie used to check if the browser stores Cookies.<\/td>\r\n<td style=\"text-align: left;\" width=\"76\">Session<\/td>\r\n<td style=\"text-align: left;\" width=\"133\">Sogolfe Cookies<\/td>\r\n<\/tr>\r\n<\/tbody>\r\n<\/table>\r\n<p>All browsers allow Users to accept, refuse or delete cookies, namely through the selection of appropriate settings in each browser. Users can set up cookies in the \u201coptions\u201d or \u201csettings\u201d menu of their browser. To know more about cookies, including about how cookies have been created, how to manage and delete them, Users can go to <a href=\"http:\/\/www.allaboutcookies.org\">www.allaboutcookies.org<\/a> , which contains information on how to manage user settings on various browsers.<\/p>\r\n<p><u>What browser am I using?<\/u>\u00a0To check this, open your web browser and select \u201cHelp\u201d on the upper part of the browser window. Next select \u201cAbout\u2026\u201d A window with information on your browser should pop up.<\/p>\r\n<p>Please note, however, that if a User disables cookies this may globally or partially impact their browsing of the Website.<\/p>\r\n<h3><strong>Links to third party websites<\/strong><\/h3>\r\n<p>The links contained in this Website may lead to third parties\u2019 websites. Sogolfe shall not be liable for, approves or in any way supports or endorses the content of such websites or the websites connected to or mentioned in such websites.<\/p>\r\n<p>Sogolfe shall not be liable for any damages caused by any virus affecting a User\u2019s computer or network, or any other assets, as a result of accessing the Sogolfe website with the transfer of data from the Website to the User\u2019s data or\u00a0network.<\/p>\r\n<p>This privacy statement is applicable only to information collected by the Sogolfe Website. Therefore, if the User wants to know how his\/her data may be processed in the context of any other website he\/she has accessed through this Website, the User should consult the respective privacy policies.<\/p>\r\n<h3><strong>Complaints<\/strong><\/h3>\r\n<p>Without prejudice to any other administrative or judicial means, Users have the right to file a complaint with the Portuguese Data Protection Authority (<em>Comiss\u00e3o Nacional de Protec\u00e7\u00e3o de Dados<\/em>) or any other competent supervisory authority in accordance with the law, should they believe that their personal data processing by Sogolfe breaches the legal framework in force at any given time.<\/p>\r\n<h3><strong>Queries and suggestions<\/strong><\/h3>\r\n<p>Users can contact Sogolfe in relation to any queries regarding the processing of their personal data and the exercise of their rights under applicable legislation and, in particular, those mentioned in this Policy, through the following contacts:<\/p>\r\n<p>Telefone: +351 289 300 800<br \/><span class=\"legenda\">(Llamada a la Red Fija Nacional, tarifa seg\u00fan acuerdo entre cliente y operador.)<\/span><\/p>\r\n<p>E-mail: <a href=\"mailto:info@familygolfpark.pt\">info@familygolfpark.pt<\/a><\/p>\r\n<p>Address: Urbaniza\u00e7\u00e3o de Vilamoura, Lotes 4 A\/B \u2013 Subzona 2 \u2013 Sector 5, Vilamoura, municipality of Loul\u00e9, district of Faro, Portugal.<\/p>\r\n<h3><strong>Changes to the privacy and cookies policy <\/strong><\/h3>\r\n<p>Sogolfe reserves the right to, at any time, change the current terms of the processing of personal data. Such amendments shall be duly disclosed on this Website.<\/p>\r\n<p>However, whenever relevant amendments or amendments regarding cookies are made, a pop-up window will appear so that, according to the cookie in question, Users may access the information and\/or consent to its use and storage.<\/p>\r\n<p>&nbsp;<\/p>\r\n<p style=\"text-align: right;\">Last updated on: 26 de junho, 2019<\/p>\r\n<p>[\/vc_column_text][\/vc_column][\/vc_row]<\/p><\/div>","protected":false},"excerpt":{"rendered":"<p>[vc_row heading_color=\u00bblight\u00bb bg_type=\u00bbimage\u00bb bg_image=\u00bb17216&#8243; bg_image_type=\u00bbparallax\u00bb pattern_overlay=\u00bbyes\u00bb color_overlay=\u00bbdark\u00bb padding_top_multiplier=\u00bb6x\u00bb padding_bottom_multiplier=\u00bb6x\u00bb separator_top_size=\u00bb30px\u00bb separator_bottom_size=\u00bb30px\u00bb font_color=\u00bb#ffffff\u00bb section_id=\u00bbintro-section\u00bb][vc_column][\/vc_column][\/vc_row][vc_row heading_color=\u00bbprimary-3&#8243; padding_top_multiplier=\u00bb4x\u00bb padding_bottom_multiplier=\u00bb4x\u00bb separator_top_size=\u00bb30px\u00bb separator_bottom_size=\u00bb30px\u00bb section_id=\u00bbintro-section\u00bb][vc_column heading_color=\u00bbprimary-3&#8243; text_align=\u00bbcenter\u00bb][\/vc_column][\/vc_row][vc_row padding_top_multiplier=\u00bb\u00bb padding_bottom_multiplier=\u00bb4x\u00bb][vc_column][vc_column_text] Sogolfe \u2013 Empreendimentos Tur\u00edsticos, Sociedade Unipessoal Lda. is committed to protect the safety and privacy of those who access its website familygolfpark.pt (hereinafter \u201cWebsite\u201d). Therefore, Sogolfe \u2013 Empreendimentos Tur\u00edsticos, Sociedade Unipessoal Lda. [&hellip;]<\/p>\n","protected":false},"author":1,"featured_media":0,"parent":0,"menu_order":0,"comment_status":"closed","ping_status":"open","template":"","meta":{"footnotes":""},"class_list":["post-22793","page","type-page","status-publish","hentry"],"aioseo_notices":[],"_links":{"self":[{"href":"https:\/\/familygolfpark.pt\/es\/wp-json\/wp\/v2\/pages\/22793","targetHints":{"allow":["GET"]}}],"collection":[{"href":"https:\/\/familygolfpark.pt\/es\/wp-json\/wp\/v2\/pages"}],"about":[{"href":"https:\/\/familygolfpark.pt\/es\/wp-json\/wp\/v2\/types\/page"}],"author":[{"embeddable":true,"href":"https:\/\/familygolfpark.pt\/es\/wp-json\/wp\/v2\/users\/1"}],"replies":[{"embeddable":true,"href":"https:\/\/familygolfpark.pt\/es\/wp-json\/wp\/v2\/comments?post=22793"}],"version-history":[{"count":0,"href":"https:\/\/familygolfpark.pt\/es\/wp-json\/wp\/v2\/pages\/22793\/revisions"}],"wp:attachment":[{"href":"https:\/\/familygolfpark.pt\/es\/wp-json\/wp\/v2\/media?parent=22793"}],"curies":[{"name":"wp","href":"https:\/\/api.w.org\/{rel}","templated":true}]}}