{"id":22798,"date":"2019-06-04T08:55:26","date_gmt":"2019-06-04T08:55:26","guid":{"rendered":"https:\/\/familygolfpark.younik.pt\/experiencias\/"},"modified":"2026-02-19T12:23:14","modified_gmt":"2026-02-19T12:23:14","slug":"experiencias","status":"publish","type":"page","link":"https:\/\/familygolfpark.pt\/es\/experiencias\/","title":{"rendered":"Experiencias"},"content":{"rendered":"<div class=\"wpb-content-wrapper\"><p>[vc_row heading_color=\u00bblight\u00bb bg_type=\u00bbimage\u00bb bg_image=\u00bb17216&#8243; bg_image_type=\u00bbparallax\u00bb pattern_overlay=\u00bbyes\u00bb color_overlay=\u00bbprimary-3&#8243; opacity_overlay=\u00bb40&#8243; padding_top_multiplier=\u00bb6x\u00bb padding_bottom_multiplier=\u00bb6x\u00bb separator_top_size=\u00bb30px\u00bb separator_bottom_size=\u00bb30px\u00bb font_color=\u00bb#ffffff\u00bb section_id=\u00bbintro-section\u00bb][vc_column]<div class=\"grve-empty-space\" style=\"height: 15vh;\"><\/div>[\/vc_column][\/vc_row][vc_row padding_top_multiplier=\u00bb4x\u00bb padding_bottom_multiplier=\u00bb4x\u00bb separator_top_size=\u00bb30px\u00bb separator_bottom_size=\u00bb30px\u00bb section_id=\u00bbintro-section\u00bb][vc_column heading_color=\u00bbprimary-1&#8243; text_align=\u00bbcenter\u00bb]<h1 class=\"grve-element grve-title grve-align-center grve-subtitle-text grve-increase-heading grve-heading-200\" style=\"\"><span>Experiencias<\/span><\/h1>[\/vc_column][vc_column heading_color=\u00bbprimary-3&#8243; text_align=\u00bbcenter\u00bb]<h2 class=\"grve-element grve-title grve-align-center grve-h1 grve-increase-heading grve-heading-300\" style=\"\"><span>Para todas las edades<\/span><\/h2><div class=\"grve-empty-space grve-height-1x\" style=\"\"><\/div>[vc_column_text text_style=\u00bbleader-text\u00bb]<\/p>\n<p style=\"text-align: center;\">Damos la bienvenida a jugadores de todas las edades, solo necesitan traer buen humor, estrategia y algo de habilidad.<br \/>\nD\u00e9jate llevar por la competencia entre miembros de diferentes edades de tu familia y sorpr\u00e9ndete con la din\u00e1mica familiar. Disfruta del magn\u00edfico jard\u00edn que creamos, donde ya tenemos m\u00e1s de 200 especies diferentes de arbustos, plantas y \u00e1rboles.<\/p>\n<p>[\/vc_column_text][\/vc_column][\/vc_row][vc_row heading_color=\u00bbprimary-1&#8243; section_type=\u00bbfullwidth\u00bb bg_type=\u00bbcolor\u00bb padding_bottom_multiplier=\u00bb4x\u00bb columns_gap=\u00bbnone\u00bb equal_column_height=\u00bbmiddle-content\u00bb separator_bottom_color=\u00bb#ff1616&#8243; bg_color=\u00bb#ffffff\u00bb el_class=\u00bbgrupo-caixa\u00bb][vc_column column_effect=\u00bbmouse-move-x-y\u00bb width=\u00bb1\/3&#8243; el_class=\u00bbcoluna-caixa\u00bb][vc_row_inner css=\u00bb.vc_custom_1559645840308{background-color: #f4f4f4 !important;}\u00bb el_class=\u00bbcaixa-flutuante-left\u00bb][vc_column_inner]<h2 class=\"grve-element grve-title grve-align-left grve-h2 grve-increase-heading grve-heading-200\" style=\"\"><span>Superminigolf<\/span><\/h2><div class=\"grve-empty-space grve-height-1x\" style=\"\"><\/div>[vc_column_text text_style=\u00bbleader-text\u00bb]<\/p>\n<p style=\"text-align: left;\">Con 2 campos de 18 hoyos con diferentes grados de dificultad, la diversi\u00f3n est\u00e1 asegurada, pero se necesita estrategia para ser el campe\u00f3n.<\/p>\n<p>[\/vc_column_text]<div class=\"grve-empty-space grve-height-3x\" style=\"\"><\/div><div class=\"grve-element grve-align-left grve-animated-item grve-fade-in-left grve-duration-normal\" data-delay=\"200\"><a href=\"https:\/\/familygolfpark.pt\/es\/minigolf\/\" class=\"grve-btn grve-btn-medium grve-extra-round grve-bg-primary-1 grve-bg-hover-white\"><span><i class=\"fas fa-long-arrow-alt-right\"><\/i>Ver m\u00e1s<\/span><\/a><\/div>[\/vc_column_inner][\/vc_row_inner][\/vc_column][vc_column width=\u00bb2\/3&#8243; css=\u00bb.vc_custom_1561547648983{padding-top: 2% !important;padding-right: 2% !important;padding-bottom: 2% !important;padding-left: 2% !important;background-image: url(http:\/\/familygolfpark.pt\/wp-content\/uploads\/2019\/06\/Minigolf-Exeperiences-Family-Golf-Park-02-min.jpg?id=17002) !important;background-position: center !important;background-repeat: no-repeat !important;background-size: cover !important;}\u00bb el_class=\u00bbcaixa-background\u00bb]<div class=\"grve-empty-space\" style=\"height: 70vh;\"><\/div>[\/vc_column][\/vc_row][vc_row heading_color=\u00bbprimary-1&#8243; section_type=\u00bbfullwidth\u00bb bg_type=\u00bbcolor\u00bb padding_bottom_multiplier=\u00bb4x\u00bb columns_gap=\u00bbnone\u00bb equal_column_height=\u00bbmiddle-content\u00bb separator_bottom_color=\u00bb#ff1616&#8243; bg_color=\u00bb#ffffff\u00bb el_class=\u00bbgrupo-caixa\u00bb][vc_column width=\u00bb2\/3&#8243; css=\u00bb.vc_custom_1559654470576{padding-top: 2% !important;padding-right: 2% !important;padding-bottom: 2% !important;padding-left: 2% !important;background-image: url(http:\/\/familygolfpark.pt\/wp-content\/uploads\/2019\/06\/Turistic-train-Exeperiences-Family-Golf-Park-min.jpg?id=16527) !important;background-position: center !important;background-repeat: no-repeat !important;background-size: cover !important;}\u00bb el_class=\u00bbcaixa-background\u00bb]<div class=\"grve-empty-space\" style=\"height: 70vh;\"><\/div>[\/vc_column][vc_column column_effect=\u00bbmouse-move-x-y\u00bb width=\u00bb1\/3&#8243; heading_color=\u00bblight\u00bb font_color=\u00bb#ffffff\u00bb el_class=\u00bbcoluna-caixa\u00bb][vc_row_inner css=\u00bb.vc_custom_1559646300098{background-color: #28a847 !important;}\u00bb el_class=\u00bbcaixa-flutuante-right\u00bb][vc_column_inner]<h2 class=\"grve-element grve-title grve-align-left grve-h2 grve-increase-heading grve-heading-200\" style=\"\"><span>Tren<br \/>\ntur\u00edstico<\/span><\/h2><div class=\"grve-empty-space grve-height-1x\" style=\"\"><\/div>[vc_column_text text_style=\u00bbleader-text\u00bb]<\/p>\n<p style=\"text-align: left;\">Descubre Vilamoura en el tren tur\u00edstico que te llevar\u00e1 a las maravillosas playas de Fal\u00e9sia y Marina. Visite los principales sitios de este balneario en un viaje de 1 hora que seguramente ser\u00e1 recordado.<\/p>\n<p>[\/vc_column_text]<div class=\"grve-empty-space grve-height-3x\" style=\"\"><\/div><div class=\"grve-element grve-align-left grve-animated-item grve-fade-in-left grve-duration-normal\" data-delay=\"200\"><a href=\"https:\/\/familygolfpark.pt\/es\/tren\/\" class=\"grve-btn grve-btn-medium grve-extra-round grve-bg-white grve-bg-hover-white\"><span><i class=\"fas fa-long-arrow-alt-right\"><\/i>Ver m\u00e1s<\/span><\/a><\/div>[\/vc_column_inner][\/vc_row_inner][\/vc_column][\/vc_row][vc_row heading_color=\u00bbprimary-1&#8243; section_type=\u00bbfullwidth\u00bb bg_type=\u00bbcolor\u00bb padding_bottom_multiplier=\u00bb4x\u00bb columns_gap=\u00bbnone\u00bb equal_column_height=\u00bbmiddle-content\u00bb separator_bottom_color=\u00bb#ff1616&#8243; bg_color=\u00bb#ffffff\u00bb el_class=\u00bbgrupo-caixa\u00bb][vc_column column_effect=\u00bbmouse-move-x-y\u00bb width=\u00bb1\/3&#8243; el_class=\u00bbcoluna-caixa\u00bb][vc_row_inner css=\u00bb.vc_custom_1559645840308{background-color: #f4f4f4 !important;}\u00bb el_class=\u00bbcaixa-flutuante-left\u00bb][vc_column_inner]<h2 class=\"grve-element grve-title grve-align-left grve-h2 grve-increase-heading grve-heading-200\" style=\"\"><span>Torneos<br \/>\nde minigolf<\/span><\/h2><div class=\"grve-empty-space grve-height-1x\" style=\"\"><\/div>[vc_column_text text_style=\u00bbleader-text\u00bb]Juega tu torneo de minigolf en Family Golf Park. Ya sea para fortalecer un equipo empresarial, o para crear mayores lazos de amistad entre familiares y amigos, o para fiestas de cumplea\u00f1os, cont\u00e1ctanos y haremos todo lo dem\u00e1s. Entre el c\u00f3ctel de bienvenida y la distribuci\u00f3n de medallas a los participantes, su \u00fanica preocupaci\u00f3n ser\u00e1 jugar.[\/vc_column_text]<div class=\"grve-empty-space grve-height-3x\" style=\"\"><\/div><div class=\"grve-element grve-align-left grve-animated-item grve-fade-in-left grve-duration-normal\" data-delay=\"200\"><a href=\"mailto:info@familygolfpark.pt?subject=Minigolfe-tournament\" class=\"grve-btn grve-btn-medium grve-extra-round grve-bg-primary-1 grve-bg-hover-white\"><span><i class=\"fas fa-long-arrow-alt-right\"><\/i>Cont\u00e1ctenos<\/span><\/a><\/div>[\/vc_column_inner][\/vc_row_inner][\/vc_column][vc_column width=\u00bb2\/3&#8243; css=\u00bb.vc_custom_1561553635125{padding-top: 2% !important;padding-right: 2% !important;padding-bottom: 2% !important;padding-left: 2% !important;background-image: url(http:\/\/familygolfpark.pt\/wp-content\/uploads\/2019\/06\/Minigolf-tournement-Exeperiences-Family-Golf-Park-01-min.jpg?id=17004) !important;background-position: center !important;background-repeat: no-repeat !important;background-size: cover !important;}\u00bb el_class=\u00bbcaixa-background\u00bb]<div class=\"grve-empty-space\" style=\"height: 70vh;\"><\/div>[\/vc_column][\/vc_row][vc_row heading_color=\u00bbprimary-1&#8243; section_type=\u00bbfullwidth\u00bb bg_type=\u00bbcolor\u00bb padding_bottom_multiplier=\u00bb4x\u00bb columns_gap=\u00bbnone\u00bb equal_column_height=\u00bbmiddle-content\u00bb separator_bottom_color=\u00bb#ff1616&#8243; bg_color=\u00bb#ffffff\u00bb el_class=\u00bbgrupo-caixa\u00bb][vc_column width=\u00bb2\/3&#8243; css=\u00bb.vc_custom_1559648564405{padding-top: 2% !important;padding-right: 2% !important;padding-bottom: 2% !important;padding-left: 2% !important;background-image: url(http:\/\/familygolfpark.pt\/wp-content\/uploads\/2019\/06\/kids-club-Exeperiences-Family-Golf-Park-min.jpg?id=16535) !important;background-position: center !important;background-repeat: no-repeat !important;background-size: cover !important;}\u00bb el_class=\u00bbcaixa-background\u00bb]<div class=\"grve-empty-space\" style=\"height: 70vh;\"><\/div>[\/vc_column][vc_column column_effect=\u00bbmouse-move-x-y\u00bb width=\u00bb1\/3&#8243; heading_color=\u00bblight\u00bb font_color=\u00bb#ffffff\u00bb el_class=\u00bbcoluna-caixa\u00bb][vc_row_inner css=\u00bb.vc_custom_1559646300098{background-color: #28a847 !important;}\u00bb el_class=\u00bbcaixa-flutuante-right\u00bb][vc_column_inner]<h2 class=\"grve-element grve-title grve-align-left grve-h2 grve-increase-heading grve-heading-200\" style=\"\"><span>Family<br \/>\nKids Club<\/span><\/h2><div class=\"grve-empty-space grve-height-1x\" style=\"\"><\/div>[vc_column_text text_style=\u00bbleader-text\u00bb]<\/p>\n<p style=\"text-align: left;\">Mientras los adultos se relajan en la terraza, los m\u00e1s peque\u00f1os disponen de un espacio donde correr, saltar, pintar, jugar, jugar y experimentar la emoci\u00f3n del minigolf.<\/p>\n<p>[\/vc_column_text]<div class=\"grve-empty-space grve-height-3x\" style=\"\"><\/div><div class=\"grve-element grve-align-left grve-animated-item grve-fade-in-left grve-duration-normal\" data-delay=\"200\"><a href=\"https:\/\/familygolfpark.pt\/es\/family-kids-club\/\" class=\"grve-btn grve-btn-medium grve-extra-round grve-bg-white grve-bg-hover-white\"><span><i class=\"fas fa-long-arrow-alt-right\"><\/i>Ver m\u00e1s<\/span><\/a><\/div>[\/vc_column_inner][\/vc_row_inner][\/vc_column][\/vc_row][vc_row heading_color=\u00bbprimary-1&#8243; section_type=\u00bbfullwidth\u00bb bg_type=\u00bbcolor\u00bb padding_bottom_multiplier=\u00bb4x\u00bb columns_gap=\u00bbnone\u00bb equal_column_height=\u00bbmiddle-content\u00bb separator_bottom_color=\u00bb#ff1616&#8243; bg_color=\u00bb#ffffff\u00bb el_class=\u00bbgrupo-caixa\u00bb][vc_column column_effect=\u00bbmouse-move-x-y\u00bb width=\u00bb1\/3&#8243; el_class=\u00bbcoluna-caixa\u00bb][vc_row_inner css=\u00bb.vc_custom_1559645840308{background-color: #f4f4f4 !important;}\u00bb el_class=\u00bbcaixa-flutuante-left\u00bb][vc_column_inner]<h2 class=\"grve-element grve-title grve-align-left grve-h2 grve-increase-heading grve-heading-200\" style=\"\"><span>Sala de juegos<\/span><\/h2><div class=\"grve-empty-space grve-height-1x\" style=\"\"><\/div>[vc_column_text text_style=\u00bbleader-text\u00bb]<span style=\"font-weight: 400;\">Sienta la emoci\u00f3n de conducir por la ciudad con nuestro simulador, juegue al baloncesto, al billar, al futbol\u00edn, al pinball, al airgame, o ponga a prueba sus reflejos en el Ghost Hunter. Tiene mucho en donde elegir en nuestra sala de juegos.<\/span>[\/vc_column_text]<div class=\"grve-empty-space grve-height-4x\" style=\"\"><\/div>[\/vc_column_inner][\/vc_row_inner][\/vc_column][vc_column width=\u00bb2\/3&#8243; css=\u00bb.vc_custom_1561554352646{padding-top: 2% !important;padding-right: 2% !important;padding-bottom: 2% !important;padding-left: 2% !important;background-image: url(http:\/\/familygolfpark.pt\/wp-content\/uploads\/2019\/06\/Playroom-Exeperiences-Family-Golf-Park-min.jpg?id=17008) !important;background-position: center !important;background-repeat: no-repeat !important;background-size: cover !important;}\u00bb el_class=\u00bbcaixa-background\u00bb]<div class=\"grve-empty-space\" style=\"height: 70vh;\"><\/div>[\/vc_column][\/vc_row][vc_row heading_color=\u00bblight\u00bb section_type=\u00bbfullwidth\u00bb bg_type=\u00bbimage\u00bb bg_image=\u00bb16538&#8243; bg_image_type=\u00bbfixed\u00bb color_overlay=\u00bblight\u00bb padding_top_multiplier=\u00bb3x\u00bb padding_bottom_multiplier=\u00bb3x\u00bb separator_top_size=\u00bb30px\u00bb separator_bottom_size=\u00bb30px\u00bb font_color=\u00bb#ffffff\u00bb section_id=\u00bbintro-section\u00bb][vc_column width=\u00bb1\/3&#8243; text_align=\u00bbcenter\u00bb][vc_row_inner css=\u00bb.vc_custom_1559652746571{padding-top: 4vw !important;padding-right: 4vw !important;padding-bottom: 4vw !important;padding-left: 4vw !important;}\u00bb][vc_column_inner]<div class=\"grve-element grve-image grve-align-center\" style=\"\">  <div class=\"grve-image-wrapper\"><img loading=\"lazy\" decoding=\"async\" width=\"480\" height=\"378\" src=\"https:\/\/familygolfpark.pt\/wp-content\/uploads\/2019\/07\/menu-family-golf-park-dark.png\" class=\"attachment-full size-full\" alt=\"\" srcset=\"https:\/\/familygolfpark.pt\/wp-content\/uploads\/2019\/07\/menu-family-golf-park-dark.png 480w, https:\/\/familygolfpark.pt\/wp-content\/uploads\/2019\/07\/menu-family-golf-park-dark-300x236.png 300w\" sizes=\"auto, (max-width: 480px) 100vw, 480px\" \/>   <\/div><\/div><div class=\"grve-empty-space grve-height-3x\" style=\"\"><\/div><div class=\"grve-element grve-align-center grve-animated-item grve-fade-in-left grve-duration-normal\" data-delay=\"200\"><a href=\"https:\/\/familygolfpark.pt\/es\/bar\/\" class=\"grve-btn grve-btn-medium grve-extra-round grve-bg-primary-1 grve-bg-hover-white\"><span><i class=\"fas fa-long-arrow-alt-right\"><\/i>Ver m\u00e1s<\/span><\/a><\/div>[\/vc_column_inner][\/vc_row_inner][\/vc_column][vc_column width=\u00bb2\/3&#8243;][\/vc_column][\/vc_row]<\/p>\n<\/div>","protected":false},"excerpt":{"rendered":"<p>[vc_row heading_color=\u00bblight\u00bb bg_type=\u00bbimage\u00bb bg_image=\u00bb17216&#8243; bg_image_type=\u00bbparallax\u00bb pattern_overlay=\u00bbyes\u00bb color_overlay=\u00bbprimary-3&#8243; opacity_overlay=\u00bb40&#8243; padding_top_multiplier=\u00bb6x\u00bb padding_bottom_multiplier=\u00bb6x\u00bb separator_top_size=\u00bb30px\u00bb separator_bottom_size=\u00bb30px\u00bb font_color=\u00bb#ffffff\u00bb section_id=\u00bbintro-section\u00bb][vc_column][\/vc_column][\/vc_row][vc_row padding_top_multiplier=\u00bb4x\u00bb padding_bottom_multiplier=\u00bb4x\u00bb separator_top_size=\u00bb30px\u00bb separator_bottom_size=\u00bb30px\u00bb section_id=\u00bbintro-section\u00bb][vc_column heading_color=\u00bbprimary-1&#8243; text_align=\u00bbcenter\u00bb][\/vc_column][vc_column heading_color=\u00bbprimary-3&#8243; text_align=\u00bbcenter\u00bb][vc_column_text text_style=\u00bbleader-text\u00bb] Damos la bienvenida a jugadores de todas las edades, solo necesitan traer buen humor, estrategia y algo de habilidad. D\u00e9jate llevar por la competencia entre miembros de diferentes edades de tu [&hellip;]<\/p>\n","protected":false},"author":1,"featured_media":0,"parent":0,"menu_order":0,"comment_status":"closed","ping_status":"closed","template":"","meta":{"footnotes":""},"class_list":["post-22798","page","type-page","status-publish","hentry"],"aioseo_notices":[],"_links":{"self":[{"href":"https:\/\/familygolfpark.pt\/es\/wp-json\/wp\/v2\/pages\/22798","targetHints":{"allow":["GET"]}}],"collection":[{"href":"https:\/\/familygolfpark.pt\/es\/wp-json\/wp\/v2\/pages"}],"about":[{"href":"https:\/\/familygolfpark.pt\/es\/wp-json\/wp\/v2\/types\/page"}],"author":[{"embeddable":true,"href":"https:\/\/familygolfpark.pt\/es\/wp-json\/wp\/v2\/users\/1"}],"replies":[{"embeddable":true,"href":"https:\/\/familygolfpark.pt\/es\/wp-json\/wp\/v2\/comments?post=22798"}],"version-history":[{"count":2,"href":"https:\/\/familygolfpark.pt\/es\/wp-json\/wp\/v2\/pages\/22798\/revisions"}],"predecessor-version":[{"id":23391,"href":"https:\/\/familygolfpark.pt\/es\/wp-json\/wp\/v2\/pages\/22798\/revisions\/23391"}],"wp:attachment":[{"href":"https:\/\/familygolfpark.pt\/es\/wp-json\/wp\/v2\/media?parent=22798"}],"curies":[{"name":"wp","href":"https:\/\/api.w.org\/{rel}","templated":true}]}}