{"id":22803,"date":"2019-06-04T13:56:47","date_gmt":"2019-06-04T13:56:47","guid":{"rendered":"https:\/\/familygolfpark.younik.pt\/contactos\/"},"modified":"2024-12-13T15:22:20","modified_gmt":"2024-12-13T15:22:20","slug":"contactos","status":"publish","type":"page","link":"https:\/\/familygolfpark.pt\/es\/contactos\/","title":{"rendered":"Contactos"},"content":{"rendered":"<div class=\"wpb-content-wrapper\"><p>[vc_row heading_color=\u00bblight\u00bb section_type=\u00bbfullwidth\u00bb padding_top_multiplier=\u00bb\u00bb padding_bottom_multiplier=\u00bb\u00bb columns_gap=\u00bbnone\u00bb separator_top_size=\u00bb30px\u00bb separator_bottom_size=\u00bb30px\u00bb font_color=\u00bb#ffffff\u00bb section_id=\u00bbintro-section\u00bb][vc_column text_align=\u00bbcenter\u00bb][vc_raw_html css=\u00bb.vc_custom_1562598715209{margin-bottom: 0px !important;}\u00bb]JTNDZGl2JTIwY2xhc3MlM0QlMjJtYXAtcmVzcG9uc2l2ZSUyMiUzRSUwQSUzQ2lmcmFtZSUyMHNyYyUzRCUyMmh0dHBzJTNBJTJGJTJGd3d3Lmdvb2dsZS5jb20lMkZtYXBzJTJGZW1iZWQlM0ZwYiUzRCUyMTFtMTglMjExbTEyJTIxMW0zJTIxMWQzMTgyLjk3MjgyMjk5MTU5OSUyMTJkLTguMTIxODkwNjgzNzIwMzgyJTIxM2QzNy4wODE5NTQxNTg2MTA4OCUyMTJtMyUyMTFmMCUyMTJmMCUyMTNmMCUyMTNtMiUyMTFpMTAyNCUyMTJpNzY4JTIxNGYxMy4xJTIxM20zJTIxMW0yJTIxMXMweGQxYWI1OTMyMjU4MmRjMSUyNTNBMHg3NTNmOGNlNjE1ZmZiODU0JTIxMnNGYW1pbHklMkJHb2xmJTJCUGFyayUyMTVlMCUyMTNtMiUyMTFzcHQtUFQlMjEyc3B0JTIxNHYxNTYyNTk4NDc2NDc1JTIxNW0yJTIxMXNwdC1QVCUyMTJzcHQlMjIlMjB3aWR0aCUzRCUyMjYwMCUyMiUyMGhlaWdodCUzRCUyMjQ1MCUyMiUyMGZyYW1lYm9yZGVyJTNEJTIyMCUyMiUyMHN0eWxlJTNEJTIyYm9yZGVyJTNBMCUyMiUyMGFsbG93ZnVsbHNjcmVlbiUzRSUzQyUyRmlmcmFtZSUzRSUwQSUzQyUyRmRpdiUzRQ==[\/vc_raw_html][\/vc_column][\/vc_row][vc_row padding_top_multiplier=\u00bb\u00bb padding_bottom_multiplier=\u00bb4x\u00bb separator_top_size=\u00bb30px\u00bb separator_bottom_size=\u00bb30px\u00bb section_id=\u00bbintro-section\u00bb][vc_column heading_color=\u00bbprimary-1&#8243; text_align=\u00bbcenter\u00bb]<div class=\"grve-empty-space grve-height-4x\" style=\"\"><\/div><h1 class=\"grve-element grve-title grve-align-center grve-subtitle-text grve-increase-heading grve-heading-200\" style=\"\"><span>Contactos<\/span><\/h1>[\/vc_column][vc_column heading_color=\u00bbprimary-3&#8243; text_align=\u00bbcenter\u00bb]<h2 class=\"grve-element grve-title grve-align-center grve-h1 grve-increase-heading grve-heading-200\" style=\"\"><span>P\u00f3ngase en contacto con nosotros.<\/span><\/h2><div class=\"grve-empty-space grve-height-2x\" style=\"\"><\/div>[\/vc_column][vc_column][vc_column_text]<\/p>\n<p style=\"text-align: center;\"><strong>Family Golf Park<br \/>\n<\/strong>Rua dos Marmeleiros<br \/>\n8125-497 Vilamoura &#8211; El Algarve<br \/>\nPortugal<\/p>\n<p style=\"text-align: center;\">\u00a0Tel: +351 289 300 800 \u00b7 Fax: +351 289 380 716<br \/>\n(Llamada a la Red Fija Nacional, tarifa seg\u00fan acuerdo entre cliente y operador.)<br \/>\nEmail: <a href=\"mailto:info@familygolfpark.pt\">info@familygolfpark.pt<\/a><\/p>\n<p>[\/vc_column_text]<div class=\"grve-empty-space grve-height-3x\" style=\"\"><\/div>\n<div class=\"wpcf7 no-js\" id=\"wpcf7-f22993-o1\" lang=\"es-ES\" dir=\"ltr\" data-wpcf7-id=\"22993\">\n<div class=\"screen-reader-response\"><p role=\"status\" aria-live=\"polite\" aria-atomic=\"true\"><\/p> <ul><\/ul><\/div>\n<form action=\"\/es\/wp-json\/wp\/v2\/pages\/22803#wpcf7-f22993-o1\" method=\"post\" class=\"wpcf7-form init wpcf7-acceptance-as-validation\" aria-label=\"Formulario de contacto\" novalidate=\"novalidate\" data-status=\"init\">\n<div style=\"display: none;\">\n<input type=\"hidden\" name=\"_wpcf7\" value=\"22993\" \/>\n<input type=\"hidden\" name=\"_wpcf7_version\" value=\"6.0.6\" \/>\n<input type=\"hidden\" name=\"_wpcf7_locale\" value=\"es_ES\" \/>\n<input type=\"hidden\" name=\"_wpcf7_unit_tag\" value=\"wpcf7-f22993-o1\" \/>\n<input type=\"hidden\" name=\"_wpcf7_container_post\" value=\"0\" \/>\n<input type=\"hidden\" name=\"_wpcf7_posted_data_hash\" value=\"\" \/>\n<input type=\"hidden\" name=\"_wpcf7_recaptcha_response\" value=\"\" \/>\n<\/div>\n<div class=\"grve-form grve-underline\">\n\t<div class=\"grve-fields-wrapper\">\n\t\t<div>\n\t\t\t<p><span class=\"wpcf7-form-control-wrap\" data-name=\"your-name\"><input size=\"40\" maxlength=\"400\" class=\"wpcf7-form-control wpcf7-text wpcf7-validates-as-required\" aria-required=\"true\" aria-invalid=\"false\" placeholder=\"Nombre*\" value=\"\" type=\"text\" name=\"your-name\" \/><\/span>\n\t\t\t<\/p>\n\t\t<\/div>\n\t\t<div>\n\t\t\t<p><span class=\"wpcf7-form-control-wrap\" data-name=\"your-email\"><input size=\"40\" maxlength=\"400\" class=\"wpcf7-form-control wpcf7-email wpcf7-validates-as-required wpcf7-text wpcf7-validates-as-email\" aria-required=\"true\" aria-invalid=\"false\" placeholder=\"Email*\" value=\"\" type=\"email\" name=\"your-email\" \/><\/span>\n\t\t\t<\/p>\n\t\t<\/div>\n\t\t<div>\n\t\t\t<p><span class=\"wpcf7-form-control-wrap\" data-name=\"your-subject\"><input size=\"40\" maxlength=\"400\" class=\"wpcf7-form-control wpcf7-text\" aria-invalid=\"false\" placeholder=\"Asunto\" value=\"\" type=\"text\" name=\"your-subject\" \/><\/span>\n\t\t\t<\/p>\n\t\t<\/div>\n\t\t<div>\n\t\t\t<p><span class=\"wpcf7-form-control-wrap\" data-name=\"your-message\"><textarea cols=\"40\" rows=\"10\" maxlength=\"2000\" class=\"wpcf7-form-control wpcf7-textarea\" aria-invalid=\"false\" placeholder=\"Mensaje\" name=\"your-message\"><\/textarea><\/span>\n\t\t\t<\/p>\n\t\t<\/div>\n\t\t<div class=\"legenda-gdpr\">\n\t\t\t<p>Los datos personales recopilados ser\u00e1n procesados \u200b\u200by almacenados por computadora por Sogolfe - Empreendimentos Tur\u00edsticos, Sociedade Unipessoal Lda., Con sede en Urbaniza\u00e7\u00e3o de Vilamoura, Lotes 4 A \/ B - Subzona 2 - Sector 5, Vilamoura, municipio de Loul\u00e9, distrito de Faro, persona colectiva n\u00famero 503 953 075, como entidad responsable del tratamiento de los datos personales (en adelante Sogolfe).<br \/>\nLa informaci\u00f3n facilitada ser\u00e1 tratada \u00fanicamente con la finalidad de aportar alguna aclaraci\u00f3n. Con su consentimiento (haciendo clic en la opci\u00f3n a continuaci\u00f3n), sus datos tambi\u00e9n pueden ser procesados \u200b\u200bpara el siguiente prop\u00f3sito:\n\t\t\t<\/p>\n\t\t\t<p><span class=\"wpcf7-form-control-wrap\" data-name=\"checkbox-marketing\"><span class=\"wpcf7-form-control wpcf7-checkbox checkbox-marketing\"><span class=\"wpcf7-list-item first\"><input type=\"checkbox\" name=\"checkbox-marketing[]\" value=\"Env\u00edo de comunicaciones promocionales y de marketing directo relativas a los productos y servicios de Sogolfe o cualquier otra empresa en la que Manuel Champalimaud SGPS, SA tenga participaci\u00f3n (directa o indirectamente) en el respectivo capital social (\u201csociedades del Grupo Manuel Champalimaud), as\u00ed como promoci\u00f3n de eventos y campa\u00f1as.\" \/><span class=\"wpcf7-list-item-label\">Env\u00edo de comunicaciones promocionales y de marketing directo relativas a los productos y servicios de Sogolfe o cualquier otra empresa en la que Manuel Champalimaud SGPS, SA tenga participaci\u00f3n (directa o indirectamente) en el respectivo capital social (\u201csociedades del Grupo Manuel Champalimaud), as\u00ed como promoci\u00f3n de eventos y campa\u00f1as.<\/span><\/span><span class=\"wpcf7-list-item last\"><input type=\"checkbox\" name=\"checkbox-marketing[]\" value=\"Env\u00edo de comunicaciones promocionales y de marketing relativas a productos y servicios de entidades con las que Sogolfe o empresas del Grupo Manuel Champalimaud hayan establecido acuerdos comerciales o alianzas, as\u00ed como la difusi\u00f3n de eventos y campa\u00f1as.\" \/><span class=\"wpcf7-list-item-label\">Env\u00edo de comunicaciones promocionales y de marketing relativas a productos y servicios de entidades con las que Sogolfe o empresas del Grupo Manuel Champalimaud hayan establecido acuerdos comerciales o alianzas, as\u00ed como la difusi\u00f3n de eventos y campa\u00f1as.<\/span><\/span><\/span><\/span>\n\t\t\t<\/p>\n\t\t\t<p>Los campos marcados con * son obligatorios, de lo contrario no podremos responder a sus solicitudes. Sogolfe podr\u00e1 transmitir sus datos a entidades subcontratadas para los fines antes mencionados, as\u00ed como comunicarlos a empresas del Grupo Manuel Champalimaud, o entidades con las que haya establecido acuerdos comerciales o alianzas oa las entidades competentes en los t\u00e9rminos de la ley.\n\t\t\t<\/p>\n\t\t<\/div>\n\t\t<div class=\"legenda-gdpr\">\n\t\t\t<p>Antes de hacer clic en \"enviar\", lea nuestra <a href=\"\/privacy-policy-cookies\/\" target=\"_blank\">Pol\u00edtica de Privacidad <\/a> para conocer, en particular, sus derechos en materia de protecci\u00f3n de datos personales, el plazo de conservaci\u00f3n de sus datos, c\u00f3mo comunicar sus datos a terceros y las medidas de seguridad adoptadas. En todo caso, tenga en cuenta que podr\u00e1 retirar su consentimiento al tratamiento de datos cuyo consentimiento constituya la base de legitimaci\u00f3n para el tratamiento respectivo, lo que no invalida, sin embargo, el tratamiento realizado hasta esa fecha en base al consentimiento previamente prestado. Para obtener m\u00e1s informaci\u00f3n, puede contactarnos en info@familygolfpark.pt o por tel\u00e9fono +351289300800 <span class=\"legenda\">(Llamada a la Red Fija Nacional, tarifa seg\u00fan acuerdo entre cliente y operador.)<\/span>.\n\t\t\t<\/p>\n\t\t\t<p><span class=\"wpcf7-form-control-wrap\" data-name=\"acceptance-gdpr\"><span class=\"wpcf7-form-control wpcf7-acceptance\"><span class=\"wpcf7-list-item\"><label><input type=\"checkbox\" name=\"acceptance-gdpr\" value=\"1\" id=\"acceptance-gdpr\" aria-invalid=\"false\" \/><span class=\"wpcf7-list-item-label\">Autorizo \u200b\u200bel tratamiento de mis datos personales para las finalidades indicadas anteriormente y \/ o indicadas por m\u00ed, como se mencion\u00f3 anteriormente.*<\/span><\/label><\/span><\/span><\/span>\n\t\t\t<\/p>\n\t\t<\/div>\n\t\t<div class=\"grve-align-center\" style=\"margin-top: 20px;\">\n\t\t\t<p><input class=\"wpcf7-form-control wpcf7-submit has-spinner\" type=\"submit\" value=\"Enviar\" \/>\n\t\t\t<\/p>\n\t\t<\/div>\n\t<\/div>\n<\/div><div class=\"wpcf7-response-output\" aria-hidden=\"true\"><\/div>\n<\/form>\n<\/div>\n[\/vc_column][vc_column]<div class=\"grve-empty-space grve-height-3x\" style=\"\"><\/div><div class=\"grve-element grve-divider\" style=\"padding-bottom: 10px;\"><div class=\"grve-line-divider grve-border\"><\/div><\/div>[vc_column_text]<strong><span style=\"color: #999999; font-size: 12px;\">Ley n.\u00ba 144\/2015, del 8 de septiembre<\/span><\/strong><br \/>\n<span style=\"color: #999999; font-size: 12px;\">ENTIDAD DE ARBITRAJE DE CONSUMO EN EL ALGARVE &#8211; En caso de litigio, el consumidor puede acudir al: Centro de Arbitraje de Consumo del Algarve , Tribunal Arbitral Edif\u00edcio Ninho de Empresas, Estrada da Penha, 8005-131 FARO | Tel: 289 823 135 <span class=\"legenda\">(Llamada a la Red Fija Nacional, tarifa seg\u00fan acuerdo entre cliente y operador.) <\/span>| Fax: 289 812 213 | Email: info@consumoalgarve.pt | www.consumoalgarve.pt<\/span>[\/vc_column_text][\/vc_column][\/vc_row]<\/p>\n<\/div>","protected":false},"excerpt":{"rendered":"<p>[vc_row heading_color=\u00bblight\u00bb section_type=\u00bbfullwidth\u00bb padding_top_multiplier=\u00bb\u00bb padding_bottom_multiplier=\u00bb\u00bb columns_gap=\u00bbnone\u00bb separator_top_size=\u00bb30px\u00bb separator_bottom_size=\u00bb30px\u00bb font_color=\u00bb#ffffff\u00bb section_id=\u00bbintro-section\u00bb][vc_column text_align=\u00bbcenter\u00bb][vc_raw_html css=\u00bb.vc_custom_1562598715209{margin-bottom: 0px !important;}\u00bb]JTNDZGl2JTIwY2xhc3MlM0QlMjJtYXAtcmVzcG9uc2l2ZSUyMiUzRSUwQSUzQ2lmcmFtZSUyMHNyYyUzRCUyMmh0dHBzJTNBJTJGJTJGd3d3Lmdvb2dsZS5jb20lMkZtYXBzJTJGZW1iZWQlM0ZwYiUzRCUyMTFtMTglMjExbTEyJTIxMW0zJTIxMWQzMTgyLjk3MjgyMjk5MTU5OSUyMTJkLTguMTIxODkwNjgzNzIwMzgyJTIxM2QzNy4wODE5NTQxNTg2MTA4OCUyMTJtMyUyMTFmMCUyMTJmMCUyMTNmMCUyMTNtMiUyMTFpMTAyNCUyMTJpNzY4JTIxNGYxMy4xJTIxM20zJTIxMW0yJTIxMXMweGQxYWI1OTMyMjU4MmRjMSUyNTNBMHg3NTNmOGNlNjE1ZmZiODU0JTIxMnNGYW1pbHklMkJHb2xmJTJCUGFyayUyMTVlMCUyMTNtMiUyMTFzcHQtUFQlMjEyc3B0JTIxNHYxNTYyNTk4NDc2NDc1JTIxNW0yJTIxMXNwdC1QVCUyMTJzcHQlMjIlMjB3aWR0aCUzRCUyMjYwMCUyMiUyMGhlaWdodCUzRCUyMjQ1MCUyMiUyMGZyYW1lYm9yZGVyJTNEJTIyMCUyMiUyMHN0eWxlJTNEJTIyYm9yZGVyJTNBMCUyMiUyMGFsbG93ZnVsbHNjcmVlbiUzRSUzQyUyRmlmcmFtZSUzRSUwQSUzQyUyRmRpdiUzRQ==[\/vc_raw_html][\/vc_column][\/vc_row][vc_row padding_top_multiplier=\u00bb\u00bb padding_bottom_multiplier=\u00bb4x\u00bb separator_top_size=\u00bb30px\u00bb separator_bottom_size=\u00bb30px\u00bb section_id=\u00bbintro-section\u00bb][vc_column heading_color=\u00bbprimary-1&#8243; text_align=\u00bbcenter\u00bb][\/vc_column][vc_column heading_color=\u00bbprimary-3&#8243; text_align=\u00bbcenter\u00bb][\/vc_column][vc_column][vc_column_text] Family Golf Park Rua dos Marmeleiros 8125-497 Vilamoura &#8211; El Algarve Portugal \u00a0Tel: +351 289 300 800 \u00b7 Fax: +351 289 380 716 (Llamada a la Red Fija Nacional, tarifa seg\u00fan acuerdo [&hellip;]<\/p>\n","protected":false},"author":1,"featured_media":0,"parent":0,"menu_order":0,"comment_status":"closed","ping_status":"closed","template":"","meta":{"footnotes":""},"class_list":["post-22803","page","type-page","status-publish","hentry"],"aioseo_notices":[],"_links":{"self":[{"href":"https:\/\/familygolfpark.pt\/es\/wp-json\/wp\/v2\/pages\/22803","targetHints":{"allow":["GET"]}}],"collection":[{"href":"https:\/\/familygolfpark.pt\/es\/wp-json\/wp\/v2\/pages"}],"about":[{"href":"https:\/\/familygolfpark.pt\/es\/wp-json\/wp\/v2\/types\/page"}],"author":[{"embeddable":true,"href":"https:\/\/familygolfpark.pt\/es\/wp-json\/wp\/v2\/users\/1"}],"replies":[{"embeddable":true,"href":"https:\/\/familygolfpark.pt\/es\/wp-json\/wp\/v2\/comments?post=22803"}],"version-history":[{"count":0,"href":"https:\/\/familygolfpark.pt\/es\/wp-json\/wp\/v2\/pages\/22803\/revisions"}],"wp:attachment":[{"href":"https:\/\/familygolfpark.pt\/es\/wp-json\/wp\/v2\/media?parent=22803"}],"curies":[{"name":"wp","href":"https:\/\/api.w.org\/{rel}","templated":true}]}}