{"id":22808,"date":"2019-06-04T15:31:27","date_gmt":"2019-06-04T15:31:27","guid":{"rendered":"https:\/\/familygolfpark.younik.pt\/sobre-nosotros\/"},"modified":"2024-12-13T14:32:11","modified_gmt":"2024-12-13T14:32:11","slug":"sobre-nosotros","status":"publish","type":"page","link":"https:\/\/familygolfpark.pt\/es\/sobre-nosotros\/","title":{"rendered":"Sobre nosotros"},"content":{"rendered":"<div class=\"wpb-content-wrapper\"><p>[vc_row heading_color=\u00bblight\u00bb bg_type=\u00bbimage\u00bb bg_image=\u00bb16585&#8243; bg_image_type=\u00bbparallax\u00bb pattern_overlay=\u00bbyes\u00bb color_overlay=\u00bbdark\u00bb padding_top_multiplier=\u00bb6x\u00bb padding_bottom_multiplier=\u00bb6x\u00bb separator_top_size=\u00bb30px\u00bb separator_bottom_size=\u00bb30px\u00bb font_color=\u00bb#ffffff\u00bb section_id=\u00bbintro-section\u00bb][vc_column]<div class=\"grve-empty-space\" style=\"height: 15vh;\"><\/div>[\/vc_column][\/vc_row][vc_row padding_top_multiplier=\u00bb4x\u00bb padding_bottom_multiplier=\u00bb\u00bb separator_top_size=\u00bb30px\u00bb separator_bottom_size=\u00bb30px\u00bb section_id=\u00bbintro-section\u00bb][vc_column heading_color=\u00bbprimary-1&#8243; text_align=\u00bbcenter\u00bb]<h1 class=\"grve-element grve-title grve-align-center grve-subtitle-text grve-increase-heading grve-heading-200\" style=\"\"><span>Family Golf Park<\/span><\/h1>[\/vc_column][vc_column heading_color=\u00bbprimary-3&#8243; text_align=\u00bbcenter\u00bb]<h2 class=\"grve-element grve-title grve-align-center grve-h1 grve-increase-heading grve-heading-300\" style=\"\"><span>Superminigolf<\/span><\/h2><div class=\"grve-empty-space grve-height-1x\" style=\"\"><\/div>[vc_column_text text_style=\u00bbleader-text\u00bb]<\/p>\n<p style=\"text-align: center;\">A medida que supere los desaf\u00edos a lo largo de los dos campos de 18 hoyos, la Via Appia dedicada a la historia del Imperio Romano y la Via Lusitania dedicada a la historia de la ocupaci\u00f3n de la Pen\u00ednsula Ib\u00e9rica por el Imperio Romano, en Family Golf Park estar\u00e1 capaz de aprender m\u00e1s sobre la historia del Imperio Romano, mientras disfruta de doscientas especies de \u00e1rboles, plantas y bot\u00e1nica y la arquitectura circundante con r\u00e9plicas de monumentos romanos.<br \/>\nPara todas las edades combina una sana competencia en una actividad al aire libre.<\/p>\n<p style=\"text-align: center;\"><strong>Ideal para familias y amigos, donde socializar y divertirse son fundamentales.<\/strong><\/p>\n<p>[\/vc_column_text][\/vc_column][\/vc_row][vc_row padding_top_multiplier=\u00bb4x\u00bb padding_bottom_multiplier=\u00bb3x\u00bb section_id=\u00bbvirtual-tour\u00bb][vc_column][vc_raw_html]JTNDaWZyYW1lJTIwd2lkdGglM0QlMjIxMDAlMjUlMjIlMjBoZWlnaHQlM0QlMjI1NjMlMjIlMjBmcmFtZWJvcmRlciUzRCUyMjAlMjIlMjBhbGxvd2Z1bGxzY3JlZW4lMjBzcmMlM0QlMjJodHRwcyUzQSUyRiUyRnRvdXJta3IuY29tJTJGRjFiZHBQdXRiWSUyMiUzRSUzQyUyRmlmcmFtZSUzRQ==[\/vc_raw_html][\/vc_column][\/vc_row][vc_row section_type=\u00bbfullwidth\u00bb bg_type=\u00bbcolor\u00bb padding_top_multiplier=\u00bb4x\u00bb padding_bottom_multiplier=\u00bb4x\u00bb separator_top_size=\u00bb30px\u00bb separator_bottom_size=\u00bb30px\u00bb section_id=\u00bbintro-section\u00bb bg_color=\u00bb#f4f4f4&#8243;][vc_column heading_color=\u00bbprimary-1&#8243; text_align=\u00bbcenter\u00bb]<h3 class=\"grve-element grve-title grve-align-center grve-h3 grve-increase-heading grve-heading-200\" style=\"\"><span>Mapa<\/span><\/h3>[vc_column_text text_style=\u00bbleader-text\u00bb el_class=\u00bbdescricao-max-width\u00bb]<\/p>\n<p style=\"text-align: center;\">Un mapa del espacio donde descubrir un poco m\u00e1s de esta aventura, ya sea por Via Appia o Via Lusit\u00e2nia, la diversi\u00f3n est\u00e1 asegurada\u2026<\/p>\n<p>[\/vc_column_text]<div class=\"bbsm-single-image    \" ><img decoding=\"async\" src=\"https:\/\/familygolfpark.pt\/wp-content\/uploads\/2019\/07\/Map-family-golf-park-02-min.png\" \/><\/div>[\/vc_column][\/vc_row]<\/p>\n<\/div>","protected":false},"excerpt":{"rendered":"<p>[vc_row heading_color=\u00bblight\u00bb bg_type=\u00bbimage\u00bb bg_image=\u00bb16585&#8243; bg_image_type=\u00bbparallax\u00bb pattern_overlay=\u00bbyes\u00bb color_overlay=\u00bbdark\u00bb padding_top_multiplier=\u00bb6x\u00bb padding_bottom_multiplier=\u00bb6x\u00bb separator_top_size=\u00bb30px\u00bb separator_bottom_size=\u00bb30px\u00bb font_color=\u00bb#ffffff\u00bb section_id=\u00bbintro-section\u00bb][vc_column][\/vc_column][\/vc_row][vc_row padding_top_multiplier=\u00bb4x\u00bb padding_bottom_multiplier=\u00bb\u00bb separator_top_size=\u00bb30px\u00bb separator_bottom_size=\u00bb30px\u00bb section_id=\u00bbintro-section\u00bb][vc_column heading_color=\u00bbprimary-1&#8243; text_align=\u00bbcenter\u00bb][\/vc_column][vc_column heading_color=\u00bbprimary-3&#8243; text_align=\u00bbcenter\u00bb][vc_column_text text_style=\u00bbleader-text\u00bb] A medida que supere los desaf\u00edos a lo largo de los dos campos de 18 hoyos, la Via Appia dedicada a la historia del Imperio Romano y la Via Lusitania dedicada a [&hellip;]<\/p>\n","protected":false},"author":1,"featured_media":0,"parent":0,"menu_order":0,"comment_status":"closed","ping_status":"closed","template":"","meta":{"footnotes":""},"class_list":["post-22808","page","type-page","status-publish","hentry"],"aioseo_notices":[],"_links":{"self":[{"href":"https:\/\/familygolfpark.pt\/es\/wp-json\/wp\/v2\/pages\/22808","targetHints":{"allow":["GET"]}}],"collection":[{"href":"https:\/\/familygolfpark.pt\/es\/wp-json\/wp\/v2\/pages"}],"about":[{"href":"https:\/\/familygolfpark.pt\/es\/wp-json\/wp\/v2\/types\/page"}],"author":[{"embeddable":true,"href":"https:\/\/familygolfpark.pt\/es\/wp-json\/wp\/v2\/users\/1"}],"replies":[{"embeddable":true,"href":"https:\/\/familygolfpark.pt\/es\/wp-json\/wp\/v2\/comments?post=22808"}],"version-history":[{"count":0,"href":"https:\/\/familygolfpark.pt\/es\/wp-json\/wp\/v2\/pages\/22808\/revisions"}],"wp:attachment":[{"href":"https:\/\/familygolfpark.pt\/es\/wp-json\/wp\/v2\/media?parent=22808"}],"curies":[{"name":"wp","href":"https:\/\/api.w.org\/{rel}","templated":true}]}}