{"id":22813,"date":"2019-06-26T13:35:08","date_gmt":"2019-06-26T13:35:08","guid":{"rendered":"https:\/\/familygolfpark.younik.pt\/precios\/"},"modified":"2026-03-16T11:27:17","modified_gmt":"2026-03-16T11:27:17","slug":"precios","status":"publish","type":"page","link":"https:\/\/familygolfpark.pt\/es\/precios\/","title":{"rendered":"Precios"},"content":{"rendered":"<div class=\"wpb-content-wrapper\"><p>[vc_row heading_color=\u00bblight\u00bb bg_type=\u00bbimage\u00bb bg_image=\u00bb17053&#8243; bg_image_type=\u00bbparallax\u00bb pattern_overlay=\u00bbyes\u00bb color_overlay=\u00bbdark\u00bb padding_top_multiplier=\u00bb6x\u00bb padding_bottom_multiplier=\u00bb6x\u00bb separator_top_size=\u00bb30px\u00bb separator_bottom_size=\u00bb30px\u00bb font_color=\u00bb#ffffff\u00bb section_id=\u00bbintro-section\u00bb][vc_column]<div class=\"grve-empty-space\" style=\"height: 15vh;\"><\/div>[\/vc_column][\/vc_row][vc_row padding_top_multiplier=\u00bb4x\u00bb padding_bottom_multiplier=\u00bb4x\u00bb separator_top_size=\u00bb30px\u00bb separator_bottom_size=\u00bb30px\u00bb section_id=\u00bbintro-section\u00bb][vc_column heading_color=\u00bbprimary-1&#8243; text_align=\u00bbcenter\u00bb]<h1 class=\"grve-element grve-title grve-align-center grve-subtitle-text grve-increase-heading grve-heading-200\" style=\"\"><span>Los mejores<\/span><\/h1>[\/vc_column][vc_column heading_color=\u00bbprimary-3&#8243; text_align=\u00bbcenter\u00bb]<h2 class=\"grve-element grve-title grve-align-center grve-h1 grve-increase-heading grve-heading-300\" style=\"\"><span>Precios minigolf<\/span><\/h2><div class=\"grve-empty-space grve-height-1x\" style=\"\"><\/div>[vc_column_text text_style=\u00bbleader-text\u00bb]<\/p>\n<p id=\"tw-target-text\" class=\"tw-data-text tw-text-large tw-ta\" dir=\"ltr\" style=\"text-align: center;\" data-placeholder=\"Tradu\u00e7\u00e3o\"><span class=\"Y2IQFc\" lang=\"fr\">L&#8217;acc\u00e8s aux parcours de minigolf n&#8217;est autoris\u00e9 qu&#8217;aux personnes munies d&#8217;un ticket de jeu achet\u00e9 et valide.<\/span><\/p>\n<p style=\"text-align: center;\">Tenemos el mejor precio para jugar al minigolf en el Algarve.<br \/>\nPor cada entrada de adulto, una entrada gratis para un ni\u00f1o menor de cinco a\u00f1os.<br \/>\nAdqui\u00e9ralas online con un 15\u00a0% de descuento[\/vc_column_text][\/vc_column][\/vc_row][vc_row padding_top_multiplier=\u00bb\u00bb padding_bottom_multiplier=\u00bb2x\u00bb][vc_column column_effect=\u00bbmouse-move-x-y\u00bb width=\u00bb1\/3&#8243;]<div class=\"grve-element grve-pricing-table grve-animated-item grve-fade-in-up grve-duration-normal grve-align-center table-prices background-green grve-bg-black grve-shadow-small grve-with-shadow\" style=\"\" data-delay=\"200\">  <div class=\"grve-pricing-header\">    <div class=\"grve-pricing-title grve-h6\">Adulto<\/div>    <div class=\"grve-pricing-description grve-subtitle\"><strong>1 Curso<\/strong><strong>Adventure Classic Minigolf o Crazygolf (18 hoyos cada uno)<\/strong><\/div>  <\/div>  <div class=\"grve-pricing-content\">    <h2 class=\"grve-price grve-align-h1 grve-text-grey grve-increase-heading grve-heading-250\"><span>18,50<\/span>     <div class=\"grve-interval grve-h6\">\u20ac<\/div>   <\/h2>  <\/div>  <ul><li><strong>2 Cursos  <\/strong>19.5\u20ac<\/li><li><strong> <\/strong>Ambas as Rutas<\/li>  <\/ul><a href=\"https:\/\/fareharbor.com\/embeds\/book\/familygolfpark\/?full-items=yes&#038;flow=1189768\" title=\"Bilheteira Online\" class=\"grve-btn grve-btn-medium grve-extra-round grve-bg-white grve-bg-hover-primary-1\"><span>Compre Ahora<\/span><\/a><\/div>[\/vc_column][vc_column column_effect=\u00bbmouse-move-x-y\u00bb width=\u00bb1\/3&#8243; z_index=\u00bb1&#8243;]<div class=\"grve-element grve-pricing-table grve-animated-item grve-fade-in-up grve-duration-normal grve-align-center table-prices grve-bg-white grve-shadow-small grve-with-shadow\" style=\"\" data-delay=\"200\">  <div class=\"grve-pricing-header\">    <div class=\"grve-pricing-title grve-h6\">Ni\u00f1o<\/div>    <div class=\"grve-pricing-description grve-subtitle\">(de 0 a 5 a\u00f1os)*<strong>1 Curso<\/strong><strong>Adventure Classic Minigolf o Crazygolf (18 hoyos cada uno) *S\u00f3lo se permite jugar con un adulto con un boleto v\u00e1lido.<\/strong><\/div>  <\/div>  <div class=\"grve-pricing-content\">    <h2 class=\"grve-price grve-align-h1 grve-text-primary-1 grve-increase-heading grve-heading-250\"><span>Gratis<\/span>     <div class=\"grve-interval grve-h6\"><\/div>   <\/h2>  <\/div>  <ul><li><strong>2 Cursos <\/strong> Gratis<\/li><li><strong> <\/strong>Ambas as Rutas<\/li><li><strong> <\/strong>*Limitado a un ni\u00f1o por adulto.<\/li>  <\/ul><a href=\"https:\/\/fareharbor.com\/embeds\/book\/familygolfpark\/?full-items=yes&#038;flow=1189768\" title=\"Bilheteira Online\" class=\"grve-btn grve-btn-medium grve-extra-round grve-bg-primary-1 grve-bg-hover-white\"><span>Compre Ahora<\/span><\/a><\/div>[\/vc_column][vc_column column_effect=\u00bbmouse-move-x-y\u00bb column_effect_sensitive=\u00bbnormal\u00bb column_effect_limit=\u00bb3x\u00bb width=\u00bb1\/3&#8243; z_index=\u00bb1&#8243;]<div class=\"grve-element grve-pricing-table grve-animated-item grve-fade-in-up grve-duration-normal grve-align-center table-prices grve-bg-white grve-shadow-small grve-with-shadow\" style=\"\" data-delay=\"200\">  <div class=\"grve-pricing-header\">    <div class=\"grve-pricing-title grve-h6\">Joven<\/div>    <div class=\"grve-pricing-description grve-subtitle\">(de 6 a 12 a\u00f1os)<strong>1 Curso<\/strong><strong>Adventure Classic Minigolf o Crazygolf (18 hoyos cada uno)<\/strong><\/div>  <\/div>  <div class=\"grve-pricing-content\">    <h2 class=\"grve-price grve-align-h1 grve-text-primary-1 grve-increase-heading grve-heading-250\"><span>14,50<\/span>     <div class=\"grve-interval grve-h6\">\u20ac<\/div>   <\/h2>  <\/div>  <ul><li><strong>2 Cursos <\/strong>15.5\u20ac<\/li><li><strong> <\/strong>Ambas as Rutas<\/li>  <\/ul><a href=\"https:\/\/fareharbor.com\/embeds\/book\/familygolfpark\/?full-items=yes&#038;flow=1189768\" title=\"Bilheteira Online\" class=\"grve-btn grve-btn-medium grve-extra-round grve-bg-primary-1 grve-bg-hover-white\"><span>Compre Ahora<\/span><\/a><\/div>[\/vc_column][\/vc_row][vc_row padding_bottom_multiplier=\u00bb4x\u00bb][vc_column][vc_column_text text_style=\u00bbleader-text\u00bb]<\/p>\n<h4 style=\"text-align: center;\">Atenci\u00f3n<\/h4>\n<p id=\"tw-target-text\" class=\"tw-data-text tw-text-large tw-ta\" dir=\"ltr\" style=\"text-align: center;\" data-placeholder=\"Tradu\u00e7\u00e3o\"><span class=\"Y2IQFc\" lang=\"es\">La entrada a los campos de Minigolf solo est\u00e1 permitida a personas con un boleto de juego comprado y v\u00e1lido.<\/span><\/p>\n<p style=\"text-align: center;\">Al comprar las dos rutas, tiene quince d\u00edas para completar la segunda ruta.<br \/>\nDescuentos para grupos, consultar en recepci\u00f3n.<\/p>\n<p style=\"text-align: center;\"><strong>Adqui\u00e9ralas online con un 15\u00a0% de descuento.<\/strong><\/p>\n<p>[\/vc_column_text]<div class=\"grve-empty-space grve-height-1x\" style=\"\"><\/div><div class=\"grve-element grve-align-center grve-animated-item grve-fade-in-left grve-duration-normal\" data-delay=\"50\"><a href=\"https:\/\/fareharbor.com\/embeds\/book\/familygolfpark\/?full-items=yes&#038;flow=1189768\" class=\"grve-btn grve-btn-medium grve-extra-round grve-bg-primary-1 grve-bg-hover-white\"><span><i class=\"fab fa-accessible-icon\"><\/i>Compre Ahora<\/span><\/a><\/div>[\/vc_column][\/vc_row][vc_row bg_type=\u00bbcolor\u00bb padding_top_multiplier=\u00bb4x\u00bb padding_bottom_multiplier=\u00bb4x\u00bb separator_top_size=\u00bb30px\u00bb separator_bottom_size=\u00bb30px\u00bb section_id=\u00bbintro-section\u00bb bg_color=\u00bb#f4f4f4&#8243;][vc_column heading_color=\u00bbprimary-1&#8243; text_align=\u00bbcenter\u00bb]<h3 class=\"grve-element grve-title grve-align-center grve-h3 grve-increase-heading grve-heading-200\" style=\"\"><span>Hor\u00e1rio<\/span><\/h3>[vc_column_text text_style=\u00bbleader-text\u00bb]<\/p>\n<p style=\"text-align: center;\">*\u00daltima entrada para 18 hoyos 1h30 antes del cierre.<\/p>\n<p>[\/vc_column_text][\/vc_column][\/vc_row][vc_row bg_type=\u00bbcolor\u00bb padding_top_multiplier=\u00bb\u00bb padding_bottom_multiplier=\u00bb\u00bb equal_column_height=\u00bbmiddle-content\u00bb bg_color=\u00bb#f4f4f4&#8243; el_class=\u00bbschedule-row\u00bb][vc_column width=\u00bb2\/3&#8243; tablet_sm_width=\u00bb3-5&#8243; mobile_width=\u00bb3-5&#8243; css=\u00bb.vc_custom_1561562497171{border-bottom-width: 1px !important;border-bottom-color: #28a847 !important;border-bottom-style: solid !important;}\u00bb el_class=\u00bbschedule-first-column\u00bb][vc_column_text text_style=\u00bbleader-text\u00bb]<\/p>\n<p style=\"text-align: left;\">1 de Febrero al 31 de Marzo<\/p>\n<p>[\/vc_column_text][\/vc_column][vc_column width=\u00bb1\/3&#8243; tablet_sm_width=\u00bb2-5&#8243; mobile_width=\u00bb2-5&#8243; css=\u00bb.vc_custom_1561562481867{border-bottom-width: 1px !important;border-bottom-color: #28a847 !important;border-bottom-style: solid !important;}\u00bb el_class=\u00bbschedule-second-column\u00bb][vc_column_text text_style=\u00bbleader-text\u00bb]<\/p>\n<p style=\"text-align: right;\">10h \u00e0s 18h<\/p>\n<p>[\/vc_column_text][\/vc_column][\/vc_row][vc_row bg_type=\u00bbcolor\u00bb padding_top_multiplier=\u00bb\u00bb padding_bottom_multiplier=\u00bb\u00bb equal_column_height=\u00bbmiddle-content\u00bb bg_color=\u00bb#f4f4f4&#8243; el_class=\u00bbschedule-row\u00bb][vc_column width=\u00bb2\/3&#8243; tablet_sm_width=\u00bb3-5&#8243; mobile_width=\u00bb3-5&#8243; css=\u00bb.vc_custom_1561562497171{border-bottom-width: 1px !important;border-bottom-color: #28a847 !important;border-bottom-style: solid !important;}\u00bb el_class=\u00bbschedule-first-column\u00bb][vc_column_text text_style=\u00bbleader-text\u00bb]<\/p>\n<p style=\"text-align: left;\">1 de Abril al 30 de Junio<\/p>\n<p>[\/vc_column_text][\/vc_column][vc_column width=\u00bb1\/3&#8243; tablet_sm_width=\u00bb2-5&#8243; mobile_width=\u00bb2-5&#8243; css=\u00bb.vc_custom_1561562481867{border-bottom-width: 1px !important;border-bottom-color: #28a847 !important;border-bottom-style: solid !important;}\u00bb el_class=\u00bbschedule-second-column\u00bb][vc_column_text text_style=\u00bbleader-text\u00bb]<\/p>\n<p style=\"text-align: right;\">10h \u00e0s 19h<\/p>\n<p>[\/vc_column_text][\/vc_column][\/vc_row][vc_row bg_type=\u00bbcolor\u00bb padding_top_multiplier=\u00bb\u00bb padding_bottom_multiplier=\u00bb\u00bb equal_column_height=\u00bbmiddle-content\u00bb bg_color=\u00bb#f4f4f4&#8243; el_class=\u00bbschedule-row\u00bb][vc_column width=\u00bb2\/3&#8243; tablet_sm_width=\u00bb3-5&#8243; mobile_width=\u00bb3-5&#8243; css=\u00bb.vc_custom_1561562497171{border-bottom-width: 1px !important;border-bottom-color: #28a847 !important;border-bottom-style: solid !important;}\u00bb el_class=\u00bbschedule-first-column\u00bb][vc_column_text css=\u00bb\u00bb text_style=\u00bbleader-text\u00bb]1 al 12 del Julio[\/vc_column_text][\/vc_column][vc_column width=\u00bb1\/3&#8243; tablet_sm_width=\u00bb2-5&#8243; mobile_width=\u00bb2-5&#8243; css=\u00bb.vc_custom_1561562481867{border-bottom-width: 1px !important;border-bottom-color: #28a847 !important;border-bottom-style: solid !important;}\u00bb el_class=\u00bbschedule-second-column\u00bb][vc_column_text text_style=\u00bbleader-text\u00bb]<\/p>\n<p style=\"text-align: right;\">10h \u00e0s 00h<\/p>\n<p>[\/vc_column_text][\/vc_column][\/vc_row][vc_row bg_type=\u00bbcolor\u00bb padding_top_multiplier=\u00bb\u00bb padding_bottom_multiplier=\u00bb\u00bb equal_column_height=\u00bbmiddle-content\u00bb bg_color=\u00bb#f4f4f4&#8243; el_class=\u00bbschedule-row\u00bb][vc_column width=\u00bb2\/3&#8243; tablet_sm_width=\u00bb3-5&#8243; mobile_width=\u00bb3-5&#8243; css=\u00bb.vc_custom_1561562497171{border-bottom-width: 1px !important;border-bottom-color: #28a847 !important;border-bottom-style: solid !important;}\u00bb el_class=\u00bbschedule-first-column\u00bb][vc_column_text css=\u00bb\u00bb text_style=\u00bbleader-text\u00bb]13 de Julio al 31 de Agosto[\/vc_column_text][\/vc_column][vc_column width=\u00bb1\/3&#8243; tablet_sm_width=\u00bb2-5&#8243; mobile_width=\u00bb2-5&#8243; css=\u00bb.vc_custom_1561562481867{border-bottom-width: 1px !important;border-bottom-color: #28a847 !important;border-bottom-style: solid !important;}\u00bb el_class=\u00bbschedule-second-column\u00bb][vc_column_text text_style=\u00bbleader-text\u00bb]<\/p>\n<p style=\"text-align: right;\">10h \u00e0s 01h<\/p>\n<p>[\/vc_column_text][\/vc_column][\/vc_row][vc_row bg_type=\u00bbcolor\u00bb padding_top_multiplier=\u00bb\u00bb padding_bottom_multiplier=\u00bb\u00bb equal_column_height=\u00bbmiddle-content\u00bb bg_color=\u00bb#f4f4f4&#8243; el_class=\u00bbschedule-row\u00bb][vc_column width=\u00bb2\/3&#8243; tablet_sm_width=\u00bb3-5&#8243; mobile_width=\u00bb3-5&#8243; css=\u00bb.vc_custom_1561562497171{border-bottom-width: 1px !important;border-bottom-color: #28a847 !important;border-bottom-style: solid !important;}\u00bb el_class=\u00bbschedule-first-column\u00bb][vc_column_text css=\u00bb\u00bb text_style=\u00bbleader-text\u00bb]<\/p>\n<p style=\"text-align: left;\">1 al 6 de Septiembre<\/p>\n<p>[\/vc_column_text][\/vc_column][vc_column width=\u00bb1\/3&#8243; tablet_sm_width=\u00bb2-5&#8243; mobile_width=\u00bb2-5&#8243; css=\u00bb.vc_custom_1561562481867{border-bottom-width: 1px !important;border-bottom-color: #28a847 !important;border-bottom-style: solid !important;}\u00bb el_class=\u00bbschedule-second-column\u00bb][vc_column_text text_style=\u00bbleader-text\u00bb]<\/p>\n<p style=\"text-align: right;\">10h \u00e0s 00h<\/p>\n<p>[\/vc_column_text][\/vc_column][\/vc_row][vc_row bg_type=\u00bbcolor\u00bb padding_top_multiplier=\u00bb\u00bb padding_bottom_multiplier=\u00bb\u00bb equal_column_height=\u00bbmiddle-content\u00bb bg_color=\u00bb#f4f4f4&#8243; el_class=\u00bbschedule-row\u00bb][vc_column width=\u00bb2\/3&#8243; tablet_sm_width=\u00bb3-5&#8243; mobile_width=\u00bb3-5&#8243; css=\u00bb.vc_custom_1561562497171{border-bottom-width: 1px !important;border-bottom-color: #28a847 !important;border-bottom-style: solid !important;}\u00bb el_class=\u00bbschedule-first-column\u00bb][vc_column_text css=\u00bb\u00bb text_style=\u00bbleader-text\u00bb]<\/p>\n<p style=\"text-align: left;\">7 de septiembre a 24 de octubre<\/p>\n<p>[\/vc_column_text][\/vc_column][vc_column width=\u00bb1\/3&#8243; tablet_sm_width=\u00bb2-5&#8243; mobile_width=\u00bb2-5&#8243; css=\u00bb.vc_custom_1561562481867{border-bottom-width: 1px !important;border-bottom-color: #28a847 !important;border-bottom-style: solid !important;}\u00bb el_class=\u00bbschedule-second-column\u00bb][vc_column_text text_style=\u00bbleader-text\u00bb]<\/p>\n<p style=\"text-align: right;\">10h \u00e0s 19h<\/p>\n<p>[\/vc_column_text][\/vc_column][\/vc_row][vc_row bg_type=\u00bbcolor\u00bb padding_top_multiplier=\u00bb\u00bb padding_bottom_multiplier=\u00bb\u00bb equal_column_height=\u00bbmiddle-content\u00bb bg_color=\u00bb#f4f4f4&#8243; el_class=\u00bbschedule-row\u00bb][vc_column width=\u00bb2\/3&#8243; tablet_sm_width=\u00bb3-5&#8243; mobile_width=\u00bb3-5&#8243; css=\u00bb.vc_custom_1561562497171{border-bottom-width: 1px !important;border-bottom-color: #28a847 !important;border-bottom-style: solid !important;}\u00bb el_class=\u00bbschedule-first-column\u00bb][vc_column_text css=\u00bb\u00bb text_style=\u00bbleader-text\u00bb]<\/p>\n<p style=\"text-align: left;\">25 de octubre a 22 de Noviembre<\/p>\n<p>[\/vc_column_text][\/vc_column][vc_column width=\u00bb1\/3&#8243; tablet_sm_width=\u00bb2-5&#8243; mobile_width=\u00bb2-5&#8243; css=\u00bb.vc_custom_1561562481867{border-bottom-width: 1px !important;border-bottom-color: #28a847 !important;border-bottom-style: solid !important;}\u00bb el_class=\u00bbschedule-second-column\u00bb][vc_column_text text_style=\u00bbleader-text\u00bb]<\/p>\n<p style=\"text-align: right;\">10h \u00e0s 18h<\/p>\n<p>[\/vc_column_text][\/vc_column][\/vc_row][vc_row bg_type=\u00bbcolor\u00bb padding_top_multiplier=\u00bb\u00bb padding_bottom_multiplier=\u00bb\u00bb equal_column_height=\u00bbmiddle-content\u00bb bg_color=\u00bb#f4f4f4&#8243; el_class=\u00bbschedule-row\u00bb][vc_column width=\u00bb1\/3&#8243; tablet_sm_width=\u00bb2-5&#8243; mobile_width=\u00bb2-5&#8243; css=\u00bb.vc_custom_1561562481867{border-bottom-width: 1px !important;border-bottom-color: #28a847 !important;border-bottom-style: solid !important;}\u00bb el_class=\u00bbschedule-second-column\u00bb][vc_column_text text_style=\u00bbleader-text\u00bb]<\/p>\n<p style=\"text-align: right;\">Cerrados para manutencion<\/p>\n<p>[\/vc_column_text][\/vc_column][\/vc_row][vc_row bg_type=\u00bbcolor\u00bb padding_top_multiplier=\u00bb\u00bb padding_bottom_multiplier=\u00bb\u00bb separator_top_size=\u00bb30px\u00bb separator_bottom_size=\u00bb30px\u00bb section_id=\u00bbintro-section\u00bb bg_color=\u00bb#f4f4f4&#8243;][vc_column heading_color=\u00bbprimary-1&#8243; text_align=\u00bbcenter\u00bb]<div class=\"grve-empty-space grve-height-4x\" style=\"\"><\/div>[\/vc_column][\/vc_row]<\/p>\n<\/div>","protected":false},"excerpt":{"rendered":"<p>[vc_row heading_color=\u00bblight\u00bb bg_type=\u00bbimage\u00bb bg_image=\u00bb17053&#8243; bg_image_type=\u00bbparallax\u00bb pattern_overlay=\u00bbyes\u00bb color_overlay=\u00bbdark\u00bb padding_top_multiplier=\u00bb6x\u00bb padding_bottom_multiplier=\u00bb6x\u00bb separator_top_size=\u00bb30px\u00bb separator_bottom_size=\u00bb30px\u00bb font_color=\u00bb#ffffff\u00bb section_id=\u00bbintro-section\u00bb][vc_column][\/vc_column][\/vc_row][vc_row padding_top_multiplier=\u00bb4x\u00bb padding_bottom_multiplier=\u00bb4x\u00bb separator_top_size=\u00bb30px\u00bb separator_bottom_size=\u00bb30px\u00bb section_id=\u00bbintro-section\u00bb][vc_column heading_color=\u00bbprimary-1&#8243; text_align=\u00bbcenter\u00bb][\/vc_column][vc_column heading_color=\u00bbprimary-3&#8243; text_align=\u00bbcenter\u00bb][vc_column_text text_style=\u00bbleader-text\u00bb] L&#8217;acc\u00e8s aux parcours de minigolf n&#8217;est autoris\u00e9 qu&#8217;aux personnes munies d&#8217;un ticket de jeu achet\u00e9 et valide. Tenemos el mejor precio para jugar al minigolf en el Algarve. Por cada entrada de [&hellip;]<\/p>\n","protected":false},"author":1,"featured_media":0,"parent":0,"menu_order":0,"comment_status":"closed","ping_status":"closed","template":"","meta":{"footnotes":""},"class_list":["post-22813","page","type-page","status-publish","hentry"],"aioseo_notices":[],"_links":{"self":[{"href":"https:\/\/familygolfpark.pt\/es\/wp-json\/wp\/v2\/pages\/22813","targetHints":{"allow":["GET"]}}],"collection":[{"href":"https:\/\/familygolfpark.pt\/es\/wp-json\/wp\/v2\/pages"}],"about":[{"href":"https:\/\/familygolfpark.pt\/es\/wp-json\/wp\/v2\/types\/page"}],"author":[{"embeddable":true,"href":"https:\/\/familygolfpark.pt\/es\/wp-json\/wp\/v2\/users\/1"}],"replies":[{"embeddable":true,"href":"https:\/\/familygolfpark.pt\/es\/wp-json\/wp\/v2\/comments?post=22813"}],"version-history":[{"count":2,"href":"https:\/\/familygolfpark.pt\/es\/wp-json\/wp\/v2\/pages\/22813\/revisions"}],"predecessor-version":[{"id":23415,"href":"https:\/\/familygolfpark.pt\/es\/wp-json\/wp\/v2\/pages\/22813\/revisions\/23415"}],"wp:attachment":[{"href":"https:\/\/familygolfpark.pt\/es\/wp-json\/wp\/v2\/media?parent=22813"}],"curies":[{"name":"wp","href":"https:\/\/api.w.org\/{rel}","templated":true}]}}