{"id":22823,"date":"2019-07-08T15:47:09","date_gmt":"2019-07-08T15:47:09","guid":{"rendered":"https:\/\/familygolfpark.younik.pt\/family-kids-club\/"},"modified":"2019-07-08T15:47:09","modified_gmt":"2019-07-08T15:47:09","slug":"family-kids-club","status":"publish","type":"page","link":"https:\/\/familygolfpark.pt\/es\/family-kids-club\/","title":{"rendered":"Family Kids Club"},"content":{"rendered":"<div class=\"wpb-content-wrapper\"><p>[vc_row heading_color=\u00bblight\u00bb bg_type=\u00bbimage\u00bb bg_image=\u00bb16535&#8243; bg_image_type=\u00bbparallax\u00bb pattern_overlay=\u00bbyes\u00bb color_overlay=\u00bbprimary-3&#8243; opacity_overlay=\u00bb50&#8243; padding_top_multiplier=\u00bb6x\u00bb padding_bottom_multiplier=\u00bb6x\u00bb separator_top_size=\u00bb30px\u00bb separator_bottom_size=\u00bb30px\u00bb font_color=\u00bb#ffffff\u00bb section_id=\u00bbintro-section\u00bb][vc_column]<div class=\"grve-empty-space\" style=\"height: 15vh;\"><\/div>[\/vc_column][\/vc_row][vc_row padding_top_multiplier=\u00bb4x\u00bb padding_bottom_multiplier=\u00bb4x\u00bb separator_top_size=\u00bb30px\u00bb separator_bottom_size=\u00bb30px\u00bb section_id=\u00bbintro-section\u00bb][vc_column heading_color=\u00bbprimary-1&#8243; text_align=\u00bbcenter\u00bb]<h1 class=\"grve-element grve-title grve-align-center grve-subtitle-text grve-increase-heading grve-heading-200\" style=\"\"><span>Family Kids Club<\/span><\/h1>[\/vc_column][vc_column heading_color=\u00bbprimary-3&#8243; text_align=\u00bbcenter\u00bb]<h2 class=\"grve-element grve-title grve-align-center grve-h1 grve-increase-heading grve-heading-300\" style=\"\"><span>Para los ni\u00f1os<\/span><\/h2><div class=\"grve-empty-space grve-height-1x\" style=\"\"><\/div>[vc_column_text text_style=\u00bbleader-text\u00bb]<\/p>\n<p style=\"text-align: center;\"> Fiestas de cumplea\u00f1os. Venga a celebrar su cumplea\u00f1os con nosotros. Aqu\u00ed la diversi\u00f3n est\u00e1 garantizada. Nosotros nos ocupamos de la decoraci\u00f3n, de la comida, del minigolf y del espacio reservado exclusivamente para su fiesta. Tenemos men\u00fas completos para los ni\u00f1os.<\/p>\n<p style=\"text-align: center;\">P\u00f3ngase en contacto con nosotros y conozca los diferentes men\u00fas disponibles.Atr\u00e9vase. \u00a1Le va a gustar!<\/p>\n<p>[\/vc_column_text][\/vc_column][\/vc_row][vc_row][vc_column][vc_column_text]<\/p>\n<p>[\/vc_column_text][\/vc_column][\/vc_row][vc_row section_type=\u00bbfullwidth\u00bb padding_top_multiplier=\u00bbcustom\u00bb padding_bottom_multiplier=\u00bb\u00bb columns_gap=\u00bbnone\u00bb padding_top=\u00bb10&#8243;][vc_column]<div class=\"grve-element grve-gallery grve-isotope grve-with-gap\" style=\"\" data-columns=\"4\" data-columns-large-screen=\"4\" data-columns-tablet-landscape=\"2\" data-columns-tablet-portrait=\"2\" data-columns-mobile=\"1\" data-layout=\"masonry\" data-gutter-size=\"10\">  <div class=\"grve-isotope-container\"><div class=\"grve-isotope-item grve-hover-item grve-hover-style-none grve-image-square\"><div class=\"grve-isotope-item-inner grve-zoom-in\">  <figure class=\"grve-image-hover\">    <div class=\"grve-hover-overlay grve-bg-light grve-opacity-0\"><\/div><div class=\"grve-media\"><img loading=\"lazy\" decoding=\"async\" width=\"560\" height=\"560\" src=\"https:\/\/familygolfpark.pt\/wp-content\/uploads\/2019\/07\/Kids-club-gallery-02-min-560x560.jpg\" class=\"attachment-movedo-grve-small-square size-movedo-grve-small-square\" alt=\"\" srcset=\"https:\/\/familygolfpark.pt\/wp-content\/uploads\/2019\/07\/Kids-club-gallery-02-min-560x560.jpg 560w, https:\/\/familygolfpark.pt\/wp-content\/uploads\/2019\/07\/Kids-club-gallery-02-min-300x300.jpg 300w, https:\/\/familygolfpark.pt\/wp-content\/uploads\/2019\/07\/Kids-club-gallery-02-min-768x768.jpg 768w, https:\/\/familygolfpark.pt\/wp-content\/uploads\/2019\/07\/Kids-club-gallery-02-min-1024x1024.jpg 1024w, https:\/\/familygolfpark.pt\/wp-content\/uploads\/2019\/07\/Kids-club-gallery-02-min-900x900.jpg 900w, https:\/\/familygolfpark.pt\/wp-content\/uploads\/2019\/07\/Kids-club-gallery-02-min-600x600.jpg 600w, https:\/\/familygolfpark.pt\/wp-content\/uploads\/2019\/07\/Kids-club-gallery-02-min-100x100.jpg 100w, https:\/\/familygolfpark.pt\/wp-content\/uploads\/2019\/07\/Kids-club-gallery-02-min.jpg 1120w\" sizes=\"auto, (max-width: 560px) 100vw, 560px\" \/><\/div>  <\/figure><\/div><\/div><div class=\"grve-isotope-item grve-hover-item grve-hover-style-none grve-image-square\"><div class=\"grve-isotope-item-inner grve-zoom-in\">  <figure class=\"grve-image-hover\">    <div class=\"grve-hover-overlay grve-bg-light grve-opacity-0\"><\/div><div class=\"grve-media\"><img loading=\"lazy\" decoding=\"async\" width=\"560\" height=\"560\" src=\"https:\/\/familygolfpark.pt\/wp-content\/uploads\/2019\/07\/Kids-club-gallery-01-min-560x560.jpg\" class=\"attachment-movedo-grve-small-square size-movedo-grve-small-square\" alt=\"\" srcset=\"https:\/\/familygolfpark.pt\/wp-content\/uploads\/2019\/07\/Kids-club-gallery-01-min-560x560.jpg 560w, https:\/\/familygolfpark.pt\/wp-content\/uploads\/2019\/07\/Kids-club-gallery-01-min-300x300.jpg 300w, https:\/\/familygolfpark.pt\/wp-content\/uploads\/2019\/07\/Kids-club-gallery-01-min-768x768.jpg 768w, https:\/\/familygolfpark.pt\/wp-content\/uploads\/2019\/07\/Kids-club-gallery-01-min-1024x1024.jpg 1024w, https:\/\/familygolfpark.pt\/wp-content\/uploads\/2019\/07\/Kids-club-gallery-01-min-900x900.jpg 900w, https:\/\/familygolfpark.pt\/wp-content\/uploads\/2019\/07\/Kids-club-gallery-01-min-600x600.jpg 600w, https:\/\/familygolfpark.pt\/wp-content\/uploads\/2019\/07\/Kids-club-gallery-01-min-100x100.jpg 100w, https:\/\/familygolfpark.pt\/wp-content\/uploads\/2019\/07\/Kids-club-gallery-01-min.jpg 1120w\" sizes=\"auto, (max-width: 560px) 100vw, 560px\" \/><\/div>  <\/figure><\/div><\/div><div class=\"grve-isotope-item grve-hover-item grve-hover-style-none grve-image-portrait\"><div class=\"grve-isotope-item-inner grve-zoom-in\">  <figure class=\"grve-image-hover\">    <div class=\"grve-hover-overlay grve-bg-light grve-opacity-0\"><\/div><div class=\"grve-media\"><img loading=\"lazy\" decoding=\"async\" width=\"900\" height=\"900\" src=\"https:\/\/familygolfpark.pt\/wp-content\/uploads\/2019\/07\/Kids-club-gallery-06-min-900x900.jpg\" class=\"attachment-movedo-grve-medium-square size-movedo-grve-medium-square\" alt=\"\" srcset=\"https:\/\/familygolfpark.pt\/wp-content\/uploads\/2019\/07\/Kids-club-gallery-06-min-900x900.jpg 900w, https:\/\/familygolfpark.pt\/wp-content\/uploads\/2019\/07\/Kids-club-gallery-06-min-300x300.jpg 300w, https:\/\/familygolfpark.pt\/wp-content\/uploads\/2019\/07\/Kids-club-gallery-06-min-768x768.jpg 768w, https:\/\/familygolfpark.pt\/wp-content\/uploads\/2019\/07\/Kids-club-gallery-06-min-1024x1024.jpg 1024w, https:\/\/familygolfpark.pt\/wp-content\/uploads\/2019\/07\/Kids-club-gallery-06-min-560x560.jpg 560w, https:\/\/familygolfpark.pt\/wp-content\/uploads\/2019\/07\/Kids-club-gallery-06-min-600x600.jpg 600w, https:\/\/familygolfpark.pt\/wp-content\/uploads\/2019\/07\/Kids-club-gallery-06-min-100x100.jpg 100w, https:\/\/familygolfpark.pt\/wp-content\/uploads\/2019\/07\/Kids-club-gallery-06-min.jpg 1120w\" sizes=\"auto, (max-width: 900px) 100vw, 900px\" \/><\/div>  <\/figure><\/div><\/div><div class=\"grve-isotope-item grve-hover-item grve-hover-style-none grve-image-square\"><div class=\"grve-isotope-item-inner grve-zoom-in\">  <figure class=\"grve-image-hover\">    <div class=\"grve-hover-overlay grve-bg-light grve-opacity-0\"><\/div><div class=\"grve-media\"><img loading=\"lazy\" decoding=\"async\" width=\"560\" height=\"560\" src=\"https:\/\/familygolfpark.pt\/wp-content\/uploads\/2019\/07\/Kids-club-gallery-05-min-560x560.jpg\" class=\"attachment-movedo-grve-small-square size-movedo-grve-small-square\" alt=\"\" srcset=\"https:\/\/familygolfpark.pt\/wp-content\/uploads\/2019\/07\/Kids-club-gallery-05-min-560x560.jpg 560w, https:\/\/familygolfpark.pt\/wp-content\/uploads\/2019\/07\/Kids-club-gallery-05-min-300x300.jpg 300w, https:\/\/familygolfpark.pt\/wp-content\/uploads\/2019\/07\/Kids-club-gallery-05-min-768x768.jpg 768w, https:\/\/familygolfpark.pt\/wp-content\/uploads\/2019\/07\/Kids-club-gallery-05-min-1024x1024.jpg 1024w, https:\/\/familygolfpark.pt\/wp-content\/uploads\/2019\/07\/Kids-club-gallery-05-min-900x900.jpg 900w, https:\/\/familygolfpark.pt\/wp-content\/uploads\/2019\/07\/Kids-club-gallery-05-min-600x600.jpg 600w, https:\/\/familygolfpark.pt\/wp-content\/uploads\/2019\/07\/Kids-club-gallery-05-min-100x100.jpg 100w, https:\/\/familygolfpark.pt\/wp-content\/uploads\/2019\/07\/Kids-club-gallery-05-min.jpg 1120w\" sizes=\"auto, (max-width: 560px) 100vw, 560px\" \/><\/div>  <\/figure><\/div><\/div><div class=\"grve-isotope-item grve-hover-item grve-hover-style-none grve-image-landscape\"><div class=\"grve-isotope-item-inner grve-zoom-in\">  <figure class=\"grve-image-hover\">    <div class=\"grve-hover-overlay grve-bg-light grve-opacity-0\"><\/div><div class=\"grve-media\"><img loading=\"lazy\" decoding=\"async\" width=\"900\" height=\"900\" src=\"https:\/\/familygolfpark.pt\/wp-content\/uploads\/2019\/07\/Kids-club-gallery-04-min-900x900.jpg\" class=\"attachment-movedo-grve-medium-square size-movedo-grve-medium-square\" alt=\"\" srcset=\"https:\/\/familygolfpark.pt\/wp-content\/uploads\/2019\/07\/Kids-club-gallery-04-min-900x900.jpg 900w, https:\/\/familygolfpark.pt\/wp-content\/uploads\/2019\/07\/Kids-club-gallery-04-min-300x300.jpg 300w, https:\/\/familygolfpark.pt\/wp-content\/uploads\/2019\/07\/Kids-club-gallery-04-min-768x768.jpg 768w, https:\/\/familygolfpark.pt\/wp-content\/uploads\/2019\/07\/Kids-club-gallery-04-min-1024x1024.jpg 1024w, https:\/\/familygolfpark.pt\/wp-content\/uploads\/2019\/07\/Kids-club-gallery-04-min-560x560.jpg 560w, https:\/\/familygolfpark.pt\/wp-content\/uploads\/2019\/07\/Kids-club-gallery-04-min-600x600.jpg 600w, https:\/\/familygolfpark.pt\/wp-content\/uploads\/2019\/07\/Kids-club-gallery-04-min-100x100.jpg 100w, https:\/\/familygolfpark.pt\/wp-content\/uploads\/2019\/07\/Kids-club-gallery-04-min.jpg 1120w\" sizes=\"auto, (max-width: 900px) 100vw, 900px\" \/><\/div>  <\/figure><\/div><\/div><div class=\"grve-isotope-item grve-hover-item grve-hover-style-none grve-image-square\"><div class=\"grve-isotope-item-inner grve-zoom-in\">  <figure class=\"grve-image-hover\">    <div class=\"grve-hover-overlay grve-bg-light grve-opacity-0\"><\/div><div class=\"grve-media\"><img loading=\"lazy\" decoding=\"async\" width=\"560\" height=\"560\" src=\"https:\/\/familygolfpark.pt\/wp-content\/uploads\/2019\/07\/Kids-club-gallery-03-min-560x560.jpg\" class=\"attachment-movedo-grve-small-square size-movedo-grve-small-square\" alt=\"\" srcset=\"https:\/\/familygolfpark.pt\/wp-content\/uploads\/2019\/07\/Kids-club-gallery-03-min-560x560.jpg 560w, https:\/\/familygolfpark.pt\/wp-content\/uploads\/2019\/07\/Kids-club-gallery-03-min-300x300.jpg 300w, https:\/\/familygolfpark.pt\/wp-content\/uploads\/2019\/07\/Kids-club-gallery-03-min-768x768.jpg 768w, https:\/\/familygolfpark.pt\/wp-content\/uploads\/2019\/07\/Kids-club-gallery-03-min-1024x1024.jpg 1024w, https:\/\/familygolfpark.pt\/wp-content\/uploads\/2019\/07\/Kids-club-gallery-03-min-900x900.jpg 900w, https:\/\/familygolfpark.pt\/wp-content\/uploads\/2019\/07\/Kids-club-gallery-03-min-600x600.jpg 600w, https:\/\/familygolfpark.pt\/wp-content\/uploads\/2019\/07\/Kids-club-gallery-03-min-100x100.jpg 100w, https:\/\/familygolfpark.pt\/wp-content\/uploads\/2019\/07\/Kids-club-gallery-03-min.jpg 1120w\" sizes=\"auto, (max-width: 560px) 100vw, 560px\" \/><\/div>  <\/figure><\/div><\/div>  <\/div><\/div>[\/vc_column][\/vc_row]<\/p>\n<\/div>","protected":false},"excerpt":{"rendered":"<p>Festas de anivers\u00e1rio \u2013 Venha festejar o seu anivers\u00e1rio connosco, onde a divers\u00e3o \u00e9 garantida.<\/p>\n","protected":false},"author":1,"featured_media":0,"parent":0,"menu_order":0,"comment_status":"closed","ping_status":"closed","template":"","meta":{"footnotes":""},"class_list":["post-22823","page","type-page","status-publish","hentry"],"aioseo_notices":[],"_links":{"self":[{"href":"https:\/\/familygolfpark.pt\/es\/wp-json\/wp\/v2\/pages\/22823","targetHints":{"allow":["GET"]}}],"collection":[{"href":"https:\/\/familygolfpark.pt\/es\/wp-json\/wp\/v2\/pages"}],"about":[{"href":"https:\/\/familygolfpark.pt\/es\/wp-json\/wp\/v2\/types\/page"}],"author":[{"embeddable":true,"href":"https:\/\/familygolfpark.pt\/es\/wp-json\/wp\/v2\/users\/1"}],"replies":[{"embeddable":true,"href":"https:\/\/familygolfpark.pt\/es\/wp-json\/wp\/v2\/comments?post=22823"}],"version-history":[{"count":0,"href":"https:\/\/familygolfpark.pt\/es\/wp-json\/wp\/v2\/pages\/22823\/revisions"}],"wp:attachment":[{"href":"https:\/\/familygolfpark.pt\/es\/wp-json\/wp\/v2\/media?parent=22823"}],"curies":[{"name":"wp","href":"https:\/\/api.w.org\/{rel}","templated":true}]}}