{"id":22828,"date":"2019-07-09T11:27:15","date_gmt":"2019-07-09T11:27:15","guid":{"rendered":"https:\/\/familygolfpark.younik.pt\/minigolf\/"},"modified":"2019-07-09T11:27:15","modified_gmt":"2019-07-09T11:27:15","slug":"minigolf","status":"publish","type":"page","link":"https:\/\/familygolfpark.pt\/es\/minigolf\/","title":{"rendered":"Minigolf"},"content":{"rendered":"<div class=\"wpb-content-wrapper\"><p>[vc_row heading_color=\u00bblight\u00bb bg_type=\u00bbimage\u00bb bg_image=\u00bb17002&#8243; bg_image_type=\u00bbparallax\u00bb pattern_overlay=\u00bbyes\u00bb color_overlay=\u00bbprimary-3&#8243; opacity_overlay=\u00bb50&#8243; padding_top_multiplier=\u00bb6x\u00bb padding_bottom_multiplier=\u00bb6x\u00bb separator_top_size=\u00bb30px\u00bb separator_bottom_size=\u00bb30px\u00bb font_color=\u00bb#ffffff\u00bb section_id=\u00bbintro-section\u00bb][vc_column]<div class=\"grve-empty-space\" style=\"height: 15vh;\"><\/div>[\/vc_column][\/vc_row][vc_row padding_top_multiplier=\u00bb4x\u00bb padding_bottom_multiplier=\u00bb4x\u00bb separator_top_size=\u00bb30px\u00bb separator_bottom_size=\u00bb30px\u00bb section_id=\u00bbintro-section\u00bb][vc_column heading_color=\u00bbprimary-1&#8243; text_align=\u00bbcenter\u00bb]<h1 class=\"grve-element grve-title grve-align-center grve-subtitle-text grve-increase-heading grve-heading-200\" style=\"\"><span>mejor Superminigolf<\/span><\/h1>[\/vc_column][vc_column heading_color=\u00bbprimary-3&#8243; text_align=\u00bbcenter\u00bb]<h2 class=\"grve-element grve-title grve-align-center grve-h1 grve-increase-heading grve-heading-300\" style=\"\"><span>Para ni\u00f1os y mayores<\/span><\/h2><div class=\"grve-empty-space grve-height-1x\" style=\"\"><\/div>[vc_column_text text_style=\u00bbleader-text\u00bb]Con 2 campos de 18 hoyos, uno Cl\u00e1sico y otro Crazygolf, con diferentes grados de dificultad, la diversi\u00f3n est\u00e1 asegurada, pero se necesita estrategia para ser el campe\u00f3n. El tiro m\u00e1s obvio no siempre es el que lleva la bola m\u00e1s cerca del hoyo.<br \/>\nEn cada hoyo se describen hechos importantes sobre el paso de los romanos por la Pen\u00ednsula Ib\u00e9rica.[\/vc_column_text]<div class=\"bbsm-empty-space  \" style=\"height :4em;width :;\" ><\/div>[vc_raw_html]JTNDJTIxLS0lMjBGYXJlSGFyYm9yJTIwaXRlbSUyMGdyaWQlMjBvZiUyMGZsb3clMjAlMjMxMTg5NzY4JTIwLS0lM0UlMEElM0NzY3JpcHQlMjBzcmMlM0QlMjJodHRwcyUzQSUyRiUyRmZhcmVoYXJib3IuY29tJTJGZW1iZWRzJTJGc2NyaXB0JTJGaXRlbXMlMkZmYW1pbHlnb2xmcGFyayUyRiUzRmZ1bGwtaXRlbXMlM0R5ZXMlMjZmYWxsYmFjayUzRHNpbXBsZSUyNmZsb3clM0QxMTg5NzY4JTIyJTNFJTNDJTJGc2NyaXB0JTNF[\/vc_raw_html][\/vc_column][\/vc_row][vc_row heading_color=\u00bbprimary-3&#8243; section_type=\u00bbfullwidth\u00bb bg_type=\u00bbcolor\u00bb padding_top_multiplier=\u00bb4x\u00bb padding_bottom_multiplier=\u00bb\u00bb bg_color=\u00bb#f4f4f4&#8243; section_id=\u00bbmaps\u00bb][vc_column][vc_tta_tabs alignment=\u00bbcenter\u00bb active_section=\u00bb1&#8243;][vc_tta_section title=\u00bbVia \u00c1ppia\u00bb tab_id=\u00bbmap-via-apia\u00bb]<div class=\"grve-empty-space grve-height-1x\" style=\"\"><\/div>[vc_column_text text_style=\u00bbleader-text\u00bb el_class=\u00bbdescricao-max-width\u00bb]En las losas de piedra grabadas colocadas a lo largo de sus 18 hoyos de Superminigolf dedicados a la historia del Imperio Romano, el imperio m\u00e1s grande de Occidente, los jugadores pueden conocer datos sobre R\u00f3mulo y Remo, el gran emperador Julio C\u00e9sar, el emperador Augusto, la importancia hist\u00f3rica de via Appia y mucho, siendo este nuestro campo de Crazygolf con bucles, puentes, volcanes, rampas invertidas y mucho m\u00e1s&#8230;[\/vc_column_text][rev_slider_vc alias=\u00bbmapa-via-apia\u00bb][\/vc_tta_section][vc_tta_section title=\u00bbVia Lusit\u00e2nia\u00bb tab_id=\u00bbmap-via-lusitania\u00bb el_class=\u00bbtab-via-lusitania\u00bb]<div class=\"grve-empty-space grve-height-1x\" style=\"\"><\/div>[vc_column_text text_style=\u00bbleader-text\u00bb el_class=\u00bbdescricao-max-width\u00bb]<\/p>\n<p style=\"text-align: center;\">En las placas de piedra grabadas colocadas a lo largo de sus 18 hoyos de Superminigolf, los jugadores pueden conocer la historia de la ocupaci\u00f3n de la Pen\u00ednsula Ib\u00e9rica por los romanos, a saber, la ocupaci\u00f3n de Portugal y el Algarve, las luchas por la ocupaci\u00f3n del territorio, el coraje de el Viriato militar lusitano, introducci\u00f3n de la moneda como intercambio comercial y mucho m\u00e1s &#8230;<\/p>\n<p>[\/vc_column_text][rev_slider_vc alias=\u00bbmapa-via-lusitania\u00bb][\/vc_tta_section][\/vc_tta_tabs][\/vc_column][\/vc_row][vc_row bg_type=\u00bbcolor\u00bb padding_top_multiplier=\u00bb\u00bb padding_bottom_multiplier=\u00bb4x\u00bb separator_top_size=\u00bb30px\u00bb separator_bottom_size=\u00bb30px\u00bb section_id=\u00bbintro-section\u00bb bg_color=\u00bb#f4f4f4&#8243;][vc_column width=\u00bb1\/4&#8243; heading_color=\u00bbprimary-1&#8243; text_align=\u00bbcenter\u00bb][\/vc_column][vc_column width=\u00bb1\/2&#8243;]<div class=\"grve-element grve-title grve-align-center grve-leader-text grve-increase-heading grve-heading-300\" style=\"\"><span>Compre online<\/span><\/div><h2 class=\"grve-element grve-title grve-align-center grve-h2 grve-increase-heading grve-heading-200\" style=\"\"><span>15% Discount<\/span><\/h2><div class=\"grve-empty-space grve-height-2x\" style=\"\"><\/div><div class=\"grve-element grve-align-center grve-animated-item grve-fade-in-left grve-duration-normal\" data-delay=\"50\"><a href=\"\/prices\/\" class=\"grve-btn grve-btn-medium grve-extra-round grve-bg-primary-1 grve-bg-hover-white\"><span><i class=\"fas fa-long-arrow-alt-right\"><\/i>Precios<\/span><\/a><\/div>[\/vc_column][vc_column width=\u00bb1\/4&#8243;][\/vc_column][\/vc_row]<\/p>\n<\/div>","protected":false},"excerpt":{"rendered":"<p>[vc_row heading_color=\u00bblight\u00bb bg_type=\u00bbimage\u00bb bg_image=\u00bb17002&#8243; bg_image_type=\u00bbparallax\u00bb pattern_overlay=\u00bbyes\u00bb color_overlay=\u00bbprimary-3&#8243; opacity_overlay=\u00bb50&#8243; padding_top_multiplier=\u00bb6x\u00bb padding_bottom_multiplier=\u00bb6x\u00bb separator_top_size=\u00bb30px\u00bb separator_bottom_size=\u00bb30px\u00bb font_color=\u00bb#ffffff\u00bb section_id=\u00bbintro-section\u00bb][vc_column][\/vc_column][\/vc_row][vc_row padding_top_multiplier=\u00bb4x\u00bb padding_bottom_multiplier=\u00bb4x\u00bb separator_top_size=\u00bb30px\u00bb separator_bottom_size=\u00bb30px\u00bb section_id=\u00bbintro-section\u00bb][vc_column heading_color=\u00bbprimary-1&#8243; text_align=\u00bbcenter\u00bb][\/vc_column][vc_column heading_color=\u00bbprimary-3&#8243; text_align=\u00bbcenter\u00bb][vc_column_text text_style=\u00bbleader-text\u00bb]Con 2 campos de 18 hoyos, uno Cl\u00e1sico y otro Crazygolf, con diferentes grados de dificultad, la diversi\u00f3n est\u00e1 asegurada, pero se necesita estrategia para ser el campe\u00f3n. El tiro m\u00e1s obvio [&hellip;]<\/p>\n","protected":false},"author":1,"featured_media":0,"parent":0,"menu_order":0,"comment_status":"closed","ping_status":"closed","template":"","meta":{"footnotes":""},"class_list":["post-22828","page","type-page","status-publish","hentry"],"aioseo_notices":[],"_links":{"self":[{"href":"https:\/\/familygolfpark.pt\/es\/wp-json\/wp\/v2\/pages\/22828","targetHints":{"allow":["GET"]}}],"collection":[{"href":"https:\/\/familygolfpark.pt\/es\/wp-json\/wp\/v2\/pages"}],"about":[{"href":"https:\/\/familygolfpark.pt\/es\/wp-json\/wp\/v2\/types\/page"}],"author":[{"embeddable":true,"href":"https:\/\/familygolfpark.pt\/es\/wp-json\/wp\/v2\/users\/1"}],"replies":[{"embeddable":true,"href":"https:\/\/familygolfpark.pt\/es\/wp-json\/wp\/v2\/comments?post=22828"}],"version-history":[{"count":0,"href":"https:\/\/familygolfpark.pt\/es\/wp-json\/wp\/v2\/pages\/22828\/revisions"}],"wp:attachment":[{"href":"https:\/\/familygolfpark.pt\/es\/wp-json\/wp\/v2\/media?parent=22828"}],"curies":[{"name":"wp","href":"https:\/\/api.w.org\/{rel}","templated":true}]}}