{"id":22833,"date":"2019-07-11T13:46:36","date_gmt":"2019-07-11T13:46:36","guid":{"rendered":"https:\/\/familygolfpark.younik.pt\/tren\/"},"modified":"2026-03-27T11:58:29","modified_gmt":"2026-03-27T11:58:29","slug":"tren","status":"publish","type":"page","link":"https:\/\/familygolfpark.pt\/es\/tren\/","title":{"rendered":"Tren"},"content":{"rendered":"<div class=\"wpb-content-wrapper\"><p>[vc_row heading_color=\u00bblight\u00bb bg_type=\u00bbimage\u00bb bg_image=\u00bb16527&#8243; bg_image_type=\u00bbparallax\u00bb pattern_overlay=\u00bbyes\u00bb color_overlay=\u00bbdark\u00bb padding_top_multiplier=\u00bb6x\u00bb padding_bottom_multiplier=\u00bb6x\u00bb separator_top_size=\u00bb30px\u00bb separator_bottom_size=\u00bb30px\u00bb font_color=\u00bb#ffffff\u00bb section_id=\u00bbintro-section\u00bb][vc_column]<div class=\"grve-empty-space\" style=\"height: 15vh;\"><\/div>[\/vc_column][\/vc_row][vc_row padding_top_multiplier=\u00bb4x\u00bb padding_bottom_multiplier=\u00bb4x\u00bb separator_top_size=\u00bb30px\u00bb separator_bottom_size=\u00bb30px\u00bb section_id=\u00bbintro-section\u00bb][vc_column heading_color=\u00bbprimary-1&#8243; text_align=\u00bbcenter\u00bb]<h1 class=\"grve-element grve-title grve-align-center grve-subtitle-text grve-increase-heading grve-heading-200\" style=\"\"><span>Tren Turistico<\/span><\/h1>[\/vc_column][vc_column heading_color=\u00bbprimary-3&#8243; text_align=\u00bbcenter\u00bb]<h2 class=\"grve-element grve-title grve-align-center grve-h1 grve-increase-heading grve-heading-300\" style=\"\"><span>Algarve con ni\u00f1os<\/span><\/h2><div class=\"grve-empty-space grve-height-1x\" style=\"\"><\/div>[vc_column_text text_style=\u00bbleader-text\u00bb]<\/p>\n<p style=\"text-align: center;\">Descubre Vilamoura en el tren tur\u00edstico que te llevar\u00e1 a las maravillosas playas de Fal\u00e9sia y Marina. Visite los principales sitios de este balneario en un viaje de 1 hora que seguramente ser\u00e1 recordado. Tambi\u00e9n puede, comprando billetes de 1, 3 o 7 d\u00edas, utilizar nuestro tren solo como medio de transporte dentro de Vilamoura y disfrutar de sus vacaciones sin coche y preocuparse por el aparcamiento.<\/p>\n<p style=\"text-align: center;\">El tren tiene una parada en Minigolfe donde tambi\u00e9n se puede disfrutar de un descuento en la presentaci\u00f3n del boleto de viaje para jugar una partida de Minigolf.<\/p>\n<p>[\/vc_column_text][\/vc_column][\/vc_row][vc_row padding_top_multiplier=\u00bb\u00bb padding_bottom_multiplier=\u00bb2x\u00bb][vc_column column_effect=\u00bbmouse-move-x-y\u00bb width=\u00bb1\/4&#8243;]<div class=\"grve-element grve-pricing-table grve-animated-item grve-fade-in-up grve-duration-normal grve-align-center table-prices-train background-green grve-bg-black grve-shadow-small grve-with-shadow\" style=\"\" data-delay=\"200\">  <div class=\"grve-pricing-header\">    <div class=\"grve-pricing-title grve-h6\">Adulto<\/div>    <div class=\"grve-pricing-description grve-subtitle\"><strong>1 Ruta<\/strong><\/div>  <\/div>  <div class=\"grve-pricing-content\">    <h2 class=\"grve-price grve-align-h1 grve-text-grey grve-increase-heading grve-heading-250\"><span>4.50<\/span>     <div class=\"grve-interval grve-h6\">\u20ac<\/div>   <\/h2>  <\/div>  <ul><li><strong>1 Ruta  <\/strong>4.50\u20ac<\/li><li><strong>Pase diario  <\/strong>5.50\u20ac<\/li><li><strong>Pase de tren de 7 d\u00edas  <\/strong>15.00\u20ac<\/li>  <\/ul><a href=\"https:\/\/fareharbor.com\/embeds\/book\/familygolfpark\/?full-items=yes&#038;flow=904140\" class=\"grve-btn grve-btn-medium grve-extra-round grve-bg-white grve-bg-hover-primary-1\"><span>Compre Ahora<\/span><\/a><\/div>[\/vc_column][vc_column column_effect=\u00bbmouse-move-x-y\u00bb width=\u00bb1\/4&#8243; z_index=\u00bb1&#8243;]<div class=\"grve-element grve-pricing-table grve-animated-item grve-fade-in-up grve-duration-normal grve-align-center table-prices-train background-green grve-bg-black grve-shadow-small grve-with-shadow\" style=\"\" data-delay=\"200\">  <div class=\"grve-pricing-header\">    <div class=\"grve-pricing-title grve-h6\">Senior<\/div>    <div class=\"grve-pricing-description grve-subtitle\">(+65 A\u00d1OS)n<strong>1 Ruta<\/strong><\/div>  <\/div>  <div class=\"grve-pricing-content\">    <h2 class=\"grve-price grve-align-h1 grve-text-grey grve-increase-heading grve-heading-250\"><span>4<\/span>     <div class=\"grve-interval grve-h6\">\u20ac<\/div>   <\/h2>  <\/div>  <ul><li><strong>1 Ruta  <\/strong>4.00\u20ac<\/li><li><strong>Pase diario  <\/strong>5.00\u20ac<\/li><li><strong>Pase de tren de 7 d\u00edas  <\/strong>12.00\u20ac<\/li>  <\/ul><a href=\"https:\/\/fareharbor.com\/embeds\/book\/familygolfpark\/?full-items=yes&#038;flow=904140\" class=\"grve-btn grve-btn-medium grve-extra-round grve-bg-white grve-bg-hover-primary-1\"><span>Compre Ahora<\/span><\/a><\/div>[\/vc_column][vc_column column_effect=\u00bbmouse-move-x-y\u00bb column_effect_limit=\u00bb3x\u00bb width=\u00bb1\/4&#8243;]<div class=\"grve-element grve-pricing-table grve-animated-item grve-fade-in-up grve-duration-normal grve-align-center table-prices-train grve-bg-white grve-shadow-small grve-with-shadow\" style=\"\" data-delay=\"200\">  <div class=\"grve-pricing-header\">    <div class=\"grve-pricing-title grve-h6\">Joven<\/div>    <div class=\"grve-pricing-description grve-subtitle\">(DE 6 A 10 A\u00d1OS)n<strong>1 Ruta<\/strong><\/div>  <\/div>  <div class=\"grve-pricing-content\">    <h2 class=\"grve-price grve-align-h1 grve-text-primary-1 grve-increase-heading grve-heading-250\"><span>2.50<\/span>     <div class=\"grve-interval grve-h6\">\u20ac<\/div>   <\/h2>  <\/div>  <ul><li><strong>1 Ruta  <\/strong> 2.50\u20ac<\/li><li><strong>Pase diario  <\/strong> 3.50\u20ac<\/li><li><strong>Pase de tren de 7 d\u00edas  <\/strong> 10.00\u20ac<\/li>  <\/ul><a href=\"https:\/\/fareharbor.com\/embeds\/book\/familygolfpark\/?full-items=yes&#038;flow=904140\" class=\"grve-btn grve-btn-medium grve-extra-round grve-bg-primary-1 grve-bg-hover-white\"><span>Compre Ahora<\/span><\/a><\/div>[\/vc_column][\/vc_row][vc_row padding_bottom_multiplier=\u00bb4x\u00bb][vc_column][vc_column_text text_style=\u00bbleader-text\u00bb]<\/p>\n<p style=\"text-align: center;\">Venga a nuestro parque de minigolf y descubra Vilamoura en nuestro tren tur\u00edstico. \u00a1Vis\u00edtenos!<\/p>\n<p style=\"text-align: center;\"><strong>Vea a continuaci\u00f3n los horarios del tren y el mapa del recorrido.<\/strong><\/p>\n<p>[\/vc_column_text]<div class=\"grve-empty-space grve-height-1x\" style=\"\"><\/div><div class=\"grve-element grve-align-center grve-animated-item grve-fade-in-left grve-duration-normal\" data-delay=\"50\"><a href=\"https:\/\/familygolfpark.pt\/wp-content\/uploads\/2021\/07\/Train-Schedule-inverno-verao.pdf\" target=\"_blank\" class=\"grve-btn grve-btn-medium grve-extra-round grve-bg-primary-1 grve-bg-hover-white\"><span><i class=\"fab fa-accessible-icon\"><\/i>Horarios y mapa del recorrido<\/span><\/a><\/div>[\/vc_column][\/vc_row][vc_row bg_type=\u00bbimage\u00bb bg_image=\u00bb17428&#8243; bg_image_type=\u00bbparallax\u00bb pattern_overlay=\u00bbyes\u00bb color_overlay=\u00bbcustom\u00bb padding_top_multiplier=\u00bb4x\u00bb padding_bottom_multiplier=\u00bb4x\u00bb separator_top_size=\u00bb30px\u00bb separator_bottom_size=\u00bb30px\u00bb section_id=\u00bbintro-section\u00bb][vc_column heading_color=\u00bbprimary-1&#8243; text_align=\u00bbcenter\u00bb]<div class=\"grve-empty-space\" style=\"height: 14vh;\"><\/div><div class=\"grve-element grve-image grve-align-center\" style=\"\">  <div class=\"grve-image-wrapper\"><a href=\"\/wp-content\/uploads\/2019\/07\/Train-map-v-04-02.jpg\" class=\"grve-image-popup\"><img loading=\"lazy\" decoding=\"async\" width=\"253\" height=\"177\" src=\"https:\/\/familygolfpark.pt\/wp-content\/uploads\/2019\/07\/mapa-eye.png\" class=\"attachment-full size-full\" alt=\"\" \/><\/a>   <\/div><\/div><div class=\"grve-empty-space\" style=\"height: 14vh;\"><\/div>[\/vc_column][\/vc_row]<\/p>\n<\/div>","protected":false},"excerpt":{"rendered":"<p>[vc_row heading_color=\u00bblight\u00bb bg_type=\u00bbimage\u00bb bg_image=\u00bb16527&#8243; bg_image_type=\u00bbparallax\u00bb pattern_overlay=\u00bbyes\u00bb color_overlay=\u00bbdark\u00bb padding_top_multiplier=\u00bb6x\u00bb padding_bottom_multiplier=\u00bb6x\u00bb separator_top_size=\u00bb30px\u00bb separator_bottom_size=\u00bb30px\u00bb font_color=\u00bb#ffffff\u00bb section_id=\u00bbintro-section\u00bb][vc_column][\/vc_column][\/vc_row][vc_row padding_top_multiplier=\u00bb4x\u00bb padding_bottom_multiplier=\u00bb4x\u00bb separator_top_size=\u00bb30px\u00bb separator_bottom_size=\u00bb30px\u00bb section_id=\u00bbintro-section\u00bb][vc_column heading_color=\u00bbprimary-1&#8243; text_align=\u00bbcenter\u00bb][\/vc_column][vc_column heading_color=\u00bbprimary-3&#8243; text_align=\u00bbcenter\u00bb][vc_column_text text_style=\u00bbleader-text\u00bb] Descubre Vilamoura en el tren tur\u00edstico que te llevar\u00e1 a las maravillosas playas de Fal\u00e9sia y Marina. Visite los principales sitios de este balneario en un viaje de 1 hora que seguramente [&hellip;]<\/p>\n","protected":false},"author":1,"featured_media":0,"parent":0,"menu_order":0,"comment_status":"closed","ping_status":"closed","template":"","meta":{"footnotes":""},"class_list":["post-22833","page","type-page","status-publish","hentry"],"aioseo_notices":[],"_links":{"self":[{"href":"https:\/\/familygolfpark.pt\/es\/wp-json\/wp\/v2\/pages\/22833","targetHints":{"allow":["GET"]}}],"collection":[{"href":"https:\/\/familygolfpark.pt\/es\/wp-json\/wp\/v2\/pages"}],"about":[{"href":"https:\/\/familygolfpark.pt\/es\/wp-json\/wp\/v2\/types\/page"}],"author":[{"embeddable":true,"href":"https:\/\/familygolfpark.pt\/es\/wp-json\/wp\/v2\/users\/1"}],"replies":[{"embeddable":true,"href":"https:\/\/familygolfpark.pt\/es\/wp-json\/wp\/v2\/comments?post=22833"}],"version-history":[{"count":1,"href":"https:\/\/familygolfpark.pt\/es\/wp-json\/wp\/v2\/pages\/22833\/revisions"}],"predecessor-version":[{"id":23461,"href":"https:\/\/familygolfpark.pt\/es\/wp-json\/wp\/v2\/pages\/22833\/revisions\/23461"}],"wp:attachment":[{"href":"https:\/\/familygolfpark.pt\/es\/wp-json\/wp\/v2\/media?parent=22833"}],"curies":[{"name":"wp","href":"https:\/\/api.w.org\/{rel}","templated":true}]}}