{"id":22772,"date":"2016-06-23T11:40:04","date_gmt":"2016-06-23T11:40:04","guid":{"rendered":"https:\/\/familygolfpark.younik.pt\/equipe\/"},"modified":"2026-02-20T08:33:40","modified_gmt":"2026-02-20T08:33:40","slug":"equipe","status":"publish","type":"page","link":"https:\/\/familygolfpark.pt\/fr\/equipe\/","title":{"rendered":"\u00c9quipe"},"content":{"rendered":"<div class=\"wpb-content-wrapper\"><p>[vc_row heading_color=\u00a0\u00bblight\u00a0\u00bb bg_type=\u00a0\u00bbimage\u00a0\u00bb bg_image=\u00a0\u00bb17478&Prime; bg_image_type=\u00a0\u00bbparallax\u00a0\u00bb pattern_overlay=\u00a0\u00bbyes\u00a0\u00bb color_overlay=\u00a0\u00bbdark\u00a0\u00bb padding_top_multiplier=\u00a0\u00bb6x\u00a0\u00bb padding_bottom_multiplier=\u00a0\u00bb6x\u00a0\u00bb separator_top_size=\u00a0\u00bb30px\u00a0\u00bb separator_bottom_size=\u00a0\u00bb30px\u00a0\u00bb font_color=\u00a0\u00bb#ffffff\u00a0\u00bb section_id=\u00a0\u00bbintro-section\u00a0\u00bb][vc_column]<div class=\"grve-empty-space\" style=\"height: 15vh;\"><\/div>[\/vc_column][\/vc_row][vc_row padding_top_multiplier=\u00a0\u00bb4x\u00a0\u00bb padding_bottom_multiplier=\u00a0\u00bb4x\u00a0\u00bb separator_top_size=\u00a0\u00bb30px\u00a0\u00bb separator_bottom_size=\u00a0\u00bb30px\u00a0\u00bb section_id=\u00a0\u00bbintro-section\u00a0\u00bb][vc_column heading_color=\u00a0\u00bbprimary-1&Prime; text_align=\u00a0\u00bbcenter\u00a0\u00bb]<h1 class=\"grve-element grve-title grve-align-center grve-subtitle-text grve-increase-heading grve-heading-200\" style=\"\"><span>\u00c9quipe<\/span><\/h1>[\/vc_column][vc_column heading_color=\u00a0\u00bbprimary-3&Prime; text_align=\u00a0\u00bbcenter\u00a0\u00bb]<h2 class=\"grve-element grve-title grve-align-center grve-h1 grve-increase-heading grve-heading-300\" style=\"\"><span>Qui allez-vous affronter?<\/span><\/h2><div class=\"grve-empty-space grve-height-1x\" style=\"\"><\/div>[vc_column_text text_style=\u00a0\u00bbleader-text\u00a0\u00bb]<\/p>\n<p style=\"text-align: center;\">Le Family Golf Park a le grand plaisir de vous pr\u00e9senter son \u00e9quipe, qui sera \u00e0 votre disposition lors de votre visite.<br \/>\nNotre mission \u00e9tant de d\u00e9passer les attentes des clients pendant leur visite au Park, nous veillons \u00e0 offrir une exp\u00e9rience d\u2019excellence et \u00e0 rendre la visite de nos clients inoubliable.[\/vc_column_text][\/vc_column][\/vc_row][vc_row padding_top_multiplier=\u00a0\u00bb\u00a0\u00bb padding_bottom_multiplier=\u00a0\u00bb2x\u00a0\u00bb][vc_column width=\u00a0\u00bb1\/3&Prime;]\r\n\t\t\t\t<div class=\"grve-team grve-element grve-layout-1 grve-animated-item grve-fade-in-up grve-duration-normal\" style=\"\" data-delay=\"400\">\r\n\t\t\t<figure class=\"grve-image-hover grve-zoom-none\">\r\n\t\t\t\t\t\t\t\t<div class=\"grve-team-person\">\r\n\t\t\t\t\t<div class=\"grve-bg-primary-1 grve-hover-overlay grve-opacity-0\"><\/div>\r\n\t\t\t\t\t<img loading=\"lazy\" decoding=\"async\" width=\"370\" height=\"493\" src=\"https:\/\/familygolfpark.pt\/wp-content\/uploads\/2019\/07\/family-golf-park-team-Julio-hopffer-02-min.jpg\" class=\"attachment-full size-full\" alt=\"\" srcset=\"https:\/\/familygolfpark.pt\/wp-content\/uploads\/2019\/07\/family-golf-park-team-Julio-hopffer-02-min.jpg 370w, https:\/\/familygolfpark.pt\/wp-content\/uploads\/2019\/07\/family-golf-park-team-Julio-hopffer-02-min-225x300.jpg 225w\" sizes=\"auto, (max-width: 370px) 100vw, 370px\" \/>\t\t\t\t<\/div>\r\n\t\t\t\t<figcaption>\r\n\t\t\t\t\t<ul class=\"grve-team-social grve-align-center\">\r\n\t\t\t\t\t\t\t\t\t\t\t<\/ul>\r\n\t\t\t\t<\/figcaption>\r\n\t\t\t<\/figure>\r\n\t\t\t<div class=\"grve-team-description grve-align-center\">\r\n\t\t\t\t\t\t\t\t<div class=\"grve-team-identity grve-link-text\">Responsable Administratif<\/div>\r\n\t\t\t\t\t\t\t\t\t\t\t\t<h3 class=\"grve-team-name grve-text-hover-primary-1 grve-h5\">Julio Hopffer<\/h3>\r\n\t\t\t\t\t\t\t<\/div>\r\n\t\t<\/div>\r\n\t\t\r\n\t\t<div class=\"grve-empty-space grve-height-1x\" style=\"\"><\/div>[vc_column_text css=\u00a0\u00bb.vc_custom_1568025769220{padding-right: 4% !important;padding-left: 4% !important;}\u00a0\u00bb text_style=\u00a0\u00bbleader-text\u00a0\u00bb animation=\u00a0\u00bbgrve-fade-in-up\u00a0\u00bb]<\/p>\n<p style=\"text-align: center;\"><em>\u201cAider toute l\u2019\u00e9quipe, et par cons\u00e9quent le FGP, \u00e0 atteindre ses objectifs d\u2019excellence\u201d<\/em><\/p>\n<p>[\/vc_column_text][\/vc_column][vc_column width=\u00a0\u00bb1\/3&Prime;]\r\n\t\t\t\t<div class=\"grve-team grve-element grve-layout-1 grve-animated-item grve-fade-in-up grve-duration-normal\" style=\"\" data-delay=\"400\">\r\n\t\t\t<figure class=\"grve-image-hover grve-zoom-none\">\r\n\t\t\t\t\t\t\t\t<div class=\"grve-team-person\">\r\n\t\t\t\t\t<div class=\"grve-bg-primary-1 grve-hover-overlay grve-opacity-0\"><\/div>\r\n\t\t\t\t\t<img loading=\"lazy\" decoding=\"async\" width=\"370\" height=\"493\" src=\"https:\/\/familygolfpark.pt\/wp-content\/uploads\/2019\/07\/family-golf-park-team-tiago-coelho-min.jpg\" class=\"attachment-full size-full\" alt=\"\" srcset=\"https:\/\/familygolfpark.pt\/wp-content\/uploads\/2019\/07\/family-golf-park-team-tiago-coelho-min.jpg 370w, https:\/\/familygolfpark.pt\/wp-content\/uploads\/2019\/07\/family-golf-park-team-tiago-coelho-min-225x300.jpg 225w\" sizes=\"auto, (max-width: 370px) 100vw, 370px\" \/>\t\t\t\t<\/div>\r\n\t\t\t\t<figcaption>\r\n\t\t\t\t\t<ul class=\"grve-team-social grve-align-center\">\r\n\t\t\t\t\t\t\t\t\t\t\t<\/ul>\r\n\t\t\t\t<\/figcaption>\r\n\t\t\t<\/figure>\r\n\t\t\t<div class=\"grve-team-description grve-align-center\">\r\n\t\t\t\t\t\t\t\t<div class=\"grve-team-identity grve-link-text\">Responsable Op\u00e9rationnel<\/div>\r\n\t\t\t\t\t\t\t\t\t\t\t\t<h3 class=\"grve-team-name grve-text-hover-primary-1 grve-h5\">Tiago Coelho<\/h3>\r\n\t\t\t\t\t\t\t<\/div>\r\n\t\t<\/div>\r\n\t\t\r\n\t\t<div class=\"grve-empty-space grve-height-1x\" style=\"\"><\/div>[vc_column_text css=\u00a0\u00bb.vc_custom_1568025801900{padding-right: 4% !important;padding-left: 4% !important;}\u00a0\u00bb text_style=\u00a0\u00bbleader-text\u00a0\u00bb animation=\u00a0\u00bbgrve-fade-in-up\u00a0\u00bb]<\/p>\n<p style=\"text-align: center;\"><em>\u201cLe fait de travailler pour atteindre des normes de qualit\u00e9 et d\u2019excellence \u00e9lev\u00e9es et d\u2019\u00eatre tous les jours reconnus, en particulier par les clients qui nous visitent, est gratifiant\u201d<\/em><\/p>\n<p>[\/vc_column_text][\/vc_column][\/vc_row][vc_row padding_top_multiplier=\u00a0\u00bb\u00a0\u00bb padding_bottom_multiplier=\u00a0\u00bb2x\u00a0\u00bb][vc_column width=\u00a0\u00bb1\/3&Prime;]\r\n\t\t\t\t<div class=\"grve-team grve-element grve-layout-1 grve-animated-item grve-fade-in-up grve-duration-normal\" style=\"\" data-delay=\"400\">\r\n\t\t\t<figure class=\"grve-image-hover grve-zoom-none\">\r\n\t\t\t\t\t\t\t\t<div class=\"grve-team-person\">\r\n\t\t\t\t\t<div class=\"grve-bg-primary-1 grve-hover-overlay grve-opacity-0\"><\/div>\r\n\t\t\t\t\t<img loading=\"lazy\" decoding=\"async\" width=\"370\" height=\"493\" src=\"https:\/\/familygolfpark.pt\/wp-content\/uploads\/2019\/07\/family-golf-park-team-vera-rodrigues-min.jpg\" class=\"attachment-full size-full\" alt=\"\" srcset=\"https:\/\/familygolfpark.pt\/wp-content\/uploads\/2019\/07\/family-golf-park-team-vera-rodrigues-min.jpg 370w, https:\/\/familygolfpark.pt\/wp-content\/uploads\/2019\/07\/family-golf-park-team-vera-rodrigues-min-225x300.jpg 225w\" sizes=\"auto, (max-width: 370px) 100vw, 370px\" \/>\t\t\t\t<\/div>\r\n\t\t\t\t<figcaption>\r\n\t\t\t\t\t<ul class=\"grve-team-social grve-align-center\">\r\n\t\t\t\t\t\t\t\t\t\t\t<\/ul>\r\n\t\t\t\t<\/figcaption>\r\n\t\t\t<\/figure>\r\n\t\t\t<div class=\"grve-team-description grve-align-center\">\r\n\t\t\t\t\t\t\t\t<div class=\"grve-team-identity grve-link-text\">R\u00e9ceptionniste<\/div>\r\n\t\t\t\t\t\t\t\t\t\t\t\t<h3 class=\"grve-team-name grve-text-hover-primary-1 grve-h5\">Vera Rodrigues<\/h3>\r\n\t\t\t\t\t\t\t<\/div>\r\n\t\t<\/div>\r\n\t\t\r\n\t\t<div class=\"grve-empty-space grve-height-1x\" style=\"\"><\/div>[vc_column_text css=\u00a0\u00bb.vc_custom_1568025883364{padding-right: 4% !important;padding-left: 4% !important;}\u00a0\u00bb text_style=\u00a0\u00bbleader-text\u00a0\u00bb animation=\u00a0\u00bbgrve-fade-in-up\u00a0\u00bb]<\/p>\n<p style=\"text-align: center;\"><em>\u201cAu cours des ces 15 ans de travail, j\u2019ai acquis beaucoup d\u2019exp\u00e9rience, fait la connaissance d\u2019excellents coll\u00e8gues et de supers clients\u201d<\/em><\/p>\n<p>[\/vc_column_text][\/vc_column][vc_column width=\u00a0\u00bb1\/3&Prime;]\r\n\t\t\t\t<div class=\"grve-team grve-element grve-layout-1 grve-animated-item grve-fade-in-up grve-duration-normal\" style=\"\" data-delay=\"400\">\r\n\t\t\t<figure class=\"grve-image-hover grve-zoom-none\">\r\n\t\t\t\t\t\t\t\t<div class=\"grve-team-person\">\r\n\t\t\t\t\t<div class=\"grve-bg-primary-1 grve-hover-overlay grve-opacity-0\"><\/div>\r\n\t\t\t\t\t<img loading=\"lazy\" decoding=\"async\" width=\"370\" height=\"493\" src=\"https:\/\/familygolfpark.pt\/wp-content\/uploads\/2019\/07\/family-golf-park-team-maria-joao-celorico-min.jpg\" class=\"attachment-full size-full\" alt=\"\" srcset=\"https:\/\/familygolfpark.pt\/wp-content\/uploads\/2019\/07\/family-golf-park-team-maria-joao-celorico-min.jpg 370w, https:\/\/familygolfpark.pt\/wp-content\/uploads\/2019\/07\/family-golf-park-team-maria-joao-celorico-min-225x300.jpg 225w\" sizes=\"auto, (max-width: 370px) 100vw, 370px\" \/>\t\t\t\t<\/div>\r\n\t\t\t\t<figcaption>\r\n\t\t\t\t\t<ul class=\"grve-team-social grve-align-center\">\r\n\t\t\t\t\t\t\t\t\t\t\t<\/ul>\r\n\t\t\t\t<\/figcaption>\r\n\t\t\t<\/figure>\r\n\t\t\t<div class=\"grve-team-description grve-align-center\">\r\n\t\t\t\t\t\t\t\t<div class=\"grve-team-identity grve-link-text\">Serveur<\/div>\r\n\t\t\t\t\t\t\t\t\t\t\t\t<h3 class=\"grve-team-name grve-text-hover-primary-1 grve-h5\">Maria Jo\u00e3o<\/h3>\r\n\t\t\t\t\t\t\t<\/div>\r\n\t\t<\/div>\r\n\t\t\r\n\t\t<div class=\"grve-empty-space grve-height-1x\" style=\"\"><\/div>[vc_column_text css=\u00a0\u00bb.vc_custom_1568025947484{padding-right: 4% !important;padding-left: 4% !important;}\u00a0\u00bb text_style=\u00a0\u00bbleader-text\u00a0\u00bb animation=\u00a0\u00bbgrve-fade-in-up\u00a0\u00bb]<\/p>\n<p style=\"text-align: center;\"><em>\u201cPour nous distinguer, nous essayons toujours d\u2019\u00eatre diff\u00e9rents, en mettant l\u2019accent sur l\u2019excellence\u201d<\/em><\/p>\n<p>[\/vc_column_text][\/vc_column][vc_column width=\u00a0\u00bb1\/3&Prime;]\r\n\t\t\t\t<div class=\"grve-team grve-element grve-layout-1 grve-animated-item grve-fade-in-up grve-duration-normal\" style=\"\" data-delay=\"400\">\r\n\t\t\t<figure class=\"grve-image-hover grve-zoom-none\">\r\n\t\t\t\t\t\t\t\t<div class=\"grve-team-person\">\r\n\t\t\t\t\t<div class=\"grve-bg-primary-1 grve-hover-overlay grve-opacity-0\"><\/div>\r\n\t\t\t\t\t<img loading=\"lazy\" decoding=\"async\" width=\"370\" height=\"493\" src=\"https:\/\/familygolfpark.pt\/wp-content\/uploads\/2026\/02\/family-golf-park-team-Goncalo-Neves.webp\" class=\"attachment-full size-full\" alt=\"\" srcset=\"https:\/\/familygolfpark.pt\/wp-content\/uploads\/2026\/02\/family-golf-park-team-Goncalo-Neves.webp 370w, https:\/\/familygolfpark.pt\/wp-content\/uploads\/2026\/02\/family-golf-park-team-Goncalo-Neves-225x300.webp 225w\" sizes=\"auto, (max-width: 370px) 100vw, 370px\" \/>\t\t\t\t<\/div>\r\n\t\t\t\t<figcaption>\r\n\t\t\t\t\t<ul class=\"grve-team-social grve-align-center\">\r\n\t\t\t\t\t\t\t\t\t\t\t<\/ul>\r\n\t\t\t\t<\/figcaption>\r\n\t\t\t<\/figure>\r\n\t\t\t<div class=\"grve-team-description grve-align-center\">\r\n\t\t\t\t\t\t\t\t<div class=\"grve-team-identity grve-link-text\">Employ\u00e9 de bar<\/div>\r\n\t\t\t\t\t\t\t\t\t\t\t\t<h3 class=\"grve-team-name grve-text-hover-primary-1 grve-h5\">Gon\u00e7alo Neves<\/h3>\r\n\t\t\t\t\t\t\t<\/div>\r\n\t\t<\/div>\r\n\t\t\r\n\t\t<div class=\"grve-empty-space grve-height-1x\" style=\"\"><\/div>[vc_column_text css=\u00a0\u00bb.vc_custom_1771499804345{padding-right: 4% !important;padding-left: 4% !important;}\u00a0\u00bb text_style=\u00a0\u00bbleader-text\u00a0\u00bb animation=\u00a0\u00bbgrve-fade-in-up\u00a0\u00bb]<\/p>\n<p style=\"text-align: center;\"><em>\u201cUn environnement convivial et exceptionnel qui contribue \u00e0 accomplir les t\u00e2ches avec plus de qualit\u00e9 et de plaisir.\u201d<\/em><\/p>\n<p>[\/vc_column_text][\/vc_column][\/vc_row][vc_row padding_top_multiplier=\u00a0\u00bb\u00a0\u00bb padding_bottom_multiplier=\u00a0\u00bb2x\u00a0\u00bb][vc_column width=\u00a0\u00bb1\/3&Prime;]\r\n\t\t\t\t<div class=\"grve-team grve-element grve-layout-1 grve-animated-item grve-fade-in-up grve-duration-normal\" style=\"\" data-delay=\"400\">\r\n\t\t\t<figure class=\"grve-image-hover grve-zoom-none\">\r\n\t\t\t\t\t\t\t\t<div class=\"grve-team-person\">\r\n\t\t\t\t\t<div class=\"grve-bg-primary-1 grve-hover-overlay grve-opacity-0\"><\/div>\r\n\t\t\t\t\t<img loading=\"lazy\" decoding=\"async\" width=\"370\" height=\"493\" src=\"https:\/\/familygolfpark.pt\/wp-content\/uploads\/2019\/07\/family-golf-park-team-paulo-silva-min.jpg\" class=\"attachment-full size-full\" alt=\"\" srcset=\"https:\/\/familygolfpark.pt\/wp-content\/uploads\/2019\/07\/family-golf-park-team-paulo-silva-min.jpg 370w, https:\/\/familygolfpark.pt\/wp-content\/uploads\/2019\/07\/family-golf-park-team-paulo-silva-min-225x300.jpg 225w\" sizes=\"auto, (max-width: 370px) 100vw, 370px\" \/>\t\t\t\t<\/div>\r\n\t\t\t\t<figcaption>\r\n\t\t\t\t\t<ul class=\"grve-team-social grve-align-center\">\r\n\t\t\t\t\t\t\t\t\t\t\t<\/ul>\r\n\t\t\t\t<\/figcaption>\r\n\t\t\t<\/figure>\r\n\t\t\t<div class=\"grve-team-description grve-align-center\">\r\n\t\t\t\t\t\t\t\t<div class=\"grve-team-identity grve-link-text\">Responsable de l\u2019Entretien<\/div>\r\n\t\t\t\t\t\t\t\t\t\t\t\t<h3 class=\"grve-team-name grve-text-hover-primary-1 grve-h5\">Paulo Roberto<\/h3>\r\n\t\t\t\t\t\t\t<\/div>\r\n\t\t<\/div>\r\n\t\t\r\n\t\t<div class=\"grve-empty-space grve-height-1x\" style=\"\"><\/div>[vc_column_text css=\u00a0\u00bb.vc_custom_1568026027484{padding-right: 4% !important;padding-left: 4% !important;}\u00a0\u00bb text_style=\u00a0\u00bbleader-text\u00a0\u00bb animation=\u00a0\u00bbgrve-fade-in-up\u00a0\u00bb]<\/p>\n<p style=\"text-align: center;\"><em>\u201cFGP, un endroit o\u00f9 je me sens si bien, \u00e7a n\u2019a pas de prix\u201d<\/em><\/p>\n<p>[\/vc_column_text][\/vc_column][vc_column width=\u00a0\u00bb1\/3&Prime;]\r\n\t\t\t\t<div class=\"grve-team grve-element grve-layout-1 grve-animated-item grve-fade-in-up grve-duration-normal\" style=\"\" data-delay=\"400\">\r\n\t\t\t<figure class=\"grve-image-hover grve-zoom-none\">\r\n\t\t\t\t\t\t\t\t<div class=\"grve-team-person\">\r\n\t\t\t\t\t<div class=\"grve-bg-primary-1 grve-hover-overlay grve-opacity-0\"><\/div>\r\n\t\t\t\t\t<img loading=\"lazy\" decoding=\"async\" width=\"370\" height=\"493\" src=\"https:\/\/familygolfpark.pt\/wp-content\/uploads\/2026\/02\/family-golf-park-team-Jesus-Porras.webp\" class=\"attachment-full size-full\" alt=\"\" srcset=\"https:\/\/familygolfpark.pt\/wp-content\/uploads\/2026\/02\/family-golf-park-team-Jesus-Porras.webp 370w, https:\/\/familygolfpark.pt\/wp-content\/uploads\/2026\/02\/family-golf-park-team-Jesus-Porras-225x300.webp 225w\" sizes=\"auto, (max-width: 370px) 100vw, 370px\" \/>\t\t\t\t<\/div>\r\n\t\t\t\t<figcaption>\r\n\t\t\t\t\t<ul class=\"grve-team-social grve-align-center\">\r\n\t\t\t\t\t\t\t\t\t\t\t<\/ul>\r\n\t\t\t\t<\/figcaption>\r\n\t\t\t<\/figure>\r\n\t\t\t<div class=\"grve-team-description grve-align-center\">\r\n\t\t\t\t\t\t\t\t<div class=\"grve-team-identity grve-link-text\">Conducteur de train<\/div>\r\n\t\t\t\t\t\t\t\t\t\t\t\t<h3 class=\"grve-team-name grve-text-hover-primary-1 grve-h5\">Jesus Porras<\/h3>\r\n\t\t\t\t\t\t\t<\/div>\r\n\t\t<\/div>\r\n\t\t\r\n\t\t<div class=\"grve-empty-space grve-height-1x\" style=\"\"><\/div>[vc_column_text css=\u00a0\u00bb.vc_custom_1771499853206{padding-right: 4% !important;padding-left: 4% !important;}\u00a0\u00bb text_style=\u00a0\u00bbleader-text\u00a0\u00bb animation=\u00a0\u00bbgrve-fade-in-up\u00a0\u00bb]<\/p>\n<p style=\"text-align: center;\"><em>\u201c\u00c0 bord du train touristique FGP, je guide les visiteurs \u00e0 travers les sites les plus embl\u00e9matiques de la ville, alliant confort, divertissement et convivialit\u00e9. Ma mission est de faire de chaque voyage une exp\u00e9rience unique pour toute la famille.\u201d<\/em><\/p>\n<p>[\/vc_column_text][\/vc_column][vc_column width=\u00a0\u00bb1\/3&Prime;]\r\n\t\t\t\t<div class=\"grve-team grve-element grve-layout-1 grve-animated-item grve-fade-in-up grve-duration-normal\" style=\"\" data-delay=\"400\">\r\n\t\t\t<figure class=\"grve-image-hover grve-zoom-none\">\r\n\t\t\t\t\t\t\t\t<div class=\"grve-team-person\">\r\n\t\t\t\t\t<div class=\"grve-bg-primary-1 grve-hover-overlay grve-opacity-0\"><\/div>\r\n\t\t\t\t\t<img loading=\"lazy\" decoding=\"async\" width=\"370\" height=\"493\" src=\"https:\/\/familygolfpark.pt\/wp-content\/uploads\/2026\/02\/family-golf-park-team-David-Oliveira.webp\" class=\"attachment-full size-full\" alt=\"\" srcset=\"https:\/\/familygolfpark.pt\/wp-content\/uploads\/2026\/02\/family-golf-park-team-David-Oliveira.webp 370w, https:\/\/familygolfpark.pt\/wp-content\/uploads\/2026\/02\/family-golf-park-team-David-Oliveira-225x300.webp 225w\" sizes=\"auto, (max-width: 370px) 100vw, 370px\" \/>\t\t\t\t<\/div>\r\n\t\t\t\t<figcaption>\r\n\t\t\t\t\t<ul class=\"grve-team-social grve-align-center\">\r\n\t\t\t\t\t\t\t\t\t\t\t<\/ul>\r\n\t\t\t\t<\/figcaption>\r\n\t\t\t<\/figure>\r\n\t\t\t<div class=\"grve-team-description grve-align-center\">\r\n\t\t\t\t\t\t\t\t<div class=\"grve-team-identity grve-link-text\">R\u00e9ceptionniste<\/div>\r\n\t\t\t\t\t\t\t\t\t\t\t\t<h3 class=\"grve-team-name grve-text-hover-primary-1 grve-h5\">David Oliveira<\/h3>\r\n\t\t\t\t\t\t\t<\/div>\r\n\t\t<\/div>\r\n\t\t\r\n\t\t<div class=\"grve-empty-space grve-height-1x\" style=\"\"><\/div>[vc_column_text css=\u00a0\u00bb.vc_custom_1771576418498{padding-right: 4% !important;padding-left: 4% !important;}\u00a0\u00bb text_style=\u00a0\u00bbleader-text\u00a0\u00bb animation=\u00a0\u00bbgrve-fade-in-up\u00a0\u00bb]<\/p>\n<p style=\"text-align: center;\"><em>\u201cLe Family Golf Park est id\u00e9al pour toute la famille et son personnel est<br \/>\naccueillant et sympathique.\u201d<\/em><\/p>\n<p>[\/vc_column_text][\/vc_column][\/vc_row][vc_row padding_top_multiplier=\u00a0\u00bb\u00a0\u00bb padding_bottom_multiplier=\u00a0\u00bb4x\u00a0\u00bb][vc_column width=\u00a0\u00bb1\/3&Prime;]\r\n\t\t\t\t<div class=\"grve-team grve-element grve-layout-1 grve-animated-item grve-fade-in-up grve-duration-normal\" style=\"\" data-delay=\"400\">\r\n\t\t\t<figure class=\"grve-image-hover grve-zoom-none\">\r\n\t\t\t\t\t\t\t\t<div class=\"grve-team-person\">\r\n\t\t\t\t\t<div class=\"grve-bg-primary-1 grve-hover-overlay grve-opacity-0\"><\/div>\r\n\t\t\t\t\t<img loading=\"lazy\" decoding=\"async\" width=\"370\" height=\"493\" src=\"https:\/\/familygolfpark.pt\/wp-content\/uploads\/2019\/07\/family-golf-park-team-caludio-souza-02-min.jpg\" class=\"attachment-full size-full\" alt=\"\" srcset=\"https:\/\/familygolfpark.pt\/wp-content\/uploads\/2019\/07\/family-golf-park-team-caludio-souza-02-min.jpg 370w, https:\/\/familygolfpark.pt\/wp-content\/uploads\/2019\/07\/family-golf-park-team-caludio-souza-02-min-225x300.jpg 225w\" sizes=\"auto, (max-width: 370px) 100vw, 370px\" \/>\t\t\t\t<\/div>\r\n\t\t\t\t<figcaption>\r\n\t\t\t\t\t<ul class=\"grve-team-social grve-align-center\">\r\n\t\t\t\t\t\t\t\t\t\t\t<\/ul>\r\n\t\t\t\t<\/figcaption>\r\n\t\t\t<\/figure>\r\n\t\t\t<div class=\"grve-team-description grve-align-center\">\r\n\t\t\t\t\t\t\t\t<div class=\"grve-team-identity grve-link-text\">Jardinier<\/div>\r\n\t\t\t\t\t\t\t\t\t\t\t\t<h3 class=\"grve-team-name grve-text-hover-primary-1 grve-h5\">Claudio Souza<\/h3>\r\n\t\t\t\t\t\t\t<\/div>\r\n\t\t<\/div>\r\n\t\t\r\n\t\t<div class=\"grve-empty-space grve-height-1x\" style=\"\"><\/div>[vc_column_text css=\u00a0\u00bb.vc_custom_1568026081163{padding-right: 4% !important;padding-left: 4% !important;}\u00a0\u00bb text_style=\u00a0\u00bbleader-text\u00a0\u00bb animation=\u00a0\u00bbgrve-fade-in-up\u00a0\u00bb]<\/p>\n<p style=\"text-align: center;\"><em>\u201cMa responsabilit\u00e9 au sein de l\u2019\u00e9quipe repose sur l\u2019entretien du jardin et ce depuis huit ans. C\u2019est une exp\u00e9rience positive, dans un cadre de travail joyeux et familial. Nos clients sont aussi tr\u00e8s importants. Ils nous donnent de l\u2019\u00e9nergie, que ce soit en personne ou sur les r\u00e9seaux sociaux, et ils nous sont reconnaissants. Il s\u2019agit d\u2019un engagement pour faire mieux chaque jour\u201d<\/em><\/p>\n<p>[\/vc_column_text][\/vc_column][vc_column width=\u00a0\u00bb1\/3&Prime;]\r\n\t\t\t\t<div class=\"grve-team grve-element grve-layout-1 grve-animated-item grve-fade-in-up grve-duration-normal\" style=\"\" data-delay=\"400\">\r\n\t\t\t<figure class=\"grve-image-hover grve-zoom-none\">\r\n\t\t\t\t\t\t\t\t<div class=\"grve-team-person\">\r\n\t\t\t\t\t<div class=\"grve-bg-primary-1 grve-hover-overlay grve-opacity-0\"><\/div>\r\n\t\t\t\t\t<img loading=\"lazy\" decoding=\"async\" width=\"370\" height=\"493\" src=\"https:\/\/familygolfpark.pt\/wp-content\/uploads\/2019\/07\/family-golf-park-team-ana-vieira-02-min.jpg\" class=\"attachment-full size-full\" alt=\"\" srcset=\"https:\/\/familygolfpark.pt\/wp-content\/uploads\/2019\/07\/family-golf-park-team-ana-vieira-02-min.jpg 370w, https:\/\/familygolfpark.pt\/wp-content\/uploads\/2019\/07\/family-golf-park-team-ana-vieira-02-min-225x300.jpg 225w\" sizes=\"auto, (max-width: 370px) 100vw, 370px\" \/>\t\t\t\t<\/div>\r\n\t\t\t\t<figcaption>\r\n\t\t\t\t\t<ul class=\"grve-team-social grve-align-center\">\r\n\t\t\t\t\t\t\t\t\t\t\t<\/ul>\r\n\t\t\t\t<\/figcaption>\r\n\t\t\t<\/figure>\r\n\t\t\t<div class=\"grve-team-description grve-align-center\">\r\n\t\t\t\t\t\t\t\t<div class=\"grve-team-identity grve-link-text\">Serveur<\/div>\r\n\t\t\t\t\t\t\t\t\t\t\t\t<h3 class=\"grve-team-name grve-text-hover-primary-1 grve-h5\">Ana Vieira<\/h3>\r\n\t\t\t\t\t\t\t<\/div>\r\n\t\t<\/div>\r\n\t\t\r\n\t\t<div class=\"grve-empty-space grve-height-1x\" style=\"\"><\/div>[vc_column_text css=\u00a0\u00bb.vc_custom_1568026108676{padding-right: 4% !important;padding-left: 4% !important;}\u00a0\u00bb text_style=\u00a0\u00bbleader-text\u00a0\u00bb animation=\u00a0\u00bbgrve-fade-in-up\u00a0\u00bb]<\/p>\n<p style=\"text-align: center;\"><em>\u201cFaire ce que nous aimons est excellent et j\u2019aime travailler au FGP. Je le consid\u00e8re comme ma seconde famille. D\u2019autre part, tous les efforts que je fais pour accomplir mon travail avec qualit\u00e9 et excellence ont toujours \u00e9t\u00e9 reconnus, tant par l\u2019entreprise que par nos clients\u201d<\/em><\/p>\n<p>[\/vc_column_text][\/vc_column][vc_column width=\u00a0\u00bb1\/3&Prime;]\r\n\t\t\t\t<div class=\"grve-team grve-element grve-layout-1 grve-animated-item grve-fade-in-up grve-duration-normal\" style=\"\" data-delay=\"400\">\r\n\t\t\t<figure class=\"grve-image-hover grve-zoom-none\">\r\n\t\t\t\t\t\t\t\t<div class=\"grve-team-person\">\r\n\t\t\t\t\t<div class=\"grve-bg-primary-1 grve-hover-overlay grve-opacity-0\"><\/div>\r\n\t\t\t\t\t<img loading=\"lazy\" decoding=\"async\" width=\"370\" height=\"493\" src=\"https:\/\/familygolfpark.pt\/wp-content\/uploads\/2026\/02\/family-golf-park-team-Laurinda-Costa.webp\" class=\"attachment-full size-full\" alt=\"\" srcset=\"https:\/\/familygolfpark.pt\/wp-content\/uploads\/2026\/02\/family-golf-park-team-Laurinda-Costa.webp 370w, https:\/\/familygolfpark.pt\/wp-content\/uploads\/2026\/02\/family-golf-park-team-Laurinda-Costa-225x300.webp 225w\" sizes=\"auto, (max-width: 370px) 100vw, 370px\" \/>\t\t\t\t<\/div>\r\n\t\t\t\t<figcaption>\r\n\t\t\t\t\t<ul class=\"grve-team-social grve-align-center\">\r\n\t\t\t\t\t\t\t\t\t\t\t<\/ul>\r\n\t\t\t\t<\/figcaption>\r\n\t\t\t<\/figure>\r\n\t\t\t<div class=\"grve-team-description grve-align-center\">\r\n\t\t\t\t\t\t\t\t<div class=\"grve-team-identity grve-link-text\">Femme de m\u00e9nage<\/div>\r\n\t\t\t\t\t\t\t\t\t\t\t\t<h3 class=\"grve-team-name grve-text-hover-primary-1 grve-h5\">Laurinda Costa<\/h3>\r\n\t\t\t\t\t\t\t<\/div>\r\n\t\t<\/div>\r\n\t\t\r\n\t\t<div class=\"grve-empty-space grve-height-1x\" style=\"\"><\/div>[vc_column_text css=\u00a0\u00bb.vc_custom_1771499903382{padding-right: 4% !important;padding-left: 4% !important;}\u00a0\u00bb text_style=\u00a0\u00bbleader-text\u00a0\u00bb animation=\u00a0\u00bbgrve-fade-in-up\u00a0\u00bb]<\/p>\n<p style=\"text-align: center;\"><em>\u201cTravailler au service de nettoyage de fGP et savoir que mes efforts contribuent \u00e0 la luminosit\u00e9 et au confort de l&rsquo;ensemble des locaux est tr\u00e8s gratifiant. C&rsquo;est une fiert\u00e9 de voir l&rsquo;excellente image de fGP toujours impeccable et de savoir que mon travail participe au bien-\u00eatre de nos clients.\u201d<\/em><\/p>\n<p>[\/vc_column_text][\/vc_column][\/vc_row]<\/p>\n<\/div>","protected":false},"excerpt":{"rendered":"<p>Com a premissa de valores de Tradi\u00e7\u00e3o, \u00a0\u00c9tica, Solidez e Excel\u00eancia, pretendemos sempre tornar a experi\u00eancia dos nosso clientes \u00fanica e inesquec\u00edvel.<\/p>\n","protected":false},"author":1,"featured_media":0,"parent":0,"menu_order":0,"comment_status":"closed","ping_status":"closed","template":"","meta":{"footnotes":""},"class_list":["post-22772","page","type-page","status-publish","hentry"],"aioseo_notices":[],"_links":{"self":[{"href":"https:\/\/familygolfpark.pt\/fr\/wp-json\/wp\/v2\/pages\/22772","targetHints":{"allow":["GET"]}}],"collection":[{"href":"https:\/\/familygolfpark.pt\/fr\/wp-json\/wp\/v2\/pages"}],"about":[{"href":"https:\/\/familygolfpark.pt\/fr\/wp-json\/wp\/v2\/types\/page"}],"author":[{"embeddable":true,"href":"https:\/\/familygolfpark.pt\/fr\/wp-json\/wp\/v2\/users\/1"}],"replies":[{"embeddable":true,"href":"https:\/\/familygolfpark.pt\/fr\/wp-json\/wp\/v2\/comments?post=22772"}],"version-history":[{"count":4,"href":"https:\/\/familygolfpark.pt\/fr\/wp-json\/wp\/v2\/pages\/22772\/revisions"}],"predecessor-version":[{"id":23412,"href":"https:\/\/familygolfpark.pt\/fr\/wp-json\/wp\/v2\/pages\/22772\/revisions\/23412"}],"wp:attachment":[{"href":"https:\/\/familygolfpark.pt\/fr\/wp-json\/wp\/v2\/media?parent=22772"}],"curies":[{"name":"wp","href":"https:\/\/api.w.org\/{rel}","templated":true}]}}