{"id":22792,"date":"2019-05-30T13:36:36","date_gmt":"2019-05-30T13:36:36","guid":{"rendered":"https:\/\/familygolfpark.younik.pt\/politique-de-confidentialite-et-de-cookies\/"},"modified":"2019-05-30T13:36:36","modified_gmt":"2019-05-30T13:36:36","slug":"politique-de-confidentialite-et-de-cookies","status":"publish","type":"page","link":"https:\/\/familygolfpark.pt\/fr\/politique-de-confidentialite-et-de-cookies\/","title":{"rendered":"Politique de confidentialit\u00e9 et de cookies"},"content":{"rendered":"<div class=\"wpb-content-wrapper\"><p>[vc_row heading_color=\u00a0\u00bblight\u00a0\u00bb bg_type=\u00a0\u00bbimage\u00a0\u00bb bg_image=\u00a0\u00bb17216&Prime; bg_image_type=\u00a0\u00bbparallax\u00a0\u00bb pattern_overlay=\u00a0\u00bbyes\u00a0\u00bb color_overlay=\u00a0\u00bbdark\u00a0\u00bb padding_top_multiplier=\u00a0\u00bb6x\u00a0\u00bb padding_bottom_multiplier=\u00a0\u00bb6x\u00a0\u00bb separator_top_size=\u00a0\u00bb30px\u00a0\u00bb separator_bottom_size=\u00a0\u00bb30px\u00a0\u00bb font_color=\u00a0\u00bb#ffffff\u00a0\u00bb section_id=\u00a0\u00bbintro-section\u00a0\u00bb][vc_column]<div class=\"grve-empty-space\" style=\"height: 15vh;\"><\/div>[\/vc_column][\/vc_row][vc_row heading_color=\u00a0\u00bbprimary-3&Prime; padding_top_multiplier=\u00a0\u00bb4x\u00a0\u00bb padding_bottom_multiplier=\u00a0\u00bb4x\u00a0\u00bb separator_top_size=\u00a0\u00bb30px\u00a0\u00bb separator_bottom_size=\u00a0\u00bb30px\u00a0\u00bb section_id=\u00a0\u00bbintro-section\u00a0\u00bb][vc_column heading_color=\u00a0\u00bbprimary-3&Prime; text_align=\u00a0\u00bbcenter\u00a0\u00bb]<h2 class=\"grve-element grve-title grve-align-center grve-h1 grve-increase-heading grve-heading-200\" style=\"\"><span>Politique de confidentialit\u00e9 et de cookies<\/span><\/h2>[\/vc_column][\/vc_row][vc_row padding_top_multiplier=\u00a0\u00bb\u00a0\u00bb padding_bottom_multiplier=\u00a0\u00bb4x\u00a0\u00bb][vc_column][vc_column_text]<\/p>\r\n<p>Sogolfe \u2013 Empreendimentos Tur\u00edsticos, Sociedade Unipessoal Lda. s\u2019engage \u00e0 prot\u00e9ger la s\u00e9curit\u00e9 et la confidentialit\u00e9 de ceux qui se rendent sur son site Internet <a href=\"http:\/\/familygolfpark.pt\">familygolfpark.pt<\/a>. Dans ce contexte, elle a \u00e9labor\u00e9 cette Politique de confidentialit\u00e9 et de cookies, afin de renforcer son engagement et son respect envers les r\u00e8gles de confidentialit\u00e9 et de protection des donn\u00e9es \u00e0 caract\u00e8re personnel.<\/p>\r\n<p>Cette politique r\u00e9glemente le traitement des donn\u00e9es \u00e0 caract\u00e8re personnel des utilisateurs du site (\u00ab utilisateurs \u00bb) collect\u00e9es dans le cadre de son utilisation par Sogolfe \u2013 Empreendimentos Tur\u00edsticos, Sociedade Unipessoal Lda.;<\/p>\r\n<p>La mise \u00e0 disposition des donn\u00e9es \u00e0 caract\u00e8re personnel implique la connaissance de cette politique, qui est compl\u00e9t\u00e9e par les <a style=\"font-family: inherit; font-size: inherit; font-style: inherit; font-variant-ligatures: inherit; font-variant-caps: inherit; font-weight: inherit;\" href=\"https:\/\/familygolfpark.pt\/fr\/conditions-dutilisation\/\">conditions d\u2019utilisation<\/a><span style=\"font-family: inherit; font-size: inherit; font-style: inherit; font-variant-ligatures: inherit; font-variant-caps: inherit; font-weight: inherit;\">.<\/span><\/p>\r\n<h3 class=\"wp-block-heading\"><strong>Qui sommes-nous<\/strong><\/h3>\r\n<p>Dans cette politique de confidentialit\u00e9, on entend par \u00ab Sogolfe \u00bb, \u00ab nous \u00bb ou \u00ab notre \u00bb la soci\u00e9t\u00e9 Sogolfe \u2013 Empreendimentos Tur\u00edsticos, Sociedade Unipessoal Lda. (une entreprise portugaise, qui a son si\u00e8ge \u00e0 Urbaniza\u00e7\u00e3o de Vilamoura, Lotes 4 A\/B \u2013 Subzona 2 \u2013 Sector 5, Vilamoura, commune de Loul\u00e9, district de Faro, personne morale num\u00e9ro 503 953 075), qui est \u00e0 cet effet consid\u00e9r\u00e9e comme l\u2019entit\u00e9 responsable du traitement, conform\u00e9ment au r\u00e8glement g\u00e9n\u00e9ral sur la protection des donn\u00e9es et \u00e0 toute autre l\u00e9gislation applicable en mati\u00e8re de protection des donn\u00e9es \u00e0 caract\u00e8re personnel.<\/p>\r\n<h3><strong>Collecte et traitement des donn\u00e9es \u00e0 caract\u00e8re personnel<\/strong><\/h3>\r\n<p>\u00c0 ce jour, les utilisateurs peuvent acc\u00e9der et utiliser le site sans \u00eatre oblig\u00e9s de fournir leurs donn\u00e9es \u00e0 caract\u00e8re personnel. Toutefois, l\u2019utilisation des fonctionnalit\u00e9s d\u00e9crites ci-dessous impliquera la mise \u00e0 disposition de leurs donn\u00e9es \u00e0 caract\u00e8re personnel.<\/p>\r\n<ol>\r\n<li><strong>Formulaire de contact<\/strong><\/li>\r\n<\/ol>\r\n<p style=\"padding-left: 40px;\">Les donn\u00e9es \u00e0 caract\u00e8re personnel collect\u00e9es \u00e0 travers le formulaire de contact, disponible sur <a href=\"http:\/\/familygolfpark.pt\/contacts\">familygolfpark.pt\/contacts<\/a>, seront trait\u00e9es par Sogolfe, en tant qu\u2019entit\u00e9 responsable du traitement des donn\u00e9es \u00e0 caract\u00e8re personnel, et utilis\u00e9es afin de r\u00e9pondre aux demandes d\u2019\u00e9claircissements. Les donn\u00e9es \u00e0 caract\u00e8re personnel de l\u2019utilisateur seront conserv\u00e9es pendant la dur\u00e9e n\u00e9cessaire \u00e0 la fourniture des \u00e9claircissements demand\u00e9s.<\/p>\r\n<ol start=\"2\">\r\n<li><strong>Formulaire de candidature<\/strong><\/li>\r\n<\/ol>\r\n<p style=\"padding-left: 40px;\">Les donn\u00e9es \u00e0 caract\u00e8re personnel collect\u00e9es \u00e0 travers le formulaire de candidature seront trait\u00e9es par Sogolfe, en tant qu\u2019entit\u00e9 responsable du traitement des donn\u00e9es \u00e0 caract\u00e8re personnel, de fa\u00e7on confidentielle, dans le cadre des d\u00e9marches pr\u00e9contractuelles et ce, aux fins de la proc\u00e9dure de s\u00e9lection et de recrutement de l\u2019entreprise.<\/p>\r\n<p style=\"padding-left: 40px;\">En cas de candidature spontan\u00e9e, si nous n\u2019avons aucune proc\u00e9dure de recrutement en cours au moment de l\u2019envoi du formulaire, nous nous limiterons \u00e0 conserver les donn\u00e9es de l\u2019utilisateur dans notre base de donn\u00e9es, sauf indication expresse de l\u2019utilisateur, et pourrons \u00e9ventuellement les traiter dans le cadre de d\u00e9marches pr\u00e9contractuelles, quand nous entamerons une proc\u00e9dure de recrutement dans le cadre de laquelle le profil de l\u2019utilisateur sera pris en compte.<\/p>\r\n<p style=\"padding-left: 40px;\">En cas d\u2019embauche, les donn\u00e9es collect\u00e9es dans le cadre de la proc\u00e9dure seront utilis\u00e9es aux fins de la gestion des ressources humaines, afin de satisfaire aux obligations l\u00e9gales et de mettre \u00e0 la disposition des collaborateurs les moyens n\u00e9cessaires \u00e0 l\u2019exercice de l\u2019activit\u00e9 professionnelle.<\/p>\r\n<p style=\"padding-left: 40px;\">Dans le cadre des proc\u00e9dures de recrutement, les donn\u00e9es \u00e0 caract\u00e8re personnel des utilisateurs devront \u00eatre conserv\u00e9es pendant cinq ans \u00e0 compter de la date de leur enregistrement. Toutefois, d\u00e8s lors qu\u2019il n\u2019existe aucune exigence l\u00e9gale sp\u00e9cifique, les donn\u00e9es ne seront conserv\u00e9es que pendant la dur\u00e9e n\u00e9cessaire aux finalit\u00e9s pour lesquelles elles ont \u00e9t\u00e9 collect\u00e9es, \u00e0 savoir celles indiqu\u00e9es ci-dessus.<\/p>\r\n<h3><strong>Vos droits<\/strong><\/h3>\r\n<p>Conform\u00e9ment \u00e0 la l\u00e9gislation applicable, les utilisateurs peuvent demander, \u00e0 tout moment, d\u2019acc\u00e9der aux donn\u00e9es \u00e0 caract\u00e8re personnel les concernant, les rectifier, demander leur effacement, la limitation de leur traitement ou leur portabilit\u00e9 \u2013 d\u00e8s lors que les conditions l\u00e9galement pr\u00e9vues se v\u00e9rifient et moyennant une demande envoy\u00e9e \u00e0 Sogolfe, \u00e0 l\u2019adresse \u00e9lectronique <a href=\"mailto:info@familygolfpark.pt\">info@familygolfpark.pt<\/a>.<\/p>\r\n<p>Les utilisateurs pourront \u00e9galement obtenir la confirmation que les donn\u00e9es \u00e0 caract\u00e8re personnel les concernant font l\u2019objet de traitement et, s\u2019ils le souhaitent, une copie des donn\u00e9es en cours de traitement leur sera fournie.<br \/>Aux termes de la loi, les utilisateurs ont \u00e9galement le droit de, \u00e0 travers lesdits moyens, retirer leur consentement au traitement des donn\u00e9es pour les finalit\u00e9s reposant sur ce fondement, sans toutefois que cela porte atteinte au traitement r\u00e9alis\u00e9 jusque-l\u00e0 sur la base du consentement pr\u00e9alablement fourni.<\/p>\r\n<p>Pour exercer les droits susmentionn\u00e9s, les utilisateurs devront envoyer une demande \u00e9crite aux adresses suivantes :<\/p>\r\n<p>E-mail: <a href=\"mailto:info@familygolfpark.pt\">info@familygolfpark.pt<\/a><\/p>\r\n<p>Adresse : Urbaniza\u00e7\u00e3o de Vilamoura, Lotes 4 A\/B \u2013 Subzona 2 \u2013 Sector 5, Vilamoura, commune de Loul\u00e9, district de Faro, Portugal<\/p>\r\n<h3><strong>Conservation de vos donn\u00e9es \u00e0 caract\u00e8re personnel<\/strong><\/h3>\r\n<p>Les donn\u00e9es \u00e0 caract\u00e8re personnel des utilisateurs seront conserv\u00e9es uniquement pendant la dur\u00e9e n\u00e9cessaire aux finalit\u00e9s pour lesquelles elles ont \u00e9t\u00e9 collect\u00e9es et qui sont \u00e9nonc\u00e9es ci-dessus, sauf si la loi applicable en dispose autrement.<\/p>\r\n<h3><strong>Dans quelles circonstances les donn\u00e9es sont-elles communiqu\u00e9es \u00e0 d\u2019autres entit\u00e9s ?<\/strong><\/h3>\r\n<p>Sogolfe pourra transmettre les donn\u00e9es \u00e0 caract\u00e8re personnel des utilisateurs :<\/p>\r\n<ol>\r\n<li>1. Quand elle fait appel \u00e0 d\u2019autres entit\u00e9s pour fournir certains services et dans la mesure o\u00f9 cette prestation de services implique l\u2019acc\u00e8s par ces entit\u00e9s aux donn\u00e9es \u00e0 caract\u00e8re personnel des utilisateurs, par cons\u00e9quent, \u00e0 tous les sous-traitants de Sogolfe, qui traiteront vos donn\u00e9es \u00e0 caract\u00e8re personnel, au nom et pour le compte de Sogolfe, dans la stricte obligation de suivre ses instructions et de respecter les accords de sous-traitance conclus ant\u00e9rieurement ;<\/li>\r\n<li>\u00c0 toute soci\u00e9t\u00e9 dans le capital social de laquelle Manuel Champalimaud SGPS, S.A. d\u00e9tient (directement ou indirectement) une participation (\u00ab soci\u00e9t\u00e9s du groupe Manuel Champalimaud \u00bb), pour les finalit\u00e9s d\u00e9finies ci-dessus ;<\/li>\r\n<li>Aux entit\u00e9s avec lesquelles Sogolfe et les soci\u00e9t\u00e9s du groupe Manuel Champalimaud ont \u00e9tabli des accords ou des partenariats commerciaux, pour les finalit\u00e9s d\u00e9finies ci-dessus ;<\/li>\r\n<li>\u00c0 des tiers, quand la communication de ces donn\u00e9es est consid\u00e9r\u00e9e comme n\u00e9cessaire ou appropri\u00e9e (i) \u00e0 la lumi\u00e8re de la loi applicable, (ii) pour satisfaire aux obligations l\u00e9gales\/ordres judiciaires, (iii) pour respecter les d\u00e9lib\u00e9rations ou d\u00e9cisions des autorit\u00e9s de contr\u00f4le ou (iv) pour r\u00e9pondre aux demandes des autorit\u00e9s publiques ou gouvernementales.<\/li>\r\n<\/ol>\r\n<p>Dans tous les cas susmentionn\u00e9s, Sogolfe prendra toutes les mesures n\u00e9cessaires afin de garantir la protection effective des donn\u00e9es \u00e0 caract\u00e8re personnel.<\/p>\r\n<h3><strong>Mesures de s\u00e9curit\u00e9<\/strong><\/h3>\r\n<p>Sogolfe d\u00e9ploie tous ses efforts pour prot\u00e9ger les donn\u00e9es \u00e0 caract\u00e8re personnel des utilisateurs contre tout acc\u00e8s non autoris\u00e9. \u00c0 cet effet, elle utilise des syst\u00e8mes de s\u00e9curit\u00e9, des r\u00e8gles et autres proc\u00e9d\u00e9s, de fa\u00e7on \u00e0 garantir la protection des donn\u00e9es \u00e0 caract\u00e8re personnel ainsi qu\u2019\u00e0 pr\u00e9venir l\u2019acc\u00e8s non autoris\u00e9 aux donn\u00e9es, leur usage inappropri\u00e9, leur diffusion, perte ou destruction.<\/p>\r\n<p>Il revient n\u00e9anmoins aux utilisateurs de garantir et de d\u2019assurer que les appareils et \u00e9quipements qu\u2019ils utilisent pour acc\u00e9der au site sont correctement prot\u00e9g\u00e9s contre les logiciels malveillants, les virus informatiques et les vers.<\/p>\r\n<h3><strong>Cookies<\/strong><\/h3>\r\n<p>Les cookies sont de petits fichiers textes qui identifient l\u2019ordinateur de chaque utilisateur sur le serveur de Sogolfe. Les cookies, toutefois, ne permettent pas, \u00e0 eux seuls, d\u2019identifier l\u2019utilisateur individuellement, mais seulement l\u2019ordinateur utilis\u00e9.<\/p>\r\n<p>Ce site utilise des cookies qui aident \u00e0 d\u00e9terminer l\u2019utilit\u00e9, l\u2019int\u00e9r\u00eat et le nombre d\u2019utilisations du site, ce qui permet une navigation plus rapide et efficace et supprime le besoin de saisir \u00e0 chaque fois les m\u00eames informations. Ainsi, Sogolfe pourra fournir un service plus personnalis\u00e9 et mieux adapt\u00e9 aux utilisateurs.<\/p>\r\n<p>Les cookies utilis\u00e9s sur ce site sont les suivants :<\/p>\r\n<table width=\"100%\">\r\n<tbody>\r\n<tr>\r\n<td style=\"text-align: left;\" width=\"150\"><span style=\"color: #309f47;\"><strong>Nom<\/strong><\/span><\/td>\r\n<td style=\"text-align: left;\" width=\"244\"><span style=\"color: #309f47;\"><strong>Finalit\u00e9<\/strong><\/span><\/td>\r\n<td style=\"text-align: left;\" width=\"76\"><span style=\"color: #309f47;\"><strong>Dur\u00e9e<\/strong><\/span><\/td>\r\n<td style=\"text-align: left;\" width=\"133\"><span style=\"color: #309f47;\"><strong>Propres\/de tiers<\/strong><\/span><\/td>\r\n<\/tr>\r\n<tr>\r\n<td style=\"text-align: left;\" width=\"150\"><strong>grve-privacy-consent<\/strong><\/td>\r\n<td style=\"text-align: left;\" width=\"244\">Cookie used to verify if the User has agreed to the use of cookies on this website.<\/td>\r\n<td style=\"text-align: left;\" width=\"76\">1 month<\/td>\r\n<td style=\"text-align: left;\" width=\"133\">Sogolfe Cookies<\/td>\r\n<\/tr>\r\n<tr>\r\n<td style=\"text-align: left;\" width=\"150\"><strong>qtrans_front_language<\/strong><\/td>\r\n<td style=\"text-align: left;\" width=\"244\">Cookie used to make the Website available in the chosen language.<\/td>\r\n<td style=\"text-align: left;\" width=\"76\">1 year<\/td>\r\n<td style=\"text-align: left;\" width=\"133\">Sogolfe Cookies<\/td>\r\n<\/tr>\r\n<tr>\r\n<td style=\"text-align: left;\" width=\"150\"><strong>_ga \/ _gid<\/strong><\/td>\r\n<td style=\"text-align: left;\" width=\"244\">Registration of one single ID to create website\u2019s statistical data.<\/td>\r\n<td style=\"text-align: left;\" width=\"76\">2 years\/ Session<\/td>\r\n<td style=\"text-align: left;\" width=\"133\">Google (Analytics)<\/td>\r\n<\/tr>\r\n<tr>\r\n<td style=\"text-align: left;\" width=\"150\"><strong>_gat<\/strong><\/td>\r\n<td style=\"text-align: left;\" width=\"244\">Cookie used to control the frequency of requests.<\/td>\r\n<td style=\"text-align: left;\" width=\"76\">Session<\/td>\r\n<td style=\"text-align: left;\" width=\"133\">Google (Analytics)<\/td>\r\n<\/tr>\r\n<tr>\r\n<td style=\"text-align: left;\" width=\"150\"><strong>resolution<\/strong><\/td>\r\n<td style=\"text-align: left;\" width=\"244\">Cookie used to store the device resolution for a better performance (eg appearance).<\/td>\r\n<td style=\"text-align: left;\" width=\"76\">Session<\/td>\r\n<td style=\"text-align: left;\" width=\"133\">Sogolfe Cookies<\/td>\r\n<\/tr>\r\n<tr>\r\n<td style=\"text-align: left;\" width=\"150\"><strong>wordpress_test_cookie<\/strong><\/td>\r\n<td style=\"text-align: left;\" width=\"244\">Cookie used to check if the browser stores Cookies.<\/td>\r\n<td style=\"text-align: left;\" width=\"76\">Session<\/td>\r\n<td style=\"text-align: left;\" width=\"133\">Sogolfe Cookies<\/td>\r\n<\/tr>\r\n<\/tbody>\r\n<\/table>\r\n<p>Tous les navigateurs permettent \u00e0 l\u2019utilisateur d\u2019accepter, de refuser ou d\u2019effacer les cookies, notamment en s\u00e9lectionnant les d\u00e9finitions appropri\u00e9es dans le navigateur. L\u2019utilisateur peut configurer les cookies en cliquant sur le menu \u00ab options \u00bb ou \u00ab pr\u00e9f\u00e9rences \u00bb du navigateur. Pour en savoir plus sur les cookies et notamment savoir comment les cookies ont \u00e9t\u00e9 cr\u00e9\u00e9s, comment les g\u00e9rer et les supprimer, l\u2019utilisateur pourra se rendre sur <a href=\"http:\/\/www.allaboutcookies.org\">www.allaboutcookies.org<\/a>, qui contient des informations sur la fa\u00e7on de g\u00e9rer les configurations de l\u2019utilisateur pour les divers fournisseurs de navigateurs.<\/p>\r\n<p>Vous ne savez pas quel navigateur Web vous utilisez ? Pour le savoir, ouvrez votre navigateur web et s\u00e9lectionnez \u00ab Aide \u00bb dans la partie sup\u00e9rieure de la fen\u00eatre du navigateur. Ensuite, s\u00e9lectionnez \u00ab \u00c0 propos de \u00bb. Une fen\u00eatre s\u2019affichera avec les informations concernant votre navigateur.<\/p>\r\n<p>Cependant, veuillez noter que la d\u00e9sactivation des cookies pourra affecter, partiellement ou totalement, votre exp\u00e9rience de navigation sur le site.<\/p>\r\n<h3><strong>Liens vers les sites de tiers<\/strong><\/h3>\r\n<p>Les liens figurant sur ce site peuvent mener vers d\u2019autres sites. Sogolfe n\u2019est pas responsable et ne cautionne nullement le contenu de ces sites ni celui des sites li\u00e9s ou mentionn\u00e9s sur son site.<\/p>\r\n<p>Sogolfe d\u00e9cline toute responsabilit\u00e9 en cas de dommages caus\u00e9s par des virus pouvant infecter l\u2019ordinateur, le r\u00e9seau ou tout autre \u00e9quipement de l\u2019utilisateur lors de l\u2019utilisation du site de Sogolfe et du transfert de contenus de celui-ci vers l\u2019ordinateur ou le r\u00e9seau de l\u2019utilisateur.<\/p>\r\n<p>La pr\u00e9sente politique est applicable uniquement aux informations collect\u00e9es sur le site de Sogolfe, Pour savoir comment les donn\u00e9es le concernant pourront \u00eatre trait\u00e9es dans le contexte d\u2019autres sites auxquels il acc\u00e8de par l\u2019interm\u00e9diaire de ce site, l\u2019utilisateur devra consulter la politique de confidentialit\u00e9 de ces derniers.<\/p>\r\n<h3><strong>R\u00e9clamations<\/strong><\/h3>\r\n<p>Sans pr\u00e9judice de toute autre voie de recours administratif ou judiciaire, l\u2019utilisateur a le droit de d\u00e9poser une r\u00e9clamation aupr\u00e8s de la Commission nationale pour la protection des donn\u00e9es ou de toute autre entit\u00e9 de contr\u00f4le comp\u00e9tente conform\u00e9ment au droit, s\u2019il estime que le traitement des donn\u00e9es le concernant par Sogolfe viole le r\u00e9gime l\u00e9gal en vigueur \u00e0 chaque moment.<\/p>\r\n<h3><strong>Contactez-nous<\/strong><\/h3>\r\n<p>Pour toute question li\u00e9e au traitement des donn\u00e9es \u00e0 caract\u00e8re personnel le concernant ou \u00e0 l\u2019exercice des droits qui lui sont conf\u00e9r\u00e9s par la l\u00e9gislation applicable et sont notamment vis\u00e9s dans la pr\u00e9sente politique, l\u2019utilisateur pourra contacter Sogolfe en utilisant les coordonn\u00e9es ci-dessous\u00a0:<\/p>\r\n<p>T\u00e9l\u00e9phone\u00a0: +351 289 300 800<br \/><span class=\"legenda\">(Appel vers le r\u00e9seau fixe National, tarif selon accord entre client et op\u00e9rateur.)<\/span><\/p>\r\n<p>E-mail :\u00a0<a href=\"mailto:info@familygolfpark.pt\">info@familygolfpark.pt<\/a><\/p>\r\n<p>Adresse\u00a0: Urbaniza\u00e7\u00e3o de Vilamoura, Lotes 4 A\/B \u2013 Subzona 2 \u2013 Sector 5, Vilamoura, commune de Loul\u00e9, district de Faro, Portugal ;<\/p>\r\n<h3><strong>Modifications de la politique de confidentialit\u00e9 et de cookies<\/strong><\/h3>\r\n<p>Sogolfe se r\u00e9serve le droit de, \u00e0 tout moment, modifier les conditions de traitement des donn\u00e9es \u00e0 caract\u00e8re personnel. Ces modifications seront d\u00fbment publi\u00e9es sur le site.<\/p>\r\n<p>Toutefois, \u00e0 chaque fois que des modifications pr\u00e9sentant un int\u00e9r\u00eat pour l\u2019utilisateur en mati\u00e8re de cookies seront effectu\u00e9es, celui-ci verra une fen\u00eatre contextuelle s\u2019afficher de fa\u00e7on \u00e0 ce que, selon le type de cookies en cause, il puisse acc\u00e9der aux informations et\/ou consentir \u00e0 leur utilisation ou \u00e0 leur stockage.<\/p>\r\n<p>&nbsp;<\/p>\r\n<p style=\"text-align: right;\">Last updated on: 26 de junho, 2019<\/p>\r\n<p>[\/vc_column_text][\/vc_column][\/vc_row]<\/p><\/div>","protected":false},"excerpt":{"rendered":"<p>[vc_row heading_color=\u00a0\u00bblight\u00a0\u00bb bg_type=\u00a0\u00bbimage\u00a0\u00bb bg_image=\u00a0\u00bb17216&Prime; bg_image_type=\u00a0\u00bbparallax\u00a0\u00bb pattern_overlay=\u00a0\u00bbyes\u00a0\u00bb color_overlay=\u00a0\u00bbdark\u00a0\u00bb padding_top_multiplier=\u00a0\u00bb6x\u00a0\u00bb padding_bottom_multiplier=\u00a0\u00bb6x\u00a0\u00bb separator_top_size=\u00a0\u00bb30px\u00a0\u00bb separator_bottom_size=\u00a0\u00bb30px\u00a0\u00bb font_color=\u00a0\u00bb#ffffff\u00a0\u00bb section_id=\u00a0\u00bbintro-section\u00a0\u00bb][vc_column][\/vc_column][\/vc_row][vc_row heading_color=\u00a0\u00bbprimary-3&Prime; padding_top_multiplier=\u00a0\u00bb4x\u00a0\u00bb padding_bottom_multiplier=\u00a0\u00bb4x\u00a0\u00bb separator_top_size=\u00a0\u00bb30px\u00a0\u00bb separator_bottom_size=\u00a0\u00bb30px\u00a0\u00bb section_id=\u00a0\u00bbintro-section\u00a0\u00bb][vc_column heading_color=\u00a0\u00bbprimary-3&Prime; text_align=\u00a0\u00bbcenter\u00a0\u00bb][\/vc_column][\/vc_row][vc_row padding_top_multiplier=\u00a0\u00bb\u00a0\u00bb padding_bottom_multiplier=\u00a0\u00bb4x\u00a0\u00bb][vc_column][vc_column_text] Sogolfe \u2013 Empreendimentos Tur\u00edsticos, Sociedade Unipessoal Lda. s\u2019engage \u00e0 prot\u00e9ger la s\u00e9curit\u00e9 et la confidentialit\u00e9 de ceux qui se rendent sur son site Internet familygolfpark.pt. Dans ce contexte, elle a \u00e9labor\u00e9 cette [&hellip;]<\/p>\n","protected":false},"author":1,"featured_media":0,"parent":0,"menu_order":0,"comment_status":"closed","ping_status":"open","template":"","meta":{"footnotes":""},"class_list":["post-22792","page","type-page","status-publish","hentry"],"aioseo_notices":[],"_links":{"self":[{"href":"https:\/\/familygolfpark.pt\/fr\/wp-json\/wp\/v2\/pages\/22792","targetHints":{"allow":["GET"]}}],"collection":[{"href":"https:\/\/familygolfpark.pt\/fr\/wp-json\/wp\/v2\/pages"}],"about":[{"href":"https:\/\/familygolfpark.pt\/fr\/wp-json\/wp\/v2\/types\/page"}],"author":[{"embeddable":true,"href":"https:\/\/familygolfpark.pt\/fr\/wp-json\/wp\/v2\/users\/1"}],"replies":[{"embeddable":true,"href":"https:\/\/familygolfpark.pt\/fr\/wp-json\/wp\/v2\/comments?post=22792"}],"version-history":[{"count":0,"href":"https:\/\/familygolfpark.pt\/fr\/wp-json\/wp\/v2\/pages\/22792\/revisions"}],"wp:attachment":[{"href":"https:\/\/familygolfpark.pt\/fr\/wp-json\/wp\/v2\/media?parent=22792"}],"curies":[{"name":"wp","href":"https:\/\/api.w.org\/{rel}","templated":true}]}}