{"id":22797,"date":"2019-06-04T08:55:26","date_gmt":"2019-06-04T08:55:26","guid":{"rendered":"https:\/\/familygolfpark.younik.pt\/experiences\/"},"modified":"2026-02-19T12:20:22","modified_gmt":"2026-02-19T12:20:22","slug":"experiences","status":"publish","type":"page","link":"https:\/\/familygolfpark.pt\/fr\/experiences\/","title":{"rendered":"Exp\u00e9riences"},"content":{"rendered":"<div class=\"wpb-content-wrapper\"><p>[vc_row heading_color=\u00a0\u00bblight\u00a0\u00bb bg_type=\u00a0\u00bbimage\u00a0\u00bb bg_image=\u00a0\u00bb17216&Prime; bg_image_type=\u00a0\u00bbparallax\u00a0\u00bb pattern_overlay=\u00a0\u00bbyes\u00a0\u00bb color_overlay=\u00a0\u00bbprimary-3&Prime; opacity_overlay=\u00a0\u00bb40&Prime; padding_top_multiplier=\u00a0\u00bb6x\u00a0\u00bb padding_bottom_multiplier=\u00a0\u00bb6x\u00a0\u00bb separator_top_size=\u00a0\u00bb30px\u00a0\u00bb separator_bottom_size=\u00a0\u00bb30px\u00a0\u00bb font_color=\u00a0\u00bb#ffffff\u00a0\u00bb section_id=\u00a0\u00bbintro-section\u00a0\u00bb][vc_column]<div class=\"grve-empty-space\" style=\"height: 15vh;\"><\/div>[\/vc_column][\/vc_row][vc_row padding_top_multiplier=\u00a0\u00bb4x\u00a0\u00bb padding_bottom_multiplier=\u00a0\u00bb4x\u00a0\u00bb separator_top_size=\u00a0\u00bb30px\u00a0\u00bb separator_bottom_size=\u00a0\u00bb30px\u00a0\u00bb section_id=\u00a0\u00bbintro-section\u00a0\u00bb][vc_column heading_color=\u00a0\u00bbprimary-1&Prime; text_align=\u00a0\u00bbcenter\u00a0\u00bb]<h1 class=\"grve-element grve-title grve-align-center grve-subtitle-text grve-increase-heading grve-heading-200\" style=\"\"><span>Exp\u00e9riences<\/span><\/h1>[\/vc_column][vc_column heading_color=\u00a0\u00bbprimary-3&Prime; text_align=\u00a0\u00bbcenter\u00a0\u00bb]<h2 class=\"grve-element grve-title grve-align-center grve-h1 grve-increase-heading grve-heading-300\" style=\"\"><span>Pour tous les \u00e2ges<\/span><\/h2><div class=\"grve-empty-space grve-height-1x\" style=\"\"><\/div>[vc_column_text text_style=\u00a0\u00bbleader-text\u00a0\u00bb]<\/p>\n<p style=\"text-align: center;\"><span style=\"font-weight: 400;\">Nous souhaitons la bienvenue \u00e0 des joueurs de tout \u00e2ge, dont seule la bonne humeur, mais aussi de la strat\u00e9gie et une certaine habilet\u00e9, sont n\u00e9cessaires. Prenez part \u00e0 la comp\u00e9tition entre les membres de la famille de diff\u00e9rents \u00e2ges et laissez-vous surprendre par la dynamique familiale. Profitez du magnifique jardin que nous avons cr\u00e9\u00e9 et qui compte plus de 200 esp\u00e8ces diff\u00e9rentes d\u2019arbustes, de plantes et d\u2019arbres.<br \/>\n<\/span><\/p>\n<p>[\/vc_column_text][\/vc_column][\/vc_row][vc_row heading_color=\u00a0\u00bbprimary-1&Prime; section_type=\u00a0\u00bbfullwidth\u00a0\u00bb bg_type=\u00a0\u00bbcolor\u00a0\u00bb padding_bottom_multiplier=\u00a0\u00bb4x\u00a0\u00bb columns_gap=\u00a0\u00bbnone\u00a0\u00bb equal_column_height=\u00a0\u00bbmiddle-content\u00a0\u00bb separator_bottom_color=\u00a0\u00bb#ff1616&Prime; bg_color=\u00a0\u00bb#ffffff\u00a0\u00bb el_class=\u00a0\u00bbgrupo-caixa\u00a0\u00bb][vc_column column_effect=\u00a0\u00bbmouse-move-x-y\u00a0\u00bb width=\u00a0\u00bb1\/3&Prime; el_class=\u00a0\u00bbcoluna-caixa\u00a0\u00bb][vc_row_inner css=\u00a0\u00bb.vc_custom_1559645840308{background-color: #f4f4f4 !important;}\u00a0\u00bb el_class=\u00a0\u00bbcaixa-flutuante-left\u00a0\u00bb][vc_column_inner]<h2 class=\"grve-element grve-title grve-align-left grve-h2 grve-increase-heading grve-heading-200\" style=\"\"><span>Minigolf<\/span><\/h2><div class=\"grve-empty-space grve-height-1x\" style=\"\"><\/div>[vc_column_text text_style=\u00a0\u00bbleader-text\u00a0\u00bb]<\/p>\n<p style=\"text-align: left;\"><span style=\"font-weight: 400;\">Gr\u00e2ce \u00e0 ses 2 parcours de 18 trous dot\u00e9s de diff\u00e9rents niveaux de difficult\u00e9, le divertissement est garanti, mais de la strat\u00e9gie est requise pour \u00eatre champion.<\/span><\/p>\n<p>[\/vc_column_text]<div class=\"grve-empty-space grve-height-3x\" style=\"\"><\/div><div class=\"grve-element grve-align-left grve-animated-item grve-fade-in-left grve-duration-normal\" data-delay=\"100\"><a href=\"https:\/\/familygolfpark.pt\/fr\/mini-golf\/\" class=\"grve-btn grve-btn-medium grve-extra-round grve-bg-primary-1 grve-bg-hover-white\"><span><i class=\"fas fa-arrow-right\"><\/i>En voir plus<\/span><\/a><\/div>[\/vc_column_inner][\/vc_row_inner][\/vc_column][vc_column width=\u00a0\u00bb2\/3&Prime; css=\u00a0\u00bb.vc_custom_1561547648983{padding-top: 2% !important;padding-right: 2% !important;padding-bottom: 2% !important;padding-left: 2% !important;background-image: url(http:\/\/familygolfpark.pt\/wp-content\/uploads\/2019\/06\/Minigolf-Exeperiences-Family-Golf-Park-02-min.jpg?id=17002) !important;background-position: center !important;background-repeat: no-repeat !important;background-size: cover !important;}\u00a0\u00bb el_class=\u00a0\u00bbcaixa-background\u00a0\u00bb]<div class=\"grve-empty-space\" style=\"height: 70vh;\"><\/div>[\/vc_column][\/vc_row][vc_row heading_color=\u00a0\u00bbprimary-1&Prime; section_type=\u00a0\u00bbfullwidth\u00a0\u00bb bg_type=\u00a0\u00bbcolor\u00a0\u00bb padding_bottom_multiplier=\u00a0\u00bb4x\u00a0\u00bb columns_gap=\u00a0\u00bbnone\u00a0\u00bb equal_column_height=\u00a0\u00bbmiddle-content\u00a0\u00bb separator_bottom_color=\u00a0\u00bb#ff1616&Prime; bg_color=\u00a0\u00bb#ffffff\u00a0\u00bb el_class=\u00a0\u00bbgrupo-caixa\u00a0\u00bb][vc_column width=\u00a0\u00bb2\/3&Prime; css=\u00a0\u00bb.vc_custom_1559654470576{padding-top: 2% !important;padding-right: 2% !important;padding-bottom: 2% !important;padding-left: 2% !important;background-image: url(http:\/\/familygolfpark.pt\/wp-content\/uploads\/2019\/06\/Turistic-train-Exeperiences-Family-Golf-Park-min.jpg?id=16527) !important;background-position: center !important;background-repeat: no-repeat !important;background-size: cover !important;}\u00a0\u00bb el_class=\u00a0\u00bbcaixa-background\u00a0\u00bb]<div class=\"grve-empty-space\" style=\"height: 70vh;\"><\/div>[\/vc_column][vc_column column_effect=\u00a0\u00bbmouse-move-x-y\u00a0\u00bb width=\u00a0\u00bb1\/3&Prime; heading_color=\u00a0\u00bblight\u00a0\u00bb font_color=\u00a0\u00bb#ffffff\u00a0\u00bb el_class=\u00a0\u00bbcoluna-caixa\u00a0\u00bb][vc_row_inner css=\u00a0\u00bb.vc_custom_1559646300098{background-color: #28a847 !important;}\u00a0\u00bb el_class=\u00a0\u00bbcaixa-flutuante-right\u00a0\u00bb][vc_column_inner]<h2 class=\"grve-element grve-title grve-align-left grve-h2 grve-increase-heading grve-heading-200\" style=\"\"><span>Train<br \/>\ntouristique<\/span><\/h2><div class=\"grve-empty-space grve-height-1x\" style=\"\"><\/div>[vc_column_text text_style=\u00a0\u00bbleader-text\u00a0\u00bb]<\/p>\n<p style=\"text-align: left;\"><span style=\"font-weight: 400;\">D\u00e9couvrez Vilamoura \u00e0 bord du train touristique qui vous emm\u00e8nera jusqu\u2019aux merveilleuses plages de Fal\u00e9sia et Marina. Parcourez les principaux endroits de ce complexe sur un parcours d\u2019une heure qui sera certainement inoubliable. <\/span><\/p>\n<p>[\/vc_column_text]<div class=\"grve-empty-space grve-height-3x\" style=\"\"><\/div><div class=\"grve-element grve-align-left grve-animated-item grve-fade-in-left grve-duration-normal\" data-delay=\"100\"><a href=\"https:\/\/familygolfpark.pt\/fr\/train\/\" class=\"grve-btn grve-btn-medium grve-extra-round grve-bg-white grve-bg-hover-white\"><span><i class=\"fas fa-arrow-right\"><\/i>En voir plus<\/span><\/a><\/div>[\/vc_column_inner][\/vc_row_inner][\/vc_column][\/vc_row][vc_row heading_color=\u00a0\u00bbprimary-1&Prime; section_type=\u00a0\u00bbfullwidth\u00a0\u00bb bg_type=\u00a0\u00bbcolor\u00a0\u00bb padding_bottom_multiplier=\u00a0\u00bb4x\u00a0\u00bb columns_gap=\u00a0\u00bbnone\u00a0\u00bb equal_column_height=\u00a0\u00bbmiddle-content\u00a0\u00bb separator_bottom_color=\u00a0\u00bb#ff1616&Prime; bg_color=\u00a0\u00bb#ffffff\u00a0\u00bb el_class=\u00a0\u00bbgrupo-caixa\u00a0\u00bb][vc_column column_effect=\u00a0\u00bbmouse-move-x-y\u00a0\u00bb width=\u00a0\u00bb1\/3&Prime; el_class=\u00a0\u00bbcoluna-caixa\u00a0\u00bb][vc_row_inner css=\u00a0\u00bb.vc_custom_1559645840308{background-color: #f4f4f4 !important;}\u00a0\u00bb el_class=\u00a0\u00bbcaixa-flutuante-left\u00a0\u00bb][vc_column_inner]<h2 class=\"grve-element grve-title grve-align-left grve-h2 grve-increase-heading grve-heading-200\" style=\"\"><span>Tournois<br \/>\nde Minigolf<\/span><\/h2><div class=\"grve-empty-space grve-height-1x\" style=\"\"><\/div>[vc_column_text text_style=\u00a0\u00bbleader-text\u00a0\u00bb]Organisez votre tournoi de mini-golf au Family Golf Park. Que ce soit dans le but de renforcer une \u00e9quipe entrepreneuriale, ou pour renforcer les liens d\u2019amiti\u00e9 entre les membres de la famille ou les amis, ou pour des f\u00eates d\u2019anniversaire, contactez-nous et nous nous occuperons du reste. Entre le cocktail de bienvenue et la distribution des m\u00e9dailles aux participants, votre seule pr\u00e9occupation sera de jouer.[\/vc_column_text]<div class=\"grve-empty-space grve-height-3x\" style=\"\"><\/div><div class=\"grve-element grve-align-left grve-animated-item grve-fade-in-left grve-duration-normal\" data-delay=\"100\"><a href=\"mailto:info@familygolfpark.pt?subject=Minigolfe-tournament\" class=\"grve-btn grve-btn-medium grve-extra-round grve-bg-primary-1 grve-bg-hover-white\"><span><i class=\"fas fa-arrow-right\"><\/i>Contactez-nous<\/span><\/a><\/div>[\/vc_column_inner][\/vc_row_inner][\/vc_column][vc_column width=\u00a0\u00bb2\/3&Prime; css=\u00a0\u00bb.vc_custom_1561553635125{padding-top: 2% !important;padding-right: 2% !important;padding-bottom: 2% !important;padding-left: 2% !important;background-image: url(http:\/\/familygolfpark.pt\/wp-content\/uploads\/2019\/06\/Minigolf-tournement-Exeperiences-Family-Golf-Park-01-min.jpg?id=17004) !important;background-position: center !important;background-repeat: no-repeat !important;background-size: cover !important;}\u00a0\u00bb el_class=\u00a0\u00bbcaixa-background\u00a0\u00bb]<div class=\"grve-empty-space\" style=\"height: 70vh;\"><\/div>[\/vc_column][\/vc_row][vc_row heading_color=\u00a0\u00bbprimary-1&Prime; section_type=\u00a0\u00bbfullwidth\u00a0\u00bb bg_type=\u00a0\u00bbcolor\u00a0\u00bb padding_bottom_multiplier=\u00a0\u00bb4x\u00a0\u00bb columns_gap=\u00a0\u00bbnone\u00a0\u00bb equal_column_height=\u00a0\u00bbmiddle-content\u00a0\u00bb separator_bottom_color=\u00a0\u00bb#ff1616&Prime; bg_color=\u00a0\u00bb#ffffff\u00a0\u00bb el_class=\u00a0\u00bbgrupo-caixa\u00a0\u00bb][vc_column width=\u00a0\u00bb2\/3&Prime; css=\u00a0\u00bb.vc_custom_1559648564405{padding-top: 2% !important;padding-right: 2% !important;padding-bottom: 2% !important;padding-left: 2% !important;background-image: url(http:\/\/familygolfpark.pt\/wp-content\/uploads\/2019\/06\/kids-club-Exeperiences-Family-Golf-Park-min.jpg?id=16535) !important;background-position: center !important;background-repeat: no-repeat !important;background-size: cover !important;}\u00a0\u00bb el_class=\u00a0\u00bbcaixa-background\u00a0\u00bb]<div class=\"grve-empty-space\" style=\"height: 70vh;\"><\/div>[\/vc_column][vc_column column_effect=\u00a0\u00bbmouse-move-x-y\u00a0\u00bb width=\u00a0\u00bb1\/3&Prime; heading_color=\u00a0\u00bblight\u00a0\u00bb font_color=\u00a0\u00bb#ffffff\u00a0\u00bb el_class=\u00a0\u00bbcoluna-caixa\u00a0\u00bb][vc_row_inner css=\u00a0\u00bb.vc_custom_1559646300098{background-color: #28a847 !important;}\u00a0\u00bb el_class=\u00a0\u00bbcaixa-flutuante-right\u00a0\u00bb][vc_column_inner]<h2 class=\"grve-element grve-title grve-align-left grve-h2 grve-increase-heading grve-heading-200\" style=\"\"><span>Family<br \/>\nKids Club<\/span><\/h2><div class=\"grve-empty-space grve-height-1x\" style=\"\"><\/div>[vc_column_text text_style=\u00a0\u00bbleader-text\u00a0\u00bb]<\/p>\n<p style=\"text-align: left;\">Pendant que les adultes se reposent sur l&rsquo;esplanade, les plus jeunes disposent d&rsquo;un espace o\u00f9 ils peuvent courir, sauter, jouer et essayer l&rsquo;\u00e9motion du mini-golf.<\/p>\n<p>[\/vc_column_text]<div class=\"grve-empty-space grve-height-3x\" style=\"\"><\/div><div class=\"grve-element grve-align-left grve-animated-item grve-fade-in-left grve-duration-normal\" data-delay=\"100\"><a href=\"https:\/\/familygolfpark.pt\/fr\/family-kids-club\/\" class=\"grve-btn grve-btn-medium grve-extra-round grve-bg-white grve-bg-hover-white\"><span><i class=\"fas fa-arrow-right\"><\/i>En voir plus<\/span><\/a><\/div>[\/vc_column_inner][\/vc_row_inner][\/vc_column][\/vc_row][vc_row heading_color=\u00a0\u00bbprimary-1&Prime; section_type=\u00a0\u00bbfullwidth\u00a0\u00bb bg_type=\u00a0\u00bbcolor\u00a0\u00bb padding_bottom_multiplier=\u00a0\u00bb4x\u00a0\u00bb columns_gap=\u00a0\u00bbnone\u00a0\u00bb equal_column_height=\u00a0\u00bbmiddle-content\u00a0\u00bb separator_bottom_color=\u00a0\u00bb#ff1616&Prime; bg_color=\u00a0\u00bb#ffffff\u00a0\u00bb el_class=\u00a0\u00bbgrupo-caixa\u00a0\u00bb][vc_column column_effect=\u00a0\u00bbmouse-move-x-y\u00a0\u00bb width=\u00a0\u00bb1\/3&Prime; el_class=\u00a0\u00bbcoluna-caixa\u00a0\u00bb][vc_row_inner css=\u00a0\u00bb.vc_custom_1559645840308{background-color: #f4f4f4 !important;}\u00a0\u00bb el_class=\u00a0\u00bbcaixa-flutuante-left\u00a0\u00bb][vc_column_inner]<h2 class=\"grve-element grve-title grve-align-left grve-h2 grve-increase-heading grve-heading-200\" style=\"\"><span>Salle de jeux<\/span><\/h2><div class=\"grve-empty-space grve-height-1x\" style=\"\"><\/div>[vc_column_text text_style=\u00a0\u00bbleader-text\u00a0\u00bb]Si vous voulez plus d\u2019adr\u00e9naline, vous pouvez \u00e9galement jouer sur nos machines. Basket-ball, baby-foot, flipper, air hockey, testez vos reflexes au Ghost Hunter, ou faites simplement un billard. Les choix sont nombreux dans notre salle de jeux.[\/vc_column_text]<div class=\"grve-empty-space grve-height-4x\" style=\"\"><\/div>[\/vc_column_inner][\/vc_row_inner][\/vc_column][vc_column width=\u00a0\u00bb2\/3&Prime; css=\u00a0\u00bb.vc_custom_1561554352646{padding-top: 2% !important;padding-right: 2% !important;padding-bottom: 2% !important;padding-left: 2% !important;background-image: url(http:\/\/familygolfpark.pt\/wp-content\/uploads\/2019\/06\/Playroom-Exeperiences-Family-Golf-Park-min.jpg?id=17008) !important;background-position: center !important;background-repeat: no-repeat !important;background-size: cover !important;}\u00a0\u00bb el_class=\u00a0\u00bbcaixa-background\u00a0\u00bb]<div class=\"grve-empty-space\" style=\"height: 70vh;\"><\/div>[\/vc_column][\/vc_row][vc_row heading_color=\u00a0\u00bblight\u00a0\u00bb section_type=\u00a0\u00bbfullwidth\u00a0\u00bb bg_type=\u00a0\u00bbimage\u00a0\u00bb bg_image=\u00a0\u00bb16538&Prime; bg_image_type=\u00a0\u00bbfixed\u00a0\u00bb color_overlay=\u00a0\u00bblight\u00a0\u00bb padding_top_multiplier=\u00a0\u00bb3x\u00a0\u00bb padding_bottom_multiplier=\u00a0\u00bb3x\u00a0\u00bb separator_top_size=\u00a0\u00bb30px\u00a0\u00bb separator_bottom_size=\u00a0\u00bb30px\u00a0\u00bb font_color=\u00a0\u00bb#ffffff\u00a0\u00bb section_id=\u00a0\u00bbintro-section\u00a0\u00bb][vc_column width=\u00a0\u00bb1\/3&Prime; text_align=\u00a0\u00bbcenter\u00a0\u00bb][vc_row_inner css=\u00a0\u00bb.vc_custom_1559652746571{padding-top: 4vw !important;padding-right: 4vw !important;padding-bottom: 4vw !important;padding-left: 4vw !important;}\u00a0\u00bb][vc_column_inner]<div class=\"grve-element grve-image grve-align-center\" style=\"\">  <div class=\"grve-image-wrapper\"><img loading=\"lazy\" decoding=\"async\" width=\"480\" height=\"378\" src=\"https:\/\/familygolfpark.pt\/wp-content\/uploads\/2019\/07\/menu-family-golf-park-dark.png\" class=\"attachment-full size-full\" alt=\"\" srcset=\"https:\/\/familygolfpark.pt\/wp-content\/uploads\/2019\/07\/menu-family-golf-park-dark.png 480w, https:\/\/familygolfpark.pt\/wp-content\/uploads\/2019\/07\/menu-family-golf-park-dark-300x236.png 300w\" sizes=\"auto, (max-width: 480px) 100vw, 480px\" \/>   <\/div><\/div><div class=\"grve-empty-space grve-height-3x\" style=\"\"><\/div><div class=\"grve-element grve-align-center grve-animated-item grve-fade-in-left grve-duration-normal\" data-delay=\"100\"><a href=\"https:\/\/familygolfpark.pt\/fr\/bar\/\" class=\"grve-btn grve-btn-medium grve-extra-round grve-bg-primary-1 grve-bg-hover-white\"><span><i class=\"fas fa-arrow-right\"><\/i>En voir plus<\/span><\/a><\/div>[\/vc_column_inner][\/vc_row_inner][\/vc_column][vc_column width=\u00a0\u00bb2\/3&Prime;][\/vc_column][\/vc_row]<\/p>\n<\/div>","protected":false},"excerpt":{"rendered":"<p>[vc_row heading_color=\u00a0\u00bblight\u00a0\u00bb bg_type=\u00a0\u00bbimage\u00a0\u00bb bg_image=\u00a0\u00bb17216&Prime; bg_image_type=\u00a0\u00bbparallax\u00a0\u00bb pattern_overlay=\u00a0\u00bbyes\u00a0\u00bb color_overlay=\u00a0\u00bbprimary-3&Prime; opacity_overlay=\u00a0\u00bb40&Prime; padding_top_multiplier=\u00a0\u00bb6x\u00a0\u00bb padding_bottom_multiplier=\u00a0\u00bb6x\u00a0\u00bb separator_top_size=\u00a0\u00bb30px\u00a0\u00bb separator_bottom_size=\u00a0\u00bb30px\u00a0\u00bb font_color=\u00a0\u00bb#ffffff\u00a0\u00bb section_id=\u00a0\u00bbintro-section\u00a0\u00bb][vc_column][\/vc_column][\/vc_row][vc_row padding_top_multiplier=\u00a0\u00bb4x\u00a0\u00bb padding_bottom_multiplier=\u00a0\u00bb4x\u00a0\u00bb separator_top_size=\u00a0\u00bb30px\u00a0\u00bb separator_bottom_size=\u00a0\u00bb30px\u00a0\u00bb section_id=\u00a0\u00bbintro-section\u00a0\u00bb][vc_column heading_color=\u00a0\u00bbprimary-1&Prime; text_align=\u00a0\u00bbcenter\u00a0\u00bb][\/vc_column][vc_column heading_color=\u00a0\u00bbprimary-3&Prime; text_align=\u00a0\u00bbcenter\u00a0\u00bb][vc_column_text text_style=\u00a0\u00bbleader-text\u00a0\u00bb] Nous souhaitons la bienvenue \u00e0 des joueurs de tout \u00e2ge, dont seule la bonne humeur, mais aussi de la strat\u00e9gie et une certaine habilet\u00e9, sont n\u00e9cessaires. Prenez part \u00e0 la comp\u00e9tition [&hellip;]<\/p>\n","protected":false},"author":1,"featured_media":0,"parent":0,"menu_order":0,"comment_status":"closed","ping_status":"closed","template":"","meta":{"footnotes":""},"class_list":["post-22797","page","type-page","status-publish","hentry"],"aioseo_notices":[],"_links":{"self":[{"href":"https:\/\/familygolfpark.pt\/fr\/wp-json\/wp\/v2\/pages\/22797","targetHints":{"allow":["GET"]}}],"collection":[{"href":"https:\/\/familygolfpark.pt\/fr\/wp-json\/wp\/v2\/pages"}],"about":[{"href":"https:\/\/familygolfpark.pt\/fr\/wp-json\/wp\/v2\/types\/page"}],"author":[{"embeddable":true,"href":"https:\/\/familygolfpark.pt\/fr\/wp-json\/wp\/v2\/users\/1"}],"replies":[{"embeddable":true,"href":"https:\/\/familygolfpark.pt\/fr\/wp-json\/wp\/v2\/comments?post=22797"}],"version-history":[{"count":2,"href":"https:\/\/familygolfpark.pt\/fr\/wp-json\/wp\/v2\/pages\/22797\/revisions"}],"predecessor-version":[{"id":23389,"href":"https:\/\/familygolfpark.pt\/fr\/wp-json\/wp\/v2\/pages\/22797\/revisions\/23389"}],"wp:attachment":[{"href":"https:\/\/familygolfpark.pt\/fr\/wp-json\/wp\/v2\/media?parent=22797"}],"curies":[{"name":"wp","href":"https:\/\/api.w.org\/{rel}","templated":true}]}}