{"id":22802,"date":"2019-06-04T13:56:47","date_gmt":"2019-06-04T13:56:47","guid":{"rendered":"https:\/\/familygolfpark.younik.pt\/contacts\/"},"modified":"2024-12-13T15:20:35","modified_gmt":"2024-12-13T15:20:35","slug":"contacts","status":"publish","type":"page","link":"https:\/\/familygolfpark.pt\/fr\/contacts\/","title":{"rendered":"Contacts"},"content":{"rendered":"<div class=\"wpb-content-wrapper\"><p>[vc_row heading_color=\u00a0\u00bblight\u00a0\u00bb section_type=\u00a0\u00bbfullwidth\u00a0\u00bb padding_top_multiplier=\u00a0\u00bb\u00a0\u00bb padding_bottom_multiplier=\u00a0\u00bb\u00a0\u00bb columns_gap=\u00a0\u00bbnone\u00a0\u00bb separator_top_size=\u00a0\u00bb30px\u00a0\u00bb separator_bottom_size=\u00a0\u00bb30px\u00a0\u00bb font_color=\u00a0\u00bb#ffffff\u00a0\u00bb section_id=\u00a0\u00bbintro-section\u00a0\u00bb][vc_column text_align=\u00a0\u00bbcenter\u00a0\u00bb][vc_raw_html css=\u00a0\u00bb.vc_custom_1562598715209{margin-bottom: 0px !important;}\u00a0\u00bb]JTNDZGl2JTIwY2xhc3MlM0QlMjJtYXAtcmVzcG9uc2l2ZSUyMiUzRSUwQSUzQ2lmcmFtZSUyMHNyYyUzRCUyMmh0dHBzJTNBJTJGJTJGd3d3Lmdvb2dsZS5jb20lMkZtYXBzJTJGZW1iZWQlM0ZwYiUzRCUyMTFtMTglMjExbTEyJTIxMW0zJTIxMWQzMTgyLjk3MjgyMjk5MTU5OSUyMTJkLTguMTIxODkwNjgzNzIwMzgyJTIxM2QzNy4wODE5NTQxNTg2MTA4OCUyMTJtMyUyMTFmMCUyMTJmMCUyMTNmMCUyMTNtMiUyMTFpMTAyNCUyMTJpNzY4JTIxNGYxMy4xJTIxM20zJTIxMW0yJTIxMXMweGQxYWI1OTMyMjU4MmRjMSUyNTNBMHg3NTNmOGNlNjE1ZmZiODU0JTIxMnNGYW1pbHklMkJHb2xmJTJCUGFyayUyMTVlMCUyMTNtMiUyMTFzcHQtUFQlMjEyc3B0JTIxNHYxNTYyNTk4NDc2NDc1JTIxNW0yJTIxMXNwdC1QVCUyMTJzcHQlMjIlMjB3aWR0aCUzRCUyMjYwMCUyMiUyMGhlaWdodCUzRCUyMjQ1MCUyMiUyMGZyYW1lYm9yZGVyJTNEJTIyMCUyMiUyMHN0eWxlJTNEJTIyYm9yZGVyJTNBMCUyMiUyMGFsbG93ZnVsbHNjcmVlbiUzRSUzQyUyRmlmcmFtZSUzRSUwQSUzQyUyRmRpdiUzRQ==[\/vc_raw_html][\/vc_column][\/vc_row][vc_row padding_top_multiplier=\u00a0\u00bb\u00a0\u00bb padding_bottom_multiplier=\u00a0\u00bb4x\u00a0\u00bb separator_top_size=\u00a0\u00bb30px\u00a0\u00bb separator_bottom_size=\u00a0\u00bb30px\u00a0\u00bb section_id=\u00a0\u00bbintro-section\u00a0\u00bb][vc_column heading_color=\u00a0\u00bbprimary-1&Prime; text_align=\u00a0\u00bbcenter\u00a0\u00bb]<div class=\"grve-empty-space grve-height-4x\" style=\"\"><\/div><h1 class=\"grve-element grve-title grve-align-center grve-subtitle-text grve-increase-heading grve-heading-200\" style=\"\"><span>Contacts<\/span><\/h1>[\/vc_column][vc_column heading_color=\u00a0\u00bbprimary-3&Prime; text_align=\u00a0\u00bbcenter\u00a0\u00bb]<h2 class=\"grve-element grve-title grve-align-center grve-h1 grve-increase-heading grve-heading-300\" style=\"\"><span>Parle-nous.<\/span><\/h2><div class=\"grve-empty-space grve-height-2x\" style=\"\"><\/div>[\/vc_column][vc_column][vc_column_text]<\/p>\n<p style=\"text-align: center;\"><strong>Family Golf Park<br \/>\n<\/strong>Rua dos Marmeleiros<br \/>\n8125-497 Vilamoura &#8211; Algarve<br \/>\nPortugal<\/p>\n<p style=\"text-align: center;\">\u00a0Tel: +351 289 300 800 \u00b7 Fax: +351 289 380 716<br \/>\n<span class=\"legenda\">(Appel vers le r\u00e9seau fixe National, tarif selon accord entre client et op\u00e9rateur.)<\/span><br \/>\nEmail: <a href=\"mailto:info@familygolfpark.pt\">info@familygolfpark.pt<\/a><\/p>\n<p>[\/vc_column_text]<div class=\"grve-empty-space grve-height-3x\" style=\"\"><\/div>\n<div class=\"wpcf7 no-js\" id=\"wpcf7-f22990-o1\" lang=\"fr-FR\" dir=\"ltr\" data-wpcf7-id=\"22990\">\n<div class=\"screen-reader-response\"><p role=\"status\" aria-live=\"polite\" aria-atomic=\"true\"><\/p> <ul><\/ul><\/div>\n<form action=\"\/fr\/wp-json\/wp\/v2\/pages\/22802#wpcf7-f22990-o1\" method=\"post\" class=\"wpcf7-form init wpcf7-acceptance-as-validation\" aria-label=\"Formulaire de contact\" novalidate=\"novalidate\" data-status=\"init\">\n<div style=\"display: none;\">\n<input type=\"hidden\" name=\"_wpcf7\" value=\"22990\" \/>\n<input type=\"hidden\" name=\"_wpcf7_version\" value=\"6.0.6\" \/>\n<input type=\"hidden\" name=\"_wpcf7_locale\" value=\"fr_FR\" \/>\n<input type=\"hidden\" name=\"_wpcf7_unit_tag\" value=\"wpcf7-f22990-o1\" \/>\n<input type=\"hidden\" name=\"_wpcf7_container_post\" value=\"0\" \/>\n<input type=\"hidden\" name=\"_wpcf7_posted_data_hash\" value=\"\" \/>\n<input type=\"hidden\" name=\"_wpcf7_recaptcha_response\" value=\"\" \/>\n<\/div>\n<div class=\"grve-form grve-underline\">\n\t<div class=\"grve-fields-wrapper\">\n\t\t<div>\n\t\t\t<p><span class=\"wpcf7-form-control-wrap\" data-name=\"your-name\"><input size=\"40\" maxlength=\"400\" class=\"wpcf7-form-control wpcf7-text wpcf7-validates-as-required\" aria-required=\"true\" aria-invalid=\"false\" placeholder=\"Nom*\" value=\"\" type=\"text\" name=\"your-name\" \/><\/span>\n\t\t\t<\/p>\n\t\t<\/div>\n\t\t<div>\n\t\t\t<p><span class=\"wpcf7-form-control-wrap\" data-name=\"your-email\"><input size=\"40\" maxlength=\"400\" class=\"wpcf7-form-control wpcf7-email wpcf7-validates-as-required wpcf7-text wpcf7-validates-as-email\" aria-required=\"true\" aria-invalid=\"false\" placeholder=\"Email*\" value=\"\" type=\"email\" name=\"your-email\" \/><\/span>\n\t\t\t<\/p>\n\t\t<\/div>\n\t\t<div>\n\t\t\t<p><span class=\"wpcf7-form-control-wrap\" data-name=\"your-subject\"><input size=\"40\" maxlength=\"400\" class=\"wpcf7-form-control wpcf7-text\" aria-invalid=\"false\" placeholder=\"Objet\" value=\"\" type=\"text\" name=\"your-subject\" \/><\/span>\n\t\t\t<\/p>\n\t\t<\/div>\n\t\t<div>\n\t\t\t<p><span class=\"wpcf7-form-control-wrap\" data-name=\"your-message\"><textarea cols=\"40\" rows=\"10\" maxlength=\"2000\" class=\"wpcf7-form-control wpcf7-textarea\" aria-invalid=\"false\" placeholder=\"Message\" name=\"your-message\"><\/textarea><\/span>\n\t\t\t<\/p>\n\t\t<\/div>\n\t\t<div class=\"legenda-gdpr\">\n\t\t\t<p>Les donn\u00e9es \u00e0 caract\u00e8re personnel collect\u00e9es seront trait\u00e9es et conserv\u00e9es informatiquement par Sogolfe \u2013 Empreendimentos Tur\u00edsticos, Sociedade Unipessoal Lda., ayant son si\u00e8ge \u00e0 Urbaniza\u00e7\u00e3o de Vilamoura, Lotes 4 A\/B \u2013 Subzona 2 \u2013 Sector 5, Vilamoura, commune de Loul\u00e9, district de Faro, personne morale num\u00e9ro 503 953 075, en tant qu\u2019entit\u00e9 responsable du traitement des donn\u00e9es \u00e0 caract\u00e8re personnel (ci-apr\u00e8s d\u00e9sign\u00e9e \u00ab Sogolfe \u00bb).<br \/>\nLes informations fournies seront trait\u00e9es exclusivement pour fournir des \u00e9claircissements. Moyennant votre consentement (en cliquant sur l\u2019option ci-dessous), vos donn\u00e9es pourront \u00eatre trait\u00e9es pour r\u00e9aliser la finalit\u00e9 suivante:\n\t\t\t<\/p>\n\t\t\t<p><span class=\"wpcf7-form-control-wrap\" data-name=\"checkbox-marketing\"><span class=\"wpcf7-form-control wpcf7-checkbox checkbox-marketing\"><span class=\"wpcf7-list-item first\"><input type=\"checkbox\" name=\"checkbox-marketing[]\" value=\"Sending promotional and direct marketing communications relating to products and services of Sogolfe or of any company in which Manuel Champalimaud SGPS, S.A. holds (directly or indirectly) any participation in the share capital (hereinafter \u201cManuel Champalimaud Group Companies\u201d), as well as the announcement of events and campaigns.\" \/><span class=\"wpcf7-list-item-label\">Sending promotional and direct marketing communications relating to products and services of Sogolfe or of any company in which Manuel Champalimaud SGPS, S.A. holds (directly or indirectly) any participation in the share capital (hereinafter \u201cManuel Champalimaud Group Companies\u201d), as well as the announcement of events and campaigns.<\/span><\/span><span class=\"wpcf7-list-item last\"><input type=\"checkbox\" name=\"checkbox-marketing[]\" value=\"Sending promotional and direct marketing communications relating to products and services of any entities with which Sogolfe and Manuel Champalimaud Group Companies have established agreements or commercial partnerships, as well as the announcement of events and campaigns.\" \/><span class=\"wpcf7-list-item-label\">Sending promotional and direct marketing communications relating to products and services of any entities with which Sogolfe and Manuel Champalimaud Group Companies have established agreements or commercial partnerships, as well as the announcement of events and campaigns.<\/span><\/span><\/span><\/span>\n\t\t\t<\/p>\n\t\t\t<p>Les champs signal\u00e9s par un ast\u00e9risque (*) sont obligatoires, sous peine que nous ne puissions pas r\u00e9pondre \u00e0 vos demandes. Sogolfe pourra transmettre vos donn\u00e9es \u00e0 des sous-traitants aux fins susmentionn\u00e9es et les communiquer aux soci\u00e9t\u00e9s du groupe Manuel Champalimaud, \u00e0 des entit\u00e9s avec lesquelles des accords ou des partenariats commerciaux ont \u00e9t\u00e9 conclus ou encore aux entit\u00e9s comp\u00e9tentes aux yeux de la loi.\n\t\t\t<\/p>\n\t\t<\/div>\n\t\t<div class=\"legenda-gdpr\">\n\t\t\t<p>Avant de cliquer sur \u00ab envoyer \u00bb, veuillez lire notre <a href=\"\/privacy-policy-cookies\/\" target=\"_blank\">afin notamment de savoir<\/a> quels sont vos droits en mati\u00e8re de protection des donn\u00e9es \u00e0 caract\u00e8re personnel, quel est le d\u00e9lai de conservation de vos donn\u00e9es, en quoi consiste la communication de vos donn\u00e9es \u00e0 des tiers et quelles sont les mesures de s\u00e9curit\u00e9 que nous avons adopt\u00e9es. Dans tous les cas, sachez que vous pourrez retirer votre consentement au traitement de vos donn\u00e9es, lequel constitue le fondement de la l\u00e9gitimit\u00e9 dudit traitement, sans toutefois que cela porte atteinte au traitement r\u00e9alis\u00e9 jusque-l\u00e0 sur la base du consentement que vous nous aviez pr\u00e9alablement donn\u00e9. Pour de plus amples informations, vous pourrez nous contacter en envoyant un courriel \u00e0 info@familygolfpark.pt ou en appelant le : +351 289 300 800 <span class=\"legenda\"> (Appel vers le r\u00e9seau fixe National, tarif selon accord entre client et op\u00e9rateur.). <\/span>\n\t\t\t<\/p>\n\t\t\t<p><span class=\"wpcf7-form-control-wrap\" data-name=\"acceptance-gdpr\"><span class=\"wpcf7-form-control wpcf7-acceptance\"><span class=\"wpcf7-list-item\"><label><input type=\"checkbox\" name=\"acceptance-gdpr\" value=\"1\" id=\"acceptance-gdpr\" aria-invalid=\"false\" \/><span class=\"wpcf7-list-item-label\">J\u2019autorise le traitement de mes donn\u00e9es \u00e0 caract\u00e8re personnel pour les finalit\u00e9s indiqu\u00e9es ci-dessus et\/ou celles que j\u2019ai signal\u00e9es et ce, dans les termes \u00e9nonc\u00e9s ci-dessus.*<\/span><\/label><\/span><\/span><\/span>\n\t\t\t<\/p>\n\t\t<\/div>\n\t\t<div class=\"grve-align-center\" style=\"margin-top: 20px;\">\n\t\t\t<p><input class=\"wpcf7-form-control wpcf7-submit has-spinner\" type=\"submit\" value=\"Envoyer\" \/>\n\t\t\t<\/p>\n\t\t<\/div>\n\t<\/div>\n<\/div><div class=\"wpcf7-response-output\" aria-hidden=\"true\"><\/div>\n<\/form>\n<\/div>\n[\/vc_column][vc_column]<div class=\"grve-empty-space grve-height-3x\" style=\"\"><\/div><div class=\"grve-element grve-divider\" style=\"padding-bottom: 10px;\"><div class=\"grve-line-divider grve-border\"><\/div><\/div>[vc_column_text]<strong><span style=\"color: #999999; font-size: 12px;\">Loi n. 144\/2015, du 8 septembre<\/span><\/strong><br \/>\n<span style=\"color: #999999; font-size: 12px;\">ENTIT\u00c9 DE R\u00c9SOLUTION ALTERNATIVE DE LITIGES EN ALGARVE &#8211; En cas de litige au consommateur vous pourrez recourir au : Centre d&rsquo;Arbitrage de Conflits de Consommation d&rsquo;Algarve, Tribunal Arbitral Edif\u00edcio Ninho de Empresas, Estrada da Penha, 8005-131 FARO | Tel: 289 823 135 <span class=\"legenda\">(Appel vers le r\u00e9seau fixe National, tarif selon accord entre client et op\u00e9rateur.)<\/span> | Fax: 289 812 213 | Email: info@consumoalgarve.pt | www.consumoalgarve.pt<\/span>[\/vc_column_text][\/vc_column][\/vc_row]<\/p>\n<\/div>","protected":false},"excerpt":{"rendered":"<p>[vc_row heading_color=\u00a0\u00bblight\u00a0\u00bb section_type=\u00a0\u00bbfullwidth\u00a0\u00bb padding_top_multiplier=\u00a0\u00bb\u00a0\u00bb padding_bottom_multiplier=\u00a0\u00bb\u00a0\u00bb columns_gap=\u00a0\u00bbnone\u00a0\u00bb separator_top_size=\u00a0\u00bb30px\u00a0\u00bb separator_bottom_size=\u00a0\u00bb30px\u00a0\u00bb font_color=\u00a0\u00bb#ffffff\u00a0\u00bb section_id=\u00a0\u00bbintro-section\u00a0\u00bb][vc_column text_align=\u00a0\u00bbcenter\u00a0\u00bb][vc_raw_html css=\u00a0\u00bb.vc_custom_1562598715209{margin-bottom: 0px !important;}\u00a0\u00bb]JTNDZGl2JTIwY2xhc3MlM0QlMjJtYXAtcmVzcG9uc2l2ZSUyMiUzRSUwQSUzQ2lmcmFtZSUyMHNyYyUzRCUyMmh0dHBzJTNBJTJGJTJGd3d3Lmdvb2dsZS5jb20lMkZtYXBzJTJGZW1iZWQlM0ZwYiUzRCUyMTFtMTglMjExbTEyJTIxMW0zJTIxMWQzMTgyLjk3MjgyMjk5MTU5OSUyMTJkLTguMTIxODkwNjgzNzIwMzgyJTIxM2QzNy4wODE5NTQxNTg2MTA4OCUyMTJtMyUyMTFmMCUyMTJmMCUyMTNmMCUyMTNtMiUyMTFpMTAyNCUyMTJpNzY4JTIxNGYxMy4xJTIxM20zJTIxMW0yJTIxMXMweGQxYWI1OTMyMjU4MmRjMSUyNTNBMHg3NTNmOGNlNjE1ZmZiODU0JTIxMnNGYW1pbHklMkJHb2xmJTJCUGFyayUyMTVlMCUyMTNtMiUyMTFzcHQtUFQlMjEyc3B0JTIxNHYxNTYyNTk4NDc2NDc1JTIxNW0yJTIxMXNwdC1QVCUyMTJzcHQlMjIlMjB3aWR0aCUzRCUyMjYwMCUyMiUyMGhlaWdodCUzRCUyMjQ1MCUyMiUyMGZyYW1lYm9yZGVyJTNEJTIyMCUyMiUyMHN0eWxlJTNEJTIyYm9yZGVyJTNBMCUyMiUyMGFsbG93ZnVsbHNjcmVlbiUzRSUzQyUyRmlmcmFtZSUzRSUwQSUzQyUyRmRpdiUzRQ==[\/vc_raw_html][\/vc_column][\/vc_row][vc_row padding_top_multiplier=\u00a0\u00bb\u00a0\u00bb padding_bottom_multiplier=\u00a0\u00bb4x\u00a0\u00bb separator_top_size=\u00a0\u00bb30px\u00a0\u00bb separator_bottom_size=\u00a0\u00bb30px\u00a0\u00bb section_id=\u00a0\u00bbintro-section\u00a0\u00bb][vc_column heading_color=\u00a0\u00bbprimary-1&Prime; text_align=\u00a0\u00bbcenter\u00a0\u00bb][\/vc_column][vc_column heading_color=\u00a0\u00bbprimary-3&Prime; text_align=\u00a0\u00bbcenter\u00a0\u00bb][\/vc_column][vc_column][vc_column_text] Family Golf Park Rua dos Marmeleiros 8125-497 Vilamoura &#8211; Algarve Portugal \u00a0Tel: +351 289 300 800 \u00b7 Fax: +351 289 380 716 (Appel vers le r\u00e9seau fixe National, tarif selon accord entre [&hellip;]<\/p>\n","protected":false},"author":1,"featured_media":0,"parent":0,"menu_order":0,"comment_status":"closed","ping_status":"closed","template":"","meta":{"footnotes":""},"class_list":["post-22802","page","type-page","status-publish","hentry"],"aioseo_notices":[],"_links":{"self":[{"href":"https:\/\/familygolfpark.pt\/fr\/wp-json\/wp\/v2\/pages\/22802","targetHints":{"allow":["GET"]}}],"collection":[{"href":"https:\/\/familygolfpark.pt\/fr\/wp-json\/wp\/v2\/pages"}],"about":[{"href":"https:\/\/familygolfpark.pt\/fr\/wp-json\/wp\/v2\/types\/page"}],"author":[{"embeddable":true,"href":"https:\/\/familygolfpark.pt\/fr\/wp-json\/wp\/v2\/users\/1"}],"replies":[{"embeddable":true,"href":"https:\/\/familygolfpark.pt\/fr\/wp-json\/wp\/v2\/comments?post=22802"}],"version-history":[{"count":0,"href":"https:\/\/familygolfpark.pt\/fr\/wp-json\/wp\/v2\/pages\/22802\/revisions"}],"wp:attachment":[{"href":"https:\/\/familygolfpark.pt\/fr\/wp-json\/wp\/v2\/media?parent=22802"}],"curies":[{"name":"wp","href":"https:\/\/api.w.org\/{rel}","templated":true}]}}