{"id":22807,"date":"2019-06-04T15:31:27","date_gmt":"2019-06-04T15:31:27","guid":{"rendered":"https:\/\/familygolfpark.younik.pt\/a-propos-de-nous\/"},"modified":"2024-12-13T14:35:39","modified_gmt":"2024-12-13T14:35:39","slug":"a-propos-de-nous","status":"publish","type":"page","link":"https:\/\/familygolfpark.pt\/fr\/a-propos-de-nous\/","title":{"rendered":"\u00c0 propos de nous"},"content":{"rendered":"<div class=\"wpb-content-wrapper\"><p>[vc_row heading_color=\u00a0\u00bblight\u00a0\u00bb bg_type=\u00a0\u00bbimage\u00a0\u00bb bg_image=\u00a0\u00bb16585&Prime; bg_image_type=\u00a0\u00bbparallax\u00a0\u00bb pattern_overlay=\u00a0\u00bbyes\u00a0\u00bb color_overlay=\u00a0\u00bbdark\u00a0\u00bb padding_top_multiplier=\u00a0\u00bb6x\u00a0\u00bb padding_bottom_multiplier=\u00a0\u00bb6x\u00a0\u00bb separator_top_size=\u00a0\u00bb30px\u00a0\u00bb separator_bottom_size=\u00a0\u00bb30px\u00a0\u00bb font_color=\u00a0\u00bb#ffffff\u00a0\u00bb section_id=\u00a0\u00bbintro-section\u00a0\u00bb][vc_column]<div class=\"grve-empty-space\" style=\"height: 15vh;\"><\/div>[\/vc_column][\/vc_row][vc_row padding_top_multiplier=\u00a0\u00bb4x\u00a0\u00bb padding_bottom_multiplier=\u00a0\u00bb\u00a0\u00bb separator_top_size=\u00a0\u00bb30px\u00a0\u00bb separator_bottom_size=\u00a0\u00bb30px\u00a0\u00bb section_id=\u00a0\u00bbintro-section\u00a0\u00bb][vc_column heading_color=\u00a0\u00bbprimary-1&Prime; text_align=\u00a0\u00bbcenter\u00a0\u00bb]<h1 class=\"grve-element grve-title grve-align-center grve-subtitle-text grve-increase-heading grve-heading-200\" style=\"\"><span>Family Golf Park<\/span><\/h1>[\/vc_column][vc_column heading_color=\u00a0\u00bbprimary-3&Prime; text_align=\u00a0\u00bbcenter\u00a0\u00bb]<h2 class=\"grve-element grve-title grve-align-center grve-h1 grve-increase-heading grve-heading-300\" style=\"\"><span>Minigolf<\/span><\/h2><div class=\"grve-empty-space grve-height-1x\" style=\"\"><\/div>[vc_column_text text_style=\u00a0\u00bbleader-text\u00a0\u00bb]<\/p>\n<p style=\"text-align: center;\"><span style=\"font-weight: 400;\">Pendant que vous relevez les d\u00e9fis le long des deux parcours de 18 trous \u2013 la Via Apia, consacr\u00e9e \u00e0 l\u2019histoire de l\u2019Empire romain, et la Via Lusit\u00e2nia, consacr\u00e9e \u00e0 l\u2019histoire de l\u2019occupation de la p\u00e9ninsule ib\u00e9rique par l\u2019Empire romain\u00a0 \u2013 vous pourrez, au Family Golf Park, en savoir plus sur l\u2019histoire de l\u2019Empire romain, tout en profitant des deux centaines d\u2019esp\u00e8ces d\u2019arbres et de plantes, de la botanique et de l\u2019architecture alentour comprenant des r\u00e9pliques de monuments romains.<br \/>\n<\/span><span style=\"font-weight: 400;\">Quel que soit votre \u00e2ge, prenez part \u00e0 une comp\u00e9tition saine lors d\u2019une activit\u00e9 en pleine air.<\/span><\/p>\n<p style=\"text-align: center;\"><strong>Id\u00e9al pour les familles et amis, pour qui la convivialit\u00e9 et le divertissement sont fondamentaux.<\/strong><\/p>\n<p>[\/vc_column_text][\/vc_column][\/vc_row][vc_row padding_top_multiplier=\u00a0\u00bb4x\u00a0\u00bb padding_bottom_multiplier=\u00a0\u00bb3x\u00a0\u00bb section_id=\u00a0\u00bbvirtual-tour\u00a0\u00bb][vc_column][vc_raw_html]JTNDaWZyYW1lJTIwd2lkdGglM0QlMjIxMDAlMjUlMjIlMjBoZWlnaHQlM0QlMjI1NjMlMjIlMjBmcmFtZWJvcmRlciUzRCUyMjAlMjIlMjBhbGxvd2Z1bGxzY3JlZW4lMjBzcmMlM0QlMjJodHRwcyUzQSUyRiUyRnRvdXJta3IuY29tJTJGRjFiZHBQdXRiWSUyMiUzRSUzQyUyRmlmcmFtZSUzRQ==[\/vc_raw_html][\/vc_column][\/vc_row][vc_row section_type=\u00a0\u00bbfullwidth\u00a0\u00bb bg_type=\u00a0\u00bbcolor\u00a0\u00bb padding_top_multiplier=\u00a0\u00bb4x\u00a0\u00bb padding_bottom_multiplier=\u00a0\u00bb4x\u00a0\u00bb separator_top_size=\u00a0\u00bb30px\u00a0\u00bb separator_bottom_size=\u00a0\u00bb30px\u00a0\u00bb section_id=\u00a0\u00bbintro-section\u00a0\u00bb bg_color=\u00a0\u00bb#f4f4f4&Prime;][vc_column heading_color=\u00a0\u00bbprimary-1&Prime; text_align=\u00a0\u00bbcenter\u00a0\u00bb]<h3 class=\"grve-element grve-title grve-align-center grve-h3 grve-increase-heading grve-heading-200\" style=\"\"><span>Plan<\/span><\/h3>[vc_column_text text_style=\u00a0\u00bbleader-text\u00a0\u00bb el_class=\u00a0\u00bbdescricao-max-width\u00a0\u00bb]<\/p>\n<p style=\"text-align: center;\"><span style=\"font-weight: 400;\">Plan de l\u2019espace o\u00f9 vous pourrez en savoir un peu plus sur cette aventure, que ce soit \u00e0 travers la Via Apia ou la Via Lusit\u00e2nia. Le divertissement est garanti&#8230;<\/span><\/p>\n<p>[\/vc_column_text]<div class=\"bbsm-single-image    \" ><img decoding=\"async\" src=\"https:\/\/familygolfpark.pt\/wp-content\/uploads\/2019\/07\/Map-family-golf-park-02-min.png\" \/><\/div>[\/vc_column][\/vc_row]<\/p>\n<\/div>","protected":false},"excerpt":{"rendered":"<p>[vc_row heading_color=\u00a0\u00bblight\u00a0\u00bb bg_type=\u00a0\u00bbimage\u00a0\u00bb bg_image=\u00a0\u00bb16585&Prime; bg_image_type=\u00a0\u00bbparallax\u00a0\u00bb pattern_overlay=\u00a0\u00bbyes\u00a0\u00bb color_overlay=\u00a0\u00bbdark\u00a0\u00bb padding_top_multiplier=\u00a0\u00bb6x\u00a0\u00bb padding_bottom_multiplier=\u00a0\u00bb6x\u00a0\u00bb separator_top_size=\u00a0\u00bb30px\u00a0\u00bb separator_bottom_size=\u00a0\u00bb30px\u00a0\u00bb font_color=\u00a0\u00bb#ffffff\u00a0\u00bb section_id=\u00a0\u00bbintro-section\u00a0\u00bb][vc_column][\/vc_column][\/vc_row][vc_row padding_top_multiplier=\u00a0\u00bb4x\u00a0\u00bb padding_bottom_multiplier=\u00a0\u00bb\u00a0\u00bb separator_top_size=\u00a0\u00bb30px\u00a0\u00bb separator_bottom_size=\u00a0\u00bb30px\u00a0\u00bb section_id=\u00a0\u00bbintro-section\u00a0\u00bb][vc_column heading_color=\u00a0\u00bbprimary-1&Prime; text_align=\u00a0\u00bbcenter\u00a0\u00bb][\/vc_column][vc_column heading_color=\u00a0\u00bbprimary-3&Prime; text_align=\u00a0\u00bbcenter\u00a0\u00bb][vc_column_text text_style=\u00a0\u00bbleader-text\u00a0\u00bb] Pendant que vous relevez les d\u00e9fis le long des deux parcours de 18 trous \u2013 la Via Apia, consacr\u00e9e \u00e0 l\u2019histoire de l\u2019Empire romain, et la Via Lusit\u00e2nia, consacr\u00e9e \u00e0 l\u2019histoire de [&hellip;]<\/p>\n","protected":false},"author":1,"featured_media":0,"parent":0,"menu_order":0,"comment_status":"closed","ping_status":"closed","template":"","meta":{"footnotes":""},"class_list":["post-22807","page","type-page","status-publish","hentry"],"aioseo_notices":[],"_links":{"self":[{"href":"https:\/\/familygolfpark.pt\/fr\/wp-json\/wp\/v2\/pages\/22807","targetHints":{"allow":["GET"]}}],"collection":[{"href":"https:\/\/familygolfpark.pt\/fr\/wp-json\/wp\/v2\/pages"}],"about":[{"href":"https:\/\/familygolfpark.pt\/fr\/wp-json\/wp\/v2\/types\/page"}],"author":[{"embeddable":true,"href":"https:\/\/familygolfpark.pt\/fr\/wp-json\/wp\/v2\/users\/1"}],"replies":[{"embeddable":true,"href":"https:\/\/familygolfpark.pt\/fr\/wp-json\/wp\/v2\/comments?post=22807"}],"version-history":[{"count":0,"href":"https:\/\/familygolfpark.pt\/fr\/wp-json\/wp\/v2\/pages\/22807\/revisions"}],"wp:attachment":[{"href":"https:\/\/familygolfpark.pt\/fr\/wp-json\/wp\/v2\/media?parent=22807"}],"curies":[{"name":"wp","href":"https:\/\/api.w.org\/{rel}","templated":true}]}}