{"id":22812,"date":"2019-06-26T13:35:08","date_gmt":"2019-06-26T13:35:08","guid":{"rendered":"https:\/\/familygolfpark.younik.pt\/tarifs\/"},"modified":"2026-03-16T11:29:09","modified_gmt":"2026-03-16T11:29:09","slug":"tarifs","status":"publish","type":"page","link":"https:\/\/familygolfpark.pt\/fr\/tarifs\/","title":{"rendered":"Tarifs"},"content":{"rendered":"<div class=\"wpb-content-wrapper\"><p>[vc_row heading_color=\u00a0\u00bblight\u00a0\u00bb bg_type=\u00a0\u00bbimage\u00a0\u00bb bg_image=\u00a0\u00bb17053&Prime; bg_image_type=\u00a0\u00bbparallax\u00a0\u00bb pattern_overlay=\u00a0\u00bbyes\u00a0\u00bb color_overlay=\u00a0\u00bbdark\u00a0\u00bb padding_top_multiplier=\u00a0\u00bb6x\u00a0\u00bb padding_bottom_multiplier=\u00a0\u00bb6x\u00a0\u00bb separator_top_size=\u00a0\u00bb30px\u00a0\u00bb separator_bottom_size=\u00a0\u00bb30px\u00a0\u00bb font_color=\u00a0\u00bb#ffffff\u00a0\u00bb section_id=\u00a0\u00bbintro-section\u00a0\u00bb][vc_column]<div class=\"grve-empty-space\" style=\"height: 15vh;\"><\/div>[\/vc_column][\/vc_row][vc_row padding_top_multiplier=\u00a0\u00bb4x\u00a0\u00bb padding_bottom_multiplier=\u00a0\u00bb4x\u00a0\u00bb separator_top_size=\u00a0\u00bb30px\u00a0\u00bb separator_bottom_size=\u00a0\u00bb30px\u00a0\u00bb section_id=\u00a0\u00bbintro-section\u00a0\u00bb][vc_column heading_color=\u00a0\u00bbprimary-1&Prime; text_align=\u00a0\u00bbcenter\u00a0\u00bb]<h1 class=\"grve-element grve-title grve-align-center grve-subtitle-text grve-increase-heading grve-heading-200\" style=\"\"><span>Les Meilleurs<\/span><\/h1>[\/vc_column][vc_column heading_color=\u00a0\u00bbprimary-3&Prime; text_align=\u00a0\u00bbcenter\u00a0\u00bb]<h2 class=\"grve-element grve-title grve-align-center grve-h1 grve-increase-heading grve-heading-300\" style=\"\"><span>Prix Minigolf<\/span><\/h2><div class=\"grve-empty-space grve-height-1x\" style=\"\"><\/div>[vc_column_text text_style=\u00a0\u00bbleader-text\u00a0\u00bb]<\/p>\n<p id=\"tw-target-text\" class=\"tw-data-text tw-text-large tw-ta\" dir=\"ltr\" style=\"text-align: center;\" data-placeholder=\"Tradu\u00e7\u00e3o\"><span class=\"Y2IQFc\" lang=\"fr\">L&rsquo;acc\u00e8s aux parcours de minigolf n&rsquo;est autoris\u00e9 qu&rsquo;aux personnes munies d&rsquo;un ticket de jeu achet\u00e9 et valide.<\/span><\/p>\n<p style=\"text-align: center;\">Nous offrons le meilleur tarif de Minigolf de l\u2019Algarve.<br \/>\nUn billet gratuit pour les enfants jusqu\u2019\u00e0 5 ans pour chaque billet d\u2019adulte achet\u00e9.<br \/>\nAchetez en ligne et b\u00e9n\u00e9ficiez de 15 % de r\u00e9duction.[\/vc_column_text][\/vc_column][\/vc_row][vc_row padding_top_multiplier=\u00a0\u00bb\u00a0\u00bb padding_bottom_multiplier=\u00a0\u00bb2x\u00a0\u00bb][vc_column column_effect=\u00a0\u00bbmouse-move-x-y\u00a0\u00bb width=\u00a0\u00bb1\/3&Prime;]<div class=\"grve-element grve-pricing-table grve-animated-item grve-fade-in-up grve-duration-normal grve-align-center table-prices background-green grve-bg-black grve-shadow-small grve-with-shadow\" style=\"\" data-delay=\"200\">  <div class=\"grve-pricing-header\">    <div class=\"grve-pricing-title grve-h6\">Adulte<\/div>    <div class=\"grve-pricing-description grve-subtitle\"><strong>1 Parcours<\/strong><strong>Adventure Classic Minigolf ou Crazygolf (18 trous chacun)<\/strong><\/div>  <\/div>  <div class=\"grve-pricing-content\">    <h2 class=\"grve-price grve-align-h1 grve-text-grey grve-increase-heading grve-heading-250\"><span>18,50<\/span>     <div class=\"grve-interval grve-h6\">\u20ac<\/div>   <\/h2>  <\/div>  <ul><li><strong>2 Parcours  <\/strong>19.5\u20ac<\/li><li><strong> <\/strong>les deux itin\u00e9raires<\/li>  <\/ul><a href=\"https:\/\/fareharbor.com\/embeds\/book\/familygolfpark\/?full-items=yes&#038;flow=1189768\" title=\"Bilheteira Online\" class=\"grve-btn grve-btn-medium grve-extra-round grve-bg-white grve-bg-hover-primary-1\"><span>Acheter en ligne<\/span><\/a><\/div>[\/vc_column][vc_column column_effect=\u00a0\u00bbmouse-move-x-y\u00a0\u00bb width=\u00a0\u00bb1\/3&Prime; z_index=\u00a0\u00bb1&Prime;]<div class=\"grve-element grve-pricing-table grve-animated-item grve-fade-in-up grve-duration-normal grve-align-center table-prices grve-bg-white grve-shadow-small grve-with-shadow\" style=\"\" data-delay=\"200\">  <div class=\"grve-pricing-header\">    <div class=\"grve-pricing-title grve-h6\">Enfants<\/div>    <div class=\"grve-pricing-description grve-subtitle\">(0-5 ans)*<strong>1 Parcours<\/strong><strong>Adventure Classic Minigolf ou Crazygolf (18 trous chacun) *Il est uniquement permis de jouer avec un adulte muni d'un billet valide.<\/strong><\/div>  <\/div>  <div class=\"grve-pricing-content\">    <h2 class=\"grve-price grve-align-h1 grve-text-primary-1 grve-increase-heading grve-heading-250\"><span>Gratuit<\/span>     <div class=\"grve-interval grve-h6\"><\/div>   <\/h2>  <\/div>  <ul><li><strong>2 Parcours  <\/strong>Gratuit<\/li><li><strong> <\/strong>les deux itin\u00e9raires<\/li><li><strong> <\/strong>*Limit\u00e9 \u00e0 un enfant par adulte.<\/li>  <\/ul><a href=\"https:\/\/fareharbor.com\/embeds\/book\/familygolfpark\/?full-items=yes&#038;flow=1189768\" title=\"Bilheteira Online\" class=\"grve-btn grve-btn-medium grve-extra-round grve-bg-primary-1 grve-bg-hover-white\"><span>Acheter en ligne<\/span><\/a><\/div>[\/vc_column][vc_column column_effect=\u00a0\u00bbmouse-move-x-y\u00a0\u00bb column_effect_sensitive=\u00a0\u00bbnormal\u00a0\u00bb column_effect_limit=\u00a0\u00bb3x\u00a0\u00bb width=\u00a0\u00bb1\/3&Prime; z_index=\u00a0\u00bb1&Prime;]<div class=\"grve-element grve-pricing-table grve-animated-item grve-fade-in-up grve-duration-normal grve-align-center table-prices grve-bg-white grve-shadow-small grve-with-shadow\" style=\"\" data-delay=\"200\">  <div class=\"grve-pricing-header\">    <div class=\"grve-pricing-title grve-h6\">Junior<\/div>    <div class=\"grve-pricing-description grve-subtitle\">(6-12 ans)<strong>1 Parcours<\/strong><strong>Adventure Classic Minigolf ou Crazygolf (18 trous chacun) *Il est uniquement permis de jouer avec un adulte muni d'un billet valide.<\/strong><\/div>  <\/div>  <div class=\"grve-pricing-content\">    <h2 class=\"grve-price grve-align-h1 grve-text-primary-1 grve-increase-heading grve-heading-250\"><span>14,50<\/span>     <div class=\"grve-interval grve-h6\">\u20ac<\/div>   <\/h2>  <\/div>  <ul><li><strong>2 Parcours <\/strong>15.5\u20ac<\/li><li><strong> <\/strong>les deux itin\u00e9raires<\/li>  <\/ul><a href=\"https:\/\/fareharbor.com\/embeds\/book\/familygolfpark\/?full-items=yes&#038;flow=1189768\" title=\"Bilheteira Online\" class=\"grve-btn grve-btn-medium grve-extra-round grve-bg-primary-1 grve-bg-hover-white\"><span>Acheter en ligne<\/span><\/a><\/div>[\/vc_column][\/vc_row][vc_row padding_bottom_multiplier=\u00a0\u00bb4x\u00a0\u00bb][vc_column][vc_column_text text_style=\u00a0\u00bbleader-text\u00a0\u00bb]<\/p>\n<h4 style=\"text-align: center;\">Attention<\/h4>\n<p style=\"text-align: center;\">L&rsquo;acc\u00e8s aux parcours de minigolf n&rsquo;est autoris\u00e9 qu&rsquo;aux personnes munies d&rsquo;un ticket de jeu achet\u00e9 et valide.<\/p>\n<p style=\"text-align: center;\">l&rsquo;achat des deux parcours peut faire la deuxi\u00e8me dans les quinze jours<br \/>\nR\u00e9duction pour les groupes. Demander des informations \u00e0 la r\u00e9ception.<\/p>\n<p style=\"text-align: center;\"><strong>Achetez en ligne et b\u00e9n\u00e9ficiez de 15 % de r\u00e9duction.<\/strong><\/p>\n<p>[\/vc_column_text]<div class=\"grve-empty-space grve-height-1x\" style=\"\"><\/div><div class=\"grve-element grve-align-center grve-animated-item grve-fade-in-left grve-duration-normal\" data-delay=\"50\"><a href=\"https:\/\/fareharbor.com\/embeds\/book\/familygolfpark\/?full-items=yes&#038;flow=1189768\" title=\"Bilheteira Online\" class=\"grve-btn grve-btn-medium grve-extra-round grve-bg-primary-1 grve-bg-hover-white\"><span><i class=\"fab fa-accessible-icon\"><\/i>Acheter en ligne<\/span><\/a><\/div>[\/vc_column][\/vc_row][vc_row bg_type=\u00a0\u00bbcolor\u00a0\u00bb padding_top_multiplier=\u00a0\u00bb4x\u00a0\u00bb padding_bottom_multiplier=\u00a0\u00bb4x\u00a0\u00bb separator_top_size=\u00a0\u00bb30px\u00a0\u00bb separator_bottom_size=\u00a0\u00bb30px\u00a0\u00bb section_id=\u00a0\u00bbintro-section\u00a0\u00bb bg_color=\u00a0\u00bb#f4f4f4&Prime;][vc_column heading_color=\u00a0\u00bbprimary-1&Prime; text_align=\u00a0\u00bbcenter\u00a0\u00bb]<h3 class=\"grve-element grve-title grve-align-center grve-h3 grve-increase-heading grve-heading-200\" style=\"\"><span>Horaire<\/span><\/h3>[vc_column_text text_style=\u00a0\u00bbleader-text\u00a0\u00bb]<\/p>\n<p style=\"text-align: center;\">*Derni\u00e8re entr\u00e9e pour 18 trous 1h30 avant la fermeture.<\/p>\n<p>[\/vc_column_text][\/vc_column][\/vc_row][vc_row bg_type=\u00a0\u00bbcolor\u00a0\u00bb padding_top_multiplier=\u00a0\u00bb\u00a0\u00bb padding_bottom_multiplier=\u00a0\u00bb\u00a0\u00bb equal_column_height=\u00a0\u00bbmiddle-content\u00a0\u00bb bg_color=\u00a0\u00bb#f4f4f4&Prime; el_class=\u00a0\u00bbschedule-row\u00a0\u00bb][vc_column width=\u00a0\u00bb2\/3&Prime; tablet_sm_width=\u00a0\u00bb3-5&Prime; mobile_width=\u00a0\u00bb3-5&Prime; css=\u00a0\u00bb.vc_custom_1561562497171{border-bottom-width: 1px !important;border-bottom-color: #28a847 !important;border-bottom-style: solid !important;}\u00a0\u00bb el_class=\u00a0\u00bbschedule-first-column\u00a0\u00bb][vc_column_text text_style=\u00a0\u00bbleader-text\u00a0\u00bb]1er f\u00e9vrier au 31 mars[\/vc_column_text][\/vc_column][vc_column width=\u00a0\u00bb1\/3&Prime; tablet_sm_width=\u00a0\u00bb2-5&Prime; mobile_width=\u00a0\u00bb2-5&Prime; css=\u00a0\u00bb.vc_custom_1561562481867{border-bottom-width: 1px !important;border-bottom-color: #28a847 !important;border-bottom-style: solid !important;}\u00a0\u00bb el_class=\u00a0\u00bbschedule-second-column\u00a0\u00bb][vc_column_text text_style=\u00a0\u00bbleader-text\u00a0\u00bb]<\/p>\n<p style=\"text-align: right;\">10h to 18h<\/p>\n<p>[\/vc_column_text][\/vc_column][\/vc_row][vc_row bg_type=\u00a0\u00bbcolor\u00a0\u00bb padding_top_multiplier=\u00a0\u00bb\u00a0\u00bb padding_bottom_multiplier=\u00a0\u00bb\u00a0\u00bb equal_column_height=\u00a0\u00bbmiddle-content\u00a0\u00bb bg_color=\u00a0\u00bb#f4f4f4&Prime; el_class=\u00a0\u00bbschedule-row\u00a0\u00bb][vc_column width=\u00a0\u00bb2\/3&Prime; tablet_sm_width=\u00a0\u00bb3-5&Prime; mobile_width=\u00a0\u00bb3-5&Prime; css=\u00a0\u00bb.vc_custom_1561562497171{border-bottom-width: 1px !important;border-bottom-color: #28a847 !important;border-bottom-style: solid !important;}\u00a0\u00bb el_class=\u00a0\u00bbschedule-first-column\u00a0\u00bb][vc_column_text text_style=\u00a0\u00bbleader-text\u00a0\u00bb]1er avril au 30 juin[\/vc_column_text][\/vc_column][vc_column width=\u00a0\u00bb1\/3&Prime; tablet_sm_width=\u00a0\u00bb2-5&Prime; mobile_width=\u00a0\u00bb2-5&Prime; css=\u00a0\u00bb.vc_custom_1561562481867{border-bottom-width: 1px !important;border-bottom-color: #28a847 !important;border-bottom-style: solid !important;}\u00a0\u00bb el_class=\u00a0\u00bbschedule-second-column\u00a0\u00bb][vc_column_text text_style=\u00a0\u00bbleader-text\u00a0\u00bb]<\/p>\n<p style=\"text-align: right;\">10h to 19h<\/p>\n<p>[\/vc_column_text][\/vc_column][\/vc_row][vc_row bg_type=\u00a0\u00bbcolor\u00a0\u00bb padding_top_multiplier=\u00a0\u00bb\u00a0\u00bb padding_bottom_multiplier=\u00a0\u00bb\u00a0\u00bb equal_column_height=\u00a0\u00bbmiddle-content\u00a0\u00bb bg_color=\u00a0\u00bb#f4f4f4&Prime; el_class=\u00a0\u00bbschedule-row\u00a0\u00bb][vc_column width=\u00a0\u00bb2\/3&Prime; tablet_sm_width=\u00a0\u00bb3-5&Prime; mobile_width=\u00a0\u00bb3-5&Prime; css=\u00a0\u00bb.vc_custom_1561562497171{border-bottom-width: 1px !important;border-bottom-color: #28a847 !important;border-bottom-style: solid !important;}\u00a0\u00bb el_class=\u00a0\u00bbschedule-first-column\u00a0\u00bb][vc_column_text css=\u00a0\u00bb\u00a0\u00bb text_style=\u00a0\u00bbleader-text\u00a0\u00bb]1er au 12 julliet[\/vc_column_text][\/vc_column][vc_column width=\u00a0\u00bb1\/3&Prime; tablet_sm_width=\u00a0\u00bb2-5&Prime; mobile_width=\u00a0\u00bb2-5&Prime; css=\u00a0\u00bb.vc_custom_1561562481867{border-bottom-width: 1px !important;border-bottom-color: #28a847 !important;border-bottom-style: solid !important;}\u00a0\u00bb el_class=\u00a0\u00bbschedule-second-column\u00a0\u00bb][vc_column_text text_style=\u00a0\u00bbleader-text\u00a0\u00bb]<\/p>\n<p style=\"text-align: right;\">10h to 00h<\/p>\n<p>[\/vc_column_text][\/vc_column][\/vc_row][vc_row bg_type=\u00a0\u00bbcolor\u00a0\u00bb padding_top_multiplier=\u00a0\u00bb\u00a0\u00bb padding_bottom_multiplier=\u00a0\u00bb\u00a0\u00bb equal_column_height=\u00a0\u00bbmiddle-content\u00a0\u00bb bg_color=\u00a0\u00bb#f4f4f4&Prime; el_class=\u00a0\u00bbschedule-row\u00a0\u00bb][vc_column width=\u00a0\u00bb2\/3&Prime; tablet_sm_width=\u00a0\u00bb3-5&Prime; mobile_width=\u00a0\u00bb3-5&Prime; css=\u00a0\u00bb.vc_custom_1561562497171{border-bottom-width: 1px !important;border-bottom-color: #28a847 !important;border-bottom-style: solid !important;}\u00a0\u00bb el_class=\u00a0\u00bbschedule-first-column\u00a0\u00bb][vc_column_text css=\u00a0\u00bb\u00a0\u00bb text_style=\u00a0\u00bbleader-text\u00a0\u00bb]13 julliet au 31 ao\u00fbt[\/vc_column_text][\/vc_column][vc_column width=\u00a0\u00bb1\/3&Prime; tablet_sm_width=\u00a0\u00bb2-5&Prime; mobile_width=\u00a0\u00bb2-5&Prime; css=\u00a0\u00bb.vc_custom_1561562481867{border-bottom-width: 1px !important;border-bottom-color: #28a847 !important;border-bottom-style: solid !important;}\u00a0\u00bb el_class=\u00a0\u00bbschedule-second-column\u00a0\u00bb][vc_column_text text_style=\u00a0\u00bbleader-text\u00a0\u00bb]<\/p>\n<p style=\"text-align: right;\">10h to 01h<\/p>\n<p>[\/vc_column_text][\/vc_column][\/vc_row][vc_row bg_type=\u00a0\u00bbcolor\u00a0\u00bb padding_top_multiplier=\u00a0\u00bb\u00a0\u00bb padding_bottom_multiplier=\u00a0\u00bb\u00a0\u00bb equal_column_height=\u00a0\u00bbmiddle-content\u00a0\u00bb bg_color=\u00a0\u00bb#f4f4f4&Prime; el_class=\u00a0\u00bbschedule-row\u00a0\u00bb][vc_column width=\u00a0\u00bb2\/3&Prime; tablet_sm_width=\u00a0\u00bb3-5&Prime; mobile_width=\u00a0\u00bb3-5&Prime; css=\u00a0\u00bb.vc_custom_1561562497171{border-bottom-width: 1px !important;border-bottom-color: #28a847 !important;border-bottom-style: solid !important;}\u00a0\u00bb el_class=\u00a0\u00bbschedule-first-column\u00a0\u00bb][vc_column_text css=\u00a0\u00bb\u00a0\u00bb text_style=\u00a0\u00bbleader-text\u00a0\u00bb]1er au 6 septembre[\/vc_column_text][\/vc_column][vc_column width=\u00a0\u00bb1\/3&Prime; tablet_sm_width=\u00a0\u00bb2-5&Prime; mobile_width=\u00a0\u00bb2-5&Prime; css=\u00a0\u00bb.vc_custom_1561562481867{border-bottom-width: 1px !important;border-bottom-color: #28a847 !important;border-bottom-style: solid !important;}\u00a0\u00bb el_class=\u00a0\u00bbschedule-second-column\u00a0\u00bb][vc_column_text text_style=\u00a0\u00bbleader-text\u00a0\u00bb]<\/p>\n<p style=\"text-align: right;\">10h to 00h<\/p>\n<p>[\/vc_column_text][\/vc_column][\/vc_row][vc_row bg_type=\u00a0\u00bbcolor\u00a0\u00bb padding_top_multiplier=\u00a0\u00bb\u00a0\u00bb padding_bottom_multiplier=\u00a0\u00bb\u00a0\u00bb equal_column_height=\u00a0\u00bbmiddle-content\u00a0\u00bb bg_color=\u00a0\u00bb#f4f4f4&Prime; el_class=\u00a0\u00bbschedule-row\u00a0\u00bb][vc_column width=\u00a0\u00bb2\/3&Prime; tablet_sm_width=\u00a0\u00bb3-5&Prime; mobile_width=\u00a0\u00bb3-5&Prime; css=\u00a0\u00bb.vc_custom_1561562497171{border-bottom-width: 1px !important;border-bottom-color: #28a847 !important;border-bottom-style: solid !important;}\u00a0\u00bb el_class=\u00a0\u00bbschedule-first-column\u00a0\u00bb][vc_column_text css=\u00a0\u00bb\u00a0\u00bb text_style=\u00a0\u00bbleader-text\u00a0\u00bb]7 septembre au 24 octobre[\/vc_column_text][\/vc_column][vc_column width=\u00a0\u00bb1\/3&Prime; tablet_sm_width=\u00a0\u00bb2-5&Prime; mobile_width=\u00a0\u00bb2-5&Prime; css=\u00a0\u00bb.vc_custom_1561562481867{border-bottom-width: 1px !important;border-bottom-color: #28a847 !important;border-bottom-style: solid !important;}\u00a0\u00bb el_class=\u00a0\u00bbschedule-second-column\u00a0\u00bb][vc_column_text text_style=\u00a0\u00bbleader-text\u00a0\u00bb]<\/p>\n<p style=\"text-align: right;\">10h to 19h<\/p>\n<p>[\/vc_column_text][\/vc_column][\/vc_row][vc_row bg_type=\u00a0\u00bbcolor\u00a0\u00bb padding_top_multiplier=\u00a0\u00bb\u00a0\u00bb padding_bottom_multiplier=\u00a0\u00bb\u00a0\u00bb equal_column_height=\u00a0\u00bbmiddle-content\u00a0\u00bb bg_color=\u00a0\u00bb#f4f4f4&Prime; el_class=\u00a0\u00bbschedule-row\u00a0\u00bb][vc_column width=\u00a0\u00bb2\/3&Prime; tablet_sm_width=\u00a0\u00bb3-5&Prime; mobile_width=\u00a0\u00bb3-5&Prime; css=\u00a0\u00bb.vc_custom_1561562497171{border-bottom-width: 1px !important;border-bottom-color: #28a847 !important;border-bottom-style: solid !important;}\u00a0\u00bb el_class=\u00a0\u00bbschedule-first-column\u00a0\u00bb][vc_column_text css=\u00a0\u00bb\u00a0\u00bb text_style=\u00a0\u00bbleader-text\u00a0\u00bb]25 octobre au 22 Novembre[\/vc_column_text][\/vc_column][vc_column width=\u00a0\u00bb1\/3&Prime; tablet_sm_width=\u00a0\u00bb2-5&Prime; mobile_width=\u00a0\u00bb2-5&Prime; css=\u00a0\u00bb.vc_custom_1561562481867{border-bottom-width: 1px !important;border-bottom-color: #28a847 !important;border-bottom-style: solid !important;}\u00a0\u00bb el_class=\u00a0\u00bbschedule-second-column\u00a0\u00bb][vc_column_text text_style=\u00a0\u00bbleader-text\u00a0\u00bb]<\/p>\n<p style=\"text-align: right;\">10h to 18h<\/p>\n<p>[\/vc_column_text][\/vc_column][\/vc_row][vc_row bg_type=\u00a0\u00bbcolor\u00a0\u00bb padding_top_multiplier=\u00a0\u00bb\u00a0\u00bb padding_bottom_multiplier=\u00a0\u00bb\u00a0\u00bb equal_column_height=\u00a0\u00bbmiddle-content\u00a0\u00bb bg_color=\u00a0\u00bb#f4f4f4&Prime; el_class=\u00a0\u00bbschedule-row\u00a0\u00bb][vc_column width=\u00a0\u00bb1\/3&Prime; tablet_sm_width=\u00a0\u00bb2-5&Prime; mobile_width=\u00a0\u00bb2-5&Prime; css=\u00a0\u00bb.vc_custom_1561562481867{border-bottom-width: 1px !important;border-bottom-color: #28a847 !important;border-bottom-style: solid !important;}\u00a0\u00bb el_class=\u00a0\u00bbschedule-second-column\u00a0\u00bb][vc_column_text text_style=\u00a0\u00bbleader-text\u00a0\u00bb]<\/p>\n<p style=\"text-align: right;\"><span class=\"Y2IQFc\" lang=\"fr\">ferm\u00e9 pour maintenance<\/span><\/p>\n<p>[\/vc_column_text][\/vc_column][\/vc_row][vc_row bg_type=\u00a0\u00bbcolor\u00a0\u00bb padding_top_multiplier=\u00a0\u00bb\u00a0\u00bb padding_bottom_multiplier=\u00a0\u00bb\u00a0\u00bb separator_top_size=\u00a0\u00bb30px\u00a0\u00bb separator_bottom_size=\u00a0\u00bb30px\u00a0\u00bb section_id=\u00a0\u00bbintro-section\u00a0\u00bb bg_color=\u00a0\u00bb#f4f4f4&Prime;][vc_column heading_color=\u00a0\u00bbprimary-1&Prime; text_align=\u00a0\u00bbcenter\u00a0\u00bb]<div class=\"grve-empty-space grve-height-4x\" style=\"\"><\/div>[\/vc_column][\/vc_row]<\/p>\n<\/div>","protected":false},"excerpt":{"rendered":"<p>[vc_row heading_color=\u00a0\u00bblight\u00a0\u00bb bg_type=\u00a0\u00bbimage\u00a0\u00bb bg_image=\u00a0\u00bb17053&Prime; bg_image_type=\u00a0\u00bbparallax\u00a0\u00bb pattern_overlay=\u00a0\u00bbyes\u00a0\u00bb color_overlay=\u00a0\u00bbdark\u00a0\u00bb padding_top_multiplier=\u00a0\u00bb6x\u00a0\u00bb padding_bottom_multiplier=\u00a0\u00bb6x\u00a0\u00bb separator_top_size=\u00a0\u00bb30px\u00a0\u00bb separator_bottom_size=\u00a0\u00bb30px\u00a0\u00bb font_color=\u00a0\u00bb#ffffff\u00a0\u00bb section_id=\u00a0\u00bbintro-section\u00a0\u00bb][vc_column][\/vc_column][\/vc_row][vc_row padding_top_multiplier=\u00a0\u00bb4x\u00a0\u00bb padding_bottom_multiplier=\u00a0\u00bb4x\u00a0\u00bb separator_top_size=\u00a0\u00bb30px\u00a0\u00bb separator_bottom_size=\u00a0\u00bb30px\u00a0\u00bb section_id=\u00a0\u00bbintro-section\u00a0\u00bb][vc_column heading_color=\u00a0\u00bbprimary-1&Prime; text_align=\u00a0\u00bbcenter\u00a0\u00bb][\/vc_column][vc_column heading_color=\u00a0\u00bbprimary-3&Prime; text_align=\u00a0\u00bbcenter\u00a0\u00bb][vc_column_text text_style=\u00a0\u00bbleader-text\u00a0\u00bb] L&rsquo;acc\u00e8s aux parcours de minigolf n&rsquo;est autoris\u00e9 qu&rsquo;aux personnes munies d&rsquo;un ticket de jeu achet\u00e9 et valide. Nous offrons le meilleur tarif de Minigolf de l\u2019Algarve. Un billet gratuit pour les enfants [&hellip;]<\/p>\n","protected":false},"author":1,"featured_media":0,"parent":0,"menu_order":0,"comment_status":"closed","ping_status":"closed","template":"","meta":{"footnotes":""},"class_list":["post-22812","page","type-page","status-publish","hentry"],"aioseo_notices":[],"_links":{"self":[{"href":"https:\/\/familygolfpark.pt\/fr\/wp-json\/wp\/v2\/pages\/22812","targetHints":{"allow":["GET"]}}],"collection":[{"href":"https:\/\/familygolfpark.pt\/fr\/wp-json\/wp\/v2\/pages"}],"about":[{"href":"https:\/\/familygolfpark.pt\/fr\/wp-json\/wp\/v2\/types\/page"}],"author":[{"embeddable":true,"href":"https:\/\/familygolfpark.pt\/fr\/wp-json\/wp\/v2\/users\/1"}],"replies":[{"embeddable":true,"href":"https:\/\/familygolfpark.pt\/fr\/wp-json\/wp\/v2\/comments?post=22812"}],"version-history":[{"count":2,"href":"https:\/\/familygolfpark.pt\/fr\/wp-json\/wp\/v2\/pages\/22812\/revisions"}],"predecessor-version":[{"id":23417,"href":"https:\/\/familygolfpark.pt\/fr\/wp-json\/wp\/v2\/pages\/22812\/revisions\/23417"}],"wp:attachment":[{"href":"https:\/\/familygolfpark.pt\/fr\/wp-json\/wp\/v2\/media?parent=22812"}],"curies":[{"name":"wp","href":"https:\/\/api.w.org\/{rel}","templated":true}]}}