{"id":22827,"date":"2019-07-09T11:27:15","date_gmt":"2019-07-09T11:27:15","guid":{"rendered":"https:\/\/familygolfpark.younik.pt\/mini-golf\/"},"modified":"2019-07-09T11:27:15","modified_gmt":"2019-07-09T11:27:15","slug":"mini-golf","status":"publish","type":"page","link":"https:\/\/familygolfpark.pt\/fr\/mini-golf\/","title":{"rendered":"Mini-golf"},"content":{"rendered":"<div class=\"wpb-content-wrapper\"><p>[vc_row heading_color=\u00a0\u00bblight\u00a0\u00bb bg_type=\u00a0\u00bbimage\u00a0\u00bb bg_image=\u00a0\u00bb17002&Prime; bg_image_type=\u00a0\u00bbparallax\u00a0\u00bb pattern_overlay=\u00a0\u00bbyes\u00a0\u00bb color_overlay=\u00a0\u00bbprimary-3&Prime; opacity_overlay=\u00a0\u00bb50&Prime; padding_top_multiplier=\u00a0\u00bb6x\u00a0\u00bb padding_bottom_multiplier=\u00a0\u00bb6x\u00a0\u00bb separator_top_size=\u00a0\u00bb30px\u00a0\u00bb separator_bottom_size=\u00a0\u00bb30px\u00a0\u00bb font_color=\u00a0\u00bb#ffffff\u00a0\u00bb section_id=\u00a0\u00bbintro-section\u00a0\u00bb][vc_column]<div class=\"grve-empty-space\" style=\"height: 15vh;\"><\/div>[\/vc_column][\/vc_row][vc_row padding_top_multiplier=\u00a0\u00bb4x\u00a0\u00bb padding_bottom_multiplier=\u00a0\u00bb4x\u00a0\u00bb separator_top_size=\u00a0\u00bb30px\u00a0\u00bb separator_bottom_size=\u00a0\u00bb30px\u00a0\u00bb section_id=\u00a0\u00bbintro-section\u00a0\u00bb][vc_column heading_color=\u00a0\u00bbprimary-1&Prime; text_align=\u00a0\u00bbcenter\u00a0\u00bb]<h1 class=\"grve-element grve-title grve-align-center grve-subtitle-text grve-increase-heading grve-heading-200\" style=\"\"><span>Le meilleur mini-golf <\/span><\/h1>[\/vc_column][vc_column heading_color=\u00a0\u00bbprimary-3&Prime; text_align=\u00a0\u00bbcenter\u00a0\u00bb]<h2 class=\"grve-element grve-title grve-align-center grve-h1 grve-increase-heading grve-heading-300\" style=\"\"><span>Pour les enfants et les adultes<\/span><\/h2><div class=\"grve-empty-space grve-height-1x\" style=\"\"><\/div>[vc_column_text text_style=\u00a0\u00bbleader-text\u00a0\u00bb]Avec 2 parcours de 18 trous, l&rsquo;un Classique et l&rsquo;autre Crazygolf, avec diff\u00e9rents degr\u00e9s de difficult\u00e9, le plaisir est garanti, mais il faut de la strat\u00e9gie pour \u00eatre le champion. Le coup le plus \u00e9vident n&rsquo;est pas toujours celui qui emm\u00e8ne la balle le plus pr\u00e8s du trou.<br \/>\nDans chaque trou, des faits importants sur le passage des Romains \u00e0 travers la p\u00e9ninsule ib\u00e9rique sont d\u00e9crits.[\/vc_column_text]<div class=\"bbsm-empty-space  \" style=\"height :4em;width :;\" ><\/div>[vc_raw_html]JTNDJTIxLS0lMjBGYXJlSGFyYm9yJTIwaXRlbSUyMGdyaWQlMjBvZiUyMGZsb3clMjAlMjMxMTg5NzY4JTIwLS0lM0UlMEElM0NzY3JpcHQlMjBzcmMlM0QlMjJodHRwcyUzQSUyRiUyRmZhcmVoYXJib3IuY29tJTJGZW1iZWRzJTJGc2NyaXB0JTJGaXRlbXMlMkZmYW1pbHlnb2xmcGFyayUyRiUzRmZ1bGwtaXRlbXMlM0R5ZXMlMjZmYWxsYmFjayUzRHNpbXBsZSUyNmZsb3clM0QxMTg5NzY4JTIyJTNFJTNDJTJGc2NyaXB0JTNF[\/vc_raw_html][\/vc_column][\/vc_row][vc_row heading_color=\u00a0\u00bbprimary-3&Prime; section_type=\u00a0\u00bbfullwidth\u00a0\u00bb bg_type=\u00a0\u00bbcolor\u00a0\u00bb padding_top_multiplier=\u00a0\u00bb4x\u00a0\u00bb padding_bottom_multiplier=\u00a0\u00bb\u00a0\u00bb bg_color=\u00a0\u00bb#f4f4f4&Prime; section_id=\u00a0\u00bbmaps\u00a0\u00bb][vc_column][vc_tta_tabs alignment=\u00a0\u00bbcenter\u00a0\u00bb active_section=\u00a0\u00bb1&Prime;][vc_tta_section title=\u00a0\u00bbVia \u00c1ppia\u00a0\u00bb tab_id=\u00a0\u00bbmap-via-apia\u00a0\u00bb]<div class=\"grve-empty-space grve-height-1x\" style=\"\"><\/div>[vc_column_text text_style=\u00a0\u00bbleader-text\u00a0\u00bb el_class=\u00a0\u00bbdescricao-max-width\u00a0\u00bb]Sur les plaques de pierre grav\u00e9es dispos\u00e9es le long des 18 trous du super mini-golf consacr\u00e9s \u00e0 l\u2019histoire de l\u2019Empire romain, l\u2019empire le plus important de l\u2019Occident, les joueurs peuvent d\u00e9couvrir quelques curiosit\u00e9s sur Romulus et R\u00e9mus, le grand empereur Jules C\u00e9sar, l\u2019empereur Auguste, l\u2019importance historique de la Via Apia, et bien plus encore&#8230;[\/vc_column_text][rev_slider_vc alias=\u00a0\u00bbmapa-via-apia\u00a0\u00bb][\/vc_tta_section][vc_tta_section title=\u00a0\u00bbVia Lusit\u00e2nia\u00a0\u00bb tab_id=\u00a0\u00bbmap-via-lusitania\u00a0\u00bb el_class=\u00a0\u00bbtab-via-lusitania\u00a0\u00bb]<div class=\"grve-empty-space grve-height-1x\" style=\"\"><\/div>[vc_column_text text_style=\u00a0\u00bbleader-text\u00a0\u00bb el_class=\u00a0\u00bbdescricao-max-width\u00a0\u00bb]<\/p>\n<p style=\"text-align: center;\"><span style=\"font-weight: 400;\">Sur les plaques de pierre grav\u00e9es dispos\u00e9es le long des 18 trous du super mini-golf, les joueurs peuvent en savoir plus sur l\u2019histoire de l\u2019occupation de la p\u00e9ninsule ib\u00e9rique par les Romains, et notamment l\u2019occupation du Portugal et de l\u2019Algarve, les luttes contre l\u2019occupation du territoire, le courage du militaire lusitanien Viriate, l\u2019introduction de la monnaie en tant qu\u2019\u00e9change commercial, et bien plus encore&#8230;<\/span><\/p>\n<p>[\/vc_column_text][rev_slider_vc alias=\u00a0\u00bbmapa-via-lusitania\u00a0\u00bb][\/vc_tta_section][\/vc_tta_tabs][\/vc_column][\/vc_row][vc_row bg_type=\u00a0\u00bbcolor\u00a0\u00bb padding_top_multiplier=\u00a0\u00bb\u00a0\u00bb padding_bottom_multiplier=\u00a0\u00bb4x\u00a0\u00bb separator_top_size=\u00a0\u00bb30px\u00a0\u00bb separator_bottom_size=\u00a0\u00bb30px\u00a0\u00bb section_id=\u00a0\u00bbintro-section\u00a0\u00bb bg_color=\u00a0\u00bb#f4f4f4&Prime;][vc_column width=\u00a0\u00bb1\/4&Prime; heading_color=\u00a0\u00bbprimary-1&Prime; text_align=\u00a0\u00bbcenter\u00a0\u00bb][\/vc_column][vc_column width=\u00a0\u00bb1\/2&Prime;]<div class=\"grve-element grve-title grve-align-center grve-leader-text grve-increase-heading grve-heading-300\" style=\"\"><span>Acheter en ligne<\/span><\/div><h2 class=\"grve-element grve-title grve-align-center grve-h2 grve-increase-heading grve-heading-200\" style=\"\"><span>15% R\u00e9duction<\/span><\/h2><div class=\"grve-empty-space grve-height-2x\" style=\"\"><\/div><div class=\"grve-element grve-align-center grve-animated-item grve-fade-in-left grve-duration-normal\" data-delay=\"50\"><a href=\"\/prices\/\" class=\"grve-btn grve-btn-medium grve-extra-round grve-bg-primary-1 grve-bg-hover-white\"><span><i class=\"fa fa-long-arrow-right\"><\/i>Tarifs<\/span><\/a><\/div>[\/vc_column][vc_column width=\u00a0\u00bb1\/4&Prime;][\/vc_column][\/vc_row]<\/p>\n<\/div>","protected":false},"excerpt":{"rendered":"<p>[vc_row heading_color=\u00a0\u00bblight\u00a0\u00bb bg_type=\u00a0\u00bbimage\u00a0\u00bb bg_image=\u00a0\u00bb17002&Prime; bg_image_type=\u00a0\u00bbparallax\u00a0\u00bb pattern_overlay=\u00a0\u00bbyes\u00a0\u00bb color_overlay=\u00a0\u00bbprimary-3&Prime; opacity_overlay=\u00a0\u00bb50&Prime; padding_top_multiplier=\u00a0\u00bb6x\u00a0\u00bb padding_bottom_multiplier=\u00a0\u00bb6x\u00a0\u00bb separator_top_size=\u00a0\u00bb30px\u00a0\u00bb separator_bottom_size=\u00a0\u00bb30px\u00a0\u00bb font_color=\u00a0\u00bb#ffffff\u00a0\u00bb section_id=\u00a0\u00bbintro-section\u00a0\u00bb][vc_column][\/vc_column][\/vc_row][vc_row padding_top_multiplier=\u00a0\u00bb4x\u00a0\u00bb padding_bottom_multiplier=\u00a0\u00bb4x\u00a0\u00bb separator_top_size=\u00a0\u00bb30px\u00a0\u00bb separator_bottom_size=\u00a0\u00bb30px\u00a0\u00bb section_id=\u00a0\u00bbintro-section\u00a0\u00bb][vc_column heading_color=\u00a0\u00bbprimary-1&Prime; text_align=\u00a0\u00bbcenter\u00a0\u00bb][\/vc_column][vc_column heading_color=\u00a0\u00bbprimary-3&Prime; text_align=\u00a0\u00bbcenter\u00a0\u00bb][vc_column_text text_style=\u00a0\u00bbleader-text\u00a0\u00bb]Avec 2 parcours de 18 trous, l&rsquo;un Classique et l&rsquo;autre Crazygolf, avec diff\u00e9rents degr\u00e9s de difficult\u00e9, le plaisir est garanti, mais il faut de la strat\u00e9gie pour \u00eatre le champion. Le coup [&hellip;]<\/p>\n","protected":false},"author":1,"featured_media":0,"parent":0,"menu_order":0,"comment_status":"closed","ping_status":"closed","template":"","meta":{"footnotes":""},"class_list":["post-22827","page","type-page","status-publish","hentry"],"aioseo_notices":[],"_links":{"self":[{"href":"https:\/\/familygolfpark.pt\/fr\/wp-json\/wp\/v2\/pages\/22827","targetHints":{"allow":["GET"]}}],"collection":[{"href":"https:\/\/familygolfpark.pt\/fr\/wp-json\/wp\/v2\/pages"}],"about":[{"href":"https:\/\/familygolfpark.pt\/fr\/wp-json\/wp\/v2\/types\/page"}],"author":[{"embeddable":true,"href":"https:\/\/familygolfpark.pt\/fr\/wp-json\/wp\/v2\/users\/1"}],"replies":[{"embeddable":true,"href":"https:\/\/familygolfpark.pt\/fr\/wp-json\/wp\/v2\/comments?post=22827"}],"version-history":[{"count":0,"href":"https:\/\/familygolfpark.pt\/fr\/wp-json\/wp\/v2\/pages\/22827\/revisions"}],"wp:attachment":[{"href":"https:\/\/familygolfpark.pt\/fr\/wp-json\/wp\/v2\/media?parent=22827"}],"curies":[{"name":"wp","href":"https:\/\/api.w.org\/{rel}","templated":true}]}}