{"id":22832,"date":"2019-07-11T13:46:36","date_gmt":"2019-07-11T13:46:36","guid":{"rendered":"https:\/\/familygolfpark.younik.pt\/train\/"},"modified":"2026-03-27T12:03:43","modified_gmt":"2026-03-27T12:03:43","slug":"train","status":"publish","type":"page","link":"https:\/\/familygolfpark.pt\/fr\/train\/","title":{"rendered":"Train"},"content":{"rendered":"<div class=\"wpb-content-wrapper\"><p>[vc_row heading_color=\u00a0\u00bblight\u00a0\u00bb bg_type=\u00a0\u00bbimage\u00a0\u00bb bg_image=\u00a0\u00bb16527&Prime; bg_image_type=\u00a0\u00bbparallax\u00a0\u00bb pattern_overlay=\u00a0\u00bbyes\u00a0\u00bb color_overlay=\u00a0\u00bbdark\u00a0\u00bb padding_top_multiplier=\u00a0\u00bb6x\u00a0\u00bb padding_bottom_multiplier=\u00a0\u00bb6x\u00a0\u00bb separator_top_size=\u00a0\u00bb30px\u00a0\u00bb separator_bottom_size=\u00a0\u00bb30px\u00a0\u00bb font_color=\u00a0\u00bb#ffffff\u00a0\u00bb section_id=\u00a0\u00bbintro-section\u00a0\u00bb][vc_column]<div class=\"grve-empty-space\" style=\"height: 15vh;\"><\/div>[\/vc_column][\/vc_row][vc_row padding_top_multiplier=\u00a0\u00bb4x\u00a0\u00bb padding_bottom_multiplier=\u00a0\u00bb4x\u00a0\u00bb separator_top_size=\u00a0\u00bb30px\u00a0\u00bb separator_bottom_size=\u00a0\u00bb30px\u00a0\u00bb section_id=\u00a0\u00bbintro-section\u00a0\u00bb][vc_column heading_color=\u00a0\u00bbprimary-1&Prime; text_align=\u00a0\u00bbcenter\u00a0\u00bb]<h1 class=\"grve-element grve-title grve-align-center grve-subtitle-text grve-increase-heading grve-heading-200\" style=\"\"><span>Train touristique<\/span><\/h1>[\/vc_column][vc_column heading_color=\u00a0\u00bbprimary-3&Prime; text_align=\u00a0\u00bbcenter\u00a0\u00bb]<h2 class=\"grve-element grve-title grve-align-center grve-h1 grve-increase-heading grve-heading-300\" style=\"\"><span>L\u2019Algarve avec des enfants<\/span><\/h2><div class=\"grve-empty-space grve-height-1x\" style=\"\"><\/div>[vc_column_text text_style=\u00a0\u00bbleader-text\u00a0\u00bb]<\/p>\n<p style=\"text-align: center;\">D\u00e9couvrez Vilamoura \u00e0 bord du train touristique qui vous emm\u00e8nera jusqu\u2019aux merveilleuses plages de Fal\u00e9sia et Marina. Parcourez les principaux endroits de ce complexe sur un parcours d\u2019une heure qui sera certainement inoubliable. Vous pouvez \u00e9galement \u2013 \u00e0 travers l\u2019achat de billets de 1, 3 ou 7 jours \u2013 utiliser notre train comme un simple moyen de transport dans Vilamoura et profiter de vos vacances sans voiture et sans soucis de stationnement.<br \/>\n<span style=\"font-weight: 400;\">Le train s\u2019arr\u00eate au mini-golf, o\u00f9 vous pourrez \u00e9galement b\u00e9n\u00e9ficier d\u2019une r\u00e9duction, sur pr\u00e9sentation du titre de transport, pour jouer une partie de minigolf.<\/span>[\/vc_column_text][\/vc_column][\/vc_row][vc_row padding_top_multiplier=\u00a0\u00bb\u00a0\u00bb padding_bottom_multiplier=\u00a0\u00bb2x\u00a0\u00bb el_class=\u00a0\u00bbtabela-fr\u00a0\u00bb][vc_column column_effect=\u00a0\u00bbmouse-move-x-y\u00a0\u00bb width=\u00a0\u00bb1\/4&Prime;]<div class=\"grve-element grve-pricing-table grve-animated-item grve-fade-in-up grve-duration-normal grve-align-center table-prices-train background-green grve-bg-black grve-shadow-small grve-with-shadow\" style=\"\" data-delay=\"200\">  <div class=\"grve-pricing-header\">    <div class=\"grve-pricing-title grve-h6\">Adulte<\/div>    <div class=\"grve-pricing-description grve-subtitle\"><strong>1 Parcours<\/strong><\/div>  <\/div>  <div class=\"grve-pricing-content\">    <h2 class=\"grve-price grve-align-h1 grve-text-grey grve-increase-heading grve-heading-250\"><span>4.50<\/span>     <div class=\"grve-interval grve-h6\">\u20ac<\/div>   <\/h2>  <\/div>  <ul><li><strong>1 Parcours  <\/strong>4.50\u20ac<\/li><li><strong>Passe quotidien  <\/strong>5.50\u20ac<\/li><li><strong>Passe 7 jours  <\/strong>15.00\u20ac<\/li>  <\/ul><a href=\"https:\/\/fareharbor.com\/embeds\/book\/familygolfpark\/?full-items=yes&#038;flow=904140\" class=\"grve-btn grve-btn-medium grve-extra-round grve-bg-white grve-bg-hover-primary-1\"><span>Acheter en ligne<\/span><\/a><\/div>[\/vc_column][vc_column column_effect=\u00a0\u00bbmouse-move-x-y\u00a0\u00bb width=\u00a0\u00bb1\/4&Prime; z_index=\u00a0\u00bb1&Prime;]<div class=\"grve-element grve-pricing-table grve-animated-item grve-fade-in-up grve-duration-normal grve-align-center table-prices-train background-green grve-bg-black grve-shadow-small grve-with-shadow\" style=\"\" data-delay=\"200\">  <div class=\"grve-pricing-header\">    <div class=\"grve-pricing-title grve-h6\">Senior<\/div>    <div class=\"grve-pricing-description grve-subtitle\">(+65 ans)n<strong>1 Parcours<\/strong><\/div>  <\/div>  <div class=\"grve-pricing-content\">    <h2 class=\"grve-price grve-align-h1 grve-text-grey grve-increase-heading grve-heading-250\"><span>4<\/span>     <div class=\"grve-interval grve-h6\">\u20ac<\/div>   <\/h2>  <\/div>  <ul><li><strong>1 Parcours  <\/strong>4.00\u20ac<\/li><li><strong>Passe quotidien  <\/strong>5.00\u20ac<\/li><li><strong>Passe 7 jours  <\/strong>12.00\u20ac<\/li>  <\/ul><a href=\"https:\/\/fareharbor.com\/embeds\/book\/familygolfpark\/?full-items=yes&#038;flow=904140\" class=\"grve-btn grve-btn-medium grve-extra-round grve-bg-white grve-bg-hover-primary-1\"><span>Acheter en ligne<\/span><\/a><\/div>[\/vc_column][vc_column column_effect=\u00a0\u00bbmouse-move-x-y\u00a0\u00bb column_effect_limit=\u00a0\u00bb3x\u00a0\u00bb width=\u00a0\u00bb1\/4&Prime;]<div class=\"grve-element grve-pricing-table grve-animated-item grve-fade-in-up grve-duration-normal grve-align-center table-prices-train grve-bg-white grve-shadow-small grve-with-shadow\" style=\"\" data-delay=\"200\">  <div class=\"grve-pricing-header\">    <div class=\"grve-pricing-title grve-h6\">Junior<\/div>    <div class=\"grve-pricing-description grve-subtitle\">(6-10 ans)n<strong>1 Parcours<\/strong><\/div>  <\/div>  <div class=\"grve-pricing-content\">    <h2 class=\"grve-price grve-align-h1 grve-text-primary-1 grve-increase-heading grve-heading-250\"><span>2.50<\/span>     <div class=\"grve-interval grve-h6\">\u20ac<\/div>   <\/h2>  <\/div>  <ul><li><strong>1 Parcours  <\/strong>2.50\u20ac<\/li><li><strong>Passe quotidien  <\/strong>3.50\u20ac<\/li><li><strong>Passe 7 jours <\/strong>10.00\u20ac<\/li>  <\/ul><a href=\"https:\/\/fareharbor.com\/embeds\/book\/familygolfpark\/?full-items=yes&#038;flow=904140\" class=\"grve-btn grve-btn-medium grve-extra-round grve-bg-primary-1 grve-bg-hover-white\"><span>Acheter en ligne<\/span><\/a><\/div>[\/vc_column][\/vc_row][vc_row padding_bottom_multiplier=\u00a0\u00bb4x\u00a0\u00bb][vc_column][vc_column_text text_style=\u00a0\u00bbleader-text\u00a0\u00bb]<\/p>\n<p style=\"text-align: center;\">Visitez notre parc de minigolf et d\u00e9couvrez Vilamoura \u00e0 bord de notre train historique. Visitez-nous!<\/p>\n<p style=\"text-align: center;\"><strong>Consultez ci-apr\u00e8s les horaires du train et le plan du parcours.<\/strong><\/p>\n<p>[\/vc_column_text]<div class=\"grve-empty-space grve-height-1x\" style=\"\"><\/div><div class=\"grve-element grve-align-center grve-animated-item grve-fade-in-left grve-duration-normal\" data-delay=\"50\"><a href=\"https:\/\/familygolfpark.pt\/wp-content\/uploads\/2021\/07\/Train-Schedule-inverno-verao.pdf\" target=\"_blank\" class=\"grve-btn grve-btn-medium grve-extra-round grve-bg-primary-1 grve-bg-hover-white\"><span><i class=\"fab fa-accessible-icon\"><\/i>Horaires &amp; Plan du parcours<\/span><\/a><\/div>[\/vc_column][\/vc_row][vc_row bg_type=\u00a0\u00bbimage\u00a0\u00bb bg_image=\u00a0\u00bb17428&Prime; bg_image_type=\u00a0\u00bbparallax\u00a0\u00bb pattern_overlay=\u00a0\u00bbyes\u00a0\u00bb color_overlay=\u00a0\u00bbcustom\u00a0\u00bb padding_top_multiplier=\u00a0\u00bb4x\u00a0\u00bb padding_bottom_multiplier=\u00a0\u00bb4x\u00a0\u00bb separator_top_size=\u00a0\u00bb30px\u00a0\u00bb separator_bottom_size=\u00a0\u00bb30px\u00a0\u00bb section_id=\u00a0\u00bbintro-section\u00a0\u00bb][vc_column heading_color=\u00a0\u00bbprimary-1&Prime; text_align=\u00a0\u00bbcenter\u00a0\u00bb]<div class=\"grve-empty-space\" style=\"height: 14vh;\"><\/div><div class=\"grve-element grve-image grve-align-center\" style=\"\">  <div class=\"grve-image-wrapper\"><a href=\"\/wp-content\/uploads\/2019\/07\/Train-map-v-04-02.jpg\" class=\"grve-image-popup\"><img loading=\"lazy\" decoding=\"async\" width=\"253\" height=\"177\" src=\"https:\/\/familygolfpark.pt\/wp-content\/uploads\/2019\/07\/mapa-eye.png\" class=\"attachment-full size-full\" alt=\"\" \/><\/a>   <\/div><\/div><div class=\"grve-empty-space\" style=\"height: 14vh;\"><\/div>[\/vc_column][\/vc_row]<\/p>\n<\/div>","protected":false},"excerpt":{"rendered":"<p>[vc_row heading_color=\u00a0\u00bblight\u00a0\u00bb bg_type=\u00a0\u00bbimage\u00a0\u00bb bg_image=\u00a0\u00bb16527&Prime; bg_image_type=\u00a0\u00bbparallax\u00a0\u00bb pattern_overlay=\u00a0\u00bbyes\u00a0\u00bb color_overlay=\u00a0\u00bbdark\u00a0\u00bb padding_top_multiplier=\u00a0\u00bb6x\u00a0\u00bb padding_bottom_multiplier=\u00a0\u00bb6x\u00a0\u00bb separator_top_size=\u00a0\u00bb30px\u00a0\u00bb separator_bottom_size=\u00a0\u00bb30px\u00a0\u00bb font_color=\u00a0\u00bb#ffffff\u00a0\u00bb section_id=\u00a0\u00bbintro-section\u00a0\u00bb][vc_column][\/vc_column][\/vc_row][vc_row padding_top_multiplier=\u00a0\u00bb4x\u00a0\u00bb padding_bottom_multiplier=\u00a0\u00bb4x\u00a0\u00bb separator_top_size=\u00a0\u00bb30px\u00a0\u00bb separator_bottom_size=\u00a0\u00bb30px\u00a0\u00bb section_id=\u00a0\u00bbintro-section\u00a0\u00bb][vc_column heading_color=\u00a0\u00bbprimary-1&Prime; text_align=\u00a0\u00bbcenter\u00a0\u00bb][\/vc_column][vc_column heading_color=\u00a0\u00bbprimary-3&Prime; text_align=\u00a0\u00bbcenter\u00a0\u00bb][vc_column_text text_style=\u00a0\u00bbleader-text\u00a0\u00bb] D\u00e9couvrez Vilamoura \u00e0 bord du train touristique qui vous emm\u00e8nera jusqu\u2019aux merveilleuses plages de Fal\u00e9sia et Marina. Parcourez les principaux endroits de ce complexe sur un parcours d\u2019une heure qui sera certainement [&hellip;]<\/p>\n","protected":false},"author":1,"featured_media":0,"parent":0,"menu_order":0,"comment_status":"closed","ping_status":"closed","template":"","meta":{"footnotes":""},"class_list":["post-22832","page","type-page","status-publish","hentry"],"aioseo_notices":[],"_links":{"self":[{"href":"https:\/\/familygolfpark.pt\/fr\/wp-json\/wp\/v2\/pages\/22832","targetHints":{"allow":["GET"]}}],"collection":[{"href":"https:\/\/familygolfpark.pt\/fr\/wp-json\/wp\/v2\/pages"}],"about":[{"href":"https:\/\/familygolfpark.pt\/fr\/wp-json\/wp\/v2\/types\/page"}],"author":[{"embeddable":true,"href":"https:\/\/familygolfpark.pt\/fr\/wp-json\/wp\/v2\/users\/1"}],"replies":[{"embeddable":true,"href":"https:\/\/familygolfpark.pt\/fr\/wp-json\/wp\/v2\/comments?post=22832"}],"version-history":[{"count":2,"href":"https:\/\/familygolfpark.pt\/fr\/wp-json\/wp\/v2\/pages\/22832\/revisions"}],"predecessor-version":[{"id":23464,"href":"https:\/\/familygolfpark.pt\/fr\/wp-json\/wp\/v2\/pages\/22832\/revisions\/23464"}],"wp:attachment":[{"href":"https:\/\/familygolfpark.pt\/fr\/wp-json\/wp\/v2\/media?parent=22832"}],"curies":[{"name":"wp","href":"https:\/\/api.w.org\/{rel}","templated":true}]}}