{"id":22837,"date":"2019-07-18T15:08:28","date_gmt":"2019-07-18T15:08:28","guid":{"rendered":"https:\/\/familygolfpark.younik.pt\/bilheteira-online\/"},"modified":"2019-07-18T15:08:28","modified_gmt":"2019-07-18T15:08:28","slug":"bilheteira-online","status":"publish","type":"page","link":"https:\/\/familygolfpark.pt\/fr\/bilheteira-online\/","title":{"rendered":"Bilheteira Online"},"content":{"rendered":"<div class=\"wpb-content-wrapper\"><p>[vc_row heading_color=\u00a0\u00bblight\u00a0\u00bb bg_type=\u00a0\u00bbimage\u00a0\u00bb bg_image=\u00a0\u00bb17053&Prime; bg_image_type=\u00a0\u00bbparallax\u00a0\u00bb pattern_overlay=\u00a0\u00bbyes\u00a0\u00bb color_overlay=\u00a0\u00bbdark\u00a0\u00bb padding_top_multiplier=\u00a0\u00bb6x\u00a0\u00bb padding_bottom_multiplier=\u00a0\u00bb6x\u00a0\u00bb separator_top_size=\u00a0\u00bb30px\u00a0\u00bb separator_bottom_size=\u00a0\u00bb30px\u00a0\u00bb font_color=\u00a0\u00bb#ffffff\u00a0\u00bb section_id=\u00a0\u00bbintro-section\u00a0\u00bb][vc_column]<div class=\"grve-empty-space\" style=\"height: 15vh;\"><\/div>[\/vc_column][\/vc_row][vc_row padding_top_multiplier=\u00a0\u00bb4x\u00a0\u00bb padding_bottom_multiplier=\u00a0\u00bb4x\u00a0\u00bb separator_top_size=\u00a0\u00bb30px\u00a0\u00bb separator_bottom_size=\u00a0\u00bb30px\u00a0\u00bb section_id=\u00a0\u00bbintro-section\u00a0\u00bb][vc_column heading_color=\u00a0\u00bbprimary-1&Prime; text_align=\u00a0\u00bbcenter\u00a0\u00bb]<h1 class=\"grve-element grve-title grve-align-center grve-subtitle-text grve-increase-heading grve-heading-200\" style=\"\"><span>The best<\/span><\/h1>[\/vc_column][vc_column heading_color=\u00a0\u00bbprimary-3&Prime; text_align=\u00a0\u00bbcenter\u00a0\u00bb]<h2 class=\"grve-element grve-title grve-align-center grve-h1 grve-increase-heading grve-heading-300\" style=\"\"><span>Bilheteira Online<\/span><\/h2><div class=\"grve-empty-space grve-height-1x\" style=\"\"><\/div>[vc_column_text text_style=\u00a0\u00bbleader-text\u00a0\u00bb]<\/p>\n<h4 style=\"text-align: center;\">Attention<\/h4>\n<p style=\"text-align: center;\">l\u2019achat des deux parcours peut faire la deuxi\u00e8me dans les quinze jours<br \/>\nR\u00e9duction pour les groupes. Demander des informations \u00e0 la r\u00e9ception.<\/p>\n<p style=\"text-align: center;\"><strong>Achetez en ligne et b\u00e9n\u00e9ficiez de 15 % de r\u00e9duction.<\/strong><\/p>\n<p>[\/vc_column_text]<div class=\"bbsm-empty-space  \" style=\"height :4em;width :;\" ><\/div>[vc_raw_html]JTNDJTIxLS0lMjBGYXJlSGFyYm9yJTIwaXRlbSUyMGdyaWQlMjBvZiUyMGZsb3clMjAlMjM5MDQxNDAlMjAtLSUzRSUwQSUzQ3NjcmlwdCUyMHNyYyUzRCUyMmh0dHBzJTNBJTJGJTJGZmFyZWhhcmJvci5jb20lMkZlbWJlZHMlMkZzY3JpcHQlMkZpdGVtcyUyRmZhbWlseWdvbGZwYXJrJTJGJTNGZnVsbC1pdGVtcyUzRHllcyUyNmZhbGxiYWNrJTNEc2ltcGxlJTI2ZmxvdyUzRDkwNDE0MCUyMiUzRSUzQyUyRnNjcmlwdCUzRQ==[\/vc_raw_html][\/vc_column][\/vc_row][vc_row bg_type=\u00a0\u00bbcolor\u00a0\u00bb padding_top_multiplier=\u00a0\u00bb\u00a0\u00bb padding_bottom_multiplier=\u00a0\u00bb2x\u00a0\u00bb bg_color=\u00a0\u00bb#e5e5e5&Prime;][vc_column column_effect=\u00a0\u00bbmouse-move-x-y\u00a0\u00bb width=\u00a0\u00bb1\/6&Prime;][\/vc_column][vc_column width=\u00a0\u00bb2\/3&Prime; z_index=\u00a0\u00bb1&Prime;]<div class=\"grve-empty-space grve-height-3x\" style=\"\"><\/div>[vc_raw_html]JTNDc2NyaXB0JTIwdHlwZSUzRCUyMnRleHQlMkZqYXZhc2NyaXB0JTIyJTIwc3JjJTNEJTIyJTJGJTJGd3d3LmJvbC5wdCUyRnNjcmlwdHMlMkZqcXVlcnkuYm9sLmlmcmFtZS0xLjIuMC5qcyUzRnYlM0QxMCUyMiUzRSUzQyUyRnNjcmlwdCUzRSUwQSUwQSUzQ3NjcmlwdCUyMHR5cGUlM0QlMjJ0ZXh0JTJGamF2YXNjcmlwdCUyMiUzRSUwQSUwQWpRdWVyeSUyOGRvY3VtZW50JTI5LnJlYWR5JTI4ZnVuY3Rpb24lMjglMjAlMjQlMjAlMjklN0IlMEElMEF2YXIlMjBvcGNvZXMlMjAlM0QlMjAlN0IlMEElMEF1cmwlM0ElMjAlMjdodHRwcyUzQSUyRiUyRmZhbWlseWdvbGZwYXJrLmJvbC5wdCUyRiUyNyUyQyUwQSUwQWxhbmclM0ElMjAlMjdFTiUyNyUyQyUyMCUyRiUyQVBvZGUlMjBzZXIlMjBQVCUyQ0VTJTJDRU4lMkElMkYlMEElMEF3aWR0aCUzQSUyMCUyNzEwMCUyNSUyNyUyQyUwQSUwQWhlaWdodERlZmF1bHQlM0ElMjAlMjc3MjBweCUyNyUwQSUwQSU3RCUzQiUwQSUwQSUyNCUyOCUyMi5pZnJhbWVCaWxoZXRlaXJhT25saW5lJTIyJTI5LmJvbF9pRnJhbWUlMjhvcGNvZXMlMjkuYWRkQ2xhc3MlMjglMjJTdWNlc3NvJTIyJTI5JTNCJTBBJTBBJTdEJTI5JTNCJTBBJTBBJTNDJTJGc2NyaXB0JTNFJTBBJTBBJTNDZGl2JTIwY2xhc3MlM0QlMjJpZnJhbWVCaWxoZXRlaXJhT25saW5lJTIyJTNFJTNDJTJGZGl2JTNF[\/vc_raw_html][\/vc_column][vc_column column_effect=\u00a0\u00bbmouse-move-x-y\u00a0\u00bb column_effect_sensitive=\u00a0\u00bbnormal\u00a0\u00bb column_effect_limit=\u00a0\u00bb3x\u00a0\u00bb width=\u00a0\u00bb1\/6&Prime; z_index=\u00a0\u00bb0&Prime;][\/vc_column][\/vc_row]<\/p>\n<\/div>","protected":false},"excerpt":{"rendered":"<p>[vc_row heading_color=\u00a0\u00bblight\u00a0\u00bb bg_type=\u00a0\u00bbimage\u00a0\u00bb bg_image=\u00a0\u00bb17053&Prime; bg_image_type=\u00a0\u00bbparallax\u00a0\u00bb pattern_overlay=\u00a0\u00bbyes\u00a0\u00bb color_overlay=\u00a0\u00bbdark\u00a0\u00bb padding_top_multiplier=\u00a0\u00bb6x\u00a0\u00bb padding_bottom_multiplier=\u00a0\u00bb6x\u00a0\u00bb separator_top_size=\u00a0\u00bb30px\u00a0\u00bb separator_bottom_size=\u00a0\u00bb30px\u00a0\u00bb font_color=\u00a0\u00bb#ffffff\u00a0\u00bb section_id=\u00a0\u00bbintro-section\u00a0\u00bb][vc_column][\/vc_column][\/vc_row][vc_row padding_top_multiplier=\u00a0\u00bb4x\u00a0\u00bb padding_bottom_multiplier=\u00a0\u00bb4x\u00a0\u00bb separator_top_size=\u00a0\u00bb30px\u00a0\u00bb separator_bottom_size=\u00a0\u00bb30px\u00a0\u00bb section_id=\u00a0\u00bbintro-section\u00a0\u00bb][vc_column heading_color=\u00a0\u00bbprimary-1&Prime; text_align=\u00a0\u00bbcenter\u00a0\u00bb][\/vc_column][vc_column heading_color=\u00a0\u00bbprimary-3&Prime; text_align=\u00a0\u00bbcenter\u00a0\u00bb][vc_column_text text_style=\u00a0\u00bbleader-text\u00a0\u00bb] Attention l\u2019achat des deux parcours peut faire la deuxi\u00e8me dans les quinze jours R\u00e9duction pour les groupes. Demander des informations \u00e0 la r\u00e9ception. Achetez en ligne et b\u00e9n\u00e9ficiez de 15 % de [&hellip;]<\/p>\n","protected":false},"author":1,"featured_media":0,"parent":0,"menu_order":0,"comment_status":"closed","ping_status":"closed","template":"","meta":{"footnotes":""},"class_list":["post-22837","page","type-page","status-publish","hentry"],"aioseo_notices":[],"_links":{"self":[{"href":"https:\/\/familygolfpark.pt\/fr\/wp-json\/wp\/v2\/pages\/22837","targetHints":{"allow":["GET"]}}],"collection":[{"href":"https:\/\/familygolfpark.pt\/fr\/wp-json\/wp\/v2\/pages"}],"about":[{"href":"https:\/\/familygolfpark.pt\/fr\/wp-json\/wp\/v2\/types\/page"}],"author":[{"embeddable":true,"href":"https:\/\/familygolfpark.pt\/fr\/wp-json\/wp\/v2\/users\/1"}],"replies":[{"embeddable":true,"href":"https:\/\/familygolfpark.pt\/fr\/wp-json\/wp\/v2\/comments?post=22837"}],"version-history":[{"count":0,"href":"https:\/\/familygolfpark.pt\/fr\/wp-json\/wp\/v2\/pages\/22837\/revisions"}],"wp:attachment":[{"href":"https:\/\/familygolfpark.pt\/fr\/wp-json\/wp\/v2\/media?parent=22837"}],"curies":[{"name":"wp","href":"https:\/\/api.w.org\/{rel}","templated":true}]}}