{"id":22770,"date":"2016-06-23T11:40:04","date_gmt":"2016-06-23T11:40:04","guid":{"rendered":"https:\/\/familygolfpark.younik.pt\/equipa\/"},"modified":"2026-02-20T08:21:46","modified_gmt":"2026-02-20T08:21:46","slug":"equipa","status":"publish","type":"page","link":"https:\/\/familygolfpark.pt\/pt-pt\/equipa\/","title":{"rendered":"Equipa"},"content":{"rendered":"<div class=\"wpb-content-wrapper\"><p>[vc_row heading_color=&#8221;light&#8221; bg_type=&#8221;image&#8221; bg_image=&#8221;17478&#8243; bg_image_type=&#8221;parallax&#8221; pattern_overlay=&#8221;yes&#8221; color_overlay=&#8221;dark&#8221; padding_top_multiplier=&#8221;6x&#8221; padding_bottom_multiplier=&#8221;6x&#8221; separator_top_size=&#8221;30px&#8221; separator_bottom_size=&#8221;30px&#8221; font_color=&#8221;#ffffff&#8221; section_id=&#8221;intro-section&#8221;][vc_column]<div class=\"grve-empty-space\" style=\"height: 15vh;\"><\/div>[\/vc_column][\/vc_row][vc_row padding_top_multiplier=&#8221;4x&#8221; padding_bottom_multiplier=&#8221;4x&#8221; separator_top_size=&#8221;30px&#8221; separator_bottom_size=&#8221;30px&#8221; section_id=&#8221;intro-section&#8221;][vc_column heading_color=&#8221;primary-1&#8243; text_align=&#8221;center&#8221;]<h1 class=\"grve-element grve-title grve-align-center grve-subtitle-text grve-increase-heading grve-heading-200\" style=\"\"><span>equipa<\/span><\/h1>[\/vc_column][vc_column heading_color=&#8221;primary-3&#8243; text_align=&#8221;center&#8221;]<h2 class=\"grve-element grve-title grve-align-center grve-h1 grve-increase-heading grve-heading-300\" style=\"\"><span>Quem vai encontrar?<\/span><\/h2><div class=\"grve-empty-space grve-height-1x\" style=\"\"><\/div>[vc_column_text text_style=&#8221;leader-text&#8221;]<\/p>\n<p style=\"text-align: center;\">O Family Golf Park tem o enorme prazer que vos apresentar a nossa equipa que estar\u00e1 dispon\u00edvel na sua visita.<br \/>\nTendo como miss\u00e3o superar as expectativas dos clientes durante a sua visita ao Park. Com a premissa de valores de Tradi\u00e7\u00e3o, \u00a0\u00c9tica, Solidez e Excel\u00eancia, pretendemos sempre tornar a experi\u00eancia dos nosso clientes \u00fanica e inesquec\u00edvel.[\/vc_column_text][\/vc_column][\/vc_row][vc_row padding_top_multiplier=&#8221;&#8221; padding_bottom_multiplier=&#8221;2x&#8221;][vc_column width=&#8221;1\/3&#8243;]\r\n\t\t\t\t<div class=\"grve-team grve-element grve-layout-1 grve-animated-item grve-fade-in-up grve-duration-normal\" style=\"\" data-delay=\"400\">\r\n\t\t\t<figure class=\"grve-image-hover grve-zoom-none\">\r\n\t\t\t\t\t\t\t\t<div class=\"grve-team-person\">\r\n\t\t\t\t\t<div class=\"grve-bg-primary-1 grve-hover-overlay grve-opacity-0\"><\/div>\r\n\t\t\t\t\t<img loading=\"lazy\" decoding=\"async\" width=\"370\" height=\"493\" src=\"https:\/\/familygolfpark.pt\/wp-content\/uploads\/2019\/07\/family-golf-park-team-Julio-hopffer-02-min.jpg\" class=\"attachment-full size-full\" alt=\"\" srcset=\"https:\/\/familygolfpark.pt\/wp-content\/uploads\/2019\/07\/family-golf-park-team-Julio-hopffer-02-min.jpg 370w, https:\/\/familygolfpark.pt\/wp-content\/uploads\/2019\/07\/family-golf-park-team-Julio-hopffer-02-min-225x300.jpg 225w\" sizes=\"auto, (max-width: 370px) 100vw, 370px\" \/>\t\t\t\t<\/div>\r\n\t\t\t\t<figcaption>\r\n\t\t\t\t\t<ul class=\"grve-team-social grve-align-center\">\r\n\t\t\t\t\t\t\t\t\t\t\t<\/ul>\r\n\t\t\t\t<\/figcaption>\r\n\t\t\t<\/figure>\r\n\t\t\t<div class=\"grve-team-description grve-align-center\">\r\n\t\t\t\t\t\t\t\t<div class=\"grve-team-identity grve-link-text\">Respons\u00e1vel Administrativo<\/div>\r\n\t\t\t\t\t\t\t\t\t\t\t\t<h3 class=\"grve-team-name grve-text-hover-primary-1 grve-h5\">Julio Hopffer<\/h3>\r\n\t\t\t\t\t\t\t<\/div>\r\n\t\t<\/div>\r\n\t\t\r\n\t\t<div class=\"grve-empty-space grve-height-1x\" style=\"\"><\/div>[vc_column_text css=&#8221;.vc_custom_1562939828218{padding-right: 4% !important;padding-left: 4% !important;}&#8221; text_style=&#8221;leader-text&#8221; animation=&#8221;grve-fade-in-up&#8221;]<\/p>\n<p style=\"text-align: center;\"><em>\u201cAjudar toda a equipa, e por conseguinte o FGP, a alcan\u00e7ar os seus objetivos de excel\u00eancia\u201d<\/em><\/p>\n<p>[\/vc_column_text][\/vc_column][vc_column width=&#8221;1\/3&#8243;]\r\n\t\t\t\t<div class=\"grve-team grve-element grve-layout-1 grve-animated-item grve-fade-in-up grve-duration-normal\" style=\"\" data-delay=\"400\">\r\n\t\t\t<figure class=\"grve-image-hover grve-zoom-none\">\r\n\t\t\t\t\t\t\t\t<div class=\"grve-team-person\">\r\n\t\t\t\t\t<div class=\"grve-bg-primary-1 grve-hover-overlay grve-opacity-0\"><\/div>\r\n\t\t\t\t\t<img loading=\"lazy\" decoding=\"async\" width=\"370\" height=\"493\" src=\"https:\/\/familygolfpark.pt\/wp-content\/uploads\/2019\/07\/family-golf-park-team-tiago-coelho-min.jpg\" class=\"attachment-full size-full\" alt=\"\" srcset=\"https:\/\/familygolfpark.pt\/wp-content\/uploads\/2019\/07\/family-golf-park-team-tiago-coelho-min.jpg 370w, https:\/\/familygolfpark.pt\/wp-content\/uploads\/2019\/07\/family-golf-park-team-tiago-coelho-min-225x300.jpg 225w\" sizes=\"auto, (max-width: 370px) 100vw, 370px\" \/>\t\t\t\t<\/div>\r\n\t\t\t\t<figcaption>\r\n\t\t\t\t\t<ul class=\"grve-team-social grve-align-center\">\r\n\t\t\t\t\t\t\t\t\t\t\t<\/ul>\r\n\t\t\t\t<\/figcaption>\r\n\t\t\t<\/figure>\r\n\t\t\t<div class=\"grve-team-description grve-align-center\">\r\n\t\t\t\t\t\t\t\t<div class=\"grve-team-identity grve-link-text\">Respons\u00e1vel Operacional<\/div>\r\n\t\t\t\t\t\t\t\t\t\t\t\t<h3 class=\"grve-team-name grve-text-hover-primary-1 grve-h5\">Tiago Coelho<\/h3>\r\n\t\t\t\t\t\t\t<\/div>\r\n\t\t<\/div>\r\n\t\t\r\n\t\t<div class=\"grve-empty-space grve-height-1x\" style=\"\"><\/div>[vc_column_text css=&#8221;.vc_custom_1562939836489{padding-right: 4% !important;padding-left: 4% !important;}&#8221; text_style=&#8221;leader-text&#8221; animation=&#8221;grve-fade-in-up&#8221;]<\/p>\n<p style=\"text-align: center;\"><em>\u201c\u00c9 gratificante quando trabalhamos para atingir elevados padr\u00f5es de qualidade e excel\u00eancia e somos diariamente reconhecidos, principalmente pelos clientes que nos visitam\u201d<\/em><\/p>\n<p>[\/vc_column_text][\/vc_column][\/vc_row][vc_row padding_top_multiplier=&#8221;&#8221; padding_bottom_multiplier=&#8221;2x&#8221;][vc_column width=&#8221;1\/3&#8243;]\r\n\t\t\t\t<div class=\"grve-team grve-element grve-layout-1 grve-animated-item grve-fade-in-up grve-duration-normal\" style=\"\" data-delay=\"400\">\r\n\t\t\t<figure class=\"grve-image-hover grve-zoom-none\">\r\n\t\t\t\t\t\t\t\t<div class=\"grve-team-person\">\r\n\t\t\t\t\t<div class=\"grve-bg-primary-1 grve-hover-overlay grve-opacity-0\"><\/div>\r\n\t\t\t\t\t<img loading=\"lazy\" decoding=\"async\" width=\"370\" height=\"493\" src=\"https:\/\/familygolfpark.pt\/wp-content\/uploads\/2019\/07\/family-golf-park-team-vera-rodrigues-min.jpg\" class=\"attachment-full size-full\" alt=\"\" srcset=\"https:\/\/familygolfpark.pt\/wp-content\/uploads\/2019\/07\/family-golf-park-team-vera-rodrigues-min.jpg 370w, https:\/\/familygolfpark.pt\/wp-content\/uploads\/2019\/07\/family-golf-park-team-vera-rodrigues-min-225x300.jpg 225w\" sizes=\"auto, (max-width: 370px) 100vw, 370px\" \/>\t\t\t\t<\/div>\r\n\t\t\t\t<figcaption>\r\n\t\t\t\t\t<ul class=\"grve-team-social grve-align-center\">\r\n\t\t\t\t\t\t\t\t\t\t\t<\/ul>\r\n\t\t\t\t<\/figcaption>\r\n\t\t\t<\/figure>\r\n\t\t\t<div class=\"grve-team-description grve-align-center\">\r\n\t\t\t\t\t\t\t\t<div class=\"grve-team-identity grve-link-text\">Recepcionista<\/div>\r\n\t\t\t\t\t\t\t\t\t\t\t\t<h3 class=\"grve-team-name grve-text-hover-primary-1 grve-h5\">Vera Rodrigues<\/h3>\r\n\t\t\t\t\t\t\t<\/div>\r\n\t\t<\/div>\r\n\t\t\r\n\t\t<div class=\"grve-empty-space grve-height-1x\" style=\"\"><\/div>[vc_column_text css=&#8221;.vc_custom_1562940280686{padding-right: 4% !important;padding-left: 4% !important;}&#8221; text_style=&#8221;leader-text&#8221; animation=&#8221;grve-fade-in-up&#8221;]<\/p>\n<p style=\"text-align: center;\"><em>\u201cNestes 15 anos de casa adquiri muita experi\u00eancia, conheci excelentes colegas e clientes espetaculares\u201d<\/em><\/p>\n<p>[\/vc_column_text][\/vc_column][vc_column width=&#8221;1\/3&#8243;]\r\n\t\t\t\t<div class=\"grve-team grve-element grve-layout-1 grve-animated-item grve-fade-in-up grve-duration-normal\" style=\"\" data-delay=\"400\">\r\n\t\t\t<figure class=\"grve-image-hover grve-zoom-none\">\r\n\t\t\t\t\t\t\t\t<div class=\"grve-team-person\">\r\n\t\t\t\t\t<div class=\"grve-bg-primary-1 grve-hover-overlay grve-opacity-0\"><\/div>\r\n\t\t\t\t\t<img loading=\"lazy\" decoding=\"async\" width=\"370\" height=\"493\" src=\"https:\/\/familygolfpark.pt\/wp-content\/uploads\/2019\/07\/family-golf-park-team-maria-joao-celorico-min.jpg\" class=\"attachment-full size-full\" alt=\"\" srcset=\"https:\/\/familygolfpark.pt\/wp-content\/uploads\/2019\/07\/family-golf-park-team-maria-joao-celorico-min.jpg 370w, https:\/\/familygolfpark.pt\/wp-content\/uploads\/2019\/07\/family-golf-park-team-maria-joao-celorico-min-225x300.jpg 225w\" sizes=\"auto, (max-width: 370px) 100vw, 370px\" \/>\t\t\t\t<\/div>\r\n\t\t\t\t<figcaption>\r\n\t\t\t\t\t<ul class=\"grve-team-social grve-align-center\">\r\n\t\t\t\t\t\t\t\t\t\t\t<\/ul>\r\n\t\t\t\t<\/figcaption>\r\n\t\t\t<\/figure>\r\n\t\t\t<div class=\"grve-team-description grve-align-center\">\r\n\t\t\t\t\t\t\t\t<div class=\"grve-team-identity grve-link-text\">Empregada de Balc\u00e3o<\/div>\r\n\t\t\t\t\t\t\t\t\t\t\t\t<h3 class=\"grve-team-name grve-text-hover-primary-1 grve-h5\">Maria Jo\u00e3o<\/h3>\r\n\t\t\t\t\t\t\t<\/div>\r\n\t\t<\/div>\r\n\t\t\r\n\t\t<div class=\"grve-empty-space grve-height-1x\" style=\"\"><\/div>[vc_column_text css=&#8221;.vc_custom_1562940378535{padding-right: 4% !important;padding-left: 4% !important;}&#8221; text_style=&#8221;leader-text&#8221; animation=&#8221;grve-fade-in-up&#8221;]<\/p>\n<p style=\"text-align: center;\"><em>\u201cPara nos destacarmos tentamos sempre ser diferentes pela excel\u00eancia\u201d<\/em><\/p>\n<p>[\/vc_column_text][\/vc_column][vc_column width=&#8221;1\/3&#8243;]\r\n\t\t\t\t<div class=\"grve-team grve-element grve-layout-1 grve-animated-item grve-fade-in-up grve-duration-normal\" style=\"\" data-delay=\"400\">\r\n\t\t\t<figure class=\"grve-image-hover grve-zoom-none\">\r\n\t\t\t\t\t\t\t\t<div class=\"grve-team-person\">\r\n\t\t\t\t\t<div class=\"grve-bg-primary-1 grve-hover-overlay grve-opacity-0\"><\/div>\r\n\t\t\t\t\t<img loading=\"lazy\" decoding=\"async\" width=\"370\" height=\"493\" src=\"https:\/\/familygolfpark.pt\/wp-content\/uploads\/2026\/02\/family-golf-park-team-Goncalo-Neves.webp\" class=\"attachment-full size-full\" alt=\"\" srcset=\"https:\/\/familygolfpark.pt\/wp-content\/uploads\/2026\/02\/family-golf-park-team-Goncalo-Neves.webp 370w, https:\/\/familygolfpark.pt\/wp-content\/uploads\/2026\/02\/family-golf-park-team-Goncalo-Neves-225x300.webp 225w\" sizes=\"auto, (max-width: 370px) 100vw, 370px\" \/>\t\t\t\t<\/div>\r\n\t\t\t\t<figcaption>\r\n\t\t\t\t\t<ul class=\"grve-team-social grve-align-center\">\r\n\t\t\t\t\t\t\t\t\t\t\t<\/ul>\r\n\t\t\t\t<\/figcaption>\r\n\t\t\t<\/figure>\r\n\t\t\t<div class=\"grve-team-description grve-align-center\">\r\n\t\t\t\t\t\t\t\t<div class=\"grve-team-identity grve-link-text\">Empregado de bar<\/div>\r\n\t\t\t\t\t\t\t\t\t\t\t\t<h3 class=\"grve-team-name grve-text-hover-primary-1 grve-h5\">Gon\u00e7alo Neves<\/h3>\r\n\t\t\t\t\t\t\t<\/div>\r\n\t\t<\/div>\r\n\t\t\r\n\t\t<div class=\"grve-empty-space grve-height-1x\" style=\"\"><\/div>[vc_column_text css=&#8221;.vc_custom_1771499281083{padding-right: 4% !important;padding-left: 4% !important;}&#8221; text_style=&#8221;leader-text&#8221; animation=&#8221;grve-fade-in-up&#8221;]<\/p>\n<p style=\"text-align: center;\"><em>&#8220;Um ambiente amig\u00e1vel e espectacular que ajuda a desempenhar as fun\u00e7\u00f5es com melhor qualidade e alegria.&#8221;<\/em><\/p>\n<p>[\/vc_column_text][\/vc_column][\/vc_row][vc_row padding_top_multiplier=&#8221;&#8221; padding_bottom_multiplier=&#8221;2x&#8221;][vc_column width=&#8221;1\/3&#8243;]\r\n\t\t\t\t<div class=\"grve-team grve-element grve-layout-1 grve-animated-item grve-fade-in-up grve-duration-normal\" style=\"\" data-delay=\"400\">\r\n\t\t\t<figure class=\"grve-image-hover grve-zoom-none\">\r\n\t\t\t\t\t\t\t\t<div class=\"grve-team-person\">\r\n\t\t\t\t\t<div class=\"grve-bg-primary-1 grve-hover-overlay grve-opacity-0\"><\/div>\r\n\t\t\t\t\t<img loading=\"lazy\" decoding=\"async\" width=\"370\" height=\"493\" src=\"https:\/\/familygolfpark.pt\/wp-content\/uploads\/2019\/07\/family-golf-park-team-paulo-silva-min.jpg\" class=\"attachment-full size-full\" alt=\"\" srcset=\"https:\/\/familygolfpark.pt\/wp-content\/uploads\/2019\/07\/family-golf-park-team-paulo-silva-min.jpg 370w, https:\/\/familygolfpark.pt\/wp-content\/uploads\/2019\/07\/family-golf-park-team-paulo-silva-min-225x300.jpg 225w\" sizes=\"auto, (max-width: 370px) 100vw, 370px\" \/>\t\t\t\t<\/div>\r\n\t\t\t\t<figcaption>\r\n\t\t\t\t\t<ul class=\"grve-team-social grve-align-center\">\r\n\t\t\t\t\t\t\t\t\t\t\t<\/ul>\r\n\t\t\t\t<\/figcaption>\r\n\t\t\t<\/figure>\r\n\t\t\t<div class=\"grve-team-description grve-align-center\">\r\n\t\t\t\t\t\t\t\t<div class=\"grve-team-identity grve-link-text\">Chefe de Manuten\u00e7\u00e3o<\/div>\r\n\t\t\t\t\t\t\t\t\t\t\t\t<h3 class=\"grve-team-name grve-text-hover-primary-1 grve-h5\">Paulo Roberto<\/h3>\r\n\t\t\t\t\t\t\t<\/div>\r\n\t\t<\/div>\r\n\t\t\r\n\t\t<div class=\"grve-empty-space grve-height-1x\" style=\"\"><\/div>[vc_column_text css=&#8221;.vc_custom_1562940464262{padding-right: 4% !important;padding-left: 4% !important;}&#8221; text_style=&#8221;leader-text&#8221; animation=&#8221;grve-fade-in-up&#8221;]<\/p>\n<p style=\"text-align: center;\"><em>\u201cFGP, um lugar onde me sinto t\u00e3o bem, n\u00e3o tem pre\u00e7o\u201d<\/em><\/p>\n<p>[\/vc_column_text][\/vc_column][vc_column width=&#8221;1\/3&#8243;]\r\n\t\t\t\t<div class=\"grve-team grve-element grve-layout-1 grve-animated-item grve-fade-in-up grve-duration-normal\" style=\"\" data-delay=\"400\">\r\n\t\t\t<figure class=\"grve-image-hover grve-zoom-none\">\r\n\t\t\t\t\t\t\t\t<div class=\"grve-team-person\">\r\n\t\t\t\t\t<div class=\"grve-bg-primary-1 grve-hover-overlay grve-opacity-0\"><\/div>\r\n\t\t\t\t\t<img loading=\"lazy\" decoding=\"async\" width=\"370\" height=\"493\" src=\"https:\/\/familygolfpark.pt\/wp-content\/uploads\/2026\/02\/family-golf-park-team-Jesus-Porras.webp\" class=\"attachment-full size-full\" alt=\"\" srcset=\"https:\/\/familygolfpark.pt\/wp-content\/uploads\/2026\/02\/family-golf-park-team-Jesus-Porras.webp 370w, https:\/\/familygolfpark.pt\/wp-content\/uploads\/2026\/02\/family-golf-park-team-Jesus-Porras-225x300.webp 225w\" sizes=\"auto, (max-width: 370px) 100vw, 370px\" \/>\t\t\t\t<\/div>\r\n\t\t\t\t<figcaption>\r\n\t\t\t\t\t<ul class=\"grve-team-social grve-align-center\">\r\n\t\t\t\t\t\t\t\t\t\t\t<\/ul>\r\n\t\t\t\t<\/figcaption>\r\n\t\t\t<\/figure>\r\n\t\t\t<div class=\"grve-team-description grve-align-center\">\r\n\t\t\t\t\t\t\t\t<div class=\"grve-team-identity grve-link-text\">Motorista do comboio<\/div>\r\n\t\t\t\t\t\t\t\t\t\t\t\t<h3 class=\"grve-team-name grve-text-hover-primary-1 grve-h5\">Jesus Porras<\/h3>\r\n\t\t\t\t\t\t\t<\/div>\r\n\t\t<\/div>\r\n\t\t\r\n\t\t<div class=\"grve-empty-space grve-height-1x\" style=\"\"><\/div>[vc_column_text css=&#8221;.vc_custom_1771499250469{padding-right: 4% !important;padding-left: 4% !important;}&#8221; text_style=&#8221;leader-text&#8221; animation=&#8221;grve-fade-in-up&#8221;]<\/p>\n<p style=\"text-align: center;\"><em>&#8220;A bordo do comboio tur\u00edstico do FGP, guio os visitantes pelos lugares mais emblem\u00e1ticos da cidade, combinado conforto, entretenimento e hospitalidade. A minha miss\u00e3o \u00e9 fazer de cada percurso uma experi\u00eancia \u00fanica para toda a fam\u00edlia.&#8221;<\/em><\/p>\n<p>[\/vc_column_text][\/vc_column][vc_column width=&#8221;1\/3&#8243;]\r\n\t\t\t\t<div class=\"grve-team grve-element grve-layout-1 grve-animated-item grve-fade-in-up grve-duration-normal\" style=\"\" data-delay=\"400\">\r\n\t\t\t<figure class=\"grve-image-hover grve-zoom-none\">\r\n\t\t\t\t\t\t\t\t<div class=\"grve-team-person\">\r\n\t\t\t\t\t<div class=\"grve-bg-primary-1 grve-hover-overlay grve-opacity-0\"><\/div>\r\n\t\t\t\t\t<img loading=\"lazy\" decoding=\"async\" width=\"370\" height=\"493\" src=\"https:\/\/familygolfpark.pt\/wp-content\/uploads\/2026\/02\/family-golf-park-team-David-Oliveira.webp\" class=\"attachment-full size-full\" alt=\"\" srcset=\"https:\/\/familygolfpark.pt\/wp-content\/uploads\/2026\/02\/family-golf-park-team-David-Oliveira.webp 370w, https:\/\/familygolfpark.pt\/wp-content\/uploads\/2026\/02\/family-golf-park-team-David-Oliveira-225x300.webp 225w\" sizes=\"auto, (max-width: 370px) 100vw, 370px\" \/>\t\t\t\t<\/div>\r\n\t\t\t\t<figcaption>\r\n\t\t\t\t\t<ul class=\"grve-team-social grve-align-center\">\r\n\t\t\t\t\t\t\t\t\t\t\t<\/ul>\r\n\t\t\t\t<\/figcaption>\r\n\t\t\t<\/figure>\r\n\t\t\t<div class=\"grve-team-description grve-align-center\">\r\n\t\t\t\t\t\t\t\t<div class=\"grve-team-identity grve-link-text\">Recepcionista<\/div>\r\n\t\t\t\t\t\t\t\t\t\t\t\t<h3 class=\"grve-team-name grve-text-hover-primary-1 grve-h5\">David Oliveira<\/h3>\r\n\t\t\t\t\t\t\t<\/div>\r\n\t\t<\/div>\r\n\t\t\r\n\t\t<div class=\"grve-empty-space grve-height-1x\" style=\"\"><\/div>[vc_column_text css=&#8221;.vc_custom_1771575703388{padding-right: 4% !important;padding-left: 4% !important;}&#8221; text_style=&#8221;leader-text&#8221; animation=&#8221;grve-fade-in-up&#8221;]<\/p>\n<p style=\"text-align: center;\"><em>\u201cO Family Golf Park \u00e9 bom para toda a fam\u00edlia e tem um staff sempre simp\u00e1tico e acolhedor.\u201d<\/em><\/p>\n<p>[\/vc_column_text][\/vc_column][\/vc_row][vc_row padding_top_multiplier=&#8221;&#8221; padding_bottom_multiplier=&#8221;4x&#8221;][vc_column width=&#8221;1\/3&#8243;]\r\n\t\t\t\t<div class=\"grve-team grve-element grve-layout-1 grve-animated-item grve-fade-in-up grve-duration-normal\" style=\"\" data-delay=\"400\">\r\n\t\t\t<figure class=\"grve-image-hover grve-zoom-none\">\r\n\t\t\t\t\t\t\t\t<div class=\"grve-team-person\">\r\n\t\t\t\t\t<div class=\"grve-bg-primary-1 grve-hover-overlay grve-opacity-0\"><\/div>\r\n\t\t\t\t\t<img loading=\"lazy\" decoding=\"async\" width=\"370\" height=\"493\" src=\"https:\/\/familygolfpark.pt\/wp-content\/uploads\/2019\/07\/family-golf-park-team-caludio-souza-02-min.jpg\" class=\"attachment-full size-full\" alt=\"\" srcset=\"https:\/\/familygolfpark.pt\/wp-content\/uploads\/2019\/07\/family-golf-park-team-caludio-souza-02-min.jpg 370w, https:\/\/familygolfpark.pt\/wp-content\/uploads\/2019\/07\/family-golf-park-team-caludio-souza-02-min-225x300.jpg 225w\" sizes=\"auto, (max-width: 370px) 100vw, 370px\" \/>\t\t\t\t<\/div>\r\n\t\t\t\t<figcaption>\r\n\t\t\t\t\t<ul class=\"grve-team-social grve-align-center\">\r\n\t\t\t\t\t\t\t\t\t\t\t<\/ul>\r\n\t\t\t\t<\/figcaption>\r\n\t\t\t<\/figure>\r\n\t\t\t<div class=\"grve-team-description grve-align-center\">\r\n\t\t\t\t\t\t\t\t<div class=\"grve-team-identity grve-link-text\">Jardineiro<\/div>\r\n\t\t\t\t\t\t\t\t\t\t\t\t<h3 class=\"grve-team-name grve-text-hover-primary-1 grve-h5\">Claudio Souza<\/h3>\r\n\t\t\t\t\t\t\t<\/div>\r\n\t\t<\/div>\r\n\t\t\r\n\t\t<div class=\"grve-empty-space grve-height-1x\" style=\"\"><\/div>[vc_column_text css=&#8221;.vc_custom_1562940590693{padding-right: 4% !important;padding-left: 4% !important;}&#8221; text_style=&#8221;leader-text&#8221; animation=&#8221;grve-fade-in-up&#8221;]<\/p>\n<p style=\"text-align: center;\"><em>\u201cA minha responsabilidade na equipa \u00e9 a manuten\u00e7\u00e3o do jardim h\u00e1 oito anos. Tem sido uma boa experi\u00eancia, num ambiente de trabalho alegre e familiar. N\u00e3o menos importante s\u00e3o os nossos clientes, que quer pessoalmente ou atrav\u00e9s das redes sociais, nos transmitem boa energia e reconhecimento. \u00c9 um compromisso para fazer cada dia melhor\u201d<\/em><\/p>\n<p>[\/vc_column_text][\/vc_column][vc_column width=&#8221;1\/3&#8243;]\r\n\t\t\t\t<div class=\"grve-team grve-element grve-layout-1 grve-animated-item grve-fade-in-up grve-duration-normal\" style=\"\" data-delay=\"400\">\r\n\t\t\t<figure class=\"grve-image-hover grve-zoom-none\">\r\n\t\t\t\t\t\t\t\t<div class=\"grve-team-person\">\r\n\t\t\t\t\t<div class=\"grve-bg-primary-1 grve-hover-overlay grve-opacity-0\"><\/div>\r\n\t\t\t\t\t<img loading=\"lazy\" decoding=\"async\" width=\"370\" height=\"493\" src=\"https:\/\/familygolfpark.pt\/wp-content\/uploads\/2019\/07\/family-golf-park-team-ana-vieira-02-min.jpg\" class=\"attachment-full size-full\" alt=\"\" srcset=\"https:\/\/familygolfpark.pt\/wp-content\/uploads\/2019\/07\/family-golf-park-team-ana-vieira-02-min.jpg 370w, https:\/\/familygolfpark.pt\/wp-content\/uploads\/2019\/07\/family-golf-park-team-ana-vieira-02-min-225x300.jpg 225w\" sizes=\"auto, (max-width: 370px) 100vw, 370px\" \/>\t\t\t\t<\/div>\r\n\t\t\t\t<figcaption>\r\n\t\t\t\t\t<ul class=\"grve-team-social grve-align-center\">\r\n\t\t\t\t\t\t\t\t\t\t\t<\/ul>\r\n\t\t\t\t<\/figcaption>\r\n\t\t\t<\/figure>\r\n\t\t\t<div class=\"grve-team-description grve-align-center\">\r\n\t\t\t\t\t\t\t\t<div class=\"grve-team-identity grve-link-text\">Empregada de Balc\u00e3o<\/div>\r\n\t\t\t\t\t\t\t\t\t\t\t\t<h3 class=\"grve-team-name grve-text-hover-primary-1 grve-h5\">Ana Vieira<\/h3>\r\n\t\t\t\t\t\t\t<\/div>\r\n\t\t<\/div>\r\n\t\t\r\n\t\t<div class=\"grve-empty-space grve-height-1x\" style=\"\"><\/div>[vc_column_text css=&#8221;.vc_custom_1562940635077{padding-right: 4% !important;padding-left: 4% !important;}&#8221; text_style=&#8221;leader-text&#8221; animation=&#8221;grve-fade-in-up&#8221;]<\/p>\n<p style=\"text-align: center;\"><em>\u201c\u00c9 \u00f3timo quando fazemos aquilo que gostamos, e eu gosto de trabalhar no FGP. Sinto como a minha segunda fam\u00edlia. Por outro lado, todo o esfor\u00e7o\u00a0que fa\u00e7o para desempenhar com qualidade e excel\u00eancia o meu trabalho tem sido sempre reconhecido, tanto pela empresa como pelos nossos clientes\u201d<\/em><\/p>\n<p>[\/vc_column_text][\/vc_column][vc_column width=&#8221;1\/3&#8243;]\r\n\t\t\t\t<div class=\"grve-team grve-element grve-layout-1 grve-animated-item grve-fade-in-up grve-duration-normal\" style=\"\" data-delay=\"400\">\r\n\t\t\t<figure class=\"grve-image-hover grve-zoom-none\">\r\n\t\t\t\t\t\t\t\t<div class=\"grve-team-person\">\r\n\t\t\t\t\t<div class=\"grve-bg-primary-1 grve-hover-overlay grve-opacity-0\"><\/div>\r\n\t\t\t\t\t<img loading=\"lazy\" decoding=\"async\" width=\"370\" height=\"493\" src=\"https:\/\/familygolfpark.pt\/wp-content\/uploads\/2026\/02\/family-golf-park-team-Laurinda-Costa.webp\" class=\"attachment-full size-full\" alt=\"\" srcset=\"https:\/\/familygolfpark.pt\/wp-content\/uploads\/2026\/02\/family-golf-park-team-Laurinda-Costa.webp 370w, https:\/\/familygolfpark.pt\/wp-content\/uploads\/2026\/02\/family-golf-park-team-Laurinda-Costa-225x300.webp 225w\" sizes=\"auto, (max-width: 370px) 100vw, 370px\" \/>\t\t\t\t<\/div>\r\n\t\t\t\t<figcaption>\r\n\t\t\t\t\t<ul class=\"grve-team-social grve-align-center\">\r\n\t\t\t\t\t\t\t\t\t\t\t<\/ul>\r\n\t\t\t\t<\/figcaption>\r\n\t\t\t<\/figure>\r\n\t\t\t<div class=\"grve-team-description grve-align-center\">\r\n\t\t\t\t\t\t\t\t<div class=\"grve-team-identity grve-link-text\">Empregada de limpeza<\/div>\r\n\t\t\t\t\t\t\t\t\t\t\t\t<h3 class=\"grve-team-name grve-text-hover-primary-1 grve-h5\">Laurinda Costa<\/h3>\r\n\t\t\t\t\t\t\t<\/div>\r\n\t\t<\/div>\r\n\t\t\r\n\t\t<div class=\"grve-empty-space grve-height-1x\" style=\"\"><\/div>[vc_column_text css=&#8221;.vc_custom_1771499263718{padding-right: 4% !important;padding-left: 4% !important;}&#8221; text_style=&#8221;leader-text&#8221; animation=&#8221;grve-fade-in-up&#8221;]<\/p>\n<p style=\"text-align: center;\"><em>&#8220;Trabalhar na limpeza do fGP e saber que o meu esfor\u00e7o tamb\u00e9m garante o brilho e o conforto de todo o espa\u00e7o \u00e9 gratificante. \u00c9 um orgulho ver o a excelente imagem do FGP sempre cuidado e saber que o meu trabalho tamb\u00e9m contribui para o bem-estar dos nossos clientes.&#8221;<\/em><\/p>\n<p>[\/vc_column_text][\/vc_column][\/vc_row]<\/p>\n<\/div>","protected":false},"excerpt":{"rendered":"<p>Com a premissa de valores de Tradi\u00e7\u00e3o, \u00a0\u00c9tica, Solidez e Excel\u00eancia, pretendemos sempre tornar a experi\u00eancia dos nosso clientes \u00fanica e inesquec\u00edvel.<\/p>\n","protected":false},"author":1,"featured_media":0,"parent":0,"menu_order":0,"comment_status":"closed","ping_status":"closed","template":"","meta":{"footnotes":""},"class_list":["post-22770","page","type-page","status-publish","hentry"],"aioseo_notices":[],"_links":{"self":[{"href":"https:\/\/familygolfpark.pt\/pt-pt\/wp-json\/wp\/v2\/pages\/22770","targetHints":{"allow":["GET"]}}],"collection":[{"href":"https:\/\/familygolfpark.pt\/pt-pt\/wp-json\/wp\/v2\/pages"}],"about":[{"href":"https:\/\/familygolfpark.pt\/pt-pt\/wp-json\/wp\/v2\/types\/page"}],"author":[{"embeddable":true,"href":"https:\/\/familygolfpark.pt\/pt-pt\/wp-json\/wp\/v2\/users\/1"}],"replies":[{"embeddable":true,"href":"https:\/\/familygolfpark.pt\/pt-pt\/wp-json\/wp\/v2\/comments?post=22770"}],"version-history":[{"count":5,"href":"https:\/\/familygolfpark.pt\/pt-pt\/wp-json\/wp\/v2\/pages\/22770\/revisions"}],"predecessor-version":[{"id":23409,"href":"https:\/\/familygolfpark.pt\/pt-pt\/wp-json\/wp\/v2\/pages\/22770\/revisions\/23409"}],"wp:attachment":[{"href":"https:\/\/familygolfpark.pt\/pt-pt\/wp-json\/wp\/v2\/media?parent=22770"}],"curies":[{"name":"wp","href":"https:\/\/api.w.org\/{rel}","templated":true}]}}