{"id":22795,"date":"2019-06-04T08:55:26","date_gmt":"2019-06-04T08:55:26","guid":{"rendered":"https:\/\/familygolfpark.younik.pt\/experiencias\/"},"modified":"2026-02-19T12:16:14","modified_gmt":"2026-02-19T12:16:14","slug":"experiencias","status":"publish","type":"page","link":"https:\/\/familygolfpark.pt\/pt-pt\/experiencias\/","title":{"rendered":"Experi\u00eancias"},"content":{"rendered":"<div class=\"wpb-content-wrapper\"><p>[vc_row heading_color=&#8221;light&#8221; bg_type=&#8221;image&#8221; bg_image=&#8221;17216&#8243; bg_image_type=&#8221;parallax&#8221; pattern_overlay=&#8221;yes&#8221; color_overlay=&#8221;primary-3&#8243; opacity_overlay=&#8221;40&#8243; padding_top_multiplier=&#8221;6x&#8221; padding_bottom_multiplier=&#8221;6x&#8221; separator_top_size=&#8221;30px&#8221; separator_bottom_size=&#8221;30px&#8221; font_color=&#8221;#ffffff&#8221; section_id=&#8221;intro-section&#8221;][vc_column]<div class=\"grve-empty-space\" style=\"height: 15vh;\"><\/div>[\/vc_column][\/vc_row][vc_row padding_top_multiplier=&#8221;4x&#8221; padding_bottom_multiplier=&#8221;4x&#8221; separator_top_size=&#8221;30px&#8221; separator_bottom_size=&#8221;30px&#8221; section_id=&#8221;intro-section&#8221;][vc_column heading_color=&#8221;primary-1&#8243; text_align=&#8221;center&#8221;]<h1 class=\"grve-element grve-title grve-align-center grve-subtitle-text grve-increase-heading grve-heading-200\" style=\"\"><span>Experi\u00eancias<\/span><\/h1>[\/vc_column][vc_column heading_color=&#8221;primary-3&#8243; text_align=&#8221;center&#8221;]<h2 class=\"grve-element grve-title grve-align-center grve-h1 grve-increase-heading grve-heading-300\" style=\"\"><span>Para todas as Idades<\/span><\/h2><div class=\"grve-empty-space grve-height-1x\" style=\"\"><\/div>[vc_column_text text_style=&#8221;leader-text&#8221;]<\/p>\n<p style=\"text-align: center;\"><span style=\"font-weight: 400;\">Damos as boas vindas a jogadores de todas as idades, apenas necessitam de trazer boa disposi\u00e7\u00e3o, estrat\u00e9gia e alguma habilidade. <\/span><span style=\"font-weight: 400;\">Deixe-se levar pela competi\u00e7\u00e3o entre os membros de diferentes idades da sua fam\u00edlia e surpreenda-se com a din\u00e2mica familiar. Desfrute do magn\u00edfico jardim que cri\u00e1mos, onde j\u00e1 temos mais de 200 esp\u00e9cies diferentes de arbustos, plantas e \u00e1rvores.<\/span><\/p>\n<p>[\/vc_column_text][\/vc_column][\/vc_row][vc_row heading_color=&#8221;primary-1&#8243; section_type=&#8221;fullwidth&#8221; bg_type=&#8221;color&#8221; padding_bottom_multiplier=&#8221;4x&#8221; columns_gap=&#8221;none&#8221; equal_column_height=&#8221;middle-content&#8221; separator_bottom_color=&#8221;#ff1616&#8243; bg_color=&#8221;#ffffff&#8221; el_class=&#8221;grupo-caixa&#8221;][vc_column column_effect=&#8221;mouse-move-x-y&#8221; width=&#8221;1\/3&#8243; el_class=&#8221;coluna-caixa&#8221;][vc_row_inner css=&#8221;.vc_custom_1559645840308{background-color: #f4f4f4 !important;}&#8221; el_class=&#8221;caixa-flutuante-left&#8221;][vc_column_inner]<h2 class=\"grve-element grve-title grve-align-left grve-h2 grve-increase-heading grve-heading-200\" style=\"\"><span>Minigolfe<\/span><\/h2><div class=\"grve-empty-space grve-height-1x\" style=\"\"><\/div>[vc_column_text text_style=&#8221;leader-text&#8221;]<\/p>\n<p style=\"text-align: left;\"><span style=\"font-weight: 400;\">Com 2 campos de 18 buracos com diferentes graus de dificuldade, a divers\u00e3o est\u00e1 garantida, mas \u00e9 necess\u00e1ria estrat\u00e9gia para ser o campe\u00e3o.\u00a0<\/span><\/p>\n<p>[\/vc_column_text]<div class=\"grve-empty-space grve-height-3x\" style=\"\"><\/div><div class=\"grve-element grve-align-left grve-animated-item grve-fade-in-left grve-duration-normal\" data-delay=\"100\"><a href=\"https:\/\/familygolfpark.pt\/pt-pt\/minigolfe\/\" class=\"grve-btn grve-btn-medium grve-extra-round grve-bg-primary-1 grve-bg-hover-white\"><span><i class=\"fas fa-arrow-right\"><\/i>Ver mais<\/span><\/a><\/div>[\/vc_column_inner][\/vc_row_inner][\/vc_column][vc_column width=&#8221;2\/3&#8243; css=&#8221;.vc_custom_1561547648983{padding-top: 2% !important;padding-right: 2% !important;padding-bottom: 2% !important;padding-left: 2% !important;background-image: url(http:\/\/familygolfpark.pt\/wp-content\/uploads\/2019\/06\/Minigolf-Exeperiences-Family-Golf-Park-02-min.jpg?id=17002) !important;background-position: center !important;background-repeat: no-repeat !important;background-size: cover !important;}&#8221; el_class=&#8221;caixa-background&#8221;]<div class=\"grve-empty-space\" style=\"height: 70vh;\"><\/div>[\/vc_column][\/vc_row][vc_row heading_color=&#8221;primary-1&#8243; section_type=&#8221;fullwidth&#8221; bg_type=&#8221;color&#8221; padding_bottom_multiplier=&#8221;4x&#8221; columns_gap=&#8221;none&#8221; equal_column_height=&#8221;middle-content&#8221; separator_bottom_color=&#8221;#ff1616&#8243; bg_color=&#8221;#ffffff&#8221; el_class=&#8221;grupo-caixa&#8221;][vc_column width=&#8221;2\/3&#8243; css=&#8221;.vc_custom_1559654470576{padding-top: 2% !important;padding-right: 2% !important;padding-bottom: 2% !important;padding-left: 2% !important;background-image: url(http:\/\/familygolfpark.pt\/wp-content\/uploads\/2019\/06\/Turistic-train-Exeperiences-Family-Golf-Park-min.jpg?id=16527) !important;background-position: center !important;background-repeat: no-repeat !important;background-size: cover !important;}&#8221; el_class=&#8221;caixa-background&#8221;]<div class=\"grve-empty-space\" style=\"height: 70vh;\"><\/div>[\/vc_column][vc_column column_effect=&#8221;mouse-move-x-y&#8221; width=&#8221;1\/3&#8243; heading_color=&#8221;light&#8221; font_color=&#8221;#ffffff&#8221; el_class=&#8221;coluna-caixa&#8221;][vc_row_inner css=&#8221;.vc_custom_1559646300098{background-color: #28a847 !important;}&#8221; el_class=&#8221;caixa-flutuante-right&#8221;][vc_column_inner]<h2 class=\"grve-element grve-title grve-align-left grve-h2 grve-increase-heading grve-heading-200\" style=\"\"><span>Comboio<br \/>\nTur\u00edstico<\/span><\/h2><div class=\"grve-empty-space grve-height-1x\" style=\"\"><\/div>[vc_column_text text_style=&#8221;leader-text&#8221;]<\/p>\n<p style=\"text-align: left;\"><span style=\"font-weight: 400;\">Descubra Vilamoura no comboio tur\u00edstico que o levar\u00e1 at\u00e9 \u00e0s maravilhosas praias da Fal\u00e9sia e Marina. Percorra os principais locais deste <em>resort<\/em> num percurso de 1 hora que certamente ficar\u00e1 na mem\u00f3ria.<\/span><\/p>\n<p>[\/vc_column_text]<div class=\"grve-empty-space grve-height-3x\" style=\"\"><\/div><div class=\"grve-element grve-align-left grve-animated-item grve-fade-in-left grve-duration-normal\" data-delay=\"100\"><a href=\"https:\/\/familygolfpark.pt\/pt-pt\/comboio\/\" class=\"grve-btn grve-btn-medium grve-extra-round grve-bg-white grve-bg-hover-white\"><span><i class=\"fas fa-arrow-right\"><\/i>Ver mais<\/span><\/a><\/div>[\/vc_column_inner][\/vc_row_inner][\/vc_column][\/vc_row][vc_row heading_color=&#8221;primary-1&#8243; section_type=&#8221;fullwidth&#8221; bg_type=&#8221;color&#8221; padding_bottom_multiplier=&#8221;4x&#8221; columns_gap=&#8221;none&#8221; equal_column_height=&#8221;middle-content&#8221; separator_bottom_color=&#8221;#ff1616&#8243; bg_color=&#8221;#ffffff&#8221; el_class=&#8221;grupo-caixa&#8221;][vc_column column_effect=&#8221;mouse-move-x-y&#8221; width=&#8221;1\/3&#8243; el_class=&#8221;coluna-caixa&#8221;][vc_row_inner css=&#8221;.vc_custom_1559645840308{background-color: #f4f4f4 !important;}&#8221; el_class=&#8221;caixa-flutuante-left&#8221;][vc_column_inner]<h2 class=\"grve-element grve-title grve-align-left grve-h2 grve-increase-heading grve-heading-200\" style=\"\"><span>Torneios<br \/>\nde Minigolfe<\/span><\/h2><div class=\"grve-empty-space grve-height-1x\" style=\"\"><\/div>[vc_column_text text_style=&#8221;leader-text&#8221;]<span style=\"font-weight: 400;\">Fa\u00e7a o seu torneio de Minigolfe no Family Golf Park. Seja para fortalecer uma equipa empresarial, seja para criar maiores la\u00e7os de amizade entre fam\u00edlia e amigos, ou para festas de anivers\u00e1rio, contacte-nos que n\u00f3s fazemos tudo o resto. Entre o cocktail de boas vindas e a distribui\u00e7\u00e3o de medalhas aos participantes, a sua preocupa\u00e7\u00e3o ser\u00e1 apenas jogar. <\/span>[\/vc_column_text]<div class=\"grve-empty-space grve-height-3x\" style=\"\"><\/div><div class=\"grve-element grve-align-left grve-animated-item grve-fade-in-left grve-duration-normal\" data-delay=\"100\"><a href=\"mailto:info@familygolfpark.pt?subject=Torneio-Minigolfe\" class=\"grve-btn grve-btn-medium grve-extra-round grve-bg-primary-1 grve-bg-hover-white\"><span><i class=\"fa fa-long-arrow-right\"><\/i>Contacte-nos<\/span><\/a><\/div>[\/vc_column_inner][\/vc_row_inner][\/vc_column][vc_column width=&#8221;2\/3&#8243; css=&#8221;.vc_custom_1561553635125{padding-top: 2% !important;padding-right: 2% !important;padding-bottom: 2% !important;padding-left: 2% !important;background-image: url(http:\/\/familygolfpark.pt\/wp-content\/uploads\/2019\/06\/Minigolf-tournement-Exeperiences-Family-Golf-Park-01-min.jpg?id=17004) !important;background-position: center !important;background-repeat: no-repeat !important;background-size: cover !important;}&#8221; el_class=&#8221;caixa-background&#8221;]<div class=\"grve-empty-space\" style=\"height: 70vh;\"><\/div>[\/vc_column][\/vc_row][vc_row heading_color=&#8221;primary-1&#8243; section_type=&#8221;fullwidth&#8221; bg_type=&#8221;color&#8221; padding_bottom_multiplier=&#8221;4x&#8221; columns_gap=&#8221;none&#8221; equal_column_height=&#8221;middle-content&#8221; separator_bottom_color=&#8221;#ff1616&#8243; bg_color=&#8221;#ffffff&#8221; el_class=&#8221;grupo-caixa&#8221;][vc_column width=&#8221;2\/3&#8243; css=&#8221;.vc_custom_1559648564405{padding-top: 2% !important;padding-right: 2% !important;padding-bottom: 2% !important;padding-left: 2% !important;background-image: url(http:\/\/familygolfpark.pt\/wp-content\/uploads\/2019\/06\/kids-club-Exeperiences-Family-Golf-Park-min.jpg?id=16535) !important;background-position: center !important;background-repeat: no-repeat !important;background-size: cover !important;}&#8221; el_class=&#8221;caixa-background&#8221;]<div class=\"grve-empty-space\" style=\"height: 70vh;\"><\/div>[\/vc_column][vc_column column_effect=&#8221;mouse-move-x-y&#8221; width=&#8221;1\/3&#8243; heading_color=&#8221;light&#8221; font_color=&#8221;#ffffff&#8221; el_class=&#8221;coluna-caixa&#8221;][vc_row_inner css=&#8221;.vc_custom_1559646300098{background-color: #28a847 !important;}&#8221; el_class=&#8221;caixa-flutuante-right&#8221;][vc_column_inner]<h2 class=\"grve-element grve-title grve-align-left grve-h2 grve-increase-heading grve-heading-200\" style=\"\"><span>Family<br \/>\nKids Club<\/span><\/h2><div class=\"grve-empty-space grve-height-1x\" style=\"\"><\/div>[vc_column_text text_style=&#8221;leader-text&#8221;]<\/p>\n<p style=\"text-align: left;\">Enquanto os adultos relaxam na esplanada os mais novos disp\u00f5em de um espa\u00e7o onde podem correr, saltar, pintar, brincar, jogar e experimentar a emo\u00e7\u00e3o do minigolfe.<\/p>\n<p>[\/vc_column_text]<div class=\"grve-empty-space grve-height-3x\" style=\"\"><\/div><div class=\"grve-element grve-align-left grve-animated-item grve-fade-in-left grve-duration-normal\" data-delay=\"100\"><a href=\"https:\/\/familygolfpark.pt\/pt-pt\/family-kids-club\/\" class=\"grve-btn grve-btn-medium grve-extra-round grve-bg-white grve-bg-hover-white\"><span><i class=\"fas fa-arrow-right\"><\/i>Ver mais<\/span><\/a><\/div>[\/vc_column_inner][\/vc_row_inner][\/vc_column][\/vc_row][vc_row heading_color=&#8221;primary-1&#8243; section_type=&#8221;fullwidth&#8221; bg_type=&#8221;color&#8221; padding_bottom_multiplier=&#8221;4x&#8221; columns_gap=&#8221;none&#8221; equal_column_height=&#8221;middle-content&#8221; separator_bottom_color=&#8221;#ff1616&#8243; bg_color=&#8221;#ffffff&#8221; el_class=&#8221;grupo-caixa&#8221;][vc_column column_effect=&#8221;mouse-move-x-y&#8221; width=&#8221;1\/3&#8243; el_class=&#8221;coluna-caixa&#8221;][vc_row_inner css=&#8221;.vc_custom_1559645840308{background-color: #f4f4f4 !important;}&#8221; el_class=&#8221;caixa-flutuante-left&#8221;][vc_column_inner]<h2 class=\"grve-element grve-title grve-align-left grve-h2 grve-increase-heading grve-heading-200\" style=\"\"><span>Sala de Jogos<\/span><\/h2><div class=\"grve-empty-space grve-height-1x\" style=\"\"><\/div>[vc_column_text text_style=&#8221;leader-text&#8221;]<span style=\"font-weight: 400;\">Se procura mais adrenalina, pode ainda jogar nas nossas m\u00e1quinas. Basquetebol, matraquilhos, flippers, airgame, experimentar os seus reflexos no Ghost Hunter, ou simplesmente jogar snooker. Tem muito por onde escolher na nossa sala de jogos.<\/span>[\/vc_column_text]<div class=\"grve-empty-space grve-height-4x\" style=\"\"><\/div>[\/vc_column_inner][\/vc_row_inner][\/vc_column][vc_column width=&#8221;2\/3&#8243; css=&#8221;.vc_custom_1561554352646{padding-top: 2% !important;padding-right: 2% !important;padding-bottom: 2% !important;padding-left: 2% !important;background-image: url(http:\/\/familygolfpark.pt\/wp-content\/uploads\/2019\/06\/Playroom-Exeperiences-Family-Golf-Park-min.jpg?id=17008) !important;background-position: center !important;background-repeat: no-repeat !important;background-size: cover !important;}&#8221; el_class=&#8221;caixa-background&#8221;]<div class=\"grve-empty-space\" style=\"height: 70vh;\"><\/div>[\/vc_column][\/vc_row][vc_row heading_color=&#8221;light&#8221; section_type=&#8221;fullwidth&#8221; bg_type=&#8221;image&#8221; bg_image=&#8221;16538&#8243; bg_image_type=&#8221;fixed&#8221; color_overlay=&#8221;light&#8221; padding_top_multiplier=&#8221;3x&#8221; padding_bottom_multiplier=&#8221;3x&#8221; separator_top_size=&#8221;30px&#8221; separator_bottom_size=&#8221;30px&#8221; font_color=&#8221;#ffffff&#8221; section_id=&#8221;intro-section&#8221;][vc_column width=&#8221;1\/3&#8243; text_align=&#8221;center&#8221;][vc_row_inner css=&#8221;.vc_custom_1559652746571{padding-top: 4vw !important;padding-right: 4vw !important;padding-bottom: 4vw !important;padding-left: 4vw !important;}&#8221;][vc_column_inner]<div class=\"grve-element grve-image grve-align-center\" style=\"\">  <div class=\"grve-image-wrapper\"><img loading=\"lazy\" decoding=\"async\" width=\"480\" height=\"378\" src=\"https:\/\/familygolfpark.pt\/wp-content\/uploads\/2019\/07\/menu-family-golf-park-dark.png\" class=\"attachment-full size-full\" alt=\"\" srcset=\"https:\/\/familygolfpark.pt\/wp-content\/uploads\/2019\/07\/menu-family-golf-park-dark.png 480w, https:\/\/familygolfpark.pt\/wp-content\/uploads\/2019\/07\/menu-family-golf-park-dark-300x236.png 300w\" sizes=\"auto, (max-width: 480px) 100vw, 480px\" \/>   <\/div><\/div><div class=\"grve-empty-space grve-height-3x\" style=\"\"><\/div><div class=\"grve-element grve-align-center grve-animated-item grve-fade-in-left grve-duration-normal\" data-delay=\"100\"><a href=\"https:\/\/familygolfpark.pt\/pt-pt\/bar\/\" class=\"grve-btn grve-btn-medium grve-extra-round grve-bg-primary-1 grve-bg-hover-white\"><span><i class=\"fas fa-arrow-right\"><\/i>Ver mais<\/span><\/a><\/div>[\/vc_column_inner][\/vc_row_inner][\/vc_column][vc_column width=&#8221;2\/3&#8243;][\/vc_column][\/vc_row]<\/p>\n<\/div>","protected":false},"excerpt":{"rendered":"<p>[vc_row heading_color=&#8221;light&#8221; bg_type=&#8221;image&#8221; bg_image=&#8221;17216&#8243; bg_image_type=&#8221;parallax&#8221; pattern_overlay=&#8221;yes&#8221; color_overlay=&#8221;primary-3&#8243; opacity_overlay=&#8221;40&#8243; padding_top_multiplier=&#8221;6x&#8221; padding_bottom_multiplier=&#8221;6x&#8221; separator_top_size=&#8221;30px&#8221; separator_bottom_size=&#8221;30px&#8221; font_color=&#8221;#ffffff&#8221; section_id=&#8221;intro-section&#8221;][vc_column][\/vc_column][\/vc_row][vc_row padding_top_multiplier=&#8221;4x&#8221; padding_bottom_multiplier=&#8221;4x&#8221; separator_top_size=&#8221;30px&#8221; separator_bottom_size=&#8221;30px&#8221; section_id=&#8221;intro-section&#8221;][vc_column heading_color=&#8221;primary-1&#8243; text_align=&#8221;center&#8221;][\/vc_column][vc_column heading_color=&#8221;primary-3&#8243; text_align=&#8221;center&#8221;][vc_column_text text_style=&#8221;leader-text&#8221;] Damos as boas vindas a jogadores de todas as idades, apenas necessitam de trazer boa disposi\u00e7\u00e3o, estrat\u00e9gia e alguma habilidade. Deixe-se levar pela competi\u00e7\u00e3o entre os membros de diferentes idades da [&hellip;]<\/p>\n","protected":false},"author":1,"featured_media":0,"parent":0,"menu_order":0,"comment_status":"closed","ping_status":"closed","template":"","meta":{"footnotes":""},"class_list":["post-22795","page","type-page","status-publish","hentry"],"aioseo_notices":[],"_links":{"self":[{"href":"https:\/\/familygolfpark.pt\/pt-pt\/wp-json\/wp\/v2\/pages\/22795","targetHints":{"allow":["GET"]}}],"collection":[{"href":"https:\/\/familygolfpark.pt\/pt-pt\/wp-json\/wp\/v2\/pages"}],"about":[{"href":"https:\/\/familygolfpark.pt\/pt-pt\/wp-json\/wp\/v2\/types\/page"}],"author":[{"embeddable":true,"href":"https:\/\/familygolfpark.pt\/pt-pt\/wp-json\/wp\/v2\/users\/1"}],"replies":[{"embeddable":true,"href":"https:\/\/familygolfpark.pt\/pt-pt\/wp-json\/wp\/v2\/comments?post=22795"}],"version-history":[{"count":4,"href":"https:\/\/familygolfpark.pt\/pt-pt\/wp-json\/wp\/v2\/pages\/22795\/revisions"}],"predecessor-version":[{"id":23387,"href":"https:\/\/familygolfpark.pt\/pt-pt\/wp-json\/wp\/v2\/pages\/22795\/revisions\/23387"}],"wp:attachment":[{"href":"https:\/\/familygolfpark.pt\/pt-pt\/wp-json\/wp\/v2\/media?parent=22795"}],"curies":[{"name":"wp","href":"https:\/\/api.w.org\/{rel}","templated":true}]}}