{"id":22800,"date":"2019-06-04T13:56:47","date_gmt":"2019-06-04T13:56:47","guid":{"rendered":"https:\/\/familygolfpark.younik.pt\/contactos\/"},"modified":"2024-12-13T15:21:49","modified_gmt":"2024-12-13T15:21:49","slug":"contactos","status":"publish","type":"page","link":"https:\/\/familygolfpark.pt\/pt-pt\/contactos\/","title":{"rendered":"Contactos"},"content":{"rendered":"<div class=\"wpb-content-wrapper\"><p>[vc_row heading_color=&#8221;light&#8221; section_type=&#8221;fullwidth&#8221; padding_top_multiplier=&#8221;&#8221; padding_bottom_multiplier=&#8221;&#8221; columns_gap=&#8221;none&#8221; separator_top_size=&#8221;30px&#8221; separator_bottom_size=&#8221;30px&#8221; font_color=&#8221;#ffffff&#8221; section_id=&#8221;intro-section&#8221;][vc_column text_align=&#8221;center&#8221;][vc_raw_html css=&#8221;.vc_custom_1562598715209{margin-bottom: 0px !important;}&#8221;]JTNDZGl2JTIwY2xhc3MlM0QlMjJtYXAtcmVzcG9uc2l2ZSUyMiUzRSUwQSUzQ2lmcmFtZSUyMHNyYyUzRCUyMmh0dHBzJTNBJTJGJTJGd3d3Lmdvb2dsZS5jb20lMkZtYXBzJTJGZW1iZWQlM0ZwYiUzRCUyMTFtMTglMjExbTEyJTIxMW0zJTIxMWQzMTgyLjk3MjgyMjk5MTU5OSUyMTJkLTguMTIxODkwNjgzNzIwMzgyJTIxM2QzNy4wODE5NTQxNTg2MTA4OCUyMTJtMyUyMTFmMCUyMTJmMCUyMTNmMCUyMTNtMiUyMTFpMTAyNCUyMTJpNzY4JTIxNGYxMy4xJTIxM20zJTIxMW0yJTIxMXMweGQxYWI1OTMyMjU4MmRjMSUyNTNBMHg3NTNmOGNlNjE1ZmZiODU0JTIxMnNGYW1pbHklMkJHb2xmJTJCUGFyayUyMTVlMCUyMTNtMiUyMTFzcHQtUFQlMjEyc3B0JTIxNHYxNTYyNTk4NDc2NDc1JTIxNW0yJTIxMXNwdC1QVCUyMTJzcHQlMjIlMjB3aWR0aCUzRCUyMjYwMCUyMiUyMGhlaWdodCUzRCUyMjQ1MCUyMiUyMGZyYW1lYm9yZGVyJTNEJTIyMCUyMiUyMHN0eWxlJTNEJTIyYm9yZGVyJTNBMCUyMiUyMGFsbG93ZnVsbHNjcmVlbiUzRSUzQyUyRmlmcmFtZSUzRSUwQSUzQyUyRmRpdiUzRQ==[\/vc_raw_html][\/vc_column][\/vc_row][vc_row padding_top_multiplier=&#8221;&#8221; padding_bottom_multiplier=&#8221;4x&#8221; separator_top_size=&#8221;30px&#8221; separator_bottom_size=&#8221;30px&#8221; section_id=&#8221;intro-section&#8221;][vc_column heading_color=&#8221;primary-1&#8243; text_align=&#8221;center&#8221;]<div class=\"grve-empty-space grve-height-4x\" style=\"\"><\/div><h1 class=\"grve-element grve-title grve-align-center grve-subtitle-text grve-increase-heading grve-heading-200\" style=\"\"><span>Contactos<\/span><\/h1>[\/vc_column][vc_column heading_color=&#8221;primary-3&#8243; text_align=&#8221;center&#8221;]<h2 class=\"grve-element grve-title grve-align-center grve-h1 grve-increase-heading grve-heading-300\" style=\"\"><span>Fale Connosco.<\/span><\/h2><div class=\"grve-empty-space grve-height-2x\" style=\"\"><\/div>[\/vc_column][vc_column][vc_column_text]<\/p>\n<p style=\"text-align: center;\"><strong>Family Golf Park<br \/>\n<\/strong>Rua dos Marmeleiros<br \/>\n8125-497 Vilamoura &#8211; Algarve<br \/>\nPortugal<\/p>\n<p style=\"text-align: center;\">\u00a0Tel: +351 289 300 800 \u00b7 Fax: +351 289 380 716<br \/>\n<span class=\"legenda\">(Chamada para a rede fixa Nacional, tarif\u00e1rio dependente do acordo entre cliente e operador.)<\/span><br \/>\nEmail: <a href=\"mailto:info@familygolfpark.pt\">info@familygolfpark.pt<\/a><\/p>\n<p>[\/vc_column_text]<div class=\"grve-empty-space grve-height-3x\" style=\"\"><\/div>\n<div class=\"wpcf7 no-js\" id=\"wpcf7-f22992-o1\" lang=\"pt-PT\" dir=\"ltr\" data-wpcf7-id=\"22992\">\n<div class=\"screen-reader-response\"><p role=\"status\" aria-live=\"polite\" aria-atomic=\"true\"><\/p> <ul><\/ul><\/div>\n<form action=\"\/pt-pt\/wp-json\/wp\/v2\/pages\/22800#wpcf7-f22992-o1\" method=\"post\" class=\"wpcf7-form init wpcf7-acceptance-as-validation\" aria-label=\"Formul\u00e1rio de contacto\" novalidate=\"novalidate\" data-status=\"init\">\n<div style=\"display: none;\">\n<input type=\"hidden\" name=\"_wpcf7\" value=\"22992\" \/>\n<input type=\"hidden\" name=\"_wpcf7_version\" value=\"6.0.6\" \/>\n<input type=\"hidden\" name=\"_wpcf7_locale\" value=\"pt_PT\" \/>\n<input type=\"hidden\" name=\"_wpcf7_unit_tag\" value=\"wpcf7-f22992-o1\" \/>\n<input type=\"hidden\" name=\"_wpcf7_container_post\" value=\"0\" \/>\n<input type=\"hidden\" name=\"_wpcf7_posted_data_hash\" value=\"\" \/>\n<input type=\"hidden\" name=\"_wpcf7_recaptcha_response\" value=\"\" \/>\n<\/div>\n<div class=\"grve-form grve-underline\">\n\t<div class=\"grve-fields-wrapper\">\n\t\t<div>\n\t\t\t<p><span class=\"wpcf7-form-control-wrap\" data-name=\"your-name\"><input size=\"40\" maxlength=\"400\" class=\"wpcf7-form-control wpcf7-text wpcf7-validates-as-required\" aria-required=\"true\" aria-invalid=\"false\" placeholder=\"Nome*\" value=\"\" type=\"text\" name=\"your-name\" \/><\/span>\n\t\t\t<\/p>\n\t\t<\/div>\n\t\t<div>\n\t\t\t<p><span class=\"wpcf7-form-control-wrap\" data-name=\"your-email\"><input size=\"40\" maxlength=\"400\" class=\"wpcf7-form-control wpcf7-email wpcf7-validates-as-required wpcf7-text wpcf7-validates-as-email\" aria-required=\"true\" aria-invalid=\"false\" placeholder=\"Email*\" value=\"\" type=\"email\" name=\"your-email\" \/><\/span>\n\t\t\t<\/p>\n\t\t<\/div>\n\t\t<div>\n\t\t\t<p><span class=\"wpcf7-form-control-wrap\" data-name=\"your-subject\"><input size=\"40\" maxlength=\"400\" class=\"wpcf7-form-control wpcf7-text\" aria-invalid=\"false\" placeholder=\"Assunto\" value=\"\" type=\"text\" name=\"your-subject\" \/><\/span>\n\t\t\t<\/p>\n\t\t<\/div>\n\t\t<div>\n\t\t\t<p><span class=\"wpcf7-form-control-wrap\" data-name=\"your-message\"><textarea cols=\"40\" rows=\"10\" maxlength=\"2000\" class=\"wpcf7-form-control wpcf7-textarea\" aria-invalid=\"false\" placeholder=\"Mensagem\" name=\"your-message\"><\/textarea><\/span>\n\t\t\t<\/p>\n\t\t<\/div>\n\t\t<div class=\"legenda-gdpr\">\n\t\t\t<p>Os dados pessoais recolhidos ser\u00e3o processados e armazenados informaticamente pela Sogolfe \u2013 Empreendimentos Tur\u00edsticos, Sociedade Unipessoal Lda., com sede em Urbaniza\u00e7\u00e3o de Vilamoura, Lotes 4 A\/B \u2013 Subzona 2 \u2013 Sector 5, Vilamoura, concelho de Loul\u00e9, distrito de Faro, pessoa colectiva n\u00famero 503 953 075, enquanto entidade respons\u00e1vel pelo tratamento dos dados pessoais (doravante Sogolfe).<br \/>\nA informa\u00e7\u00e3o fornecida ser\u00e1 tratada exclusivamente para efeitos de presta\u00e7\u00e3o de quaisquer esclarecimentos. Mediante o seu consentimento (clicando na op\u00e7\u00e3o abaixo), os seus dados poder\u00e3o ainda ser tratados para a seguinte finalidade:\n\t\t\t<\/p>\n\t\t\t<p><span class=\"wpcf7-form-control-wrap\" data-name=\"checkbox-marketing\"><span class=\"wpcf7-form-control wpcf7-checkbox checkbox-marketing\"><span class=\"wpcf7-list-item first\"><input type=\"checkbox\" name=\"checkbox-marketing[]\" value=\"Envio de comunica\u00e7\u00f5es promocionais e de marketing directo relativos a produtos e servi\u00e7os da Sogolfe ou qualquer outra sociedade na qual a Manuel Champalimaud SGPS, S.A. detenha (directamente ou indirectamente) uma participa\u00e7\u00e3o no respectivo capital social (\u201csociedades do Grupo Manuel Champalimaud), bem como de divulga\u00e7\u00e3o de eventos e campanhas.\" \/><span class=\"wpcf7-list-item-label\">Envio de comunica\u00e7\u00f5es promocionais e de marketing directo relativos a produtos e servi\u00e7os da Sogolfe ou qualquer outra sociedade na qual a Manuel Champalimaud SGPS, S.A. detenha (directamente ou indirectamente) uma participa\u00e7\u00e3o no respectivo capital social (\u201csociedades do Grupo Manuel Champalimaud), bem como de divulga\u00e7\u00e3o de eventos e campanhas.<\/span><\/span><span class=\"wpcf7-list-item last\"><input type=\"checkbox\" name=\"checkbox-marketing[]\" value=\"Envio de comunica\u00e7\u00f5es promocionais e de marketing relativas a produtos e servi\u00e7os de entidades com as quais a Sogolfe ou sociedades do Grupo Manuel Champalimaud, tenham estabelecido acordos ou parcerias comerciais, bem como de divulga\u00e7\u00e3o de eventos e campanhas.\" \/><span class=\"wpcf7-list-item-label\">Envio de comunica\u00e7\u00f5es promocionais e de marketing relativas a produtos e servi\u00e7os de entidades com as quais a Sogolfe ou sociedades do Grupo Manuel Champalimaud, tenham estabelecido acordos ou parcerias comerciais, bem como de divulga\u00e7\u00e3o de eventos e campanhas.<\/span><\/span><\/span><\/span>\n\t\t\t<\/p>\n\t\t\t<p>Os campos assinalados com * s\u00e3o de preenchimento obrigat\u00f3rio, sob pena de n\u00e3o podermos responder \u00e0s suas solicita\u00e7\u00f5es. A Sogolfe poder\u00e1 transmitir os seus dados a entidades subcontratadas para os efeitos acima referidos, bem como comunic\u00e1-los a sociedades do Grupo Manuel Champalimaud, ou entidades com as quais tenham sido por aquelas estabelecidos acordos ou parcerias comerciais ou \u00e0s entidades competentes nos termos da lei.\n\t\t\t<\/p>\n\t\t<\/div>\n\t\t<div class=\"legenda-gdpr\">\n\t\t\t<p>Antes de clicar em \u201cenviar\u201d, por favor, leia a nossa <a href=\"\/privacy-policy-cookies\/\" target=\"_blank\">Pol\u00edtica de Privacidade <\/a> para saber, designadamente, quais os seus direitos em mat\u00e9ria de protec\u00e7\u00e3o de dados pessoais, o prazo de conserva\u00e7\u00e3o dos seus dados, qual a comunica\u00e7\u00e3o dos seus dados a terceiros e as medidas de seguran\u00e7a adoptadas. Chamada para a rede fixa Nacional, tarif\u00e1rio dependente do acordo entre cliente e operador.). De qualquer forma, tenha presente que poder\u00e1 retirar o seu consentimento para o tratamento dos dados cujo consentimento constitui o fundamento de legitimidade do respectivo tratamento, o que n\u00e3o invalida, no entanto, o tratamento efectuado at\u00e9 essa data com base no consentimento previamente dado. Para mais informa\u00e7\u00f5es poder\u00e1 contactar-nos para o e-mail info@familygolfpark.pt ou para o telefone +351 289 300 800 <span class=\"legenda\">(Chamada para a rede fixa Nacional, tarif\u00e1rio dependente do acordo entre cliente e operador.)<\/span>\n\t\t\t<\/p>\n\t\t\t<p><span class=\"wpcf7-form-control-wrap\" data-name=\"acceptance-gdpr\"><span class=\"wpcf7-form-control wpcf7-acceptance\"><span class=\"wpcf7-list-item\"><label><input type=\"checkbox\" name=\"acceptance-gdpr\" value=\"1\" id=\"acceptance-gdpr\" aria-invalid=\"false\" \/><span class=\"wpcf7-list-item-label\">Autorizo o tratamento dos meus dados pessoais para as finalidades acima indicadas e\/ou por mim assinaladas, nos termos acima referidos.*<\/span><\/label><\/span><\/span><\/span>\n\t\t\t<\/p>\n\t\t<\/div>\n\t\t<div class=\"grve-align-center\" style=\"margin-top: 20px;\">\n\t\t\t<p><input class=\"wpcf7-form-control wpcf7-submit has-spinner\" type=\"submit\" value=\"Enviar mensagem\" \/>\n\t\t\t<\/p>\n\t\t<\/div>\n\t<\/div>\n<\/div><div class=\"wpcf7-response-output\" aria-hidden=\"true\"><\/div>\n<\/form>\n<\/div>\n[\/vc_column][vc_column]<div class=\"grve-empty-space grve-height-3x\" style=\"\"><\/div><div class=\"grve-element grve-divider\" style=\"padding-bottom: 10px;\"><div class=\"grve-line-divider grve-border\"><\/div><\/div>[vc_column_text]<strong><span style=\"color: #999999; font-size: 12px;\">Lei n\u00ba. 144\/2015, de 8 de Setembro<\/span><\/strong><br \/>\n<span style=\"color: #999999; font-size: 12px;\">ENTIDADE DE RESOLU\u00c7\u00c3O ALTERNATIVA DE LIT\u00cdGIOS NO ALGARVE &#8211; Em caso de lit\u00edgio o consumidor pode recorrer ao: Centro de Arbitragem de Consumo do Algarve, Tribunal Arbitral Edif\u00edcio Ninho de Empresas, Estrada da Penha, 8005-131 FARO | Tel: 289 823 135 <span class=\"legenda\">(Chamada para a rede fixa Nacional, tarif\u00e1rio dependente do acordo entre cliente e operador.)<\/span> | Fax: 289 812 213 | Email: info@consumoalgarve.pt | www.consumoalgarve.pt<\/span>[\/vc_column_text][\/vc_column][\/vc_row]<\/p>\n<\/div>","protected":false},"excerpt":{"rendered":"<p>[vc_row heading_color=&#8221;light&#8221; section_type=&#8221;fullwidth&#8221; padding_top_multiplier=&#8221;&#8221; padding_bottom_multiplier=&#8221;&#8221; columns_gap=&#8221;none&#8221; separator_top_size=&#8221;30px&#8221; separator_bottom_size=&#8221;30px&#8221; font_color=&#8221;#ffffff&#8221; section_id=&#8221;intro-section&#8221;][vc_column text_align=&#8221;center&#8221;][vc_raw_html css=&#8221;.vc_custom_1562598715209{margin-bottom: 0px !important;}&#8221;]JTNDZGl2JTIwY2xhc3MlM0QlMjJtYXAtcmVzcG9uc2l2ZSUyMiUzRSUwQSUzQ2lmcmFtZSUyMHNyYyUzRCUyMmh0dHBzJTNBJTJGJTJGd3d3Lmdvb2dsZS5jb20lMkZtYXBzJTJGZW1iZWQlM0ZwYiUzRCUyMTFtMTglMjExbTEyJTIxMW0zJTIxMWQzMTgyLjk3MjgyMjk5MTU5OSUyMTJkLTguMTIxODkwNjgzNzIwMzgyJTIxM2QzNy4wODE5NTQxNTg2MTA4OCUyMTJtMyUyMTFmMCUyMTJmMCUyMTNmMCUyMTNtMiUyMTFpMTAyNCUyMTJpNzY4JTIxNGYxMy4xJTIxM20zJTIxMW0yJTIxMXMweGQxYWI1OTMyMjU4MmRjMSUyNTNBMHg3NTNmOGNlNjE1ZmZiODU0JTIxMnNGYW1pbHklMkJHb2xmJTJCUGFyayUyMTVlMCUyMTNtMiUyMTFzcHQtUFQlMjEyc3B0JTIxNHYxNTYyNTk4NDc2NDc1JTIxNW0yJTIxMXNwdC1QVCUyMTJzcHQlMjIlMjB3aWR0aCUzRCUyMjYwMCUyMiUyMGhlaWdodCUzRCUyMjQ1MCUyMiUyMGZyYW1lYm9yZGVyJTNEJTIyMCUyMiUyMHN0eWxlJTNEJTIyYm9yZGVyJTNBMCUyMiUyMGFsbG93ZnVsbHNjcmVlbiUzRSUzQyUyRmlmcmFtZSUzRSUwQSUzQyUyRmRpdiUzRQ==[\/vc_raw_html][\/vc_column][\/vc_row][vc_row padding_top_multiplier=&#8221;&#8221; padding_bottom_multiplier=&#8221;4x&#8221; separator_top_size=&#8221;30px&#8221; separator_bottom_size=&#8221;30px&#8221; section_id=&#8221;intro-section&#8221;][vc_column heading_color=&#8221;primary-1&#8243; text_align=&#8221;center&#8221;][\/vc_column][vc_column heading_color=&#8221;primary-3&#8243; text_align=&#8221;center&#8221;][\/vc_column][vc_column][vc_column_text] Family Golf Park Rua dos Marmeleiros 8125-497 Vilamoura &#8211; Algarve Portugal \u00a0Tel: +351 289 300 800 \u00b7 Fax: +351 289 380 716 (Chamada para a rede fixa Nacional, tarif\u00e1rio dependente do acordo [&hellip;]<\/p>\n","protected":false},"author":1,"featured_media":0,"parent":0,"menu_order":0,"comment_status":"closed","ping_status":"closed","template":"","meta":{"footnotes":""},"class_list":["post-22800","page","type-page","status-publish","hentry"],"aioseo_notices":[],"_links":{"self":[{"href":"https:\/\/familygolfpark.pt\/pt-pt\/wp-json\/wp\/v2\/pages\/22800","targetHints":{"allow":["GET"]}}],"collection":[{"href":"https:\/\/familygolfpark.pt\/pt-pt\/wp-json\/wp\/v2\/pages"}],"about":[{"href":"https:\/\/familygolfpark.pt\/pt-pt\/wp-json\/wp\/v2\/types\/page"}],"author":[{"embeddable":true,"href":"https:\/\/familygolfpark.pt\/pt-pt\/wp-json\/wp\/v2\/users\/1"}],"replies":[{"embeddable":true,"href":"https:\/\/familygolfpark.pt\/pt-pt\/wp-json\/wp\/v2\/comments?post=22800"}],"version-history":[{"count":0,"href":"https:\/\/familygolfpark.pt\/pt-pt\/wp-json\/wp\/v2\/pages\/22800\/revisions"}],"wp:attachment":[{"href":"https:\/\/familygolfpark.pt\/pt-pt\/wp-json\/wp\/v2\/media?parent=22800"}],"curies":[{"name":"wp","href":"https:\/\/api.w.org\/{rel}","templated":true}]}}