{"id":22805,"date":"2019-06-04T15:31:27","date_gmt":"2019-06-04T15:31:27","guid":{"rendered":"https:\/\/familygolfpark.younik.pt\/sobre-nos\/"},"modified":"2024-12-13T14:33:36","modified_gmt":"2024-12-13T14:33:36","slug":"sobre-nos","status":"publish","type":"page","link":"https:\/\/familygolfpark.pt\/pt-pt\/sobre-nos\/","title":{"rendered":"Sobre n\u00f3s"},"content":{"rendered":"<div class=\"wpb-content-wrapper\"><p>[vc_row heading_color=&#8221;light&#8221; bg_type=&#8221;image&#8221; bg_image=&#8221;16585&#8243; bg_image_type=&#8221;parallax&#8221; pattern_overlay=&#8221;yes&#8221; color_overlay=&#8221;dark&#8221; padding_top_multiplier=&#8221;6x&#8221; padding_bottom_multiplier=&#8221;6x&#8221; separator_top_size=&#8221;30px&#8221; separator_bottom_size=&#8221;30px&#8221; font_color=&#8221;#ffffff&#8221; section_id=&#8221;intro-section&#8221;][vc_column]<div class=\"grve-empty-space\" style=\"height: 15vh;\"><\/div>[\/vc_column][\/vc_row][vc_row padding_top_multiplier=&#8221;4x&#8221; padding_bottom_multiplier=&#8221;&#8221; separator_top_size=&#8221;30px&#8221; separator_bottom_size=&#8221;30px&#8221; section_id=&#8221;intro-section&#8221;][vc_column heading_color=&#8221;primary-1&#8243; text_align=&#8221;center&#8221;]<h1 class=\"grve-element grve-title grve-align-center grve-subtitle-text grve-increase-heading grve-heading-200\" style=\"\"><span>Family Golf Park<\/span><\/h1>[\/vc_column][vc_column heading_color=&#8221;primary-3&#8243; text_align=&#8221;center&#8221;]<h2 class=\"grve-element grve-title grve-align-center grve-h1 grve-increase-heading grve-heading-300\" style=\"\"><span>Minigolfe<\/span><\/h2><div class=\"grve-empty-space grve-height-1x\" style=\"\"><\/div>[vc_column_text text_style=&#8221;leader-text&#8221;]<\/p>\n<p style=\"text-align: center;\"><span style=\"font-weight: 400;\">Enquanto supera desafios ao longo dos dois percursos de 18 buracos &#8211; a Via \u00c1ppia dedicada \u00e0 hist\u00f3ria do Imp\u00e9rio Romano e a Via Lusit\u00e2nia dedicada \u00e0 hist\u00f3ria da ocupa\u00e7\u00e3o da Pen\u00ednsula Ib\u00e9rica pelo imp\u00e9rio Romano \u2013 no Family Golf Park vai poder aprender mais sobre a hist\u00f3ria do Imp\u00e9rio Romano, enquanto disfruta de duas centenas de esp\u00e9cies de \u00e1rvores, plantas e bot\u00e2nica e da arquitectura envolvente com r\u00e9plicas de monumentos romanos.<br \/>\n<\/span><span style=\"font-weight: 400;\">Para todas as idades junta a competi\u00e7\u00e3o saud\u00e1vel numa actividade ao ar livre.<\/span><\/p>\n<p style=\"text-align: center;\"><strong>Ideal para fam\u00edlias e amigos, onde o conv\u00edvio e divertimento s\u00e3o fundamentais.<\/strong><\/p>\n<p>[\/vc_column_text][\/vc_column][\/vc_row][vc_row padding_top_multiplier=&#8221;4x&#8221; padding_bottom_multiplier=&#8221;3x&#8221; section_id=&#8221;virtual-tour&#8221;][vc_column][vc_raw_html]JTNDaWZyYW1lJTIwd2lkdGglM0QlMjIxMDAlMjUlMjIlMjBoZWlnaHQlM0QlMjI1NjMlMjIlMjBmcmFtZWJvcmRlciUzRCUyMjAlMjIlMjBhbGxvd2Z1bGxzY3JlZW4lMjBzcmMlM0QlMjJodHRwcyUzQSUyRiUyRnRvdXJta3IuY29tJTJGRjFiZHBQdXRiWSUyMiUzRSUzQyUyRmlmcmFtZSUzRQ==[\/vc_raw_html][\/vc_column][\/vc_row][vc_row section_type=&#8221;fullwidth&#8221; bg_type=&#8221;color&#8221; padding_top_multiplier=&#8221;4x&#8221; padding_bottom_multiplier=&#8221;4x&#8221; separator_top_size=&#8221;30px&#8221; separator_bottom_size=&#8221;30px&#8221; section_id=&#8221;intro-section&#8221; bg_color=&#8221;#f4f4f4&#8243;][vc_column heading_color=&#8221;primary-1&#8243; text_align=&#8221;center&#8221;]<h3 class=\"grve-element grve-title grve-align-center grve-h3 grve-increase-heading grve-heading-200\" style=\"\"><span>Mapa<\/span><\/h3>[vc_column_text text_style=&#8221;leader-text&#8221; el_class=&#8221;descricao-max-width&#8221;]<\/p>\n<p style=\"text-align: center;\"><span style=\"font-weight: 400;\">Mapa do espa\u00e7o onde pode descobrir um pouco mais desta aventura, seja pela Via \u00c1ppia ou pela Via Lusit\u00e2nia, a divers\u00e3o \u00e9 garantida&#8230;<\/span><\/p>\n<p>[\/vc_column_text]<div class=\"bbsm-single-image    \" ><img decoding=\"async\" src=\"https:\/\/familygolfpark.pt\/wp-content\/uploads\/2019\/07\/Map-family-golf-park-02-min.png\" \/><\/div>[\/vc_column][\/vc_row]<\/p>\n<\/div>","protected":false},"excerpt":{"rendered":"<p>[vc_row heading_color=&#8221;light&#8221; bg_type=&#8221;image&#8221; bg_image=&#8221;16585&#8243; bg_image_type=&#8221;parallax&#8221; pattern_overlay=&#8221;yes&#8221; color_overlay=&#8221;dark&#8221; padding_top_multiplier=&#8221;6x&#8221; padding_bottom_multiplier=&#8221;6x&#8221; separator_top_size=&#8221;30px&#8221; separator_bottom_size=&#8221;30px&#8221; font_color=&#8221;#ffffff&#8221; section_id=&#8221;intro-section&#8221;][vc_column][\/vc_column][\/vc_row][vc_row padding_top_multiplier=&#8221;4x&#8221; padding_bottom_multiplier=&#8221;&#8221; separator_top_size=&#8221;30px&#8221; separator_bottom_size=&#8221;30px&#8221; section_id=&#8221;intro-section&#8221;][vc_column heading_color=&#8221;primary-1&#8243; text_align=&#8221;center&#8221;][\/vc_column][vc_column heading_color=&#8221;primary-3&#8243; text_align=&#8221;center&#8221;][vc_column_text text_style=&#8221;leader-text&#8221;] Enquanto supera desafios ao longo dos dois percursos de 18 buracos &#8211; a Via \u00c1ppia dedicada \u00e0 hist\u00f3ria do Imp\u00e9rio Romano e a Via Lusit\u00e2nia dedicada \u00e0 hist\u00f3ria da ocupa\u00e7\u00e3o da Pen\u00ednsula [&hellip;]<\/p>\n","protected":false},"author":1,"featured_media":0,"parent":0,"menu_order":0,"comment_status":"closed","ping_status":"closed","template":"","meta":{"footnotes":""},"class_list":["post-22805","page","type-page","status-publish","hentry"],"aioseo_notices":[],"_links":{"self":[{"href":"https:\/\/familygolfpark.pt\/pt-pt\/wp-json\/wp\/v2\/pages\/22805","targetHints":{"allow":["GET"]}}],"collection":[{"href":"https:\/\/familygolfpark.pt\/pt-pt\/wp-json\/wp\/v2\/pages"}],"about":[{"href":"https:\/\/familygolfpark.pt\/pt-pt\/wp-json\/wp\/v2\/types\/page"}],"author":[{"embeddable":true,"href":"https:\/\/familygolfpark.pt\/pt-pt\/wp-json\/wp\/v2\/users\/1"}],"replies":[{"embeddable":true,"href":"https:\/\/familygolfpark.pt\/pt-pt\/wp-json\/wp\/v2\/comments?post=22805"}],"version-history":[{"count":0,"href":"https:\/\/familygolfpark.pt\/pt-pt\/wp-json\/wp\/v2\/pages\/22805\/revisions"}],"wp:attachment":[{"href":"https:\/\/familygolfpark.pt\/pt-pt\/wp-json\/wp\/v2\/media?parent=22805"}],"curies":[{"name":"wp","href":"https:\/\/api.w.org\/{rel}","templated":true}]}}