{"id":22810,"date":"2019-06-26T13:35:08","date_gmt":"2019-06-26T13:35:08","guid":{"rendered":"https:\/\/familygolfpark.younik.pt\/precario\/"},"modified":"2026-03-16T11:25:54","modified_gmt":"2026-03-16T11:25:54","slug":"precario","status":"publish","type":"page","link":"https:\/\/familygolfpark.pt\/pt-pt\/precario\/","title":{"rendered":"Pre\u00e7\u00e1rio"},"content":{"rendered":"<div class=\"wpb-content-wrapper\"><p>[vc_row heading_color=&#8221;light&#8221; bg_type=&#8221;image&#8221; bg_image=&#8221;17053&#8243; bg_image_type=&#8221;parallax&#8221; pattern_overlay=&#8221;yes&#8221; color_overlay=&#8221;dark&#8221; padding_top_multiplier=&#8221;6x&#8221; padding_bottom_multiplier=&#8221;6x&#8221; separator_top_size=&#8221;30px&#8221; separator_bottom_size=&#8221;30px&#8221; font_color=&#8221;#ffffff&#8221; section_id=&#8221;intro-section&#8221;][vc_column]<div class=\"grve-empty-space\" style=\"height: 15vh;\"><\/div>[\/vc_column][\/vc_row][vc_row padding_top_multiplier=&#8221;4x&#8221; padding_bottom_multiplier=&#8221;4x&#8221; separator_top_size=&#8221;30px&#8221; separator_bottom_size=&#8221;30px&#8221; section_id=&#8221;intro-section&#8221;][vc_column heading_color=&#8221;primary-1&#8243; text_align=&#8221;center&#8221;]<h1 class=\"grve-element grve-title grve-align-center grve-subtitle-text grve-increase-heading grve-heading-200\" style=\"\"><span>Os melhores<\/span><\/h1>[\/vc_column][vc_column heading_color=&#8221;primary-3&#8243; text_align=&#8221;center&#8221;]<h2 class=\"grve-element grve-title grve-align-center grve-h1 grve-increase-heading grve-heading-300\" style=\"\"><span>Pre\u00e7os Minigolf<\/span><\/h2><div class=\"grve-empty-space grve-height-1x\" style=\"\"><\/div>[vc_column_text css=&#8221;&#8221; text_style=&#8221;leader-text&#8221;]<\/p>\n<p style=\"text-align: center;\">Apenas \u00e9 permitida a entrada para os percursos de Minigolfe a pessoas com bilhete de jogo comprado e v\u00e1lido.<\/p>\n<p style=\"text-align: center;\">Temos o melhor pre\u00e7o de Minigolfe no Algarve.<\/p>\n<p style=\"text-align: center;\">Entrada de J\u00fanior e Crian\u00e7a, sempre obrigat\u00f3rio um adulto com bilhete v\u00e1lido a acompanhar.<br \/>\nUm bilhete gr\u00e1tis para crian\u00e7as at\u00e9 5 anos por cada bilhete de adulto comprado.<\/p>\n<p style=\"text-align: center;\">Compre online com 15% de desconto.<\/p>\n<p>[\/vc_column_text][\/vc_column][\/vc_row][vc_row padding_top_multiplier=&#8221;&#8221; padding_bottom_multiplier=&#8221;2x&#8221;][vc_column column_effect=&#8221;mouse-move-x-y&#8221; width=&#8221;1\/3&#8243;]<div class=\"grve-element grve-pricing-table grve-animated-item grve-fade-in-up grve-duration-normal grve-align-center table-prices background-green grve-bg-black grve-shadow-small grve-with-shadow\" style=\"\" data-delay=\"200\">  <div class=\"grve-pricing-header\">    <div class=\"grve-pricing-title grve-h6\">Adulto<\/div>    <div class=\"grve-pricing-description grve-subtitle\"><strong>1 Percurso<\/strong><strong>Adventure classic Minigolfe ou Crazygolf (18 buracos cada)<\/strong><\/div>  <\/div>  <div class=\"grve-pricing-content\">    <h2 class=\"grve-price grve-align-h1 grve-text-grey grve-increase-heading grve-heading-250\"><span>18,50<\/span>     <div class=\"grve-interval grve-h6\">\u20ac<\/div>   <\/h2>  <\/div>  <ul><li><strong>2 Percursos <\/strong>19.5\u20ac<\/li><li><strong> <\/strong>Ambos os percursos<\/li>  <\/ul><a href=\"https:\/\/fareharbor.com\/embeds\/book\/familygolfpark\/?full-items=yes&#038;flow=1189768\" title=\"Bilheteira Online\" class=\"grve-btn grve-btn-medium grve-extra-round grve-bg-white grve-bg-hover-primary-1\"><span>Compre J\u00e1<\/span><\/a><\/div>[\/vc_column][vc_column column_effect=&#8221;mouse-move-x-y&#8221; width=&#8221;1\/3&#8243; z_index=&#8221;1&#8243;]<div class=\"grve-element grve-pricing-table grve-animated-item grve-fade-in-up grve-duration-normal grve-align-center table-prices grve-bg-white grve-shadow-small grve-with-shadow\" style=\"\" data-delay=\"200\">  <div class=\"grve-pricing-header\">    <div class=\"grve-pricing-title grve-h6\">Crian\u00e7a<\/div>    <div class=\"grve-pricing-description grve-subtitle\">(0-5 anos)*<strong>1 Percurso<\/strong><strong>Adventure classic Minigolfe ou Crazygolf (18 buracos cada) * S\u00f3 permitido jogar com adulto com bilhete v\u00e1lido a acompanhar<\/strong><\/div>  <\/div>  <div class=\"grve-pricing-content\">    <h2 class=\"grve-price grve-align-h1 grve-text-primary-1 grve-increase-heading grve-heading-250\"><span>Gr\u00e1tis<\/span>     <div class=\"grve-interval grve-h6\"><\/div>   <\/h2>  <\/div>  <ul><li><strong>2 Percursos <\/strong>Gr\u00e1tis<\/li><li><strong> <\/strong>Ambos os percursos<\/li><li><strong> <\/strong>*Limitado a uma crian\u00e7a por adulto.<\/li>  <\/ul><a href=\"https:\/\/fareharbor.com\/embeds\/book\/familygolfpark\/?full-items=yes&#038;flow=1189768\" title=\"Bilheteira Online\" class=\"grve-btn grve-btn-medium grve-extra-round grve-bg-primary-1 grve-bg-hover-white\"><span>Compre J\u00e1<\/span><\/a><\/div>[\/vc_column][vc_column column_effect=&#8221;mouse-move-x-y&#8221; column_effect_sensitive=&#8221;normal&#8221; column_effect_limit=&#8221;3x&#8221; width=&#8221;1\/3&#8243; z_index=&#8221;1&#8243;]<div class=\"grve-element grve-pricing-table grve-animated-item grve-fade-in-up grve-duration-normal grve-align-center table-prices grve-bg-white grve-shadow-small grve-with-shadow\" style=\"\" data-delay=\"200\">  <div class=\"grve-pricing-header\">    <div class=\"grve-pricing-title grve-h6\">Junior<\/div>    <div class=\"grve-pricing-description grve-subtitle\">(6-12 anos)<strong>1 Percurso<\/strong><strong>Adventure classic Minigolfe ou Crazygolf (18 buracos cada) *S\u00f3 permitido jogar com adulto com bilhete v\u00e1lido a acompanhar <\/strong><\/div>  <\/div>  <div class=\"grve-pricing-content\">    <h2 class=\"grve-price grve-align-h1 grve-text-primary-1 grve-increase-heading grve-heading-250\"><span>14,50<\/span>     <div class=\"grve-interval grve-h6\">\u20ac<\/div>   <\/h2>  <\/div>  <ul><li><strong>2 Percursos  <\/strong>15.5\u20ac<\/li><li><strong> <\/strong>Ambos os percursos<\/li>  <\/ul><a href=\"https:\/\/fareharbor.com\/embeds\/book\/familygolfpark\/?full-items=yes&#038;flow=1189768\" title=\"Bilheteira Online\" class=\"grve-btn grve-btn-medium grve-extra-round grve-bg-primary-1 grve-bg-hover-white\"><span>Compre J\u00e1<\/span><\/a><\/div>[\/vc_column][\/vc_row][vc_row padding_bottom_multiplier=&#8221;4x&#8221;][vc_column][vc_column_text text_style=&#8221;leader-text&#8221;]<\/p>\n<h4 style=\"text-align: center;\">Aten\u00e7\u00e3o<\/h4>\n<p style=\"text-align: center;\">Apenas \u00e9 permitida a entrada para os percursos de Minigolfe a pessoas com bilhete de jogo comprado e v\u00e1lido.<\/p>\n<p style=\"text-align: center;\">Na compra dos dois percursos, tem quinze dias para efectuar o segundo percurso.<br \/>\nDescontos para grupo, pe\u00e7a informa\u00e7\u00f5es na recep\u00e7\u00e3o.<\/p>\n<p style=\"text-align: center;\"><strong>Compre online com 15% desconto.<\/strong><\/p>\n<p>[\/vc_column_text]<div class=\"grve-empty-space grve-height-1x\" style=\"\"><\/div><div class=\"grve-element grve-align-center grve-animated-item grve-fade-in-left grve-duration-normal\" data-delay=\"50\"><a href=\"https:\/\/fareharbor.com\/embeds\/book\/familygolfpark\/?full-items=yes&#038;flow=1189768\" title=\"Bilheteira Online\" class=\"grve-btn grve-btn-medium grve-extra-round grve-bg-primary-1 grve-bg-hover-white\"><span><i class=\"fab fa-accessible-icon\"><\/i>Compre J\u00e1!<\/span><\/a><\/div>[\/vc_column][\/vc_row][vc_row bg_type=&#8221;color&#8221; padding_top_multiplier=&#8221;4x&#8221; padding_bottom_multiplier=&#8221;4x&#8221; separator_top_size=&#8221;30px&#8221; separator_bottom_size=&#8221;30px&#8221; section_id=&#8221;intro-section&#8221; bg_color=&#8221;#f4f4f4&#8243;][vc_column heading_color=&#8221;primary-1&#8243; text_align=&#8221;center&#8221;]<h3 class=\"grve-element grve-title grve-align-center grve-h3 grve-increase-heading grve-heading-200\" style=\"\"><span>Hor\u00e1rio<\/span><\/h3>[vc_column_text text_style=&#8221;leader-text&#8221;]<\/p>\n<p style=\"text-align: center;\">*\u00daltima entrada para 18 buracos 1h30 antes de encerrar.<\/p>\n<p>[\/vc_column_text][\/vc_column][\/vc_row][vc_row bg_type=&#8221;color&#8221; padding_top_multiplier=&#8221;&#8221; padding_bottom_multiplier=&#8221;&#8221; equal_column_height=&#8221;middle-content&#8221; bg_color=&#8221;#f4f4f4&#8243; el_class=&#8221;schedule-row&#8221;][vc_column width=&#8221;2\/3&#8243; tablet_sm_width=&#8221;3-5&#8243; mobile_width=&#8221;3-5&#8243; css=&#8221;.vc_custom_1561562491339{border-bottom-width: 1px !important;border-bottom-color: #28a847 !important;border-bottom-style: solid !important;}&#8221; el_class=&#8221;schedule-first-column&#8221;][vc_column_text text_style=&#8221;leader-text&#8221;]1 de Fevereiro at\u00e9 31 de Mar\u00e7o[\/vc_column_text][\/vc_column][vc_column width=&#8221;1\/3&#8243; tablet_sm_width=&#8221;2-5&#8243; mobile_width=&#8221;2-5&#8243; css=&#8221;.vc_custom_1561562475538{border-bottom-width: 1px !important;border-bottom-color: #28a847 !important;border-bottom-style: solid !important;}&#8221; el_class=&#8221;schedule-second-column&#8221;][vc_column_text text_style=&#8221;leader-text&#8221;]<\/p>\n<p style=\"text-align: right;\">10h \u00e0s 18h<\/p>\n<p>[\/vc_column_text][\/vc_column][\/vc_row][vc_row bg_type=&#8221;color&#8221; padding_top_multiplier=&#8221;&#8221; padding_bottom_multiplier=&#8221;&#8221; equal_column_height=&#8221;middle-content&#8221; bg_color=&#8221;#f4f4f4&#8243; el_class=&#8221;schedule-row&#8221;][vc_column width=&#8221;2\/3&#8243; tablet_sm_width=&#8221;3-5&#8243; mobile_width=&#8221;3-5&#8243; css=&#8221;.vc_custom_1561562497171{border-bottom-width: 1px !important;border-bottom-color: #28a847 !important;border-bottom-style: solid !important;}&#8221; el_class=&#8221;schedule-first-column&#8221;][vc_column_text text_style=&#8221;leader-text&#8221;]1 de Abril at\u00e9 30 de Junho[\/vc_column_text][\/vc_column][vc_column width=&#8221;1\/3&#8243; tablet_sm_width=&#8221;2-5&#8243; mobile_width=&#8221;2-5&#8243; css=&#8221;.vc_custom_1561562481867{border-bottom-width: 1px !important;border-bottom-color: #28a847 !important;border-bottom-style: solid !important;}&#8221; el_class=&#8221;schedule-second-column&#8221;][vc_column_text text_style=&#8221;leader-text&#8221;]<\/p>\n<p style=\"text-align: right;\">10h \u00e0s 19h<\/p>\n<p>[\/vc_column_text][\/vc_column][\/vc_row][vc_row bg_type=&#8221;color&#8221; padding_top_multiplier=&#8221;&#8221; padding_bottom_multiplier=&#8221;&#8221; equal_column_height=&#8221;middle-content&#8221; bg_color=&#8221;#f4f4f4&#8243; el_class=&#8221;schedule-row&#8221;][vc_column width=&#8221;2\/3&#8243; tablet_sm_width=&#8221;3-5&#8243; mobile_width=&#8221;3-5&#8243; css=&#8221;.vc_custom_1561562497171{border-bottom-width: 1px !important;border-bottom-color: #28a847 !important;border-bottom-style: solid !important;}&#8221; el_class=&#8221;schedule-first-column&#8221;][vc_column_text css=&#8221;&#8221; text_style=&#8221;leader-text&#8221;]1 a 12 de Julho[\/vc_column_text][\/vc_column][vc_column width=&#8221;1\/3&#8243; tablet_sm_width=&#8221;2-5&#8243; mobile_width=&#8221;2-5&#8243; css=&#8221;.vc_custom_1561562481867{border-bottom-width: 1px !important;border-bottom-color: #28a847 !important;border-bottom-style: solid !important;}&#8221; el_class=&#8221;schedule-second-column&#8221;][vc_column_text text_style=&#8221;leader-text&#8221;]<\/p>\n<p style=\"text-align: right;\">10h \u00e0s 00h<\/p>\n<p>[\/vc_column_text][\/vc_column][\/vc_row][vc_row bg_type=&#8221;color&#8221; padding_top_multiplier=&#8221;&#8221; padding_bottom_multiplier=&#8221;&#8221; equal_column_height=&#8221;middle-content&#8221; bg_color=&#8221;#f4f4f4&#8243; el_class=&#8221;schedule-row&#8221;][vc_column width=&#8221;2\/3&#8243; tablet_sm_width=&#8221;3-5&#8243; mobile_width=&#8221;3-5&#8243; css=&#8221;.vc_custom_1561562497171{border-bottom-width: 1px !important;border-bottom-color: #28a847 !important;border-bottom-style: solid !important;}&#8221; el_class=&#8221;schedule-first-column&#8221;][vc_column_text css=&#8221;&#8221; text_style=&#8221;leader-text&#8221;]13 de Julho a 31 de Agosto[\/vc_column_text][\/vc_column][vc_column width=&#8221;1\/3&#8243; tablet_sm_width=&#8221;2-5&#8243; mobile_width=&#8221;2-5&#8243; css=&#8221;.vc_custom_1561562481867{border-bottom-width: 1px !important;border-bottom-color: #28a847 !important;border-bottom-style: solid !important;}&#8221; el_class=&#8221;schedule-second-column&#8221;][vc_column_text text_style=&#8221;leader-text&#8221;]<\/p>\n<p style=\"text-align: right;\">10h \u00e0s 01h<\/p>\n<p>[\/vc_column_text][\/vc_column][\/vc_row][vc_row bg_type=&#8221;color&#8221; padding_top_multiplier=&#8221;&#8221; padding_bottom_multiplier=&#8221;&#8221; equal_column_height=&#8221;middle-content&#8221; bg_color=&#8221;#f4f4f4&#8243; el_class=&#8221;schedule-row&#8221;][vc_column width=&#8221;2\/3&#8243; tablet_sm_width=&#8221;3-5&#8243; mobile_width=&#8221;3-5&#8243; css=&#8221;.vc_custom_1561562497171{border-bottom-width: 1px !important;border-bottom-color: #28a847 !important;border-bottom-style: solid !important;}&#8221; el_class=&#8221;schedule-first-column&#8221;][vc_column_text css=&#8221;&#8221; text_style=&#8221;leader-text&#8221;]1 a 6 de Setembro[\/vc_column_text][\/vc_column][vc_column width=&#8221;1\/3&#8243; tablet_sm_width=&#8221;2-5&#8243; mobile_width=&#8221;2-5&#8243; css=&#8221;.vc_custom_1561562481867{border-bottom-width: 1px !important;border-bottom-color: #28a847 !important;border-bottom-style: solid !important;}&#8221; el_class=&#8221;schedule-second-column&#8221;][vc_column_text text_style=&#8221;leader-text&#8221;]<\/p>\n<p style=\"text-align: right;\">10h \u00e0s 00h<\/p>\n<p>[\/vc_column_text][\/vc_column][\/vc_row][vc_row bg_type=&#8221;color&#8221; padding_top_multiplier=&#8221;&#8221; padding_bottom_multiplier=&#8221;&#8221; equal_column_height=&#8221;middle-content&#8221; bg_color=&#8221;#f4f4f4&#8243; el_class=&#8221;schedule-row&#8221;][vc_column width=&#8221;2\/3&#8243; tablet_sm_width=&#8221;3-5&#8243; mobile_width=&#8221;3-5&#8243; css=&#8221;.vc_custom_1561562497171{border-bottom-width: 1px !important;border-bottom-color: #28a847 !important;border-bottom-style: solid !important;}&#8221; el_class=&#8221;schedule-first-column&#8221;][vc_column_text css=&#8221;&#8221; text_style=&#8221;leader-text&#8221;]7 de Setembro a 24 de Outubro[\/vc_column_text][\/vc_column][vc_column width=&#8221;1\/3&#8243; tablet_sm_width=&#8221;2-5&#8243; mobile_width=&#8221;2-5&#8243; css=&#8221;.vc_custom_1561562481867{border-bottom-width: 1px !important;border-bottom-color: #28a847 !important;border-bottom-style: solid !important;}&#8221; el_class=&#8221;schedule-second-column&#8221;][vc_column_text text_style=&#8221;leader-text&#8221;]<\/p>\n<p style=\"text-align: right;\">10h \u00e0s 19h<\/p>\n<p>[\/vc_column_text][\/vc_column][\/vc_row][vc_row bg_type=&#8221;color&#8221; padding_top_multiplier=&#8221;&#8221; padding_bottom_multiplier=&#8221;&#8221; equal_column_height=&#8221;middle-content&#8221; bg_color=&#8221;#f4f4f4&#8243; el_class=&#8221;schedule-row&#8221;][vc_column width=&#8221;2\/3&#8243; tablet_sm_width=&#8221;3-5&#8243; mobile_width=&#8221;3-5&#8243; css=&#8221;.vc_custom_1561562497171{border-bottom-width: 1px !important;border-bottom-color: #28a847 !important;border-bottom-style: solid !important;}&#8221; el_class=&#8221;schedule-first-column&#8221;][vc_column_text css=&#8221;&#8221; text_style=&#8221;leader-text&#8221;]25 de Outubro a 22 de Novembro[\/vc_column_text][\/vc_column][vc_column width=&#8221;1\/3&#8243; tablet_sm_width=&#8221;2-5&#8243; mobile_width=&#8221;2-5&#8243; css=&#8221;.vc_custom_1561562481867{border-bottom-width: 1px !important;border-bottom-color: #28a847 !important;border-bottom-style: solid !important;}&#8221; el_class=&#8221;schedule-second-column&#8221;][vc_column_text text_style=&#8221;leader-text&#8221;]<\/p>\n<p style=\"text-align: right;\">10h \u00e0s 18h<\/p>\n<p>[\/vc_column_text][\/vc_column][\/vc_row][vc_row bg_type=&#8221;color&#8221; padding_top_multiplier=&#8221;&#8221; padding_bottom_multiplier=&#8221;&#8221; separator_top_size=&#8221;30px&#8221; separator_bottom_size=&#8221;30px&#8221; section_id=&#8221;intro-section&#8221; bg_color=&#8221;#f4f4f4&#8243;][vc_column heading_color=&#8221;primary-1&#8243; text_align=&#8221;center&#8221;]<div class=\"grve-empty-space grve-height-4x\" style=\"\"><\/div>[\/vc_column][\/vc_row]<\/p>\n<\/div>","protected":false},"excerpt":{"rendered":"<p>[vc_row heading_color=&#8221;light&#8221; bg_type=&#8221;image&#8221; bg_image=&#8221;17053&#8243; bg_image_type=&#8221;parallax&#8221; pattern_overlay=&#8221;yes&#8221; color_overlay=&#8221;dark&#8221; padding_top_multiplier=&#8221;6x&#8221; padding_bottom_multiplier=&#8221;6x&#8221; separator_top_size=&#8221;30px&#8221; separator_bottom_size=&#8221;30px&#8221; font_color=&#8221;#ffffff&#8221; section_id=&#8221;intro-section&#8221;][vc_column][\/vc_column][\/vc_row][vc_row padding_top_multiplier=&#8221;4x&#8221; padding_bottom_multiplier=&#8221;4x&#8221; separator_top_size=&#8221;30px&#8221; separator_bottom_size=&#8221;30px&#8221; section_id=&#8221;intro-section&#8221;][vc_column heading_color=&#8221;primary-1&#8243; text_align=&#8221;center&#8221;][\/vc_column][vc_column heading_color=&#8221;primary-3&#8243; text_align=&#8221;center&#8221;][vc_column_text css=&#8221;&#8221; text_style=&#8221;leader-text&#8221;] Apenas \u00e9 permitida a entrada para os percursos de Minigolfe a pessoas com bilhete de jogo comprado e v\u00e1lido. Temos o melhor pre\u00e7o de Minigolfe no Algarve. Entrada de J\u00fanior e [&hellip;]<\/p>\n","protected":false},"author":1,"featured_media":0,"parent":0,"menu_order":0,"comment_status":"closed","ping_status":"closed","template":"","meta":{"footnotes":""},"class_list":["post-22810","page","type-page","status-publish","hentry"],"aioseo_notices":[],"_links":{"self":[{"href":"https:\/\/familygolfpark.pt\/pt-pt\/wp-json\/wp\/v2\/pages\/22810","targetHints":{"allow":["GET"]}}],"collection":[{"href":"https:\/\/familygolfpark.pt\/pt-pt\/wp-json\/wp\/v2\/pages"}],"about":[{"href":"https:\/\/familygolfpark.pt\/pt-pt\/wp-json\/wp\/v2\/types\/page"}],"author":[{"embeddable":true,"href":"https:\/\/familygolfpark.pt\/pt-pt\/wp-json\/wp\/v2\/users\/1"}],"replies":[{"embeddable":true,"href":"https:\/\/familygolfpark.pt\/pt-pt\/wp-json\/wp\/v2\/comments?post=22810"}],"version-history":[{"count":3,"href":"https:\/\/familygolfpark.pt\/pt-pt\/wp-json\/wp\/v2\/pages\/22810\/revisions"}],"predecessor-version":[{"id":23414,"href":"https:\/\/familygolfpark.pt\/pt-pt\/wp-json\/wp\/v2\/pages\/22810\/revisions\/23414"}],"wp:attachment":[{"href":"https:\/\/familygolfpark.pt\/pt-pt\/wp-json\/wp\/v2\/media?parent=22810"}],"curies":[{"name":"wp","href":"https:\/\/api.w.org\/{rel}","templated":true}]}}