{"id":22830,"date":"2019-07-11T13:46:36","date_gmt":"2019-07-11T13:46:36","guid":{"rendered":"https:\/\/familygolfpark.younik.pt\/comboio\/"},"modified":"2026-03-27T11:56:45","modified_gmt":"2026-03-27T11:56:45","slug":"comboio","status":"publish","type":"page","link":"https:\/\/familygolfpark.pt\/pt-pt\/comboio\/","title":{"rendered":"Comboio"},"content":{"rendered":"<div class=\"wpb-content-wrapper\"><p>[vc_row heading_color=&#8221;light&#8221; bg_type=&#8221;image&#8221; bg_image=&#8221;16527&#8243; bg_image_type=&#8221;parallax&#8221; pattern_overlay=&#8221;yes&#8221; color_overlay=&#8221;dark&#8221; padding_top_multiplier=&#8221;6x&#8221; padding_bottom_multiplier=&#8221;6x&#8221; separator_top_size=&#8221;30px&#8221; separator_bottom_size=&#8221;30px&#8221; font_color=&#8221;#ffffff&#8221; section_id=&#8221;intro-section&#8221;][vc_column]<div class=\"grve-empty-space\" style=\"height: 15vh;\"><\/div>[\/vc_column][\/vc_row][vc_row padding_top_multiplier=&#8221;4x&#8221; padding_bottom_multiplier=&#8221;4x&#8221; separator_top_size=&#8221;30px&#8221; separator_bottom_size=&#8221;30px&#8221; section_id=&#8221;intro-section&#8221;][vc_column heading_color=&#8221;primary-1&#8243; text_align=&#8221;center&#8221;]<h1 class=\"grve-element grve-title grve-align-center grve-subtitle-text grve-increase-heading grve-heading-200\" style=\"\"><span>Comboio Tur\u00edstico<\/span><\/h1>[\/vc_column][vc_column heading_color=&#8221;primary-3&#8243; text_align=&#8221;center&#8221;]<h2 class=\"grve-element grve-title grve-align-center grve-h1 grve-increase-heading grve-heading-300\" style=\"\"><span>Algarve com Crian\u00e7as<\/span><\/h2><div class=\"grve-empty-space grve-height-1x\" style=\"\"><\/div>[vc_column_text text_style=&#8221;leader-text&#8221;]<\/p>\n<p style=\"text-align: center;\"><span style=\"font-weight: 400;\">Descubra Vilamoura no comboio tur\u00edstico que o levar\u00e1 at\u00e9 \u00e0s maravilhosas praias da Fal\u00e9sia e Marina. Percorra os principais locais deste resort num percurso de 1 hora que certamente ficar\u00e1 na mem\u00f3ria. Pode tamb\u00e9m &#8211; comprando bilhetes de 1, 3 ou 7 dias &#8211; utilizar o nosso comboio apenas como meio de transporte dentro de Vilamoura e desfrutar das suas f\u00e9rias sem carro e preocupa\u00e7\u00e3o com estacionamento.<br \/>\n<\/span><span style=\"font-weight: 400;\">O comboio tem paragem no Minigolfe onde poder\u00e1 tamb\u00e9m usufruir de desconto na apresenta\u00e7\u00e3o do bilhete da viagem para jogar uma partida de Minigolfe.<br \/>\n<\/span>[\/vc_column_text][\/vc_column][\/vc_row][vc_row padding_top_multiplier=&#8221;&#8221; padding_bottom_multiplier=&#8221;2x&#8221;][vc_column column_effect=&#8221;mouse-move-x-y&#8221; width=&#8221;1\/4&#8243;]<div class=\"grve-element grve-pricing-table grve-animated-item grve-fade-in-up grve-duration-normal grve-align-center table-prices-train background-green grve-bg-black grve-shadow-small grve-with-shadow\" style=\"\" data-delay=\"200\">  <div class=\"grve-pricing-header\">    <div class=\"grve-pricing-title grve-h6\">Adulto<\/div>    <div class=\"grve-pricing-description grve-subtitle\"><strong>1 Percurso<\/strong><\/div>  <\/div>  <div class=\"grve-pricing-content\">    <h2 class=\"grve-price grve-align-h1 grve-text-grey grve-increase-heading grve-heading-250\"><span>4.50<\/span>     <div class=\"grve-interval grve-h6\">\u20ac<\/div>   <\/h2>  <\/div>  <ul><li><strong>1 Percurso  <\/strong>4.50\u20ac<\/li><li><strong>Passe Di\u00e1rio  <\/strong>5.50\u20ac<\/li><li><strong>Passe 7 dias  <\/strong>15.00\u20ac<\/li>  <\/ul><a href=\"https:\/\/fareharbor.com\/embeds\/book\/familygolfpark\/?full-items=yes&#038;flow=904140\" class=\"grve-btn grve-btn-medium grve-extra-round grve-bg-white grve-bg-hover-primary-1\"><span>Compre J\u00e1<\/span><\/a><\/div>[\/vc_column][vc_column column_effect=&#8221;mouse-move-x-y&#8221; width=&#8221;1\/4&#8243; z_index=&#8221;1&#8243;]<div class=\"grve-element grve-pricing-table grve-animated-item grve-fade-in-up grve-duration-normal grve-align-center table-prices-train background-green grve-bg-black grve-shadow-small grve-with-shadow\" style=\"\" data-delay=\"200\">  <div class=\"grve-pricing-header\">    <div class=\"grve-pricing-title grve-h6\">Senior<\/div>    <div class=\"grve-pricing-description grve-subtitle\">(+65 anos)n<strong>1 Percurso<\/strong><\/div>  <\/div>  <div class=\"grve-pricing-content\">    <h2 class=\"grve-price grve-align-h1 grve-text-grey grve-increase-heading grve-heading-250\"><span>4<\/span>     <div class=\"grve-interval grve-h6\">\u20ac<\/div>   <\/h2>  <\/div>  <ul><li><strong>1 Percurso  <\/strong>4.00\u20ac<\/li><li><strong>Passe Di\u00e1rio  <\/strong>5.00\u20ac<\/li><li><strong>Passe 7 dias  <\/strong>12.00\u20ac<\/li>  <\/ul><a href=\"https:\/\/fareharbor.com\/embeds\/book\/familygolfpark\/?full-items=yes&#038;flow=904140\" class=\"grve-btn grve-btn-medium grve-extra-round grve-bg-white grve-bg-hover-primary-1\"><span>compre J\u00e1<\/span><\/a><\/div>[\/vc_column][vc_column column_effect=&#8221;mouse-move-x-y&#8221; column_effect_limit=&#8221;3x&#8221; width=&#8221;1\/4&#8243;]<div class=\"grve-element grve-pricing-table grve-animated-item grve-fade-in-up grve-duration-normal grve-align-center table-prices-train grve-bg-white grve-shadow-small grve-with-shadow\" style=\"\" data-delay=\"200\">  <div class=\"grve-pricing-header\">    <div class=\"grve-pricing-title grve-h6\">Junior<\/div>    <div class=\"grve-pricing-description grve-subtitle\">(6-10 anos)n<strong>1 Percurso<\/strong><\/div>  <\/div>  <div class=\"grve-pricing-content\">    <h2 class=\"grve-price grve-align-h1 grve-text-primary-1 grve-increase-heading grve-heading-250\"><span>2.50<\/span>     <div class=\"grve-interval grve-h6\">\u20ac<\/div>   <\/h2>  <\/div>  <ul><li><strong>1 Percurso  <\/strong>2.50\u20ac<\/li><li><strong>Passe Di\u00e1rio  <\/strong>3.50\u20ac<\/li><li><strong>Passe 7 dias  <\/strong>10.00\u20ac<\/li>  <\/ul><a href=\"https:\/\/fareharbor.com\/embeds\/book\/familygolfpark\/?full-items=yes&#038;flow=904140\" class=\"grve-btn grve-btn-medium grve-extra-round grve-bg-primary-1 grve-bg-hover-white\"><span>Compre J\u00e1<\/span><\/a><\/div>[\/vc_column][\/vc_row][vc_row padding_bottom_multiplier=&#8221;4x&#8221;][vc_column][vc_column_text text_style=&#8221;leader-text&#8221;]<\/p>\n<p style=\"text-align: center;\">Venha ao nosso parque de minigolfe e descubra Vilamoura no nosso comboio tur\u00edstico. Visite-nos!<\/p>\n<p style=\"text-align: center;\"><strong>Veja abaixo os hor\u00e1rios do comboio e o mapa do percurso.<\/strong><\/p>\n<p>[\/vc_column_text]<div class=\"grve-empty-space grve-height-1x\" style=\"\"><\/div><div class=\"grve-element grve-align-center grve-animated-item grve-fade-in-left grve-duration-normal\" data-delay=\"50\"><a href=\"https:\/\/familygolfpark.pt\/wp-content\/uploads\/2021\/07\/Train-Schedule-inverno-verao.pdf\" target=\"_blank\" class=\"grve-btn grve-btn-medium grve-extra-round grve-bg-primary-1 grve-bg-hover-white\"><span><i class=\"fab fa-accessible-icon\"><\/i>Hor\u00e1rios &amp; Mapa do Percurso<\/span><\/a><\/div>[\/vc_column][\/vc_row][vc_row bg_type=&#8221;image&#8221; bg_image=&#8221;17428&#8243; bg_image_type=&#8221;parallax&#8221; pattern_overlay=&#8221;yes&#8221; color_overlay=&#8221;custom&#8221; padding_top_multiplier=&#8221;4x&#8221; padding_bottom_multiplier=&#8221;4x&#8221; separator_top_size=&#8221;30px&#8221; separator_bottom_size=&#8221;30px&#8221; section_id=&#8221;intro-section&#8221;][vc_column heading_color=&#8221;primary-1&#8243; text_align=&#8221;center&#8221;]<div class=\"grve-empty-space\" style=\"height: 14vh;\"><\/div><div class=\"grve-element grve-image grve-align-center\" style=\"\">  <div class=\"grve-image-wrapper\"><a href=\"\/wp-content\/uploads\/2019\/07\/Train-map-v-04-02.jpg\" class=\"grve-image-popup\"><img loading=\"lazy\" decoding=\"async\" width=\"253\" height=\"177\" src=\"https:\/\/familygolfpark.pt\/wp-content\/uploads\/2019\/07\/mapa-eye.png\" class=\"attachment-full size-full\" alt=\"\" \/><\/a>   <\/div><\/div><div class=\"grve-empty-space\" style=\"height: 14vh;\"><\/div>[\/vc_column][\/vc_row]<\/p>\n<\/div>","protected":false},"excerpt":{"rendered":"<p>[vc_row heading_color=&#8221;light&#8221; bg_type=&#8221;image&#8221; bg_image=&#8221;16527&#8243; bg_image_type=&#8221;parallax&#8221; pattern_overlay=&#8221;yes&#8221; color_overlay=&#8221;dark&#8221; padding_top_multiplier=&#8221;6x&#8221; padding_bottom_multiplier=&#8221;6x&#8221; separator_top_size=&#8221;30px&#8221; separator_bottom_size=&#8221;30px&#8221; font_color=&#8221;#ffffff&#8221; section_id=&#8221;intro-section&#8221;][vc_column][\/vc_column][\/vc_row][vc_row padding_top_multiplier=&#8221;4x&#8221; padding_bottom_multiplier=&#8221;4x&#8221; separator_top_size=&#8221;30px&#8221; separator_bottom_size=&#8221;30px&#8221; section_id=&#8221;intro-section&#8221;][vc_column heading_color=&#8221;primary-1&#8243; text_align=&#8221;center&#8221;][\/vc_column][vc_column heading_color=&#8221;primary-3&#8243; text_align=&#8221;center&#8221;][vc_column_text text_style=&#8221;leader-text&#8221;] Descubra Vilamoura no comboio tur\u00edstico que o levar\u00e1 at\u00e9 \u00e0s maravilhosas praias da Fal\u00e9sia e Marina. Percorra os principais locais deste resort num percurso de 1 hora que certamente ficar\u00e1 na mem\u00f3ria. [&hellip;]<\/p>\n","protected":false},"author":1,"featured_media":0,"parent":0,"menu_order":0,"comment_status":"closed","ping_status":"closed","template":"","meta":{"footnotes":""},"class_list":["post-22830","page","type-page","status-publish","hentry"],"aioseo_notices":[],"_links":{"self":[{"href":"https:\/\/familygolfpark.pt\/pt-pt\/wp-json\/wp\/v2\/pages\/22830","targetHints":{"allow":["GET"]}}],"collection":[{"href":"https:\/\/familygolfpark.pt\/pt-pt\/wp-json\/wp\/v2\/pages"}],"about":[{"href":"https:\/\/familygolfpark.pt\/pt-pt\/wp-json\/wp\/v2\/types\/page"}],"author":[{"embeddable":true,"href":"https:\/\/familygolfpark.pt\/pt-pt\/wp-json\/wp\/v2\/users\/1"}],"replies":[{"embeddable":true,"href":"https:\/\/familygolfpark.pt\/pt-pt\/wp-json\/wp\/v2\/comments?post=22830"}],"version-history":[{"count":1,"href":"https:\/\/familygolfpark.pt\/pt-pt\/wp-json\/wp\/v2\/pages\/22830\/revisions"}],"predecessor-version":[{"id":23460,"href":"https:\/\/familygolfpark.pt\/pt-pt\/wp-json\/wp\/v2\/pages\/22830\/revisions\/23460"}],"wp:attachment":[{"href":"https:\/\/familygolfpark.pt\/pt-pt\/wp-json\/wp\/v2\/media?parent=22830"}],"curies":[{"name":"wp","href":"https:\/\/api.w.org\/{rel}","templated":true}]}}